{"id":878,"date":"2006-04-05T16:49:45","date_gmt":"2006-04-05T20:49:45","guid":{"rendered":"http:\/\/haiti-reference.com\/pages\/?page_id=878"},"modified":"2026-04-06T17:25:48","modified_gmt":"2026-04-06T21:25:48","slug":"eglise-episcopale","status":"publish","type":"page","link":"https:\/\/www.haiti-reference.info\/pages\/plan\/religions\/eglise-episcopale\/","title":{"rendered":"1400.- \u00c9glise \u00c9piscopale d&rsquo;Haiti: Profil"},"content":{"rendered":"<p class=\"img_category\"><a title=\"Classification\" href=\"\/pages\/plan\/religions\/\"><img decoding=\"async\" src=\"\/.\/images\/legendes\/category_art.jpg\" alt=\"Classification\" \/> Religions et Croyances<\/a><\/p>\n<h4 class=\"title_paragraf\">Pr\u00e9sentation:<\/h4>\n<hr \/>\n<div class=\"indent-both\">\n<p><img decoding=\"async\" class=\"alignleft\" src=\"\/religion\/episcopal\/logo-episcopal church.png\" \/>La pr\u00e9sence de l&rsquo;\u00c9glise \u00c9piscopale en Haiti remonte \u00e0 l&rsquo;ann\u00e9e 1861, quand un jeune pr\u00eatre anglican, James Th\u00e9odore Holly, d\u00e9barqua dans le pays avec une centaine de noirs am\u00e9ricains. Apr\u00e8s des d\u00e9buts difficiles durant lesquels il vit partir des compagnons de voyage et m\u00eame quelques membres de sa famille, Holly finit par voir son oeuvre fructifier. En 1874, il en devient le premier \u00e9v\u00eaque.<\/p>\n<p>Juridiquement, l&rsquo;\u00c9glise \u00c9piscopale d&rsquo;Haiti est un dioc\u00e8se relevant de L&rsquo;\u00c9glise \u00c9piscopale des \u00c9tats-Unis. Cette \u00c9glise, connue sous le nom de <i>Protestant Episcopal Church in the United States of America<\/i>, regroupe, \u00e0 c\u00f4t\u00e9 des 108 dioc\u00e8ses des \u00c9tats-Unis, ceux des \u00celes Vierges (US Virgin Islands), de Haiti, de Taiwan, de la Colombia, de la R\u00e9publique Dominicaine, de l&rsquo;\u00c9quateur, et de Honduras.<\/p>\n<p>Haiti fait partie de la deuxi\u00e8me province form\u00e9e par les six dioc\u00e8ses de l&rsquo;\u00c9tat de New York, les deux dioc\u00e8ses de l&rsquo;\u00c9tat du New Jersey, et le dioc\u00e8se des \u00celes Vierges.<\/p>\n<p>En Haiti, l&rsquo;\u00c9glise \u00c9piscopale dont l&rsquo;impact religieux et pastoral reste encore \u00e0 d\u00e9finir, est connue surtout \u00e0 travers ses oeuvres \u00e9ducatives, humanitaires et sociales dont l&rsquo;\u00c9cole de Saint Trinit\u00e9, Le Coll\u00e8ge Saint Pierre, l&rsquo;Orchestre Philharmonique de Sainte Trinit\u00e9, le Centre Saint Vincent \u00e0 Port-au-Prince, et l&rsquo;h\u00f4pital Sainte Croix \u00e0 L\u00e9og\u00e2ne. Elle est pr\u00e9sente dans presque tous les d\u00e9partements g\u00e9ographiques du pays, comme en t\u00e9moigne la page sur les <a href=\"\/pages\/plan\/religions\/eglise-episcopale\/paroisses-et-missions\/\">\u00ab\u00a0Paroisses et Missions<\/a>\u00ab\u00a0.<\/p>\n<\/div>\n<h4 id=\"eveques\" class=\"title_paragraf\">\u00c9v\u00eaques:<\/h4>\n<hr \/>\n<table id=\"mytable\">\n<tbody>\n<tr>\n<td valign=\"top\" width=\"25%\"><a href=\"\/pages\/notables\/getperson.php?action=$search&amp;id=350\" title=\"Profil sur le R\u00e9pertoire des Notables Ha\u00eftiens\"><img loading=\"lazy\" decoding=\"async\" class=\"alignleft\" src=\"\/religion\/episcopal\/zache_duracin.jpg\" alt=\"\" width=\"143\" height=\"179\" \/><\/a><\/td>\n<td width=\"75%\">\n<p class=\"imagetitle\" style=\"text-align: left;\">Ordinaire::<\/p>\n<h5 class=\"titre_president\">R\u00e9v\u00e9rend Jean-Zach\u00e9 Duracin (Janvier 1994)<\/h5>\n<ul>\n<li>Naissance: Trouin [D\u00e9partement du Sud-Est], le 20 f\u00e9vrier 1947;<\/li>\n<li>Diaconat: Septembre 1977;<\/li>\n<li>Pr\u00eatrise: Mai 1978;<\/li>\n<li>Cons\u00e9cration: 2 Juin 1993;<\/li>\n<li>Famille: Mari\u00e9 \u00e0 Marie Edithe Louis-Jean le 18 D\u00e9cembre 1979: 4 enfants.<\/li>\n<li>Retraite canonique: 1er mars 2019<\/li>\n<\/ul>\n<\/td>\n<\/tr>\n<tr>\n<td><a title=\"Voir son profil sur le R\u00e9pertoire des Notables Ha\u00eftiens\" href=\"\/pages\/notables\/getperson.php?action=$search&amp;id=350#nom\"><img loading=\"lazy\" decoding=\"async\" class=\"alignleft\" src=\"\/religion\/episcopal\/beauvoir_oge.jpg\" alt=\"\" width=\"121\" height=\"161\" \/><\/a><\/td>\n<td>\n<p class=\"imagetitle\" style=\"text-align: left;\">Suffragant::<\/p>\n<h5 class=\"titre_president\">R\u00e9v\u00e9rend Og\u00e9 Beauvoir<\/h5>\n<ul>\n<li>Naissance: en 1955 \u00e0 Gros Morne.<\/li>\n<li>Nomination \u00e9piscopale: 25 novembre 2011<\/li>\n<li>Cons\u00e9cration: 22 mai 2012<\/li>\n<li>Famille: Mari\u00e9 et p\u00e8re de 2 enfants.<\/li>\n<li>D\u00e9mission:\u00a0 23 mai 2017 apr\u00e8s avoir sign\u00e9 un pacte visant \u00ab \u00e0 traiter et \u00e0 r\u00e9soudre les nombreux points de conflit qui ont pes\u00e9 sur le dioc\u00e8se \u00bb.<\/li>\n<\/ul>\n<\/td>\n<\/tr>\n<tr>\n<td><strong>Adresses:<\/strong><\/td>\n<td>86, rue Rigaud<br \/>\nP\u00e9tion-ville, Haiti<br \/>\n\u2261<br \/>\nBoite Postale 1309<br \/>\nPort-au-Prince, Haiti<\/td>\n<\/tr>\n<tr>\n<td><b>T\u00e9l\u00e9phone<\/b><\/td>\n<td>(509) 22 57-1624<\/td>\n<\/tr>\n<tr>\n<td><b>T\u00e9l\u00e9fax<\/b><\/td>\n<td>(509) 22 57-3412<\/td>\n<\/tr>\n<\/tbody>\n<\/table>\n<h4 class=\"title_paragraf\">D\u00e9boires de l&rsquo;\u00c9glise \u00e9piscopale:<\/h4>\n<hr \/>\n<div class=\"indent-both\">\n<p>Peu d&rsquo;ann\u00e9es apr\u00e8s la cons\u00e9cration de Monseigneur Og\u00e9 Beauvoir comme \u00e9v\u00eaque suffragant, une opposition s&rsquo;\u00e9tablit entre lui et Mgr Duracin, ce qui obligea le R\u00e9v\u00e9rendissime Michael B. Curry, l&rsquo;\u00e9v\u00eaque-pr\u00e9sident de l&rsquo;\u00c9glise mondiale, \u00e0 intervenir en avril 2027 pour une n\u00e9gociation entre les deux pr\u00e9lats et pour r\u00e9concilier les deux camps ralli\u00e9s chacun autour d&rsquo;un \u00e9v\u00eaque. Un pacte fut alors sign\u00e9 et Mgr Beauvoir accepta de d\u00e9missionner le 23 mai 2017.<\/p>\n<p>Peu avant la retraite canonique de Mgr Duracin (1993-2019), le dioc\u00e8se fut \u00e9branl\u00e9 par d&rsquo;autres\u00a0 divisions et une absence de leadership.<\/p>\n<p>D\u2019abord l\u2019\u00e9lection d&rsquo;un coadjuteur pour succ\u00e9der \u00e0 Mgr Duracin en 2028 n&rsquo;eut pas les aboutissements escompt\u00e9s. En juin 2018, l\u2019\u00e9lection du r\u00e9v\u00e9rend Joseph Kerwin D\u00e9licat, doyen de la cath\u00e9drale Sainte Trinit\u00e9 de Port-au-Prince, comme \u00e9v\u00eaque coadjuteur, fut annul\u00e9e en raison de pr\u00e9occupations selon lesquelles le processus \u00e9lectoral avait \u00e9t\u00e9 entach\u00e9 de favoritisme. Duracin prit sa retraite le 1er mars 2019 et sans un successeur \u00e9lu, un comit\u00e9 dit permanent assuma l&rsquo;autorit\u00e9 supr\u00eame dans le dioc\u00e8se.<\/p>\n<p>Plus tard, les divisions n&rsquo;ont fait qu&#8217;empirer et furent expos\u00e9es publiquement avec la d\u00e9couverte dans un container \u00e0 la douane de Port-au-Prince d\u2019armes destin\u00e9es aux gangs. Ces armes apparemment furent import\u00e9es par des responsables de l\u2019\u00c9glise \u00e9piscopale d\u00e9tentrice d\u2019une franchise douani\u00e8re. Ce scandale \u00e9claboussa au moins une demi-douzaine de responsables dioc\u00e9sains dont le p\u00e8re Fritz D\u00e9sir\u00e9, ancien pr\u00e9sident du comit\u00e9 permanent. Il fut arr\u00eat\u00e9. Plus tard, le p\u00e8re Franz Cole, le secr\u00e9taire ex\u00e9cutif dioc\u00e9sain fut lui aussi \u00e9crou\u00e9.<\/p>\n<p>P\u00e8re Jean Mardoch\u00e9 Vil, l&rsquo;actuel pr\u00e9sident du comit\u00e9 permanent, devint une personne d\u2019int\u00e9r\u00eat et recherch\u00e9 pour interrogatoire, bien qu\u2019il se d\u00e9fende d\u2019avoir les mains tremp\u00e9es dans le scandale. L&rsquo;affaire, au moment de la r\u00e9vision de ce fichier est toujours sous enqu\u00eate.<\/p>\n<\/div>\n<p><!-- Bas de la page --><\/p>\n","protected":false},"excerpt":{"rendered":"<p>La pr\u00e9sence de l&rsquo;\u00c9glise \u00c9piscopale en Haiti remonte \u00e0 l&rsquo;ann\u00e9e 1861, quand un jeune pr\u00eatre anglican, James Th\u00e9odore Holly, d\u00e9barqua dans le pays avec une centaine de noirs am\u00e9ricains. Apr\u00e8s des d\u00e9buts difficiles durant lesquels il vit partir des compagnons de voyage et m\u00eame quelques membres de sa famille, Holly finit par voir son oeuvre fructifier. Aujourd&rsquo;hui, cette \u00e9glise est un dioc\u00e8se de de L&rsquo;\u00c9glise \u00c9piscopale des \u00c9tats-Unis.<br \/>\nCette page contient un profil de ce dioc\u00e8se&#8230;<\/p>\n","protected":false},"author":1,"featured_media":32414,"parent":81,"menu_order":4,"comment_status":"closed","ping_status":"closed","template":"short_page.php","meta":{"footnotes":""},"categories":[356,11],"class_list":["post-878","page","type-page","status-publish","has-post-thumbnail","hentry","category-eglise-episcopale","category-religion"],"yoast_head":"<!-- This site is optimized with the Yoast SEO plugin v27.4 - https:\/\/yoast.com\/product\/yoast-seo-wordpress\/ -->\n<title>1400.- \u00c9glise \u00c9piscopale d&#039;Haiti: Profil &#187;<\/title>\n<meta name=\"description\" content=\"Br\u00e8ve description de l&#039;\u00c9glise \u00e9piscopale d&#039;Haiti suivie d&#039;une pr\u00e9sentation de ses leaders de James Th\u00e9odore Holly, son premier \u00e9v\u00eaque...\" \/>\n<meta name=\"robots\" content=\"index, follow, max-snippet:-1, max-image-preview:large, max-video-preview:-1\" \/>\n<link rel=\"canonical\" href=\"https:\/\/www.haiti-reference.info\/pages\/plan\/religions\/eglise-episcopale\/\" \/>\n<meta property=\"og:locale\" content=\"fr_CA\" \/>\n<meta property=\"og:type\" content=\"article\" \/>\n<meta property=\"og:title\" content=\"1400.- \u00c9glise \u00c9piscopale d&#039;Haiti: Profil &#187;\" \/>\n<meta property=\"og:description\" content=\"Br\u00e8ve description de l&#039;\u00c9glise \u00e9piscopale d&#039;Haiti suivie d&#039;une pr\u00e9sentation de ses leaders de James Th\u00e9odore Holly, son premier \u00e9v\u00eaque...\" \/>\n<meta property=\"og:url\" content=\"https:\/\/www.haiti-reference.info\/pages\/plan\/religions\/eglise-episcopale\/\" \/>\n<meta property=\"article:modified_time\" content=\"2026-04-06T21:25:48+00:00\" \/>\n<meta property=\"og:image\" content=\"https:\/\/www.haiti-reference.info\/pages\/wp-content\/uploads\/2020\/07\/cropped-Pile-of-Library-Books.jpg\" \/>\n\t<meta property=\"og:image:width\" content=\"1920\" \/>\n\t<meta property=\"og:image:height\" content=\"619\" \/>\n\t<meta property=\"og:image:type\" content=\"image\/jpeg\" \/>\n<meta name=\"twitter:card\" content=\"summary_large_image\" \/>\n<meta name=\"twitter:label1\" content=\"Estimation du temps de lecture\" \/>\n\t<meta name=\"twitter:data1\" content=\"4 minutes\" \/>\n<script type=\"application\/ld+json\" class=\"yoast-schema-graph\">{\"@context\":\"https:\\\/\\\/schema.org\",\"@graph\":[{\"@type\":\"WebPage\",\"@id\":\"https:\\\/\\\/www.haiti-reference.info\\\/pages\\\/plan\\\/religions\\\/eglise-episcopale\\\/\",\"url\":\"https:\\\/\\\/www.haiti-reference.info\\\/pages\\\/plan\\\/religions\\\/eglise-episcopale\\\/\",\"name\":\"1400.- \u00c9glise \u00c9piscopale d'Haiti: Profil &#187;\",\"isPartOf\":{\"@id\":\"https:\\\/\\\/www.haiti-reference.info\\\/pages\\\/#website\"},\"primaryImageOfPage\":{\"@id\":\"https:\\\/\\\/www.haiti-reference.info\\\/pages\\\/plan\\\/religions\\\/eglise-episcopale\\\/#primaryimage\"},\"image\":{\"@id\":\"https:\\\/\\\/www.haiti-reference.info\\\/pages\\\/plan\\\/religions\\\/eglise-episcopale\\\/#primaryimage\"},\"thumbnailUrl\":\"https:\\\/\\\/www.haiti-reference.info\\\/pages\\\/wp-content\\\/uploads\\\/2020\\\/07\\\/cropped-Pile-of-Library-Books.jpg\",\"datePublished\":\"2006-04-05T20:49:45+00:00\",\"dateModified\":\"2026-04-06T21:25:48+00:00\",\"description\":\"Br\u00e8ve description de l'\u00c9glise \u00e9piscopale d'Haiti suivie d'une pr\u00e9sentation de ses leaders de James Th\u00e9odore Holly, son premier \u00e9v\u00eaque...\",\"breadcrumb\":{\"@id\":\"https:\\\/\\\/www.haiti-reference.info\\\/pages\\\/plan\\\/religions\\\/eglise-episcopale\\\/#breadcrumb\"},\"inLanguage\":\"fr-CA\",\"potentialAction\":[{\"@type\":\"ReadAction\",\"target\":[\"https:\\\/\\\/www.haiti-reference.info\\\/pages\\\/plan\\\/religions\\\/eglise-episcopale\\\/\"]}]},{\"@type\":\"ImageObject\",\"inLanguage\":\"fr-CA\",\"@id\":\"https:\\\/\\\/www.haiti-reference.info\\\/pages\\\/plan\\\/religions\\\/eglise-episcopale\\\/#primaryimage\",\"url\":\"https:\\\/\\\/www.haiti-reference.info\\\/pages\\\/wp-content\\\/uploads\\\/2020\\\/07\\\/cropped-Pile-of-Library-Books.jpg\",\"contentUrl\":\"https:\\\/\\\/www.haiti-reference.info\\\/pages\\\/wp-content\\\/uploads\\\/2020\\\/07\\\/cropped-Pile-of-Library-Books.jpg\",\"width\":1920,\"height\":619},{\"@type\":\"BreadcrumbList\",\"@id\":\"https:\\\/\\\/www.haiti-reference.info\\\/pages\\\/plan\\\/religions\\\/eglise-episcopale\\\/#breadcrumb\",\"itemListElement\":[{\"@type\":\"ListItem\",\"position\":1,\"name\":\"Accueil\",\"item\":\"https:\\\/\\\/www.haiti-reference.info\\\/pages\\\/\"},{\"@type\":\"ListItem\",\"position\":2,\"name\":\"Structure du site\",\"item\":\"https:\\\/\\\/www.haiti-reference.info\\\/pages\\\/plan\\\/\"},{\"@type\":\"ListItem\",\"position\":3,\"name\":\"1000.- Religions et croyances\",\"item\":\"https:\\\/\\\/www.haiti-reference.info\\\/pages\\\/plan\\\/religions\\\/\"},{\"@type\":\"ListItem\",\"position\":4,\"name\":\"1400.- \u00c9glise \u00c9piscopale d&rsquo;Haiti: Profil\"}]},{\"@type\":\"WebSite\",\"@id\":\"https:\\\/\\\/www.haiti-reference.info\\\/pages\\\/#website\",\"url\":\"https:\\\/\\\/www.haiti-reference.info\\\/pages\\\/\",\"name\":\"Haiti-R\u00e9f\u00e9rence\",\"description\":\"Un guide de r\u00e9f\u00e9rence\",\"publisher\":{\"@id\":\"https:\\\/\\\/www.haiti-reference.info\\\/pages\\\/#organization\"},\"potentialAction\":[{\"@type\":\"SearchAction\",\"target\":{\"@type\":\"EntryPoint\",\"urlTemplate\":\"https:\\\/\\\/www.haiti-reference.info\\\/pages\\\/?s={search_term_string}\"},\"query-input\":{\"@type\":\"PropertyValueSpecification\",\"valueRequired\":true,\"valueName\":\"search_term_string\"}}],\"inLanguage\":\"fr-CA\"},{\"@type\":\"Organization\",\"@id\":\"https:\\\/\\\/www.haiti-reference.info\\\/pages\\\/#organization\",\"name\":\"Haiti-R\u00e9f\u00e9rence\",\"url\":\"https:\\\/\\\/www.haiti-reference.info\\\/pages\\\/\",\"logo\":{\"@type\":\"ImageObject\",\"inLanguage\":\"fr-CA\",\"@id\":\"https:\\\/\\\/www.haiti-reference.info\\\/pages\\\/#\\\/schema\\\/logo\\\/image\\\/\",\"url\":\"https:\\\/\\\/www.haiti-reference.info\\\/pages\\\/wp-content\\\/uploads\\\/2016\\\/04\\\/cropped-cropped-logo_201604-8-1.png\",\"contentUrl\":\"https:\\\/\\\/www.haiti-reference.info\\\/pages\\\/wp-content\\\/uploads\\\/2016\\\/04\\\/cropped-cropped-logo_201604-8-1.png\",\"width\":338,\"height\":87,\"caption\":\"Haiti-R\u00e9f\u00e9rence\"},\"image\":{\"@id\":\"https:\\\/\\\/www.haiti-reference.info\\\/pages\\\/#\\\/schema\\\/logo\\\/image\\\/\"},\"sameAs\":[\"https:\\\/\\\/bsky.app\\\/profile\\\/haiti-reference.bsky.social\"]}]}<\/script>\n<!-- \/ Yoast SEO plugin. -->","yoast_head_json":{"title":"1400.- \u00c9glise \u00c9piscopale d'Haiti: Profil &#187;","description":"Br\u00e8ve description de l'\u00c9glise \u00e9piscopale d'Haiti suivie d'une pr\u00e9sentation de ses leaders de James Th\u00e9odore Holly, son premier \u00e9v\u00eaque...","robots":{"index":"index","follow":"follow","max-snippet":"max-snippet:-1","max-image-preview":"max-image-preview:large","max-video-preview":"max-video-preview:-1"},"canonical":"https:\/\/www.haiti-reference.info\/pages\/plan\/religions\/eglise-episcopale\/","og_locale":"fr_CA","og_type":"article","og_title":"1400.- \u00c9glise \u00c9piscopale d'Haiti: Profil &#187;","og_description":"Br\u00e8ve description de l'\u00c9glise \u00e9piscopale d'Haiti suivie d'une pr\u00e9sentation de ses leaders de James Th\u00e9odore Holly, son premier \u00e9v\u00eaque...","og_url":"https:\/\/www.haiti-reference.info\/pages\/plan\/religions\/eglise-episcopale\/","article_modified_time":"2026-04-06T21:25:48+00:00","og_image":[{"width":1920,"height":619,"url":"https:\/\/www.haiti-reference.info\/pages\/wp-content\/uploads\/2020\/07\/cropped-Pile-of-Library-Books.jpg","type":"image\/jpeg"}],"twitter_card":"summary_large_image","twitter_misc":{"Estimation du temps de lecture":"4 minutes"},"schema":{"@context":"https:\/\/schema.org","@graph":[{"@type":"WebPage","@id":"https:\/\/www.haiti-reference.info\/pages\/plan\/religions\/eglise-episcopale\/","url":"https:\/\/www.haiti-reference.info\/pages\/plan\/religions\/eglise-episcopale\/","name":"1400.- \u00c9glise \u00c9piscopale d'Haiti: Profil &#187;","isPartOf":{"@id":"https:\/\/www.haiti-reference.info\/pages\/#website"},"primaryImageOfPage":{"@id":"https:\/\/www.haiti-reference.info\/pages\/plan\/religions\/eglise-episcopale\/#primaryimage"},"image":{"@id":"https:\/\/www.haiti-reference.info\/pages\/plan\/religions\/eglise-episcopale\/#primaryimage"},"thumbnailUrl":"https:\/\/www.haiti-reference.info\/pages\/wp-content\/uploads\/2020\/07\/cropped-Pile-of-Library-Books.jpg","datePublished":"2006-04-05T20:49:45+00:00","dateModified":"2026-04-06T21:25:48+00:00","description":"Br\u00e8ve description de l'\u00c9glise \u00e9piscopale d'Haiti suivie d'une pr\u00e9sentation de ses leaders de James Th\u00e9odore Holly, son premier \u00e9v\u00eaque...","breadcrumb":{"@id":"https:\/\/www.haiti-reference.info\/pages\/plan\/religions\/eglise-episcopale\/#breadcrumb"},"inLanguage":"fr-CA","potentialAction":[{"@type":"ReadAction","target":["https:\/\/www.haiti-reference.info\/pages\/plan\/religions\/eglise-episcopale\/"]}]},{"@type":"ImageObject","inLanguage":"fr-CA","@id":"https:\/\/www.haiti-reference.info\/pages\/plan\/religions\/eglise-episcopale\/#primaryimage","url":"https:\/\/www.haiti-reference.info\/pages\/wp-content\/uploads\/2020\/07\/cropped-Pile-of-Library-Books.jpg","contentUrl":"https:\/\/www.haiti-reference.info\/pages\/wp-content\/uploads\/2020\/07\/cropped-Pile-of-Library-Books.jpg","width":1920,"height":619},{"@type":"BreadcrumbList","@id":"https:\/\/www.haiti-reference.info\/pages\/plan\/religions\/eglise-episcopale\/#breadcrumb","itemListElement":[{"@type":"ListItem","position":1,"name":"Accueil","item":"https:\/\/www.haiti-reference.info\/pages\/"},{"@type":"ListItem","position":2,"name":"Structure du site","item":"https:\/\/www.haiti-reference.info\/pages\/plan\/"},{"@type":"ListItem","position":3,"name":"1000.- Religions et croyances","item":"https:\/\/www.haiti-reference.info\/pages\/plan\/religions\/"},{"@type":"ListItem","position":4,"name":"1400.- \u00c9glise \u00c9piscopale d&rsquo;Haiti: Profil"}]},{"@type":"WebSite","@id":"https:\/\/www.haiti-reference.info\/pages\/#website","url":"https:\/\/www.haiti-reference.info\/pages\/","name":"Haiti-R\u00e9f\u00e9rence","description":"Un guide de r\u00e9f\u00e9rence","publisher":{"@id":"https:\/\/www.haiti-reference.info\/pages\/#organization"},"potentialAction":[{"@type":"SearchAction","target":{"@type":"EntryPoint","urlTemplate":"https:\/\/www.haiti-reference.info\/pages\/?s={search_term_string}"},"query-input":{"@type":"PropertyValueSpecification","valueRequired":true,"valueName":"search_term_string"}}],"inLanguage":"fr-CA"},{"@type":"Organization","@id":"https:\/\/www.haiti-reference.info\/pages\/#organization","name":"Haiti-R\u00e9f\u00e9rence","url":"https:\/\/www.haiti-reference.info\/pages\/","logo":{"@type":"ImageObject","inLanguage":"fr-CA","@id":"https:\/\/www.haiti-reference.info\/pages\/#\/schema\/logo\/image\/","url":"https:\/\/www.haiti-reference.info\/pages\/wp-content\/uploads\/2016\/04\/cropped-cropped-logo_201604-8-1.png","contentUrl":"https:\/\/www.haiti-reference.info\/pages\/wp-content\/uploads\/2016\/04\/cropped-cropped-logo_201604-8-1.png","width":338,"height":87,"caption":"Haiti-R\u00e9f\u00e9rence"},"image":{"@id":"https:\/\/www.haiti-reference.info\/pages\/#\/schema\/logo\/image\/"},"sameAs":["https:\/\/bsky.app\/profile\/haiti-reference.bsky.social"]}]}},"_links":{"self":[{"href":"https:\/\/www.haiti-reference.info\/pages\/wp-json\/wp\/v2\/pages\/878","targetHints":{"allow":["GET"]}}],"collection":[{"href":"https:\/\/www.haiti-reference.info\/pages\/wp-json\/wp\/v2\/pages"}],"about":[{"href":"https:\/\/www.haiti-reference.info\/pages\/wp-json\/wp\/v2\/types\/page"}],"author":[{"embeddable":true,"href":"https:\/\/www.haiti-reference.info\/pages\/wp-json\/wp\/v2\/users\/1"}],"replies":[{"embeddable":true,"href":"https:\/\/www.haiti-reference.info\/pages\/wp-json\/wp\/v2\/comments?post=878"}],"version-history":[{"count":0,"href":"https:\/\/www.haiti-reference.info\/pages\/wp-json\/wp\/v2\/pages\/878\/revisions"}],"up":[{"embeddable":true,"href":"https:\/\/www.haiti-reference.info\/pages\/wp-json\/wp\/v2\/pages\/81"}],"wp:featuredmedia":[{"embeddable":true,"href":"https:\/\/www.haiti-reference.info\/pages\/wp-json\/wp\/v2\/media\/32414"}],"wp:attachment":[{"href":"https:\/\/www.haiti-reference.info\/pages\/wp-json\/wp\/v2\/media?parent=878"}],"wp:term":[{"taxonomy":"category","embeddable":true,"href":"https:\/\/www.haiti-reference.info\/pages\/wp-json\/wp\/v2\/categories?post=878"}],"curies":[{"name":"wp","href":"https:\/\/api.w.org\/{rel}","templated":true}]}}