{"id":8125,"date":"2012-10-07T11:44:26","date_gmt":"2012-10-07T15:44:26","guid":{"rendered":"http:\/\/haiti-reference.com\/pages\/?page_id=8125"},"modified":"2020-05-16T20:52:45","modified_gmt":"2020-05-17T00:52:45","slug":"electronique","status":"publish","type":"page","link":"https:\/\/www.haiti-reference.info\/pages\/plan\/geographie-et-tourisme\/communication\/electronique\/","title":{"rendered":"7430.- Communication \u00e9lectronique: Operateurs d&rsquo;internet"},"content":{"rendered":"<p class=\"img_category\"><a title=\"Classification\" href=\"\/pages\/plan\/geographie-et-tourisme\/\"><img decoding=\"async\" src=\"\/.\/images\/legendes\/category_art.jpg\" alt=\"Classification\" \/>\u00a0G\u00e9ographie et tourisme<\/a><\/p>\n<h4 class=\"ephem_date\">Access Haiti:<\/h4>\n<hr \/>\n<table id=\"table_separate\">\n<tbody>\n<tr>\n<td style=\"color: red;\" width=\"25%\"><b>Fondation:<\/b><\/td>\n<td width=\"75%\">2002<\/td>\n<\/tr>\n<tr>\n<td style=\"color: red;\"><b>Adresse:<\/b><\/td>\n<td>60, rue Geffrard<br \/>\nP\u00e9tion-Ville, HAITI<\/td>\n<\/tr>\n<tr>\n<td style=\"color: red;\"><b>T\u00e9l\u00e9phone:<\/b><\/td>\n<td>(509)\u00a028 12-60 00 \/ 29 98-60 00<\/td>\n<\/tr>\n<tr>\n<td style=\"color: red;\"><b>Email:<\/b><\/td>\n<td>info@accesshaiti.com<\/td>\n<\/tr>\n<tr>\n<td style=\"color: red;\"><b>Site Web:<\/b><\/td>\n<td><a href=\"http:\/\/www.accesshaiti.com\/\">www.accesshaiti.com\/<\/a><\/td>\n<\/tr>\n<tr>\n<td style=\"color: red;\"><b>Adresse IP:<\/b><\/td>\n<td>190.120.210.0 \/ 255<br \/>\n186.190.31.0 \u00a0\/ 255<\/td>\n<\/tr>\n<\/tbody>\n<\/table>\n<h6 style=\"text-align: right;\">Donn\u00e9es v\u00e9rifi\u00e9es le 29 novembre 2015<\/h6>\n<h4 class=\"ephem_date\">Alpha Communication Network (ACN):<\/h4>\n<hr \/>\n<table id=\"table_separate\">\n<tbody>\n<tr>\n<td style=\"color: red;\" width=\"25%\"><b>Fondation:<\/b><\/td>\n<td width=\"75%\">1995<\/td>\n<\/tr>\n<tr>\n<td style=\"color: red;\"><b>Adresse:<\/b><\/td>\n<td>20, rue Villate<br \/>\nP\u00e9tion-Ville, HAITI<\/td>\n<\/tr>\n<tr>\n<td style=\"color: red;\"><b>T\u00e9l\u00e9phones:<\/b><\/td>\n<td>(509) 37 33-5928 \/ 37 33-5912<\/td>\n<\/tr>\n<tr>\n<td style=\"color: red;\"><b>Email:<\/b><\/td>\n<td>sales@acn.com<\/td>\n<\/tr>\n<tr>\n<td style=\"color: red;\"><b>Site Web:<\/b><\/td>\n<td><a title=\"Site en consturction\" href=\"http:\/\/www.acn.ht\/\" target=\"_blank\" rel=\"noopener noreferrer\">www.acn.ht <img loading=\"lazy\" decoding=\"async\" src=\"http:\/\/www.haiti-reference.org\/images\/legendes\/underConstructionSmall.gif\" alt=\"page en cours de construction\" width=\"17\" height=\"17\" align=\"absmiddle\" \/><\/a><\/td>\n<\/tr>\n<tr>\n<td style=\"color: red;\"><b>Adresse IP:<\/b><\/td>\n<td>200.113.192.0 \/ 255<br \/>\n200.113.245.0 \/ 255<\/td>\n<\/tr>\n<\/tbody>\n<\/table>\n<h6 style=\"text-align: right;\">Donn\u00e9es v\u00e9rifi\u00e9es le 29 novembre 2015<\/h6>\n<h4 class=\"ephem_date\">Haiti Networking SA (HAINET):<\/h4>\n<hr \/>\n<table id=\"table_separate\">\n<tbody>\n<tr>\n<td style=\"color: red;\" width=\"25%\"><b>Fondation:<\/b><\/td>\n<td width=\"75%\">&#8230;<\/td>\n<\/tr>\n<tr>\n<td style=\"color: red;\"><b>Adresse:<\/b><\/td>\n<td>74, rue Panam\u00e9ricaine<br \/>\nP\u00e9tion-Ville, HAITI<\/td>\n<\/tr>\n<tr>\n<td style=\"color: red;\"><b>T\u00e9l\u00e9phone:<\/b><\/td>\n<td>\u00a0(509) 29 40 2222<\/td>\n<\/tr>\n<tr>\n<td style=\"color: red;\"><b>Email:<\/b><\/td>\n<td>info@hainet.net<\/td>\n<\/tr>\n<tr>\n<td style=\"color: red;\"><b>Site Web:<\/b><\/td>\n<td><a href=\"http:\/\/hainetgroup.com\/\" target=\"_blank\" rel=\"noopener noreferrer\">hainetgroup.com\/<\/a><\/td>\n<\/tr>\n<tr>\n<td style=\"color: red;\"><b>Adresse IP:<\/b><\/td>\n<td>&#8230;<\/td>\n<\/tr>\n<\/tbody>\n<\/table>\n<h6 style=\"text-align: right;\">Donn\u00e9es v\u00e9rifi\u00e9es le 29 novembre 2015<\/h6>\n<h4 class=\"ephem_date\">Digicel:<\/h4>\n<hr \/>\n<table id=\"table_separate\">\n<tbody>\n<tr>\n<td style=\"color: red;\" width=\"25%\"><b>Fondation:<\/b><\/td>\n<td width=\"75%\">&#8230;<\/td>\n<\/tr>\n<tr>\n<td style=\"color: red;\"><b>Adresse:<\/b><\/td>\n<td>\n<div>151 Angle Ave Jean Paul II<\/div>\n<div>&amp; Impasse Duverger<\/div>\n<div>Port-au-Prince, Ha\u00efti<\/div>\n<\/td>\n<\/tr>\n<tr>\n<td style=\"color: red;\"><b>T\u00e9l\u00e9phone:<\/b><\/td>\n<td>(509) 37.11.34.44<br \/>\n111 (\u00e0 partir d&rsquo;un\u00a0mobile)<\/td>\n<\/tr>\n<tr>\n<td style=\"color: red;\"><b>Email:<\/b><\/td>\n<td><a href=\"mailto:customercarehaiti@digicelgroup.com\">customercarehaiti@digicelgroup.com<\/a><\/td>\n<\/tr>\n<tr>\n<td style=\"color: red;\"><b>Site Web:<\/b><\/td>\n<td><a href=\"http:\/\/www.digicelhaiti.com\/\" target=\"_blank\" rel=\"noopener noreferrer\">digicelhaiti.com<\/a><\/td>\n<\/tr>\n<tr>\n<td style=\"color: red;\"><b>Adresse IP:<\/b><\/td>\n<td width=\"75%\">&#8230;<\/td>\n<\/tr>\n<\/tbody>\n<\/table>\n<h6 style=\"text-align: right;\">Donn\u00e9es v\u00e9rifi\u00e9es le 29 novembre 2015<\/h6>\n<h4 class=\"ephem_date\">Natcom:<\/h4>\n<hr \/>\n<table id=\"table_separate\">\n<tbody>\n<tr>\n<td style=\"color: red;\" width=\"25%\"><b>Note:<\/b><\/td>\n<td width=\"75%\">G\u00e9r\u00e9 par Viettel, (une compagnie vietnamienne) depuis 2010<\/td>\n<\/tr>\n<tr>\n<td style=\"color: red;\"><b>Adresse:<\/b><\/td>\n<td>\n<div id=\"u_0_1b\" class=\"ellipsis _50f3\" data-hover=\"tooltip\">Angle Ave. Martin Luther King et rue Fernand,<br \/>\nPont Morin<br \/>\nPort-au-Prince, Haiti<\/div>\n<\/td>\n<\/tr>\n<tr>\n<td style=\"color: red;\"><b>T\u00e9l\u00e9phone:<\/b><\/td>\n<td>(509) 22\u00a022 6666<br \/>\n110; 111\u00a0(\u00e0 partir d&rsquo;un mobile)<\/td>\n<\/tr>\n<tr>\n<td style=\"color: red;\"><b>Site Web:<\/b><\/td>\n<td><a title=\"Site en construction\" href=\"http:\/\/natcom.com.ht\/\" target=\"_blank\" rel=\"noopener noreferrer\">natcom.com.ht\/<\/a><\/td>\n<\/tr>\n<tr>\n<td style=\"color: red;\"><b>Adresse IP:<\/b><\/td>\n<td>190.102.64.0 \/\u00a0255<\/td>\n<\/tr>\n<\/tbody>\n<\/table>\n<h6 style=\"text-align: right;\">Donn\u00e9es v\u00e9rifi\u00e9es le 29 novembre 2015<\/h6>\n<p><!--Bas de la page--><\/p>\n","protected":false},"excerpt":{"rendered":"<p>\u00a0G\u00e9ographie et tourisme Access Haiti: Fondation: 2002 Adresse: 60, rue Geffrard P\u00e9tion-Ville, HAITI T\u00e9l\u00e9phone: (509)\u00a028 12-60 00 \/ 29 98-60 00 Email: info@accesshaiti.com Site Web: www.accesshaiti.com\/ Adresse IP: 190.120.210.0 \/ [&hellip;]<\/p>\n","protected":false},"author":1,"featured_media":0,"parent":6239,"menu_order":3,"comment_status":"closed","ping_status":"closed","template":"short_page.php","meta":{"footnotes":""},"categories":[],"class_list":["post-8125","page","type-page","status-publish","hentry"],"yoast_head":"<!-- This site is optimized with the Yoast SEO plugin v27.4 - https:\/\/yoast.com\/product\/yoast-seo-wordpress\/ -->\n<title>7430.- Communication \u00e9lectronique: Operateurs d&#039;internet &#187;<\/title>\n<meta name=\"robots\" content=\"index, follow, max-snippet:-1, max-image-preview:large, max-video-preview:-1\" \/>\n<link rel=\"canonical\" href=\"https:\/\/www.haiti-reference.info\/pages\/plan\/geographie-et-tourisme\/communication\/electronique\/\" \/>\n<meta property=\"og:locale\" content=\"fr_CA\" \/>\n<meta property=\"og:type\" content=\"article\" \/>\n<meta property=\"og:title\" content=\"7430.- Communication \u00e9lectronique: Operateurs d&#039;internet &#187;\" \/>\n<meta property=\"og:description\" content=\"\u00a0G\u00e9ographie et tourisme Access Haiti: Fondation: 2002 Adresse: 60, rue Geffrard P\u00e9tion-Ville, HAITI T\u00e9l\u00e9phone: (509)\u00a028 12-60 00 \/ 29 98-60 00 Email: info@accesshaiti.com Site Web: www.accesshaiti.com\/ Adresse IP: 190.120.210.0 \/ [&hellip;]\" \/>\n<meta property=\"og:url\" content=\"https:\/\/www.haiti-reference.info\/pages\/plan\/geographie-et-tourisme\/communication\/electronique\/\" \/>\n<meta property=\"article:modified_time\" content=\"2020-05-17T00:52:45+00:00\" \/>\n<meta property=\"og:image\" content=\"http:\/\/www.haiti-reference.org\/images\/legendes\/underConstructionSmall.gif\" \/>\n<meta name=\"twitter:card\" content=\"summary_large_image\" \/>\n<meta name=\"twitter:label1\" content=\"Estimation du temps de lecture\" \/>\n\t<meta name=\"twitter:data1\" content=\"1 minute\" \/>\n<script type=\"application\/ld+json\" class=\"yoast-schema-graph\">{\"@context\":\"https:\\\/\\\/schema.org\",\"@graph\":[{\"@type\":\"WebPage\",\"@id\":\"https:\\\/\\\/www.haiti-reference.info\\\/pages\\\/plan\\\/geographie-et-tourisme\\\/communication\\\/electronique\\\/\",\"url\":\"https:\\\/\\\/www.haiti-reference.info\\\/pages\\\/plan\\\/geographie-et-tourisme\\\/communication\\\/electronique\\\/\",\"name\":\"7430.- Communication \u00e9lectronique: Operateurs d'internet &#187;\",\"isPartOf\":{\"@id\":\"https:\\\/\\\/www.haiti-reference.info\\\/pages\\\/#website\"},\"primaryImageOfPage\":{\"@id\":\"https:\\\/\\\/www.haiti-reference.info\\\/pages\\\/plan\\\/geographie-et-tourisme\\\/communication\\\/electronique\\\/#primaryimage\"},\"image\":{\"@id\":\"https:\\\/\\\/www.haiti-reference.info\\\/pages\\\/plan\\\/geographie-et-tourisme\\\/communication\\\/electronique\\\/#primaryimage\"},\"thumbnailUrl\":\"http:\\\/\\\/www.haiti-reference.org\\\/images\\\/legendes\\\/underConstructionSmall.gif\",\"datePublished\":\"2012-10-07T15:44:26+00:00\",\"dateModified\":\"2020-05-17T00:52:45+00:00\",\"breadcrumb\":{\"@id\":\"https:\\\/\\\/www.haiti-reference.info\\\/pages\\\/plan\\\/geographie-et-tourisme\\\/communication\\\/electronique\\\/#breadcrumb\"},\"inLanguage\":\"fr-CA\",\"potentialAction\":[{\"@type\":\"ReadAction\",\"target\":[\"https:\\\/\\\/www.haiti-reference.info\\\/pages\\\/plan\\\/geographie-et-tourisme\\\/communication\\\/electronique\\\/\"]}]},{\"@type\":\"ImageObject\",\"inLanguage\":\"fr-CA\",\"@id\":\"https:\\\/\\\/www.haiti-reference.info\\\/pages\\\/plan\\\/geographie-et-tourisme\\\/communication\\\/electronique\\\/#primaryimage\",\"url\":\"http:\\\/\\\/www.haiti-reference.org\\\/images\\\/legendes\\\/underConstructionSmall.gif\",\"contentUrl\":\"http:\\\/\\\/www.haiti-reference.org\\\/images\\\/legendes\\\/underConstructionSmall.gif\"},{\"@type\":\"BreadcrumbList\",\"@id\":\"https:\\\/\\\/www.haiti-reference.info\\\/pages\\\/plan\\\/geographie-et-tourisme\\\/communication\\\/electronique\\\/#breadcrumb\",\"itemListElement\":[{\"@type\":\"ListItem\",\"position\":1,\"name\":\"Accueil\",\"item\":\"https:\\\/\\\/www.haiti-reference.info\\\/pages\\\/\"},{\"@type\":\"ListItem\",\"position\":2,\"name\":\"Structure du site\",\"item\":\"https:\\\/\\\/www.haiti-reference.info\\\/pages\\\/plan\\\/\"},{\"@type\":\"ListItem\",\"position\":3,\"name\":\"7000.- G\u00e9ographie et tourisme\",\"item\":\"https:\\\/\\\/www.haiti-reference.info\\\/pages\\\/plan\\\/geographie-et-tourisme\\\/\"},{\"@type\":\"ListItem\",\"position\":4,\"name\":\"7400.- Communication\",\"item\":\"https:\\\/\\\/www.haiti-reference.info\\\/pages\\\/plan\\\/geographie-et-tourisme\\\/communication\\\/\"},{\"@type\":\"ListItem\",\"position\":5,\"name\":\"7430.- Communication \u00e9lectronique: Operateurs d&rsquo;internet\"}]},{\"@type\":\"WebSite\",\"@id\":\"https:\\\/\\\/www.haiti-reference.info\\\/pages\\\/#website\",\"url\":\"https:\\\/\\\/www.haiti-reference.info\\\/pages\\\/\",\"name\":\"Haiti-R\u00e9f\u00e9rence\",\"description\":\"Un guide de r\u00e9f\u00e9rence\",\"publisher\":{\"@id\":\"https:\\\/\\\/www.haiti-reference.info\\\/pages\\\/#organization\"},\"potentialAction\":[{\"@type\":\"SearchAction\",\"target\":{\"@type\":\"EntryPoint\",\"urlTemplate\":\"https:\\\/\\\/www.haiti-reference.info\\\/pages\\\/?s={search_term_string}\"},\"query-input\":{\"@type\":\"PropertyValueSpecification\",\"valueRequired\":true,\"valueName\":\"search_term_string\"}}],\"inLanguage\":\"fr-CA\"},{\"@type\":\"Organization\",\"@id\":\"https:\\\/\\\/www.haiti-reference.info\\\/pages\\\/#organization\",\"name\":\"Haiti-R\u00e9f\u00e9rence\",\"url\":\"https:\\\/\\\/www.haiti-reference.info\\\/pages\\\/\",\"logo\":{\"@type\":\"ImageObject\",\"inLanguage\":\"fr-CA\",\"@id\":\"https:\\\/\\\/www.haiti-reference.info\\\/pages\\\/#\\\/schema\\\/logo\\\/image\\\/\",\"url\":\"https:\\\/\\\/www.haiti-reference.info\\\/pages\\\/wp-content\\\/uploads\\\/2016\\\/04\\\/cropped-cropped-logo_201604-8-1.png\",\"contentUrl\":\"https:\\\/\\\/www.haiti-reference.info\\\/pages\\\/wp-content\\\/uploads\\\/2016\\\/04\\\/cropped-cropped-logo_201604-8-1.png\",\"width\":338,\"height\":87,\"caption\":\"Haiti-R\u00e9f\u00e9rence\"},\"image\":{\"@id\":\"https:\\\/\\\/www.haiti-reference.info\\\/pages\\\/#\\\/schema\\\/logo\\\/image\\\/\"},\"sameAs\":[\"https:\\\/\\\/bsky.app\\\/profile\\\/haiti-reference.bsky.social\"]}]}<\/script>\n<!-- \/ Yoast SEO plugin. -->","yoast_head_json":{"title":"7430.- Communication \u00e9lectronique: Operateurs d'internet &#187;","robots":{"index":"index","follow":"follow","max-snippet":"max-snippet:-1","max-image-preview":"max-image-preview:large","max-video-preview":"max-video-preview:-1"},"canonical":"https:\/\/www.haiti-reference.info\/pages\/plan\/geographie-et-tourisme\/communication\/electronique\/","og_locale":"fr_CA","og_type":"article","og_title":"7430.- Communication \u00e9lectronique: Operateurs d'internet &#187;","og_description":"\u00a0G\u00e9ographie et tourisme Access Haiti: Fondation: 2002 Adresse: 60, rue Geffrard P\u00e9tion-Ville, HAITI T\u00e9l\u00e9phone: (509)\u00a028 12-60 00 \/ 29 98-60 00 Email: info@accesshaiti.com Site Web: www.accesshaiti.com\/ Adresse IP: 190.120.210.0 \/ [&hellip;]","og_url":"https:\/\/www.haiti-reference.info\/pages\/plan\/geographie-et-tourisme\/communication\/electronique\/","article_modified_time":"2020-05-17T00:52:45+00:00","og_image":[{"url":"http:\/\/www.haiti-reference.org\/images\/legendes\/underConstructionSmall.gif","type":"","width":"","height":""}],"twitter_card":"summary_large_image","twitter_misc":{"Estimation du temps de lecture":"1 minute"},"schema":{"@context":"https:\/\/schema.org","@graph":[{"@type":"WebPage","@id":"https:\/\/www.haiti-reference.info\/pages\/plan\/geographie-et-tourisme\/communication\/electronique\/","url":"https:\/\/www.haiti-reference.info\/pages\/plan\/geographie-et-tourisme\/communication\/electronique\/","name":"7430.- Communication \u00e9lectronique: Operateurs d'internet &#187;","isPartOf":{"@id":"https:\/\/www.haiti-reference.info\/pages\/#website"},"primaryImageOfPage":{"@id":"https:\/\/www.haiti-reference.info\/pages\/plan\/geographie-et-tourisme\/communication\/electronique\/#primaryimage"},"image":{"@id":"https:\/\/www.haiti-reference.info\/pages\/plan\/geographie-et-tourisme\/communication\/electronique\/#primaryimage"},"thumbnailUrl":"http:\/\/www.haiti-reference.org\/images\/legendes\/underConstructionSmall.gif","datePublished":"2012-10-07T15:44:26+00:00","dateModified":"2020-05-17T00:52:45+00:00","breadcrumb":{"@id":"https:\/\/www.haiti-reference.info\/pages\/plan\/geographie-et-tourisme\/communication\/electronique\/#breadcrumb"},"inLanguage":"fr-CA","potentialAction":[{"@type":"ReadAction","target":["https:\/\/www.haiti-reference.info\/pages\/plan\/geographie-et-tourisme\/communication\/electronique\/"]}]},{"@type":"ImageObject","inLanguage":"fr-CA","@id":"https:\/\/www.haiti-reference.info\/pages\/plan\/geographie-et-tourisme\/communication\/electronique\/#primaryimage","url":"http:\/\/www.haiti-reference.org\/images\/legendes\/underConstructionSmall.gif","contentUrl":"http:\/\/www.haiti-reference.org\/images\/legendes\/underConstructionSmall.gif"},{"@type":"BreadcrumbList","@id":"https:\/\/www.haiti-reference.info\/pages\/plan\/geographie-et-tourisme\/communication\/electronique\/#breadcrumb","itemListElement":[{"@type":"ListItem","position":1,"name":"Accueil","item":"https:\/\/www.haiti-reference.info\/pages\/"},{"@type":"ListItem","position":2,"name":"Structure du site","item":"https:\/\/www.haiti-reference.info\/pages\/plan\/"},{"@type":"ListItem","position":3,"name":"7000.- G\u00e9ographie et tourisme","item":"https:\/\/www.haiti-reference.info\/pages\/plan\/geographie-et-tourisme\/"},{"@type":"ListItem","position":4,"name":"7400.- Communication","item":"https:\/\/www.haiti-reference.info\/pages\/plan\/geographie-et-tourisme\/communication\/"},{"@type":"ListItem","position":5,"name":"7430.- Communication \u00e9lectronique: Operateurs d&rsquo;internet"}]},{"@type":"WebSite","@id":"https:\/\/www.haiti-reference.info\/pages\/#website","url":"https:\/\/www.haiti-reference.info\/pages\/","name":"Haiti-R\u00e9f\u00e9rence","description":"Un guide de r\u00e9f\u00e9rence","publisher":{"@id":"https:\/\/www.haiti-reference.info\/pages\/#organization"},"potentialAction":[{"@type":"SearchAction","target":{"@type":"EntryPoint","urlTemplate":"https:\/\/www.haiti-reference.info\/pages\/?s={search_term_string}"},"query-input":{"@type":"PropertyValueSpecification","valueRequired":true,"valueName":"search_term_string"}}],"inLanguage":"fr-CA"},{"@type":"Organization","@id":"https:\/\/www.haiti-reference.info\/pages\/#organization","name":"Haiti-R\u00e9f\u00e9rence","url":"https:\/\/www.haiti-reference.info\/pages\/","logo":{"@type":"ImageObject","inLanguage":"fr-CA","@id":"https:\/\/www.haiti-reference.info\/pages\/#\/schema\/logo\/image\/","url":"https:\/\/www.haiti-reference.info\/pages\/wp-content\/uploads\/2016\/04\/cropped-cropped-logo_201604-8-1.png","contentUrl":"https:\/\/www.haiti-reference.info\/pages\/wp-content\/uploads\/2016\/04\/cropped-cropped-logo_201604-8-1.png","width":338,"height":87,"caption":"Haiti-R\u00e9f\u00e9rence"},"image":{"@id":"https:\/\/www.haiti-reference.info\/pages\/#\/schema\/logo\/image\/"},"sameAs":["https:\/\/bsky.app\/profile\/haiti-reference.bsky.social"]}]}},"_links":{"self":[{"href":"https:\/\/www.haiti-reference.info\/pages\/wp-json\/wp\/v2\/pages\/8125","targetHints":{"allow":["GET"]}}],"collection":[{"href":"https:\/\/www.haiti-reference.info\/pages\/wp-json\/wp\/v2\/pages"}],"about":[{"href":"https:\/\/www.haiti-reference.info\/pages\/wp-json\/wp\/v2\/types\/page"}],"author":[{"embeddable":true,"href":"https:\/\/www.haiti-reference.info\/pages\/wp-json\/wp\/v2\/users\/1"}],"replies":[{"embeddable":true,"href":"https:\/\/www.haiti-reference.info\/pages\/wp-json\/wp\/v2\/comments?post=8125"}],"version-history":[{"count":0,"href":"https:\/\/www.haiti-reference.info\/pages\/wp-json\/wp\/v2\/pages\/8125\/revisions"}],"up":[{"embeddable":true,"href":"https:\/\/www.haiti-reference.info\/pages\/wp-json\/wp\/v2\/pages\/6239"}],"wp:attachment":[{"href":"https:\/\/www.haiti-reference.info\/pages\/wp-json\/wp\/v2\/media?parent=8125"}],"wp:term":[{"taxonomy":"category","embeddable":true,"href":"https:\/\/www.haiti-reference.info\/pages\/wp-json\/wp\/v2\/categories?post=8125"}],"curies":[{"name":"wp","href":"https:\/\/api.w.org\/{rel}","templated":true}]}}