{"id":5241,"date":"2002-05-21T11:35:45","date_gmt":"2002-05-21T16:35:45","guid":{"rendered":"http:\/\/haiti-reference.com\/pages\/?page_id=5241"},"modified":"2024-12-08T21:04:59","modified_gmt":"2024-12-09T02:04:59","slug":"port-de-paix","status":"publish","type":"page","link":"https:\/\/www.haiti-reference.info\/pages\/plan\/geographie-et-tourisme\/divisions-territoriales\/chefs-lieux\/port-de-paix\/","title":{"rendered":"7330.004.- Profil de la ville de Port-de-Paix"},"content":{"rendered":"<div class=\"sur-cette-page\">\n<p><select class=\"select-box\" name=\"form\" onchange=\"location = this.value;\"><option value=\"\">Sur cette page:<\/option><option class=\"select-items\" value=\"#histoire\">\u2022 Histoire<\/option><option class=\"select-items\" value=\"#habitants\">\u2022 Nom des habitants<\/option><option class=\"select-items\" value=\"#fameux\">\u2022 Fameux Port-de-Paisiens<\/option><option class=\"select-items\" value=\"#location\">\u2022 Location<\/option><option class=\"select-items\" value=\"#gvt\">\u2022 Gouvernement<\/option><option class=\"select-items\" value=\"#attract\">\u2022 Attractions tourisques<\/option><option class=\"select-items\" value=\"#fetes\">\u2022 F\u00eates populaires<\/option><option class=\"select-items\" value=\"#desastres\">\u2022 Catastrophes naturelles<\/option><option class=\"select-items\" value=\"#incendies\">\u2022 Incendies<\/option><option class=\"select-items\" value=\"#distance_ht\">\u2022 Distance des villes d&rsquo;Haiti<\/option><option class=\"select-items\" value=\"#medias\">\u2022 M\u00e9dias<\/option><option class=\"select-items\" value=\"#patron\">\u2022 Patron de la ville<\/option><option class=\"select-items\" value=\"#livres\">\u2022 Publications sur Port-de-Paix<\/option><\/select><\/p>\n<\/div>\n<h4 id=\"histoire\" class=\"title_paragraf\">Status et histoire:<\/h4>\n<hr \/>\n<ul class=\"indent-bullet\">\n<li style=\"text-align: justify;\">Fond\u00e9e en 1644 par les Espagnols qui la nomm\u00e8rent Valparaiso (Vall\u00e9e\u00a0de\u00a0d\u00e9lices)\u00a0sur l&rsquo;ancienne r\u00e9sidence d&rsquo;un lieutenant du Cacique du Marien. Les flibustiers fran\u00e7ais qui s&rsquo;y r\u00e9fugi\u00e8rent lui donn\u00e8rent le nom qu&rsquo;il porte aujourd&rsquo;hui. Bertrand d&rsquo;Og\u00e9ron y planta le premier cacaoyer de l&rsquo;\u00eele. Le gouverneur de Cussy y \u00e9tablit la capitale de la colonie fran\u00e7aise.\n<p><figure style=\"width: 277px\" class=\"wp-caption alignright\"><img loading=\"lazy\" decoding=\"async\" src=\"\/geographie\/villes\/ptdepaix.jpg\" alt=\"Vue de la ville de Port-de-Paix\" width=\"277\" height=\"181\" \/><figcaption class=\"wp-caption-text\">Vue a\u00e9rienne de la ville de Port-de-Paix<\/figcaption><\/figure><\/li>\n<li style=\"text-align: justify;\">Durant la guerre civile opposant Toussaint \u00e0 Andr\u00e9 Rigaud, une partie des habitants de la ville d\u00e9cida de se rallier \u00e0 ce dernier. Les insurg\u00e9s sous la conduite d\u2019un mul\u00e2tre nomm\u00e9 Lucien Golard assi\u00e9g\u00e8rent la ville.<br \/>\nMaurepas, un alli\u00e9 de Toussaint mena\u00e7a de la r\u00e9duire\u00a0en cendres si les hommes de Golard \u00e9taient accueillis.\u00a0Se voyant dans une position d\u00e9licate les partisans de Rigaud demand\u00e8rent aux\u00a0insurg\u00e9s de lever le si\u00e8ge.<br \/>\n<span style=\"color: #666666;\">[Cauna, Jacques. <i>Toussaint Louverture et l&rsquo;ind\u00e9pendance d&rsquo;Ha\u00efti: t\u00e9moignages pour un bicentenaire<\/i>. Paris : Karthala ; Saint-Denis : SFHOM, \u00a92004.; p. 103]<\/span><\/li>\n<li style=\"text-align: justify;\">Aux derniers jours du mois de juillet 1807, Henri Christophe assi\u00e9gea pour y d\u00e9loger le commandant militaire, Lamarre, rest\u00e9 fid\u00e8le \u00e0 la cause r\u00e9publicaine et \u00e0 P\u00e9tion. Lamarre vaincut, s&rsquo;enfuit et la ville tomba sous les bottes de Christophe.<\/li>\n<li style=\"text-align: justify;\">Bastion de la r\u00e9sistance dans les premi\u00e8res heures de l&rsquo;occupation am\u00e9ricaine.<br \/>\n<span style=\"color: #666666;\">[Renda, Mary A. <i>Taking Haiti : military occupation and the culture of U.S. imperialism, 1915-1940. <\/i>Chapel Hill : The University of North Carolina Press, 2001; p. 142]<\/span><\/li>\n<li>Cinqui\u00e8me ville d&rsquo;Haiti<\/li>\n<li>Chef-lieu du D\u00e9partement du <a href=\"\/pages\/plan\/geographie-et-tourisme\/divisions-territoriales\/departements-geographiques\/#nord-ouest\" class=\"link\">Nord-Ouest<\/a><\/li>\n<li><a href=\"\/pages\/plan\/geographie-et-tourisme\/divisions-territoriales\/arrondissements-et-communes\/#pt-de-paix\" class=\"link\">Arrondissement<\/a> avec 4 communes<\/li>\n<li>Si\u00e8ge du <a href=\"\/pages\/plan\/religions\/eglise-catholique\/hierarchie\/provinces-ecclesiastiques\/provinces-cap\/#Paix\" class=\"link\">Dioc\u00e8se de Port-de Paix<\/a>:<br \/>\n.- <a href=\"\/pages\/notables\/getperson.php?action=$search&#038;id=318\" class=\"link\"><i>Mgr. Charles Peters Barth\u00e9lus<\/i>,<\/a>\u00a0\u00c9v\u00eaque titulaire<\/li>\n<\/ul>\n<h4 id=\"habitants\" class=\"title_paragraf\">Nom des habitants:<\/h4>\n<hr \/>\n<ul class=\"indent-bullet\">\n<li>Port-de-Paisiens<\/li>\n<li>Port-de-Paisiennes<\/li>\n<\/ul>\n<h4 id=\"fameux\" class=\"title_paragraf\">Fameux Port-de-Paisiens:<\/h4>\n<hr \/>\n<ul class=\"indent-bullet\">\n<li><a href=\"\/pages\/notables\/getperson.php?action=$search&#038;id=45\" class=\"link\">Fran\u00e7ois Capois<\/a> (connu sous le nom de Capois Lamort: -1806).<\/li>\n<li><a href=\"\/pages\/notables\/getperson.php?action=$search&#038;id=127\" class=\"link\">Jonassaint Emile <\/a>(Pr\u00e9sident provisoire d&rsquo;Haiti du 11 mai 1994 au 12 octobre 1994).<\/li>\n<\/ul>\n<h4 id=\"location\" class=\"title_paragraf\">Location:<\/h4>\n<hr \/>\n<ul class=\"indent-bullet\">\n<li>Situ\u00e9e sur la c\u00f4te Nord de l&rsquo;Oc\u00e9an Atlantique. <a href=\"\/pages\/plan\/geographie-et-tourisme\/divisions-territoriales\/departements-geographiques\/#nord-ouest\" class=\"link\">D\u00e9partement du Nord-Ouest<\/a><\/li>\n<li>19:94:00 Latitude Nord<\/li>\n<li>72:84:00 Longitude Ouest<\/li>\n<\/ul>\n<p><iframe loading=\"lazy\" style=\"border: 0;\" src=\"https:\/\/www.google.com\/maps\/embed?pb=!1m18!1m12!1m3!1d15002.59690049717!2d-72.83660896376938!3d19.939181257048826!2m3!1f0!2f0!3f0!3m2!1i1024!2i768!4f13.1!3m3!1m2!1s0x8eb66694203c0919%3A0xd5a3cf67a8391d86!2sPort-de-Paix%2C+Haiti!5e0!3m2!1sen!2sus!4v1525049641803\" width=\"100%\" height=\"250\" frameborder=\"0\" allowfullscreen=\"allowfullscreen\"><\/iframe><\/p>\n<h4 id=\"gvt\" class=\"title_paragraf\">Gouvernement:<\/h4>\n<hr \/>\n<ul class=\"indent-bullet\">\n<li>Conseil d\u00e9partemental:<\/li>\n<li>Mairie:<\/li>\n<\/ul>\n<h4 id=\"attract\" class=\"title_paragraf\">Attractions tourisques:<\/h4>\n<hr \/>\n<ul class=\"indent-bullet\">\n<li>Baie des Moustiques (Christophe Colomb y planta sa croix) [Voir: <a href=\"\/pages\/plan\/histoire-et-societe\/periode-espagnole\/\" class=\"link\">Histoire: P\u00e9riode Espagnole]<\/a><\/li>\n<li>Cascade de Chamsolme;<\/li>\n<li>Fort des Trois Pavillons;<\/li>\n<li>Haut Piton;<\/li>\n<li><a href=\"\/pages\/plan\/geographie-et-tourisme\/milieu-naturel\/iles-adjacentes\/#tortue\" class=\"link\">Ile de la Tortue<\/a>;<\/li>\n<li>M\u00f4le Saint Nicolas<\/li>\n<li>Trou Bon Dieu (grotte)<\/li>\n<li>La ville au Camp<\/li>\n<\/ul>\n<h4 id=\"desastres\" class=\"title_paragraf\">Catastrophes naturelles:<\/h4>\n<hr \/>\n<ul class=\"indent-bullet\">\n<li>Cyclone Hazel, 12 Octobre 1954;<\/li>\n<li>Cyclone David, 31 Ao\u00fbt, 1979;<\/li>\n<li>Les inondations du 10 Juin 1984;<\/li>\n<li>Cinq (5) personnes ont \u00e9t\u00e9 tu\u00e9es \u00e0 la suite d&rsquo;un glissement de terrain dans la nuit du jeudi 27 au vendredi 28 d\u00e9cembre 2001 suite \u00e0 des intemp\u00e9ries;<\/li>\n<li>Cyclone Jeanne, 18 et 19 septembre 2004.<\/li>\n<\/ul>\n<h4 id=\"distance_ht\" class=\"title_paragraf\">Distance des autres villes et communes:<\/span><\/h4>\n<hr \/>\n<ul class=\"indent-bullet\">\n<li>Cap-Haitien:<\/li>\n<li>Gonaives: 86 km<\/li>\n<li>Port-au-Prince: 257 km.<\/li>\n<\/ul>\n<h4 id=\"medias\" class=\"title_paragraf\">M\u00e9dias de la ville:<\/span><\/h4>\n<hr \/>\n<ul class=\"indent-bullet twocolumn\">\n<li>Radio Balade FM<\/li>\n<li>Radio Cascade FM \u00e0 Chamsolme<\/li>\n<li>Radio Etincelle<\/li>\n<li>Radio M\u00e9lodie FM<\/li>\n<li>Radio New Star<\/li>\n<li>Radio Plan\u00e8te FM<\/li>\n<li>Radio Sonic<\/li>\n<li>Radio T\u00e9l\u00e9vision du Nord-Ouest<\/li>\n<li>Radio Universelle<\/li>\n<li>Voix de Port-de-paix<\/li>\n<\/ul>\n<h4 id=\"patron\" class=\"title_paragraf\">Patronne de la ville:<\/span><\/h4>\n<hr \/>\n<ul class=\"indent-bullet\">\n<li>N.D. Immacul\u00e9e Conception f\u00eat\u00e9e le 8 D\u00e9cembre<br \/>\n(Voir: <a href=\"\/pages\/religions\/eglise-catholique\/paroisses\/result.php?search=10\" class=\"link\">Les Paroisses du Dioc\u00e8se de Port-de-Paix<\/a>)<\/li>\n<\/ul>\n<h4 id=\"autres_refer\" class=\"title_paragraf\">Autres r\u00e9f\u00e9rences:<\/span><\/h4>\n<hr \/>\n<ul class=\"indent-bullet\">\n<li><a href=\"\/pages\/plan\/religions\/eglise-catholique\/hierarchie\/provinces-ecclesiastiques\/provinces-cap\/#Fort\" class=\"link\">Dioc\u00e8se de Port-de-Paix<\/a><\/li>\n<li><a href=\"\/pages\/plan\/arts-et-culture\/presse-haitienne\/radios-provinces\/#port-de-paix\" class=\"link\">Radio stations<\/a><\/li>\n<li><a href=\"\/pages\/plan\/geographie-et-tourisme\/divisions-territoriales\/arrondissements-et-communes\/#nord-ouest\" class=\"link\">Communes de Port-de-Paix<\/a><\/li>\n<\/ul>\n<h4 id=\"livres\" class=\"title_paragraf\">Livres sur de Port-de-Paix:<\/span><\/h4>\n<hr \/>\n<ol>\n<li><i>West Indies, Hispaniola&#8211;north coast of Haiti, Canal de la Tortue<\/i>. 12th ed. [Riverdale, MD : NOAA Distribution Branch, N\/CG 33, National Ocean Service, distributor, 1995.<\/li>\n<li><i>Plan du Petit Gouave dans l&rsquo;etat ou il est ce 15 auril, 1725 ; Plan du Port de Paix ou l&rsquo;on uoit la situation de la fortresse .<\/i>.. [sn] : s.l., [?]. 2 ms. maps : hand col. ; 293 x 358 mm. and 293 x 361 mm., on sheet 561 x 803 mm.<\/li>\n<\/ol>\n<p><!--Bas de page--><\/p>\n","protected":false},"excerpt":{"rendered":"<p>Sur cette page:\u2022 Histoire\u2022 Nom des habitants\u2022 Fameux Port-de-Paisiens\u2022 Location\u2022 Gouvernement\u2022 Attractions tourisques\u2022 F\u00eates populaires\u2022 Catastrophes naturelles\u2022 Incendies\u2022 Distance des villes d&rsquo;Haiti\u2022 M\u00e9dias\u2022 Patron de la ville\u2022 Publications sur Port-de-Paix [&hellip;]<\/p>\n","protected":false},"author":1,"featured_media":0,"parent":31412,"menu_order":4,"comment_status":"closed","ping_status":"closed","template":"page-next.php","meta":{"footnotes":""},"categories":[],"class_list":["post-5241","page","type-page","status-publish","hentry"],"yoast_head":"<!-- This site is optimized with the Yoast SEO plugin v27.4 - https:\/\/yoast.com\/product\/yoast-seo-wordpress\/ -->\n<title>7330.004.- Profil de la ville de Port-de-Paix &#187;<\/title>\n<meta name=\"robots\" content=\"index, follow, max-snippet:-1, max-image-preview:large, max-video-preview:-1\" \/>\n<link rel=\"canonical\" href=\"https:\/\/www.haiti-reference.info\/pages\/plan\/geographie-et-tourisme\/divisions-territoriales\/chefs-lieux\/port-de-paix\/\" \/>\n<meta property=\"og:locale\" content=\"fr_CA\" \/>\n<meta property=\"og:type\" content=\"article\" \/>\n<meta property=\"og:title\" content=\"7330.004.- Profil de la ville de Port-de-Paix &#187;\" \/>\n<meta property=\"og:description\" content=\"Sur cette page:\u2022 Histoire\u2022 Nom des habitants\u2022 Fameux Port-de-Paisiens\u2022 Location\u2022 Gouvernement\u2022 Attractions tourisques\u2022 F\u00eates populaires\u2022 Catastrophes naturelles\u2022 Incendies\u2022 Distance des villes d&rsquo;Haiti\u2022 M\u00e9dias\u2022 Patron de la ville\u2022 Publications sur Port-de-Paix [&hellip;]\" \/>\n<meta property=\"og:url\" content=\"https:\/\/www.haiti-reference.info\/pages\/plan\/geographie-et-tourisme\/divisions-territoriales\/chefs-lieux\/port-de-paix\/\" \/>\n<meta property=\"article:modified_time\" content=\"2024-12-09T02:04:59+00:00\" \/>\n<meta name=\"twitter:card\" content=\"summary_large_image\" \/>\n<meta name=\"twitter:label1\" content=\"Estimation du temps de lecture\" \/>\n\t<meta name=\"twitter:data1\" content=\"3 minutes\" \/>\n<script type=\"application\/ld+json\" class=\"yoast-schema-graph\">{\"@context\":\"https:\\\/\\\/schema.org\",\"@graph\":[{\"@type\":\"WebPage\",\"@id\":\"https:\\\/\\\/www.haiti-reference.info\\\/pages\\\/plan\\\/geographie-et-tourisme\\\/divisions-territoriales\\\/chefs-lieux\\\/port-de-paix\\\/\",\"url\":\"https:\\\/\\\/www.haiti-reference.info\\\/pages\\\/plan\\\/geographie-et-tourisme\\\/divisions-territoriales\\\/chefs-lieux\\\/port-de-paix\\\/\",\"name\":\"7330.004.- Profil de la ville de Port-de-Paix &#187;\",\"isPartOf\":{\"@id\":\"https:\\\/\\\/www.haiti-reference.info\\\/pages\\\/#website\"},\"datePublished\":\"2002-05-21T16:35:45+00:00\",\"dateModified\":\"2024-12-09T02:04:59+00:00\",\"breadcrumb\":{\"@id\":\"https:\\\/\\\/www.haiti-reference.info\\\/pages\\\/plan\\\/geographie-et-tourisme\\\/divisions-territoriales\\\/chefs-lieux\\\/port-de-paix\\\/#breadcrumb\"},\"inLanguage\":\"fr-CA\",\"potentialAction\":[{\"@type\":\"ReadAction\",\"target\":[\"https:\\\/\\\/www.haiti-reference.info\\\/pages\\\/plan\\\/geographie-et-tourisme\\\/divisions-territoriales\\\/chefs-lieux\\\/port-de-paix\\\/\"]}]},{\"@type\":\"BreadcrumbList\",\"@id\":\"https:\\\/\\\/www.haiti-reference.info\\\/pages\\\/plan\\\/geographie-et-tourisme\\\/divisions-territoriales\\\/chefs-lieux\\\/port-de-paix\\\/#breadcrumb\",\"itemListElement\":[{\"@type\":\"ListItem\",\"position\":1,\"name\":\"Accueil\",\"item\":\"https:\\\/\\\/www.haiti-reference.info\\\/pages\\\/\"},{\"@type\":\"ListItem\",\"position\":2,\"name\":\"Structure du site\",\"item\":\"https:\\\/\\\/www.haiti-reference.info\\\/pages\\\/plan\\\/\"},{\"@type\":\"ListItem\",\"position\":3,\"name\":\"7000.- G\u00e9ographie et tourisme\",\"item\":\"https:\\\/\\\/www.haiti-reference.info\\\/pages\\\/plan\\\/geographie-et-tourisme\\\/\"},{\"@type\":\"ListItem\",\"position\":4,\"name\":\"7300.- Haiti: Divisions territoriales\",\"item\":\"https:\\\/\\\/www.haiti-reference.info\\\/pages\\\/plan\\\/geographie-et-tourisme\\\/divisions-territoriales\\\/\"},{\"@type\":\"ListItem\",\"position\":5,\"name\":\"7330.- Chefs lieux des D\u00e9partements\",\"item\":\"https:\\\/\\\/www.haiti-reference.info\\\/pages\\\/plan\\\/geographie-et-tourisme\\\/divisions-territoriales\\\/chefs-lieux\\\/\"},{\"@type\":\"ListItem\",\"position\":6,\"name\":\"7330.004.- Profil de la ville de Port-de-Paix\"}]},{\"@type\":\"WebSite\",\"@id\":\"https:\\\/\\\/www.haiti-reference.info\\\/pages\\\/#website\",\"url\":\"https:\\\/\\\/www.haiti-reference.info\\\/pages\\\/\",\"name\":\"Haiti-R\u00e9f\u00e9rence\",\"description\":\"Un guide de r\u00e9f\u00e9rence\",\"publisher\":{\"@id\":\"https:\\\/\\\/www.haiti-reference.info\\\/pages\\\/#organization\"},\"potentialAction\":[{\"@type\":\"SearchAction\",\"target\":{\"@type\":\"EntryPoint\",\"urlTemplate\":\"https:\\\/\\\/www.haiti-reference.info\\\/pages\\\/?s={search_term_string}\"},\"query-input\":{\"@type\":\"PropertyValueSpecification\",\"valueRequired\":true,\"valueName\":\"search_term_string\"}}],\"inLanguage\":\"fr-CA\"},{\"@type\":\"Organization\",\"@id\":\"https:\\\/\\\/www.haiti-reference.info\\\/pages\\\/#organization\",\"name\":\"Haiti-R\u00e9f\u00e9rence\",\"url\":\"https:\\\/\\\/www.haiti-reference.info\\\/pages\\\/\",\"logo\":{\"@type\":\"ImageObject\",\"inLanguage\":\"fr-CA\",\"@id\":\"https:\\\/\\\/www.haiti-reference.info\\\/pages\\\/#\\\/schema\\\/logo\\\/image\\\/\",\"url\":\"https:\\\/\\\/www.haiti-reference.info\\\/pages\\\/wp-content\\\/uploads\\\/2016\\\/04\\\/cropped-cropped-logo_201604-8-1.png\",\"contentUrl\":\"https:\\\/\\\/www.haiti-reference.info\\\/pages\\\/wp-content\\\/uploads\\\/2016\\\/04\\\/cropped-cropped-logo_201604-8-1.png\",\"width\":338,\"height\":87,\"caption\":\"Haiti-R\u00e9f\u00e9rence\"},\"image\":{\"@id\":\"https:\\\/\\\/www.haiti-reference.info\\\/pages\\\/#\\\/schema\\\/logo\\\/image\\\/\"},\"sameAs\":[\"https:\\\/\\\/bsky.app\\\/profile\\\/haiti-reference.bsky.social\"]}]}<\/script>\n<!-- \/ Yoast SEO plugin. -->","yoast_head_json":{"title":"7330.004.- Profil de la ville de Port-de-Paix &#187;","robots":{"index":"index","follow":"follow","max-snippet":"max-snippet:-1","max-image-preview":"max-image-preview:large","max-video-preview":"max-video-preview:-1"},"canonical":"https:\/\/www.haiti-reference.info\/pages\/plan\/geographie-et-tourisme\/divisions-territoriales\/chefs-lieux\/port-de-paix\/","og_locale":"fr_CA","og_type":"article","og_title":"7330.004.- Profil de la ville de Port-de-Paix &#187;","og_description":"Sur cette page:\u2022 Histoire\u2022 Nom des habitants\u2022 Fameux Port-de-Paisiens\u2022 Location\u2022 Gouvernement\u2022 Attractions tourisques\u2022 F\u00eates populaires\u2022 Catastrophes naturelles\u2022 Incendies\u2022 Distance des villes d&rsquo;Haiti\u2022 M\u00e9dias\u2022 Patron de la ville\u2022 Publications sur Port-de-Paix [&hellip;]","og_url":"https:\/\/www.haiti-reference.info\/pages\/plan\/geographie-et-tourisme\/divisions-territoriales\/chefs-lieux\/port-de-paix\/","article_modified_time":"2024-12-09T02:04:59+00:00","twitter_card":"summary_large_image","twitter_misc":{"Estimation du temps de lecture":"3 minutes"},"schema":{"@context":"https:\/\/schema.org","@graph":[{"@type":"WebPage","@id":"https:\/\/www.haiti-reference.info\/pages\/plan\/geographie-et-tourisme\/divisions-territoriales\/chefs-lieux\/port-de-paix\/","url":"https:\/\/www.haiti-reference.info\/pages\/plan\/geographie-et-tourisme\/divisions-territoriales\/chefs-lieux\/port-de-paix\/","name":"7330.004.- Profil de la ville de Port-de-Paix &#187;","isPartOf":{"@id":"https:\/\/www.haiti-reference.info\/pages\/#website"},"datePublished":"2002-05-21T16:35:45+00:00","dateModified":"2024-12-09T02:04:59+00:00","breadcrumb":{"@id":"https:\/\/www.haiti-reference.info\/pages\/plan\/geographie-et-tourisme\/divisions-territoriales\/chefs-lieux\/port-de-paix\/#breadcrumb"},"inLanguage":"fr-CA","potentialAction":[{"@type":"ReadAction","target":["https:\/\/www.haiti-reference.info\/pages\/plan\/geographie-et-tourisme\/divisions-territoriales\/chefs-lieux\/port-de-paix\/"]}]},{"@type":"BreadcrumbList","@id":"https:\/\/www.haiti-reference.info\/pages\/plan\/geographie-et-tourisme\/divisions-territoriales\/chefs-lieux\/port-de-paix\/#breadcrumb","itemListElement":[{"@type":"ListItem","position":1,"name":"Accueil","item":"https:\/\/www.haiti-reference.info\/pages\/"},{"@type":"ListItem","position":2,"name":"Structure du site","item":"https:\/\/www.haiti-reference.info\/pages\/plan\/"},{"@type":"ListItem","position":3,"name":"7000.- G\u00e9ographie et tourisme","item":"https:\/\/www.haiti-reference.info\/pages\/plan\/geographie-et-tourisme\/"},{"@type":"ListItem","position":4,"name":"7300.- Haiti: Divisions territoriales","item":"https:\/\/www.haiti-reference.info\/pages\/plan\/geographie-et-tourisme\/divisions-territoriales\/"},{"@type":"ListItem","position":5,"name":"7330.- Chefs lieux des D\u00e9partements","item":"https:\/\/www.haiti-reference.info\/pages\/plan\/geographie-et-tourisme\/divisions-territoriales\/chefs-lieux\/"},{"@type":"ListItem","position":6,"name":"7330.004.- Profil de la ville de Port-de-Paix"}]},{"@type":"WebSite","@id":"https:\/\/www.haiti-reference.info\/pages\/#website","url":"https:\/\/www.haiti-reference.info\/pages\/","name":"Haiti-R\u00e9f\u00e9rence","description":"Un guide de r\u00e9f\u00e9rence","publisher":{"@id":"https:\/\/www.haiti-reference.info\/pages\/#organization"},"potentialAction":[{"@type":"SearchAction","target":{"@type":"EntryPoint","urlTemplate":"https:\/\/www.haiti-reference.info\/pages\/?s={search_term_string}"},"query-input":{"@type":"PropertyValueSpecification","valueRequired":true,"valueName":"search_term_string"}}],"inLanguage":"fr-CA"},{"@type":"Organization","@id":"https:\/\/www.haiti-reference.info\/pages\/#organization","name":"Haiti-R\u00e9f\u00e9rence","url":"https:\/\/www.haiti-reference.info\/pages\/","logo":{"@type":"ImageObject","inLanguage":"fr-CA","@id":"https:\/\/www.haiti-reference.info\/pages\/#\/schema\/logo\/image\/","url":"https:\/\/www.haiti-reference.info\/pages\/wp-content\/uploads\/2016\/04\/cropped-cropped-logo_201604-8-1.png","contentUrl":"https:\/\/www.haiti-reference.info\/pages\/wp-content\/uploads\/2016\/04\/cropped-cropped-logo_201604-8-1.png","width":338,"height":87,"caption":"Haiti-R\u00e9f\u00e9rence"},"image":{"@id":"https:\/\/www.haiti-reference.info\/pages\/#\/schema\/logo\/image\/"},"sameAs":["https:\/\/bsky.app\/profile\/haiti-reference.bsky.social"]}]}},"_links":{"self":[{"href":"https:\/\/www.haiti-reference.info\/pages\/wp-json\/wp\/v2\/pages\/5241","targetHints":{"allow":["GET"]}}],"collection":[{"href":"https:\/\/www.haiti-reference.info\/pages\/wp-json\/wp\/v2\/pages"}],"about":[{"href":"https:\/\/www.haiti-reference.info\/pages\/wp-json\/wp\/v2\/types\/page"}],"author":[{"embeddable":true,"href":"https:\/\/www.haiti-reference.info\/pages\/wp-json\/wp\/v2\/users\/1"}],"replies":[{"embeddable":true,"href":"https:\/\/www.haiti-reference.info\/pages\/wp-json\/wp\/v2\/comments?post=5241"}],"version-history":[{"count":0,"href":"https:\/\/www.haiti-reference.info\/pages\/wp-json\/wp\/v2\/pages\/5241\/revisions"}],"up":[{"embeddable":true,"href":"https:\/\/www.haiti-reference.info\/pages\/wp-json\/wp\/v2\/pages\/31412"}],"wp:attachment":[{"href":"https:\/\/www.haiti-reference.info\/pages\/wp-json\/wp\/v2\/media?parent=5241"}],"wp:term":[{"taxonomy":"category","embeddable":true,"href":"https:\/\/www.haiti-reference.info\/pages\/wp-json\/wp\/v2\/categories?post=5241"}],"curies":[{"name":"wp","href":"https:\/\/api.w.org\/{rel}","templated":true}]}}