{"id":51278,"date":"2024-11-12T20:00:01","date_gmt":"2024-11-13T01:00:01","guid":{"rendered":"https:\/\/www.haiti-reference.info\/pages\/?page_id=51278"},"modified":"2024-11-13T20:17:52","modified_gmt":"2024-11-14T01:17:52","slug":"garry-conille2024","status":"publish","type":"page","link":"https:\/\/www.haiti-reference.info\/pages\/plan\/politique\/pouvoir-executif\/cabinets-de-1994\/garry-conille2024\/","title":{"rendered":"2170.190.- Cabinet minist\u00e9riel de Garry Conille, Premier Ministre de Transition (CPT)"},"content":{"rendered":"<p class=\"recommended\">\u270d Note<\/p>\n<div class=\"indent-both\">\n<p>Le cabinet form\u00e9 par le premier ministre de transition, Dr. Garry Conille, avec l\u2019accord du Conseil Pr\u00e9sidentiel de Transition (CPT), fut compos\u00e9 de 14 ministres (4 femmes et 10 hommes), qui assum\u00e8rent la gestion de 18 minist\u00e8res. Quatre ministres furent titulaires chacun de 2 minist\u00e8res. C\u2019est le cas de :<\/p>\n<ol>\n<li>Mme Dominique Dupuy, titulaire du minist\u00e8re des Affaires \u00c9trang\u00e8res, mais aussi premier responsable de celui des Ha\u00eftiens vivant \u00e0 l\u2019\u00c9tranger;<\/li>\n<li>Mme Kathleen Florestal, ministre de l\u2019\u00c9conomie et des Finances, mais aussi titulaire du minist\u00e8re de la Planification et de la Coop\u00e9ration Externe;<\/li>\n<li>M. James Manazard, Commerce et Industrie, \u00e9galement en charge du minist\u00e8re du Tourisme;<\/li>\n<li>M. Antoine Augustin, ministre de l\u2019\u00c9ducation nationale et de la Formation Professionnelle, g\u00e9rant \u00e9galement le minist\u00e8re de la Culture et de la Communication.<\/li>\n<\/ol>\n<p>Quant au premier ministre Garry Connille, il se r\u00e9serva, comme ce fut le cas dans le Cabinet pr\u00e9c\u00e9dent, le portefeuille de l\u2019Int\u00e9rieur et des Collectivit\u00e9s Territoriales, un minist\u00e8re appel\u00e9 \u00e0 jouer un grand r\u00f4le dans les \u00e9lections devant se tenir avant 2026.<\/p>\n<p>L\u2019arr\u00eat\u00e9 annon\u00e7ant au peuple ha\u00eftien et au monde les noms de ceux et celles composant ce cabinet a \u00e9t\u00e9 publi\u00e9 dans le journal officiel le 11 juin 2024 (Le Moniteur, Port-au-Prince, Haiti. 179e Ann\u00e9e, Sp\u00e9cial No. 26, Mardi 11 juin 2024).<\/p>\n<p>En parcourant la liste, on se rendit tout de suite compte qu\u2019aucun des ministres du gouvernement pr\u00e9c\u00e9dent n\u2019a \u00e9t\u00e9 reconduit, quoique quelques jours apr\u00e8s la publication de l&rsquo;arr\u00eat\u00e9 du 11 juin, l&rsquo;ancien titulaire de l&rsquo;\u00c9ducation Nationale et de la Formation Professionnelle (MENFP), Nesmy Manigat, e\u00fbt \u00e9t\u00e9 nomm\u00e9 directeur du cabinet du Premier ministre (<em>Le Moniteur.<\/em> Port-au-Prince, Haiti. Vendredi 14 juin 2024). Les nouveaux titulaires viennent d\u2019horizons politiques divers. Si le premier ministre eut \u00e0 choisir trois ministres (Affaires \u00c9trang\u00e8res, \u00c9conomie et Finances, Justice et S\u00e9curit\u00e9 publique), les autres ont eu pour commanditaires, certains partis politique influents, des groupes de pression comme celui qui assuma la paternit\u00e9 de l\u2019Accord de Montana, le secteur priv\u00e9 etc.<\/p>\n<p>Deux grandes priorit\u00e9s attendaient alors ce nouveau gouvernement, selon les attentes de la grande majorit\u00e9 du peuple ha\u00eftien r\u00e9sidant aussi bien en Haiti que dans la diaspora:<\/p>\n<ol>\n<li>Maitriser les bandits arm\u00e9s et ainsi, r\u00e9duire consid\u00e9rablement le taux de criminalit\u00e9 pour redonner \u00e0 la population, surtout celle vivant dans la r\u00e9gion m\u00e9tropolitaine de Port-au-Prince, un grand sens de s\u00e9r\u00e9nit\u00e9;<\/li>\n<li>Organiser des \u00e9lections honn\u00eates qui feraient revenir Haiti sur la voie de la constitutionnalit\u00e9 avec le fonctionnement des trois pouvoirs.<\/li>\n<\/ol>\n<\/div>\n<p style=\"text-align: center;\"><a href=\"\/pages\/notables\/getperson.php?action=$search&amp;id=214#nom\"><img decoding=\"async\" class=\"alignnone\" style=\"border-radius: 25px;\" src=\"\/pages\/wp-content\/uploads\/2024\/11\/conille-entete-cabinet.jpg\" alt=\"\" width=\"600\" \/><\/a><\/p>\n<h4 style=\"text-align: center; color: #ff0000;\">Conseil Pr\u00e9sidentiel de Transition<\/h4>\n<p><img decoding=\"async\" class=\"aligncenter\" src=\"\/histoire\/constitutions\/nation.gif\" alt=\"\" \/><\/p>\n<h4 style=\"text-align: center; color: #ff0000;\">Premier Ministre<\/h4>\n<h4 style=\"text-align: center; color: #ff0000;\"><a title=\"Profil sur le R\u00e9pertoire des Notables Ha\u00eftiens\" href=\"\/pages\/notables\/getperson.php?action=$search&amp;id=214#nom\">Garry Conille<\/a><\/h4>\n<p><img decoding=\"async\" class=\"aligncenter\" src=\"\/.\/images\/line-bar\/line_flare.gif\" alt=\"\" \/><\/p>\n<h5 style=\"text-align: center;\"><i>du 12 juin au 12 novembre 2024<\/i><\/h5>\n<div class=\"indent-both\">\n<p>Le premier ministre et son gouvernement ont \u00e9t\u00e9 officiellement install\u00e9s le mercredi 12 juin 2024. Deux jours plus tard, deux autres personnalit\u00e9s ha\u00eftiennes int\u00e9gr\u00e8rent le cabinet: Madame Marie Chantal Dumay, ministre d\u00e9l\u00e9gu\u00e9e aupr\u00e8s du Premier ministre charg\u00e9e de l\u2019assainissement des Institutions de l\u2019\u00c9tat et de la lutte contre la corruption et l\u2019impunit\u00e9, et Monsieur Herwil Gaspard, ministre d\u00e9l\u00e9gu\u00e9 aupr\u00e8s du Premier ministre charg\u00e9 de la solidarit\u00e9 et des affaires humanitaires. Ils prirent officiellement\u00a0 leurs fonctions apr\u00e8s la c\u00e9r\u00e9monie de leur installation, le 20 juin.<\/p>\n<p>Renvoy\u00e9 par le CPT le 11 novembre (Voir: <em>Le Moniteur<\/em>, Port-au-Prince, Haiti. Ann\u00e9e 179, sp\u00e9cial No. 57, Lundi 11 novembre 2024), Garry Connille fut remplac\u00e9 par l&rsquo;homme d&rsquo;affaires Alix Didier Fils-Aim\u00e9. Parler alors de bilan de son gouvernement aurait \u00e9t\u00e9 une d\u00e9marche futile.\u00a0 On n&rsquo;avait\u00a0 observ\u00e9 aucune volont\u00e9 de sa part et de celle du CPT de respecter les engagements pris pour remettre le pays sur la bonne voie. Des \u00e9coles demeurent encore inaccessibles aux enfants de certains quartiers de Port-au-Prince et de certaines villes dans le D\u00e9partement de l&rsquo;Artibonite. Des familles enti\u00e8res, cibl\u00e9es par des groupes criminels ont \u00e9t\u00e9 oblig\u00e9es de laisser leur demeures dans un mouvement d&rsquo;exode int\u00e9rieur. Les gangs continuent de montrer leur puissance de frappe en gagnant plus de terrain, ce malgr\u00e9 la pr\u00e9sence de policiers Kenyans accueillis par Conille lui-m\u00eame.<\/p>\n<p>Ce n&rsquo;est pourtant pas cette absence de r\u00e9sultats palpables qui explique son limogeage par le Conseil pr\u00e9sidentiel de transition (CPT), mais une certaine tension avec ce dernier d\u00e9coulant au dernier moment de sa d\u00e9cision de prot\u00e9ger sa ministre des Affaires \u00c9trang\u00e8res dont la t\u00eate \u00e9tait r\u00e9clam\u00e9e par le CPT.<\/p>\n<p>Son rempla\u00e7ant a \u00e9t\u00e9 install\u00e9 le 11 novembre 2024, et Haiti est loin de sortir de l&rsquo;abime.<\/p>\n<p>Ci-apr\u00e8s la liste de son cabinet pendant ses cinq mois \u00e0 la t\u00eate de la Primature.<\/p>\n<\/div>\n<p class=\"header\"><img decoding=\"async\" src=\"\/.\/images\/legendes\/exclamation.png\" alt=\"\" \/>Ministres Titulaires<\/p>\n<hr \/>\n<table id=\"table_separate\">\n<tbody>\n<tr>\n<td width=\"5%\"><strong>01<\/strong><\/td>\n<td width=\"45%\"><span style=\"color: #ff0000;\"><strong>AFFAIRES \u00c9TRANG\u00c8RES ET CULTES:<\/strong><\/span><\/td>\n<td width=\"50%\"><b>Mme. Dominique Dupuy<\/b><\/td>\n<\/tr>\n<tr>\n<td><b>02<\/b><\/td>\n<td><span style=\"color: #ff0000;\"><strong>AFFAIRES SOCIALES:<\/strong><\/span><\/td>\n<td><b>M. Wilbert Franck<\/b><\/td>\n<\/tr>\n<tr>\n<td><b>03<\/b><\/td>\n<td><span style=\"color: #ff0000;\"><strong>AGRICULTURE ET RESSOURCES NATURELLES:<\/strong><\/span><\/td>\n<td><strong>Agr. Vernet Joseph<\/strong><\/td>\n<\/tr>\n<tr>\n<td><b>04<\/b><\/td>\n<td><span style=\"color: #ff0000;\"><strong>COMMERCE ET INDUSTRIE:<\/strong><\/span><\/td>\n<td><strong>M. James Monazard<\/strong><\/td>\n<\/tr>\n<tr>\n<td><strong>05<\/strong><\/td>\n<td><span style=\"color: #ff0000;\"><strong>COMMUNICATION ET CULTURE:<\/strong><\/span><\/td>\n<td><strong><b>M. Antoine Augustin<\/b><\/strong>\u00a0 (2\u00e8 portefeuille)<\/td>\n<\/tr>\n<tr>\n<td><strong>06<\/strong><\/td>\n<td><span style=\"color: #ff0000;\"><strong>CONDITION F\u00c9MININE:<\/strong><\/span><\/td>\n<td><strong><b>Mme Marie Fran\u00e7oise Suzan<\/b><\/strong><\/td>\n<\/tr>\n<tr>\n<td><strong>07<\/strong><\/td>\n<td><span style=\"color: #ff0000;\"><strong>D\u00c9FENSE:<\/strong><\/span><\/td>\n<td><b>M. Jean Marc Berthier Antoine<\/b><\/td>\n<\/tr>\n<tr>\n<td><strong>08<\/strong><\/td>\n<td><span style=\"color: #ff0000;\"><strong>\u00c9CONOMIE ET FINANCES:<\/strong><\/span><\/td>\n<td><b>Mme. Kathleen Florestal<\/b><\/td>\n<\/tr>\n<tr>\n<td><strong>09<\/strong><\/td>\n<td><span style=\"color: #ff0000;\"><strong>\u00c9DUCATION NATIONALE:<\/strong><\/span><\/td>\n<td><strong><b>M. Antoine Augustin<\/b> <\/strong><strong><br \/>\n<\/strong><\/td>\n<\/tr>\n<tr>\n<td><strong>10<\/strong><\/td>\n<td><span style=\"color: #ff0000;\"><strong>ENVIRONNEMENT:<\/strong><\/span><\/td>\n<td><b>M. Mo\u00efse Jean-Pierre<\/b><\/td>\n<\/tr>\n<tr>\n<td><strong>11<\/strong><\/td>\n<td><span style=\"color: #ff0000;\"><strong>HA\u00cfTIENS VIVANT \u00c0 L&rsquo;\u00c9TRANGER:<\/strong><\/span><\/td>\n<td><b>Mme. Dominique Dupuy<\/b> (2\u00e8 portefeuille)<\/td>\n<\/tr>\n<tr>\n<td><strong>12<\/strong><\/td>\n<td><span style=\"color: #ff0000;\"><strong>INT\u00c9RIEUR ET COLLECTIVIT\u00c9S TERRITORIALES:<\/strong><\/span><\/td>\n<td><b>Dr. Garry Conille<\/b><\/td>\n<\/tr>\n<tr>\n<td><strong>13<\/strong><\/td>\n<td><span style=\"color: #ff0000;\"><strong>JEUNESSE, SPORTS ET ACTION CIVIQUE:<\/strong><\/span><\/td>\n<td><strong><b>Mme. Niola Lynn Sarah Devalis-Octavius<\/b> <\/strong><\/td>\n<\/tr>\n<tr>\n<td><strong>14<\/strong><\/td>\n<td><span style=\"color: #ff0000;\"><strong>JUSTICE:<\/strong><\/span><\/td>\n<td><strong><b>Maitre Carlos Hercule<\/b> <\/strong><\/td>\n<\/tr>\n<tr>\n<td><strong>15<\/strong><\/td>\n<td><span style=\"color: #ff0000;\"><strong>PLANIFICATION ET COOP\u00c9RATION EXTERNE:<\/strong><\/span><\/td>\n<td><b>Mme. Kathleen Florestal\u00a0<\/b> (2\u00e8 portefeuille)<\/td>\n<\/tr>\n<tr>\n<td><strong>16<\/strong><\/td>\n<td><span style=\"color: #ff0000;\"><strong>SANT\u00c9 PUBLIQUE ET POPULATION:<\/strong><\/span><\/td>\n<td><strong>Dr. Georges Fils Brignol <\/strong><\/td>\n<\/tr>\n<\/tbody>\n<tbody>\n<tr>\n<td><strong>17<\/strong><\/td>\n<td><span style=\"color: #ff0000;\"><strong>TOURISME:<\/strong><\/span><\/td>\n<td><b>M. James Monazard<\/b> (2\u00e8 portefeuille)<\/td>\n<\/tr>\n<tr>\n<td><strong>18<\/strong><\/td>\n<td><span style=\"color: #ff0000;\"><strong>TRAVAUX PUBLICS, TRANSPORTS ET COMMUNICATIONS:<\/strong><\/span><\/td>\n<td><strong>M. Rapha\u00ebl Hosty <\/strong><\/td>\n<\/tr>\n<\/tbody>\n<\/table>\n<p>&nbsp;<\/p>\n<p class=\"header\"><img decoding=\"async\" src=\"\/.\/images\/legendes\/exclamation.png\" alt=\"\" \/>Ministres D\u00e9l\u00e9gu\u00e9s aupr\u00e8s du Premier Ministre<\/p>\n<hr \/>\n<table id=\"table_separate\">\n<tbody>\n<tr>\n<td width=\"50%\"><span style=\"color: #ff0000;\"><strong>ASSAINISSEMENT DES INSTITUTIONS DE L&rsquo;\u00c9TAT ET DE LA LUTTE CONTRE LA CORRUPTION ET L&rsquo;IMPUNIT\u00c9:<\/strong><\/span><\/td>\n<td width=\"50%\"><strong>Mme. Marie Chantal Dumay<\/strong><br \/>\n\u2261<br \/>\n.- <strong>Nomination:<\/strong> 14 juin 2024<br \/>\n.- <strong>Installation:<\/strong> 20 juin 2024<br \/>\n.- <strong>Fonction:<\/strong> Promouvoir la transparence, de renforcer la bonne gouvernance et de lutter contre la corruption et l\u2019impunit\u00e9.<\/td>\n<\/tr>\n<tr>\n<td width=\"50%\"><span style=\"color: #ff0000;\"><strong>SOLIDARIT\u00c9 ET DES AFFAIRES HUMANITAIRES:<\/strong><\/span><\/td>\n<td width=\"50%\"><strong>M. Herwil Gaspard<\/strong><br \/>\n\u2261<br \/>\n.- <strong>Nomination:<\/strong> 14 juin 2024<br \/>\n.- <strong>Installation: <\/strong>20 juin 2024<br \/>\n.- <strong>Fonction:<\/strong> G\u00e9rer les crises humanitaires et collaborer avec des agences humanitaires internationales, travailler au renforcement de la solidarit\u00e9 nationale, r\u00e9duire la pauvret\u00e9 et \u00e0 am\u00e9liorer les conditions de vie des Ha\u00eftiens et finalement, promouvoir la justice sociale.<\/td>\n<\/tr>\n<\/tbody>\n<\/table>\n","protected":false},"excerpt":{"rendered":"<p>\u270d Note Le cabinet form\u00e9 par le premier ministre de transition, Dr. Garry Conille, avec l\u2019accord du Conseil Pr\u00e9sidentiel de Transition (CPT), fut compos\u00e9 de 14 ministres (4 femmes et [&hellip;]<\/p>\n","protected":false},"author":1,"featured_media":0,"parent":30866,"menu_order":19,"comment_status":"closed","ping_status":"closed","template":"","meta":{"footnotes":""},"categories":[],"class_list":["post-51278","page","type-page","status-publish","hentry"],"yoast_head":"<!-- This site is optimized with the Yoast SEO plugin v27.4 - https:\/\/yoast.com\/product\/yoast-seo-wordpress\/ -->\n<title>2170.190.- Cabinet minist\u00e9riel de Garry Conille, Premier Ministre de Transition (CPT) &#187;<\/title>\n<meta name=\"robots\" content=\"index, follow, max-snippet:-1, max-image-preview:large, max-video-preview:-1\" \/>\n<link rel=\"canonical\" href=\"https:\/\/www.haiti-reference.info\/pages\/plan\/politique\/pouvoir-executif\/cabinets-de-1994\/garry-conille2024\/\" \/>\n<meta property=\"og:locale\" content=\"fr_CA\" \/>\n<meta property=\"og:type\" content=\"article\" \/>\n<meta property=\"og:title\" content=\"2170.190.- Cabinet minist\u00e9riel de Garry Conille, Premier Ministre de Transition (CPT) &#187;\" \/>\n<meta property=\"og:description\" content=\"\u270d Note Le cabinet form\u00e9 par le premier ministre de transition, Dr. Garry Conille, avec l\u2019accord du Conseil Pr\u00e9sidentiel de Transition (CPT), fut compos\u00e9 de 14 ministres (4 femmes et [&hellip;]\" \/>\n<meta property=\"og:url\" content=\"https:\/\/www.haiti-reference.info\/pages\/plan\/politique\/pouvoir-executif\/cabinets-de-1994\/garry-conille2024\/\" \/>\n<meta property=\"article:modified_time\" content=\"2024-11-14T01:17:52+00:00\" \/>\n<meta name=\"twitter:card\" content=\"summary_large_image\" \/>\n<meta name=\"twitter:label1\" content=\"Estimation du temps de lecture\" \/>\n\t<meta name=\"twitter:data1\" content=\"5 minutes\" \/>\n<script type=\"application\/ld+json\" class=\"yoast-schema-graph\">{\"@context\":\"https:\\\/\\\/schema.org\",\"@graph\":[{\"@type\":\"WebPage\",\"@id\":\"https:\\\/\\\/www.haiti-reference.info\\\/pages\\\/plan\\\/politique\\\/pouvoir-executif\\\/cabinets-de-1994\\\/garry-conille2024\\\/\",\"url\":\"https:\\\/\\\/www.haiti-reference.info\\\/pages\\\/plan\\\/politique\\\/pouvoir-executif\\\/cabinets-de-1994\\\/garry-conille2024\\\/\",\"name\":\"2170.190.- Cabinet minist\u00e9riel de Garry Conille, Premier Ministre de Transition (CPT) &#187;\",\"isPartOf\":{\"@id\":\"https:\\\/\\\/www.haiti-reference.info\\\/pages\\\/#website\"},\"datePublished\":\"2024-11-13T01:00:01+00:00\",\"dateModified\":\"2024-11-14T01:17:52+00:00\",\"breadcrumb\":{\"@id\":\"https:\\\/\\\/www.haiti-reference.info\\\/pages\\\/plan\\\/politique\\\/pouvoir-executif\\\/cabinets-de-1994\\\/garry-conille2024\\\/#breadcrumb\"},\"inLanguage\":\"fr-CA\",\"potentialAction\":[{\"@type\":\"ReadAction\",\"target\":[\"https:\\\/\\\/www.haiti-reference.info\\\/pages\\\/plan\\\/politique\\\/pouvoir-executif\\\/cabinets-de-1994\\\/garry-conille2024\\\/\"]}]},{\"@type\":\"BreadcrumbList\",\"@id\":\"https:\\\/\\\/www.haiti-reference.info\\\/pages\\\/plan\\\/politique\\\/pouvoir-executif\\\/cabinets-de-1994\\\/garry-conille2024\\\/#breadcrumb\",\"itemListElement\":[{\"@type\":\"ListItem\",\"position\":1,\"name\":\"Accueil\",\"item\":\"https:\\\/\\\/www.haiti-reference.info\\\/pages\\\/\"},{\"@type\":\"ListItem\",\"position\":2,\"name\":\"Structure du site\",\"item\":\"https:\\\/\\\/www.haiti-reference.info\\\/pages\\\/plan\\\/\"},{\"@type\":\"ListItem\",\"position\":3,\"name\":\"2000.- Politique et gouvernement\",\"item\":\"https:\\\/\\\/www.haiti-reference.info\\\/pages\\\/plan\\\/politique\\\/\"},{\"@type\":\"ListItem\",\"position\":4,\"name\":\"2100.- Le Pouvoir ex\u00e9cutif\",\"item\":\"https:\\\/\\\/www.haiti-reference.info\\\/pages\\\/plan\\\/politique\\\/pouvoir-executif\\\/\"},{\"@type\":\"ListItem\",\"position\":5,\"name\":\"2170.- Cabinets minist\u00e9riels de 1994\",\"item\":\"https:\\\/\\\/www.haiti-reference.info\\\/pages\\\/plan\\\/politique\\\/pouvoir-executif\\\/cabinets-de-1994\\\/\"},{\"@type\":\"ListItem\",\"position\":6,\"name\":\"2170.190.- Cabinet minist\u00e9riel de Garry Conille, Premier Ministre de Transition (CPT)\"}]},{\"@type\":\"WebSite\",\"@id\":\"https:\\\/\\\/www.haiti-reference.info\\\/pages\\\/#website\",\"url\":\"https:\\\/\\\/www.haiti-reference.info\\\/pages\\\/\",\"name\":\"Haiti-R\u00e9f\u00e9rence\",\"description\":\"Un guide de r\u00e9f\u00e9rence\",\"publisher\":{\"@id\":\"https:\\\/\\\/www.haiti-reference.info\\\/pages\\\/#organization\"},\"potentialAction\":[{\"@type\":\"SearchAction\",\"target\":{\"@type\":\"EntryPoint\",\"urlTemplate\":\"https:\\\/\\\/www.haiti-reference.info\\\/pages\\\/?s={search_term_string}\"},\"query-input\":{\"@type\":\"PropertyValueSpecification\",\"valueRequired\":true,\"valueName\":\"search_term_string\"}}],\"inLanguage\":\"fr-CA\"},{\"@type\":\"Organization\",\"@id\":\"https:\\\/\\\/www.haiti-reference.info\\\/pages\\\/#organization\",\"name\":\"Haiti-R\u00e9f\u00e9rence\",\"url\":\"https:\\\/\\\/www.haiti-reference.info\\\/pages\\\/\",\"logo\":{\"@type\":\"ImageObject\",\"inLanguage\":\"fr-CA\",\"@id\":\"https:\\\/\\\/www.haiti-reference.info\\\/pages\\\/#\\\/schema\\\/logo\\\/image\\\/\",\"url\":\"https:\\\/\\\/www.haiti-reference.info\\\/pages\\\/wp-content\\\/uploads\\\/2016\\\/04\\\/cropped-cropped-logo_201604-8-1.png\",\"contentUrl\":\"https:\\\/\\\/www.haiti-reference.info\\\/pages\\\/wp-content\\\/uploads\\\/2016\\\/04\\\/cropped-cropped-logo_201604-8-1.png\",\"width\":338,\"height\":87,\"caption\":\"Haiti-R\u00e9f\u00e9rence\"},\"image\":{\"@id\":\"https:\\\/\\\/www.haiti-reference.info\\\/pages\\\/#\\\/schema\\\/logo\\\/image\\\/\"},\"sameAs\":[\"https:\\\/\\\/bsky.app\\\/profile\\\/haiti-reference.bsky.social\"]}]}<\/script>\n<!-- \/ Yoast SEO plugin. -->","yoast_head_json":{"title":"2170.190.- Cabinet minist\u00e9riel de Garry Conille, Premier Ministre de Transition (CPT) &#187;","robots":{"index":"index","follow":"follow","max-snippet":"max-snippet:-1","max-image-preview":"max-image-preview:large","max-video-preview":"max-video-preview:-1"},"canonical":"https:\/\/www.haiti-reference.info\/pages\/plan\/politique\/pouvoir-executif\/cabinets-de-1994\/garry-conille2024\/","og_locale":"fr_CA","og_type":"article","og_title":"2170.190.- Cabinet minist\u00e9riel de Garry Conille, Premier Ministre de Transition (CPT) &#187;","og_description":"\u270d Note Le cabinet form\u00e9 par le premier ministre de transition, Dr. Garry Conille, avec l\u2019accord du Conseil Pr\u00e9sidentiel de Transition (CPT), fut compos\u00e9 de 14 ministres (4 femmes et [&hellip;]","og_url":"https:\/\/www.haiti-reference.info\/pages\/plan\/politique\/pouvoir-executif\/cabinets-de-1994\/garry-conille2024\/","article_modified_time":"2024-11-14T01:17:52+00:00","twitter_card":"summary_large_image","twitter_misc":{"Estimation du temps de lecture":"5 minutes"},"schema":{"@context":"https:\/\/schema.org","@graph":[{"@type":"WebPage","@id":"https:\/\/www.haiti-reference.info\/pages\/plan\/politique\/pouvoir-executif\/cabinets-de-1994\/garry-conille2024\/","url":"https:\/\/www.haiti-reference.info\/pages\/plan\/politique\/pouvoir-executif\/cabinets-de-1994\/garry-conille2024\/","name":"2170.190.- Cabinet minist\u00e9riel de Garry Conille, Premier Ministre de Transition (CPT) &#187;","isPartOf":{"@id":"https:\/\/www.haiti-reference.info\/pages\/#website"},"datePublished":"2024-11-13T01:00:01+00:00","dateModified":"2024-11-14T01:17:52+00:00","breadcrumb":{"@id":"https:\/\/www.haiti-reference.info\/pages\/plan\/politique\/pouvoir-executif\/cabinets-de-1994\/garry-conille2024\/#breadcrumb"},"inLanguage":"fr-CA","potentialAction":[{"@type":"ReadAction","target":["https:\/\/www.haiti-reference.info\/pages\/plan\/politique\/pouvoir-executif\/cabinets-de-1994\/garry-conille2024\/"]}]},{"@type":"BreadcrumbList","@id":"https:\/\/www.haiti-reference.info\/pages\/plan\/politique\/pouvoir-executif\/cabinets-de-1994\/garry-conille2024\/#breadcrumb","itemListElement":[{"@type":"ListItem","position":1,"name":"Accueil","item":"https:\/\/www.haiti-reference.info\/pages\/"},{"@type":"ListItem","position":2,"name":"Structure du site","item":"https:\/\/www.haiti-reference.info\/pages\/plan\/"},{"@type":"ListItem","position":3,"name":"2000.- Politique et gouvernement","item":"https:\/\/www.haiti-reference.info\/pages\/plan\/politique\/"},{"@type":"ListItem","position":4,"name":"2100.- Le Pouvoir ex\u00e9cutif","item":"https:\/\/www.haiti-reference.info\/pages\/plan\/politique\/pouvoir-executif\/"},{"@type":"ListItem","position":5,"name":"2170.- Cabinets minist\u00e9riels de 1994","item":"https:\/\/www.haiti-reference.info\/pages\/plan\/politique\/pouvoir-executif\/cabinets-de-1994\/"},{"@type":"ListItem","position":6,"name":"2170.190.- Cabinet minist\u00e9riel de Garry Conille, Premier Ministre de Transition (CPT)"}]},{"@type":"WebSite","@id":"https:\/\/www.haiti-reference.info\/pages\/#website","url":"https:\/\/www.haiti-reference.info\/pages\/","name":"Haiti-R\u00e9f\u00e9rence","description":"Un guide de r\u00e9f\u00e9rence","publisher":{"@id":"https:\/\/www.haiti-reference.info\/pages\/#organization"},"potentialAction":[{"@type":"SearchAction","target":{"@type":"EntryPoint","urlTemplate":"https:\/\/www.haiti-reference.info\/pages\/?s={search_term_string}"},"query-input":{"@type":"PropertyValueSpecification","valueRequired":true,"valueName":"search_term_string"}}],"inLanguage":"fr-CA"},{"@type":"Organization","@id":"https:\/\/www.haiti-reference.info\/pages\/#organization","name":"Haiti-R\u00e9f\u00e9rence","url":"https:\/\/www.haiti-reference.info\/pages\/","logo":{"@type":"ImageObject","inLanguage":"fr-CA","@id":"https:\/\/www.haiti-reference.info\/pages\/#\/schema\/logo\/image\/","url":"https:\/\/www.haiti-reference.info\/pages\/wp-content\/uploads\/2016\/04\/cropped-cropped-logo_201604-8-1.png","contentUrl":"https:\/\/www.haiti-reference.info\/pages\/wp-content\/uploads\/2016\/04\/cropped-cropped-logo_201604-8-1.png","width":338,"height":87,"caption":"Haiti-R\u00e9f\u00e9rence"},"image":{"@id":"https:\/\/www.haiti-reference.info\/pages\/#\/schema\/logo\/image\/"},"sameAs":["https:\/\/bsky.app\/profile\/haiti-reference.bsky.social"]}]}},"_links":{"self":[{"href":"https:\/\/www.haiti-reference.info\/pages\/wp-json\/wp\/v2\/pages\/51278","targetHints":{"allow":["GET"]}}],"collection":[{"href":"https:\/\/www.haiti-reference.info\/pages\/wp-json\/wp\/v2\/pages"}],"about":[{"href":"https:\/\/www.haiti-reference.info\/pages\/wp-json\/wp\/v2\/types\/page"}],"author":[{"embeddable":true,"href":"https:\/\/www.haiti-reference.info\/pages\/wp-json\/wp\/v2\/users\/1"}],"replies":[{"embeddable":true,"href":"https:\/\/www.haiti-reference.info\/pages\/wp-json\/wp\/v2\/comments?post=51278"}],"version-history":[{"count":0,"href":"https:\/\/www.haiti-reference.info\/pages\/wp-json\/wp\/v2\/pages\/51278\/revisions"}],"up":[{"embeddable":true,"href":"https:\/\/www.haiti-reference.info\/pages\/wp-json\/wp\/v2\/pages\/30866"}],"wp:attachment":[{"href":"https:\/\/www.haiti-reference.info\/pages\/wp-json\/wp\/v2\/media?parent=51278"}],"wp:term":[{"taxonomy":"category","embeddable":true,"href":"https:\/\/www.haiti-reference.info\/pages\/wp-json\/wp\/v2\/categories?post=51278"}],"curies":[{"name":"wp","href":"https:\/\/api.w.org\/{rel}","templated":true}]}}