{"id":5037,"date":"2003-07-03T22:25:43","date_gmt":"2003-07-04T03:25:43","guid":{"rendered":"http:\/\/haiti-reference.com\/pages\/?page_id=5037"},"modified":"2024-02-15T21:21:19","modified_gmt":"2024-02-16T02:21:19","slug":"hinche","status":"publish","type":"page","link":"https:\/\/www.haiti-reference.info\/pages\/plan\/geographie-et-tourisme\/divisions-territoriales\/chefs-lieux\/hinche\/","title":{"rendered":"7330.080.- Profil de la ville de Hinche"},"content":{"rendered":"<div class=\"sur-cette-page\">\n<p><select class=\"select-box\" name=\"form\" onchange=\"location = this.value;\"><option value=\"\">Sur cette page:<\/option><option class=\"select-items\" value=\"\/pages\/plan\/geographie-et-tourisme\/divisions-territoriales\/chefs-lieux\/hinche\/#histoire\">\u2022 Status et histoire<\/option><option class=\"select-items\" value=\"\/pages\/plan\/geographie-et-tourisme\/divisions-territoriales\/chefs-lieux\/hinche\/#habitants\">\u2022 Nom des habitants<\/option><option class=\"select-items\" value=\"\/pages\/plan\/geographie-et-tourisme\/divisions-territoriales\/chefs-lieux\/hinche\/#fameux\">\u2022 Fameux Hinchois<\/option><option class=\"select-items\" value=\"\/pages\/plan\/geographie-et-tourisme\/divisions-territoriales\/chefs-lieux\/hinche\/#location\">\u2022 Location<\/option><option class=\"select-items\" value=\"\/pages\/plan\/geographie-et-tourisme\/divisions-territoriales\/chefs-lieux\/hinche\/#quartiers\">\u2022 Les quartiers de Port-au-Prince<\/option><option class=\"select-items\" value=\"\/pages\/plan\/geographie-et-tourisme\/divisions-territoriales\/chefs-lieux\/hinche\/#gvt\">\u2022 Gouvernement<\/option><option class=\"select-items\" value=\"\/pages\/plan\/geographie-et-tourisme\/divisions-territoriales\/chefs-lieux\/hinche\/#attract\">\u2022 Attractions tourisques<\/option><option class=\"select-items\" value=\"\/pages\/plan\/geographie-et-tourisme\/divisions-territoriales\/chefs-lieux\/hinche\/#distance_ht\">\u2022 Distances des villes d&rsquo;Haiti<\/option><option class=\"select-items\" value=\"\/pages\/plan\/geographie-et-tourisme\/divisions-territoriales\/chefs-lieux\/hinche\/#medias\">\u2022 Medias<\/option><option class=\"select-items\" value=\"\/pages\/plan\/geographie-et-tourisme\/divisions-territoriales\/chefs-lieux\/hinche\/#patron\">\u2022 Patronne de la ville<\/option><option class=\"select-items\" value=\"\/pages\/plan\/geographie-et-tourisme\/divisions-territoriales\/chefs-lieux\/hinche\/#livres\">\u2022 Publications sur Hinche<\/option><\/select><\/p>\n<\/div>\n<h4 id=\"histoire\"class=\"title_paragraf\">Status et histoire:<\/h4>\n<hr \/>\n<ul class=\"indent-bullet\">\n<li style=\"text-align: justify;\">Fond\u00e9e en 1503.<\/li>\n<li style=\"text-align: justify;\">Ville espagnole, elle passa \u00e0 l&rsquo;administration fran\u00e7aise en 1794 gr\u00e2ce au g\u00e9nie militaire de Toussaint Louverture et fut du coup \u00e9lev\u00e9e au rang de commune.<\/li>\n<li style=\"text-align: justify;\">\u00ab\u00a0.\u00a0\u00bbC&rsquo;est \u00e0 Hinche que furent arr\u00eat\u00e9s, le 20 novembre 1790, Vincent Og\u00e9 et 23 autres de ses compagnons d&rsquo;armes apr\u00e8s l&rsquo;insucc\u00e8s de leur glorieuse lev\u00e9e de bouclier<br \/>\n(Source: Rouzier, S. <i>Dictionnaire g\u00e9ographique et administratif universel d&rsquo;Haiti. Tome 3.<\/i> Port-au-Prince : Aug A. Heraux , 1927; p. 24.).<\/span><\/li>\n<li style=\"text-align: justify;\">Lors de l&rsquo;ind\u00e9pendance dominicaine, elle fit partie du territoire voisin. Un an plus tard, une colonne de la garde nationale de Marmelade l&rsquo;enleva aux dominicains.<\/li>\n<li style=\"text-align: justify;\">Pr\u00e8s d&rsquo;un si\u00e8cle plus tard, une campagne tendant \u00e0 faire de la ville un arrondissement d\u00e9buta:<br \/>\n<i>\u00ab\u00a0Dans la s\u00e9ance du 12 Novembre 1888 de l&rsquo;Assembl\u00e9e Constituante, le constituant Saint-Fleur Pierre, de Valli\u00e8re, proposa de faire de Hinche un arrondissement relevant du d\u00e9partement de l&rsquo;Artibonite. En m\u00eame temps, le Gouvernement provisoire du Nord consacra une disposition analogue et cr\u00e9a d\u00e9finitivement l&rsquo;arrondissement militaire de Hinche avec Hinche pour chef-lieu et Ma\u00efssade pour commune.\u00a0\u00bb<\/i><br \/>\n<span style=\"color: #666666;\">(Loc. cit.)<\/span><img decoding=\"async\" class=\"alignright\" src=\"\/.\/images\/villes\/hinche_city.jpg\" alt=\"hinche_city\" width=\"350\" \/><\/li>\n<li>Pill\u00e9e plusieurs fois par les cacos au d\u00e9but de l&rsquo;occupation am\u00e9ricaine.<\/li>\n<li>Dixi\u00e8me ville d&rsquo;Haiti.<\/li>\n<li>Chef-lieu du D\u00e9partement du Centre.<\/li>\n<li><a href=\"\/pages\/plan\/geographie-et-tourisme\/divisions-territoriales\/arrondissements-et-communes\/\">Arrondissement<\/a> avec trois autres communes.<\/li>\n<li>Cit\u00e9 de Charlemagne P\u00e9ralte<\/li>\n<li>Si\u00e8ge du <a href=\"\/pages\/plan\/religions\/eglise-catholique\/hierarchie\/provinces-ecclesiastiques\/provinces-cap\/#Hinches\">dioc\u00e8se de Hinche<\/a> \u00e9rig\u00e9 le 20 Avril, 1972:<br \/>\n.- <a href=\"\/pages\/notables\/getperson.php?personID=I18&amp;tree=Religion\">Mgr. D\u00e9sinord Jean<\/a><\/li>\n<li>Anciens \u00c9v\u00eaques:\n<ol>\n<li><a href=\"\/pages\/religions\/eglise-catholique\/hierarchie\/eveques-defunts\/#decoste\">Jean-Baptiste D\u00e9coste (1925-1980)<\/a><\/li>\n<li><a href=\"\/pages\/notables\/getperson.php?personID=I7&amp;tree=Religion\">L\u00e9onard P\u00e9tion Laroche 1918-2006<\/a><\/li>\n<li><a href=\"\/pages\/plan\/religions\/eglise-catholique\/hierarchie\/provinces-ecclesiastiques\/provinces-cap\/#K\u00e9breau\">Louis K\u00e9breau, S.D.B. <\/a><br \/>\n.- Transfer\u00e9 au Cap-Ha\u00eftien le 1er mars 2008<br \/>\n.- Aujourd&rsquo;hui archev\u00eaque \u00e9m\u00e9rite du Cap-Haitien<\/li>\n<li><a href=\"\/pages\/notables\/getperson.php?personID=I15&amp;tree=Religion\">Simon Pierre Saint-Hilien (1951-2015)<\/a><\/li>\n<\/ol>\n<\/li>\n<\/ul>\n<h4 id=\"habitants\" class=\"title_paragraf\">Nom des habitants:<\/h4>\n<hr \/>\n<ul class=\"indent-bullet\">\n<li>Hinchois<\/li>\n<li>Hinchoises<\/li>\n<\/ul>\n<h4 id=\"fameux\" class=\"title_paragraf\">Fameux Hinchois:<\/h4>\n<hr \/>\n<ul class=\"indent-bullet\">\n<li><a href=\"\/notables\/getperson.php?personID=I104&amp;tree=Politique\">Oreste Zamor <\/a>(1861-1915)<br \/>\nHinchois: N\u00e9 en 1861<br \/>\nPr\u00e9sident d&rsquo;Haiti du 8 F\u00e9vrier 1914 &#8211; 27 Octobre 1914<\/li>\n<li>Charlemagne P\u00e9ralte (1886 &#8211; 1919)<br \/>\nHinchois: N\u00e9 le 7 octobre 1886<br \/>\nPatriote et h\u00e9ros haitien<\/li>\n<\/ul>\n<h4 id=\"location\" class=\"title_paragraf\">Location:<\/h4>\n<hr \/>\n<ul class=\"indent-bullet\">\n<li>Situ\u00e9e dans le haut Plateau Central d\u2019Haiti.<\/li>\n<li>19:15:00 Latitude Nord.<\/li>\n<li>72:01:00 Longitude Ouest.<\/li>\n<\/ul>\n<p><iframe loading=\"lazy\" style=\"border: 0;\" src=\"https:\/\/www.google.com\/maps\/embed?pb=!1m18!1m12!1m3!1d7538.48536676359!2d-72.01569962372015!3d19.14085144820289!2m3!1f0!2f0!3f0!3m2!1i1024!2i768!4f13.1!3m3!1m2!1s0x8eb73383e75d66bb%3A0x8fcb3b79c96f7916!2sHinche%2C+Haiti!5e0!3m2!1sen!2sus!4v1525530818933\" width=\"100%\" height=\"250\" frameborder=\"0\" allowfullscreen=\"allowfullscreen\"><\/iframe><br \/>\nDe port-au-Prince, on peut s&rsquo;y rendre en voiture par la <a href=\"\/pages\/plan\/geographie-et-tourisme\/transportation\/routes-principales\/#route_3\">Route nationale No. 3<\/a> en passant par Croix-des Bouquets, Mirebalais et Thomonde. Du Cap-Haitien, on prend cette m\u00eame route en se dirigeant cers le Sud-Est. Des Gonaives, on se dirige vers le Nord sur la Route nationale No. 1 jusqu&rsquo;au niveau d&rsquo;Ennery et, de l\u00e0, emprunter la <a href=\"\/pages\/plan\/geographie-et-tourisme\/transportation\/routes-principales\/#306\">Route 306<\/a>.<\/p>\n<h4 id=\"gvt\" class=\"title_paragraf\">Gouvernement:<\/h4>\n<hr \/>\n<ul class=\"indent-bullet\">\n<li>Conseil d\u00e9partemental:<\/li>\n<li>Mairie:<\/li>\n<\/ul>\n<h4 ide=\"attract\" class=\"title_paragraf\">Attractions touristiques:<\/h4>\n<hr \/>\n<h5>Bassin Zim:<\/h5>\n<p><img decoding=\"async\" class=\"alignleft\" title=\"Bassin Zim pr\u00e8s de Hinche\" src=\"\/.\/images\/Bassin_zim.jpg\" alt=\"Bassin Zim pr\u00e8s de Hinche\" width=\"250\" \/>Grottes et la chute d&rsquo;eau situ\u00e9es \u00e0 quelques 8 km de Hinche.<\/p>\n<p>D\u2019une hauteur de quelques 20 m\u00e8tres, cette derni\u00e8re se d\u00e9verse dans un profond bassin formant une piscine naturelle. L&rsquo;int\u00e9rieur des grottes est orn\u00e9 de pictogrammes dont certains remonteraient aux premiers habitants de l&rsquo;\u00eele.<\/p>\n<p>Les grottes et la chute d&rsquo;eau sont consid\u00e9r\u00e9es par plus d&rsquo;uns comme un endroit gard\u00e9 par des esprits. Avec ses attributs mystiques, elles procureraient fortune et gu\u00e9rison aux \u00e2mes pures.<\/p>\n<h4 id=\"distance_ht\" class=\"title_paragraf\">Distance des autres villes et communes:<\/h4>\n<hr \/>\n<ul class=\"indent-bullet twocolumn\">\n<li>Cap-Haitien:87 Km.<\/li>\n<li>Cayes: 324 km.<\/li>\n<li>Fort-Libert\u00e9: 131 km.<\/li>\n<li>Gonaives: 96 km.<\/li>\n<li>Mirebalais: 56.8 km<\/li>\n<li>Port-au-Prince: 137 km.<\/li>\n<\/ul>\n<h4 id=\"medias\" class=\"title_paragraf\">M\u00e9dias de la ville:<\/h4>\n<hr \/>\n<ul class=\"indent-bullet twocolumn\">\n<li>Seven Stars<\/li>\n<li>Super Continentale<\/li>\n<li>Voix du Plateau Central<\/li>\n<li>T\u00e9l\u00e9 Smart<\/li>\n<\/ul>\n<h4 id=\"patron\" class=\"title_paragraf\">Patronne de la ville:<\/h4>\n<hr \/>\n<ul class=\"indent-bullet\">\n<li>Immacul\u00e9e Conception f\u00eat\u00e9e le 8 D\u00e9cembre<br \/>\n<strong>Voir:<\/strong> <a href=\"\/pages\/religions\/eglise-catholique\/paroisses\/result.php?search=06\" style=\"color:#880000;\">Les Paroisses du Dioc\u00e8se de Hinche<\/a><\/li>\n<\/ul>\n<h4 id=\"livres\" class=\"title_paragraf\">Publications sur Hinche:<\/h4>\n<hr \/>\n<ul class=\"indent-bullet\">\n<li>Acacia, Michel.<br \/>\n<i>R\u00e9volte, subversion et d\u00e9veloppement chez Jacques Roumain : actes du colloque international \u00ab\u00a0Penser avec Jacques Roumain aujourd&rsquo;hui\u00a0\u00bb (Port-au-Prince : 28, 29, 30 novembre 2007 \/ Cap-Ha\u00eftien, Cayes, Gona\u00efves, Port-de-Paix, Hinche, Fort-Libert\u00e9, Saint-Marc, Verrettes, Marchand-Dessalines : du 1er au 10 d\u00e9cembre 2007).<\/i><br \/>\n[Port-au-Prince] : Editions de l&rsquo;Universit\u00e9 d&rsquo;Etat d&rsquo;Ha\u00efti, 2009<\/li>\n<li>Gaillard, Roger.<i><br \/>\nHinche mise en croix<\/i>.<br \/>\n[Port-au-Prince : s.n.], 1982.<\/li>\n<li>Haiti. Direction g\u00e9n\u00e9rale des travaux publics.<br \/>\n<i>Contrat du chemin de fer des Gona\u00efves \u00e0 Hinche, avec embranchement sur Gros-Morne. Sanctionn\u00e9 par le Corps l\u00e9gislatif le 10 ao\u00fbt 1905.<\/i><br \/>\nPort-au-Prince, Imprimerie nationale d&rsquo;Haiti, 1905.<\/li>\n<li>Haiti. Direction g\u00e9n\u00e9rale des travaux publics.<br \/>\n<i>Ville de Hinche.<\/i><br \/>\nPort-au-Prince : Direction G\u00e9n\u00e9rale des Travaux Publics, 1928.<\/li>\n<li>Institut ha\u00eftien de statistique et d&rsquo;informatique. Section de cartographie.<br \/>\n<i>D\u00e9partement Centre, Arrondissement Hinche, Commune Hinche, Hinche, \u00e9chelle 1\/2 000.<\/i><br \/>\n[Port-au-Prince] : Institut ha\u00eftien de statistique et d&rsquo;informatique, [1982]<\/li>\n<li>Louis, Coeurlida.<br \/>\n<i>Factors associated with late presentation for HIV care among patients in Hinche, on Haiti&rsquo;s Central Plateau.<\/i><br \/>\n[New Haven, Conn. : s.n.], 2005.<br \/>\nNote: Th\u00e8se doctorale. Yale university<\/li>\n<\/ul>\n<p><!--Bas de la page--><\/p>\n","protected":false},"excerpt":{"rendered":"<p>Fond\u00e9e en 1503 par les colons espagnols, la ville de Hinche fut, jusqu&rsquo;en 1794 partie de l&rsquo;administration espagnole. Elle devint une ville de la colonie fran\u00e7aise gr\u00e2ce au g\u00e9nie militaire de Toussaint Louverture qui le conquit au nom de la France. Cette m\u00eame ann\u00e9e, elle fut \u00e9lev\u00e9e au rang de commune. Lors de l&rsquo;ind\u00e9pendance dominicaine, les voisins en fit une ville de leur territoire. Un an plus tard, une colonne de la garde nationale de Marmelade l&rsquo;enleva aux dominicains.<\/p>\n<p><p>Hinche fut le th\u00e9\u00e2tre de grands \u00e9v\u00e9nements historiques: Vincent Og\u00e9 et 23 autres de ses compagnons d&rsquo;armes y furent appr\u00e9hend\u00e9s le 20 novembre 1790 apr\u00e8s l&rsquo;insucc\u00e8s de leur glorieuse lev\u00e9e de bouclier. Elle fut pill\u00e9e plusieurs fois par les cacos au d\u00e9but de l&rsquo;occupation am\u00e9ricaine&#8230;<\/p>\n<p>\n","protected":false},"author":1,"featured_media":39483,"parent":31412,"menu_order":8,"comment_status":"closed","ping_status":"closed","template":"page-next.php","meta":{"footnotes":""},"categories":[],"class_list":["post-5037","page","type-page","status-publish","has-post-thumbnail","hentry"],"yoast_head":"<!-- This site is optimized with the Yoast SEO plugin v27.4 - https:\/\/yoast.com\/product\/yoast-seo-wordpress\/ -->\n<title>7330.080.- Profil de la ville de Hinche &#187;<\/title>\n<meta name=\"description\" content=\"Profil de la ville de Hinche, chef-lieu du D\u00e9partement du Centre et dixi\u00e8me ville de la de la R\u00e9publique d&#039;Haiti.\" \/>\n<meta name=\"robots\" content=\"index, follow, max-snippet:-1, max-image-preview:large, max-video-preview:-1\" \/>\n<link rel=\"canonical\" href=\"https:\/\/www.haiti-reference.info\/pages\/plan\/geographie-et-tourisme\/divisions-territoriales\/chefs-lieux\/hinche\/\" \/>\n<meta property=\"og:locale\" content=\"fr_CA\" \/>\n<meta property=\"og:type\" content=\"article\" \/>\n<meta property=\"og:title\" content=\"7330.080.- Profil de la ville de Hinche &#187;\" \/>\n<meta property=\"og:description\" content=\"Profil de la ville de Hinche, chef-lieu du D\u00e9partement du Centre et dixi\u00e8me ville de la de la R\u00e9publique d&#039;Haiti.\" \/>\n<meta property=\"og:url\" content=\"https:\/\/www.haiti-reference.info\/pages\/plan\/geographie-et-tourisme\/divisions-territoriales\/chefs-lieux\/hinche\/\" \/>\n<meta property=\"article:modified_time\" content=\"2024-02-16T02:21:19+00:00\" \/>\n<meta property=\"og:image\" content=\"https:\/\/www.haiti-reference.info\/pages\/wp-content\/uploads\/2022\/04\/hinche-featured-img.jpg\" \/>\n\t<meta property=\"og:image:width\" content=\"1200\" \/>\n\t<meta property=\"og:image:height\" content=\"437\" \/>\n\t<meta property=\"og:image:type\" content=\"image\/jpeg\" \/>\n<meta name=\"twitter:card\" content=\"summary_large_image\" \/>\n<meta name=\"twitter:label1\" content=\"Estimation du temps de lecture\" \/>\n\t<meta name=\"twitter:data1\" content=\"4 minutes\" \/>\n<script type=\"application\/ld+json\" class=\"yoast-schema-graph\">{\"@context\":\"https:\\\/\\\/schema.org\",\"@graph\":[{\"@type\":\"WebPage\",\"@id\":\"https:\\\/\\\/www.haiti-reference.info\\\/pages\\\/plan\\\/geographie-et-tourisme\\\/divisions-territoriales\\\/chefs-lieux\\\/hinche\\\/\",\"url\":\"https:\\\/\\\/www.haiti-reference.info\\\/pages\\\/plan\\\/geographie-et-tourisme\\\/divisions-territoriales\\\/chefs-lieux\\\/hinche\\\/\",\"name\":\"7330.080.- Profil de la ville de Hinche &#187;\",\"isPartOf\":{\"@id\":\"https:\\\/\\\/www.haiti-reference.info\\\/pages\\\/#website\"},\"primaryImageOfPage\":{\"@id\":\"https:\\\/\\\/www.haiti-reference.info\\\/pages\\\/plan\\\/geographie-et-tourisme\\\/divisions-territoriales\\\/chefs-lieux\\\/hinche\\\/#primaryimage\"},\"image\":{\"@id\":\"https:\\\/\\\/www.haiti-reference.info\\\/pages\\\/plan\\\/geographie-et-tourisme\\\/divisions-territoriales\\\/chefs-lieux\\\/hinche\\\/#primaryimage\"},\"thumbnailUrl\":\"https:\\\/\\\/www.haiti-reference.info\\\/pages\\\/wp-content\\\/uploads\\\/2022\\\/04\\\/hinche-featured-img.jpg\",\"datePublished\":\"2003-07-04T03:25:43+00:00\",\"dateModified\":\"2024-02-16T02:21:19+00:00\",\"description\":\"Profil de la ville de Hinche, chef-lieu du D\u00e9partement du Centre et dixi\u00e8me ville de la de la R\u00e9publique d'Haiti.\",\"breadcrumb\":{\"@id\":\"https:\\\/\\\/www.haiti-reference.info\\\/pages\\\/plan\\\/geographie-et-tourisme\\\/divisions-territoriales\\\/chefs-lieux\\\/hinche\\\/#breadcrumb\"},\"inLanguage\":\"fr-CA\",\"potentialAction\":[{\"@type\":\"ReadAction\",\"target\":[\"https:\\\/\\\/www.haiti-reference.info\\\/pages\\\/plan\\\/geographie-et-tourisme\\\/divisions-territoriales\\\/chefs-lieux\\\/hinche\\\/\"]}]},{\"@type\":\"ImageObject\",\"inLanguage\":\"fr-CA\",\"@id\":\"https:\\\/\\\/www.haiti-reference.info\\\/pages\\\/plan\\\/geographie-et-tourisme\\\/divisions-territoriales\\\/chefs-lieux\\\/hinche\\\/#primaryimage\",\"url\":\"https:\\\/\\\/www.haiti-reference.info\\\/pages\\\/wp-content\\\/uploads\\\/2022\\\/04\\\/hinche-featured-img.jpg\",\"contentUrl\":\"https:\\\/\\\/www.haiti-reference.info\\\/pages\\\/wp-content\\\/uploads\\\/2022\\\/04\\\/hinche-featured-img.jpg\",\"width\":1200,\"height\":437},{\"@type\":\"BreadcrumbList\",\"@id\":\"https:\\\/\\\/www.haiti-reference.info\\\/pages\\\/plan\\\/geographie-et-tourisme\\\/divisions-territoriales\\\/chefs-lieux\\\/hinche\\\/#breadcrumb\",\"itemListElement\":[{\"@type\":\"ListItem\",\"position\":1,\"name\":\"Accueil\",\"item\":\"https:\\\/\\\/www.haiti-reference.info\\\/pages\\\/\"},{\"@type\":\"ListItem\",\"position\":2,\"name\":\"Structure du site\",\"item\":\"https:\\\/\\\/www.haiti-reference.info\\\/pages\\\/plan\\\/\"},{\"@type\":\"ListItem\",\"position\":3,\"name\":\"7000.- G\u00e9ographie et tourisme\",\"item\":\"https:\\\/\\\/www.haiti-reference.info\\\/pages\\\/plan\\\/geographie-et-tourisme\\\/\"},{\"@type\":\"ListItem\",\"position\":4,\"name\":\"7300.- Haiti: Divisions territoriales\",\"item\":\"https:\\\/\\\/www.haiti-reference.info\\\/pages\\\/plan\\\/geographie-et-tourisme\\\/divisions-territoriales\\\/\"},{\"@type\":\"ListItem\",\"position\":5,\"name\":\"7330.- Chefs lieux des D\u00e9partements\",\"item\":\"https:\\\/\\\/www.haiti-reference.info\\\/pages\\\/plan\\\/geographie-et-tourisme\\\/divisions-territoriales\\\/chefs-lieux\\\/\"},{\"@type\":\"ListItem\",\"position\":6,\"name\":\"7330.080.- Profil de la ville de Hinche\"}]},{\"@type\":\"WebSite\",\"@id\":\"https:\\\/\\\/www.haiti-reference.info\\\/pages\\\/#website\",\"url\":\"https:\\\/\\\/www.haiti-reference.info\\\/pages\\\/\",\"name\":\"Haiti-R\u00e9f\u00e9rence\",\"description\":\"Un guide de r\u00e9f\u00e9rence\",\"publisher\":{\"@id\":\"https:\\\/\\\/www.haiti-reference.info\\\/pages\\\/#organization\"},\"potentialAction\":[{\"@type\":\"SearchAction\",\"target\":{\"@type\":\"EntryPoint\",\"urlTemplate\":\"https:\\\/\\\/www.haiti-reference.info\\\/pages\\\/?s={search_term_string}\"},\"query-input\":{\"@type\":\"PropertyValueSpecification\",\"valueRequired\":true,\"valueName\":\"search_term_string\"}}],\"inLanguage\":\"fr-CA\"},{\"@type\":\"Organization\",\"@id\":\"https:\\\/\\\/www.haiti-reference.info\\\/pages\\\/#organization\",\"name\":\"Haiti-R\u00e9f\u00e9rence\",\"url\":\"https:\\\/\\\/www.haiti-reference.info\\\/pages\\\/\",\"logo\":{\"@type\":\"ImageObject\",\"inLanguage\":\"fr-CA\",\"@id\":\"https:\\\/\\\/www.haiti-reference.info\\\/pages\\\/#\\\/schema\\\/logo\\\/image\\\/\",\"url\":\"https:\\\/\\\/www.haiti-reference.info\\\/pages\\\/wp-content\\\/uploads\\\/2016\\\/04\\\/cropped-cropped-logo_201604-8-1.png\",\"contentUrl\":\"https:\\\/\\\/www.haiti-reference.info\\\/pages\\\/wp-content\\\/uploads\\\/2016\\\/04\\\/cropped-cropped-logo_201604-8-1.png\",\"width\":338,\"height\":87,\"caption\":\"Haiti-R\u00e9f\u00e9rence\"},\"image\":{\"@id\":\"https:\\\/\\\/www.haiti-reference.info\\\/pages\\\/#\\\/schema\\\/logo\\\/image\\\/\"},\"sameAs\":[\"https:\\\/\\\/bsky.app\\\/profile\\\/haiti-reference.bsky.social\"]}]}<\/script>\n<!-- \/ Yoast SEO plugin. -->","yoast_head_json":{"title":"7330.080.- Profil de la ville de Hinche &#187;","description":"Profil de la ville de Hinche, chef-lieu du D\u00e9partement du Centre et dixi\u00e8me ville de la de la R\u00e9publique d'Haiti.","robots":{"index":"index","follow":"follow","max-snippet":"max-snippet:-1","max-image-preview":"max-image-preview:large","max-video-preview":"max-video-preview:-1"},"canonical":"https:\/\/www.haiti-reference.info\/pages\/plan\/geographie-et-tourisme\/divisions-territoriales\/chefs-lieux\/hinche\/","og_locale":"fr_CA","og_type":"article","og_title":"7330.080.- Profil de la ville de Hinche &#187;","og_description":"Profil de la ville de Hinche, chef-lieu du D\u00e9partement du Centre et dixi\u00e8me ville de la de la R\u00e9publique d'Haiti.","og_url":"https:\/\/www.haiti-reference.info\/pages\/plan\/geographie-et-tourisme\/divisions-territoriales\/chefs-lieux\/hinche\/","article_modified_time":"2024-02-16T02:21:19+00:00","og_image":[{"width":1200,"height":437,"url":"https:\/\/www.haiti-reference.info\/pages\/wp-content\/uploads\/2022\/04\/hinche-featured-img.jpg","type":"image\/jpeg"}],"twitter_card":"summary_large_image","twitter_misc":{"Estimation du temps de lecture":"4 minutes"},"schema":{"@context":"https:\/\/schema.org","@graph":[{"@type":"WebPage","@id":"https:\/\/www.haiti-reference.info\/pages\/plan\/geographie-et-tourisme\/divisions-territoriales\/chefs-lieux\/hinche\/","url":"https:\/\/www.haiti-reference.info\/pages\/plan\/geographie-et-tourisme\/divisions-territoriales\/chefs-lieux\/hinche\/","name":"7330.080.- Profil de la ville de Hinche &#187;","isPartOf":{"@id":"https:\/\/www.haiti-reference.info\/pages\/#website"},"primaryImageOfPage":{"@id":"https:\/\/www.haiti-reference.info\/pages\/plan\/geographie-et-tourisme\/divisions-territoriales\/chefs-lieux\/hinche\/#primaryimage"},"image":{"@id":"https:\/\/www.haiti-reference.info\/pages\/plan\/geographie-et-tourisme\/divisions-territoriales\/chefs-lieux\/hinche\/#primaryimage"},"thumbnailUrl":"https:\/\/www.haiti-reference.info\/pages\/wp-content\/uploads\/2022\/04\/hinche-featured-img.jpg","datePublished":"2003-07-04T03:25:43+00:00","dateModified":"2024-02-16T02:21:19+00:00","description":"Profil de la ville de Hinche, chef-lieu du D\u00e9partement du Centre et dixi\u00e8me ville de la de la R\u00e9publique d'Haiti.","breadcrumb":{"@id":"https:\/\/www.haiti-reference.info\/pages\/plan\/geographie-et-tourisme\/divisions-territoriales\/chefs-lieux\/hinche\/#breadcrumb"},"inLanguage":"fr-CA","potentialAction":[{"@type":"ReadAction","target":["https:\/\/www.haiti-reference.info\/pages\/plan\/geographie-et-tourisme\/divisions-territoriales\/chefs-lieux\/hinche\/"]}]},{"@type":"ImageObject","inLanguage":"fr-CA","@id":"https:\/\/www.haiti-reference.info\/pages\/plan\/geographie-et-tourisme\/divisions-territoriales\/chefs-lieux\/hinche\/#primaryimage","url":"https:\/\/www.haiti-reference.info\/pages\/wp-content\/uploads\/2022\/04\/hinche-featured-img.jpg","contentUrl":"https:\/\/www.haiti-reference.info\/pages\/wp-content\/uploads\/2022\/04\/hinche-featured-img.jpg","width":1200,"height":437},{"@type":"BreadcrumbList","@id":"https:\/\/www.haiti-reference.info\/pages\/plan\/geographie-et-tourisme\/divisions-territoriales\/chefs-lieux\/hinche\/#breadcrumb","itemListElement":[{"@type":"ListItem","position":1,"name":"Accueil","item":"https:\/\/www.haiti-reference.info\/pages\/"},{"@type":"ListItem","position":2,"name":"Structure du site","item":"https:\/\/www.haiti-reference.info\/pages\/plan\/"},{"@type":"ListItem","position":3,"name":"7000.- G\u00e9ographie et tourisme","item":"https:\/\/www.haiti-reference.info\/pages\/plan\/geographie-et-tourisme\/"},{"@type":"ListItem","position":4,"name":"7300.- Haiti: Divisions territoriales","item":"https:\/\/www.haiti-reference.info\/pages\/plan\/geographie-et-tourisme\/divisions-territoriales\/"},{"@type":"ListItem","position":5,"name":"7330.- Chefs lieux des D\u00e9partements","item":"https:\/\/www.haiti-reference.info\/pages\/plan\/geographie-et-tourisme\/divisions-territoriales\/chefs-lieux\/"},{"@type":"ListItem","position":6,"name":"7330.080.- Profil de la ville de Hinche"}]},{"@type":"WebSite","@id":"https:\/\/www.haiti-reference.info\/pages\/#website","url":"https:\/\/www.haiti-reference.info\/pages\/","name":"Haiti-R\u00e9f\u00e9rence","description":"Un guide de r\u00e9f\u00e9rence","publisher":{"@id":"https:\/\/www.haiti-reference.info\/pages\/#organization"},"potentialAction":[{"@type":"SearchAction","target":{"@type":"EntryPoint","urlTemplate":"https:\/\/www.haiti-reference.info\/pages\/?s={search_term_string}"},"query-input":{"@type":"PropertyValueSpecification","valueRequired":true,"valueName":"search_term_string"}}],"inLanguage":"fr-CA"},{"@type":"Organization","@id":"https:\/\/www.haiti-reference.info\/pages\/#organization","name":"Haiti-R\u00e9f\u00e9rence","url":"https:\/\/www.haiti-reference.info\/pages\/","logo":{"@type":"ImageObject","inLanguage":"fr-CA","@id":"https:\/\/www.haiti-reference.info\/pages\/#\/schema\/logo\/image\/","url":"https:\/\/www.haiti-reference.info\/pages\/wp-content\/uploads\/2016\/04\/cropped-cropped-logo_201604-8-1.png","contentUrl":"https:\/\/www.haiti-reference.info\/pages\/wp-content\/uploads\/2016\/04\/cropped-cropped-logo_201604-8-1.png","width":338,"height":87,"caption":"Haiti-R\u00e9f\u00e9rence"},"image":{"@id":"https:\/\/www.haiti-reference.info\/pages\/#\/schema\/logo\/image\/"},"sameAs":["https:\/\/bsky.app\/profile\/haiti-reference.bsky.social"]}]}},"_links":{"self":[{"href":"https:\/\/www.haiti-reference.info\/pages\/wp-json\/wp\/v2\/pages\/5037","targetHints":{"allow":["GET"]}}],"collection":[{"href":"https:\/\/www.haiti-reference.info\/pages\/wp-json\/wp\/v2\/pages"}],"about":[{"href":"https:\/\/www.haiti-reference.info\/pages\/wp-json\/wp\/v2\/types\/page"}],"author":[{"embeddable":true,"href":"https:\/\/www.haiti-reference.info\/pages\/wp-json\/wp\/v2\/users\/1"}],"replies":[{"embeddable":true,"href":"https:\/\/www.haiti-reference.info\/pages\/wp-json\/wp\/v2\/comments?post=5037"}],"version-history":[{"count":0,"href":"https:\/\/www.haiti-reference.info\/pages\/wp-json\/wp\/v2\/pages\/5037\/revisions"}],"up":[{"embeddable":true,"href":"https:\/\/www.haiti-reference.info\/pages\/wp-json\/wp\/v2\/pages\/31412"}],"wp:featuredmedia":[{"embeddable":true,"href":"https:\/\/www.haiti-reference.info\/pages\/wp-json\/wp\/v2\/media\/39483"}],"wp:attachment":[{"href":"https:\/\/www.haiti-reference.info\/pages\/wp-json\/wp\/v2\/media?parent=5037"}],"wp:term":[{"taxonomy":"category","embeddable":true,"href":"https:\/\/www.haiti-reference.info\/pages\/wp-json\/wp\/v2\/categories?post=5037"}],"curies":[{"name":"wp","href":"https:\/\/api.w.org\/{rel}","templated":true}]}}