{"id":43216,"date":"2023-03-06T11:31:03","date_gmt":"2023-03-06T16:31:03","guid":{"rendered":"https:\/\/www.haiti-reference.info\/pages\/?page_id=43216"},"modified":"2026-03-26T10:49:11","modified_gmt":"2026-03-26T14:49:11","slug":"sectes-religieuses","status":"publish","type":"page","link":"https:\/\/www.haiti-reference.info\/pages\/plan\/religions\/sectes-religieuses\/","title":{"rendered":"1600.- Sectes Religieuses"},"content":{"rendered":"<div class=\"justify\">\n<p>La mis\u00e8re est une calamit\u00e9 qui attire les opportunistes dont les sectes religieuses. Haiti \u00e9tant un pays o\u00f9 la mis\u00e8re est end\u00e9mique, il constitue une attraction privil\u00e9gi\u00e9e pour ces groupes, surtout ceux venant des \u00c9tats-Unis d&rsquo;Am\u00e9rique et \u00e9conomiquement bien pourvus.<\/p>\n<p>Quoique la pr\u00e9sence des sectes religieuses en Haiti remonte \u00e0 l&rsquo;<a style=\"color: #ff0000;\" href=\"\/pages\/plan\/histoire-et-societe\/periodes\/1915-1934\/\">occupation am\u00e9ricaine<\/a>, elles commenc\u00e8rent \u00e0\u00a0 prolif\u00e9rer au temps de la <a style=\"color: #ff0000;\" href=\"\/pages\/plan\/histoire-et-societe\/periodes\/1934-1986\/3\/\" class=\"link\">pr\u00e9sidence de Fran\u00e7ois Duvalier <\/a>qui, sans les encourager publiquement, acceptait leur pr\u00e9sence comme arme de division et comme contrebalance dans son projet de vassalisation de l&rsquo;<a style=\"color: #ff0000;\" href=\"\/pages\/plan\/religions\/eglise-catholique\/\">\u00c9glise catholique<\/a>. Dans leurs d\u00e9marches publiques, elles se montraient apolitiques, ce qui plaisait au pr\u00e9sident qui ne les percevait pas comme un danger pouvant menacer la survie de son gouvernement. Cette pr\u00e9sence s&rsquo;intensifie dans les ann\u00e9es 1970 et atteint un pic apr\u00e8s le tremblement de terre du 12 janvier 2010.<\/p>\n<p>En fait, tout de suite apr\u00e8s cette catastrophe, les repr\u00e9sentants de plusieurs sectes qui n&rsquo;\u00e9taient pas pr\u00e9sentes jusqu&rsquo;alors en Haiti, d\u00e9barqu\u00e8rent faisant croire que leur arriv\u00e9e r\u00e9pondait aux urgences du moment, ins\u00e9rant toutefois dans leur bagage des \u00e9crits doctrinaux. Leur \u00e9lan humanitaire cachait mal leur projet pros\u00e9lytiste. Se faire des adeptes, tel \u00e9tait leur but. Ils venaient pour combattre non seulement le vodou, mais aussi pour pousser les fid\u00e8les catholiques \u00e0 s&rsquo;insurger contre leur religion et, si l&rsquo;occasion se pr\u00e9sente, rogner un peu le territoire des autres cultes r\u00e9form\u00e9s longtemps \u00e9tablis dans le pays. Avec les fonds dont elles disposent, elles arrivent sans trop d&rsquo;effort \u00e0 atteindre en partie ce but, aid\u00e9s certes de pr\u00e9dicateurs locaux qu&rsquo;ils supportaient \u00e9conomiquement. Leurs adeptes ont tendance \u00e0 \u00eatre moins critiques de la situation socio-\u00e9conomique et acceptent leur condition comme faisant partie du plan de Dieu.<\/p>\n<p>Leurs repr\u00e9sentants agissent souvent comme des missionnaires politiquement anodins, mais on d\u00e9couvre souvent que certains jouent un r\u00f4le d&rsquo;informateurs aupr\u00e8s des services de renseignement de leur pays pour ainsi les aider \u00e0 avoir un profil toujours \u00e0 jour des Ha\u00eftiens.<\/p>\n<p>Parce que ces sectes vivent en dehors des croyances authentiquement chr\u00e9tiennes et des valeurs purement \u00e9vang\u00e9liques (se fiant plus aux \u00e9crits de leurs fondateurs, ou privil\u00e9giant certaines parts de la Bible), et parce qu&rsquo;elles se pr\u00e9sentent souvent comme des ONG, elles \u00e9chappent au contr\u00f4le du Minist\u00e8re des Affaires \u00e9trang\u00e8res et des Cultes, dont la Direction des Cultes est charg\u00e9e\u00a0 entre autres de tenir un \u0153il sur les pratiques religieuses d\u00e9viantes.<\/p>\n<p>Les sectes pr\u00e9sentes aujourd&rsquo;hui en Ha\u00efti sont trop nombreuses pour que nous pr\u00e9sentions un profil de chacune. Nous nous contentons donc de pr\u00e9senter pour le moment celui de l&rsquo;<a style=\"color: #ff0000;\" href=\"\/pages\/plan\/religions\/sectes-religieuses\/mormons\/\">\u00c9glise de J\u00e9sus-Christ des saints des derniers jours<\/a> plus connus sous le nom de Mormons et des <a style=\"color: #ff0000;\" href=\"\/pages\/plan\/religions\/sectes-religieuses\/temoins-de-jehovah\/\">T\u00e9moins de J\u00e9hovah<\/a>, qui sont\u00a0 parmi les sectes les mieux organis\u00e9es du pays.<\/p>\n<\/div>\n<p>&nbsp;<\/p>\n<p class=\"recommended\">\ud83d\udcda Pistes de lecture:<\/p>\n<ol style=\"margin-right: 5%;\">\n<li>Be\u0301bel-Gisler, Dany. <em>Cultures et pouvoir dans la Carai\u0308be : langue cre\u0301ole, vaudou, sectes religieuses en Guadeloupe et en Hai\u0308ti.<\/em> Paris: L&rsquo;Harmattan, 1987.<\/li>\n<li>Chantin, Jean-Pierre. <em>De sectes en h\u00e9r\u00e9sies: \u00c9tapes d&rsquo;une r\u00e9flexion sur la dissidence religieuse \u00e0 travers les \u00e2ges.<\/em> Lyon (France): Presses Universitaires de Lyon, 2018.<\/li>\n<li>Clorm\u00e9us, Lewis Ampidu. \u201cL\u2019\u00c9glise Catholique Face \u00e0 La Diversit\u00e9 Religieuse \u00e0 Port-Au-Prince (1942-2012).\u201d <em>Archives de Sciences Sociales Des Religions<\/em>, vol. 59, no. 166, 2014, pp. 157\u201380.<\/li>\n<li>Ferolus, Guy. <em>Ha\u00efti et la folie de Dieu<\/em>. Paris: Agence Francophone pour la Num\u00e9rotation Internationale du Livre (AFNIL), 2012.<\/li>\n<li>Hyppolite, Sem. <em>Comprendre les religions et les sectes : pour r\u00e9pondre a\u0300 la grande commission<\/em>. Port-au-Prince: C3 \u00c8ditions, 2019.<\/li>\n<li>Luca, Nathalie. \u201cPentec\u00f4tismes et Esprit d\u2019entreprise En Ha\u00efti.\u201d <em>Archives de Sciences Sociales Des Religions<\/em>, vol. 61, no. 175, 2016, pp. 87\u2013110.<\/li>\n<\/ol>\n","protected":false},"excerpt":{"rendered":"<p>La pauvret\u00e9 chronique a toujours favoris\u00e9 l\u2019implantation de nombreuses sectes souvent \u00e9trang\u00e8res et bien financ\u00e9es en Haiti. Leur pr\u00e9sence s\u2019est intensifi\u00e9e sous le gouvernement de Fran\u00e7ois Duvalier (1957-1971), qui voyaient en elles une alternative pour affaiblir l\u2019\u00c9glise catholique jug\u00e9e trop critique. Apr\u00e8s le s\u00e9isme de 2010, de nouveaux groupes afflu\u00e8rent en Haiti sous couvert d\u2019aide humanitaire. Leurs strat\u00e9gies : pros\u00e9lytisme actif, ressources mat\u00e9rielles aux \u00e9glises locales, influence sociale et parfois agence de renseignement. Beaucoup se pr\u00e9sent\u00e8rent comme des ONG, \u00e9chappant ainsi au contr\u00f4le du Minist\u00e8re des Cultes dont elles d\u00e9pendent.<\/p>\n","protected":false},"author":1,"featured_media":44330,"parent":81,"menu_order":6,"comment_status":"closed","ping_status":"closed","template":"audio.php","meta":{"footnotes":""},"categories":[11,1648],"class_list":["post-43216","page","type-page","status-publish","has-post-thumbnail","hentry","category-religion","category-sectes"],"yoast_head":"<!-- This site is optimized with the Yoast SEO plugin v27.4 - https:\/\/yoast.com\/product\/yoast-seo-wordpress\/ -->\n<title>1600.- Sectes Religieuses &#187;<\/title>\n<meta name=\"description\" content=\"Page sur les sectes religieuses qui, en Ha\u00efti, profitent de la mis\u00e8re, de l\u2019affaiblissement de l\u2019\u00c9glise catholique et de leur statut d\u2019ONG.\" \/>\n<meta name=\"robots\" content=\"index, follow, max-snippet:-1, max-image-preview:large, max-video-preview:-1\" \/>\n<link rel=\"canonical\" href=\"https:\/\/www.haiti-reference.info\/pages\/plan\/religions\/sectes-religieuses\/\" \/>\n<meta property=\"og:locale\" content=\"fr_CA\" \/>\n<meta property=\"og:type\" content=\"article\" \/>\n<meta property=\"og:title\" content=\"1600.- Sectes Religieuses &#187;\" \/>\n<meta property=\"og:description\" content=\"Page sur les sectes religieuses qui, en Ha\u00efti, profitent de la mis\u00e8re, de l\u2019affaiblissement de l\u2019\u00c9glise catholique et de leur statut d\u2019ONG.\" \/>\n<meta property=\"og:url\" content=\"https:\/\/www.haiti-reference.info\/pages\/plan\/religions\/sectes-religieuses\/\" \/>\n<meta property=\"article:modified_time\" content=\"2026-03-26T14:49:11+00:00\" \/>\n<meta property=\"og:image\" content=\"https:\/\/www.haiti-reference.info\/pages\/wp-content\/uploads\/2023\/06\/mormons-temple-in-pap.jpg\" \/>\n\t<meta property=\"og:image:width\" content=\"650\" \/>\n\t<meta property=\"og:image:height\" content=\"369\" \/>\n\t<meta property=\"og:image:type\" content=\"image\/jpeg\" \/>\n<meta name=\"twitter:card\" content=\"summary_large_image\" \/>\n<meta name=\"twitter:label1\" content=\"Estimation du temps de lecture\" \/>\n\t<meta name=\"twitter:data1\" content=\"3 minutes\" \/>\n<script type=\"application\/ld+json\" class=\"yoast-schema-graph\">{\"@context\":\"https:\\\/\\\/schema.org\",\"@graph\":[{\"@type\":\"WebPage\",\"@id\":\"https:\\\/\\\/www.haiti-reference.info\\\/pages\\\/plan\\\/religions\\\/sectes-religieuses\\\/\",\"url\":\"https:\\\/\\\/www.haiti-reference.info\\\/pages\\\/plan\\\/religions\\\/sectes-religieuses\\\/\",\"name\":\"1600.- Sectes Religieuses &#187;\",\"isPartOf\":{\"@id\":\"https:\\\/\\\/www.haiti-reference.info\\\/pages\\\/#website\"},\"primaryImageOfPage\":{\"@id\":\"https:\\\/\\\/www.haiti-reference.info\\\/pages\\\/plan\\\/religions\\\/sectes-religieuses\\\/#primaryimage\"},\"image\":{\"@id\":\"https:\\\/\\\/www.haiti-reference.info\\\/pages\\\/plan\\\/religions\\\/sectes-religieuses\\\/#primaryimage\"},\"thumbnailUrl\":\"https:\\\/\\\/www.haiti-reference.info\\\/pages\\\/wp-content\\\/uploads\\\/2023\\\/06\\\/mormons-temple-in-pap.jpg\",\"datePublished\":\"2023-03-06T16:31:03+00:00\",\"dateModified\":\"2026-03-26T14:49:11+00:00\",\"description\":\"Page sur les sectes religieuses qui, en Ha\u00efti, profitent de la mis\u00e8re, de l\u2019affaiblissement de l\u2019\u00c9glise catholique et de leur statut d\u2019ONG.\",\"breadcrumb\":{\"@id\":\"https:\\\/\\\/www.haiti-reference.info\\\/pages\\\/plan\\\/religions\\\/sectes-religieuses\\\/#breadcrumb\"},\"inLanguage\":\"fr-CA\",\"potentialAction\":[{\"@type\":\"ReadAction\",\"target\":[\"https:\\\/\\\/www.haiti-reference.info\\\/pages\\\/plan\\\/religions\\\/sectes-religieuses\\\/\"]}]},{\"@type\":\"ImageObject\",\"inLanguage\":\"fr-CA\",\"@id\":\"https:\\\/\\\/www.haiti-reference.info\\\/pages\\\/plan\\\/religions\\\/sectes-religieuses\\\/#primaryimage\",\"url\":\"https:\\\/\\\/www.haiti-reference.info\\\/pages\\\/wp-content\\\/uploads\\\/2023\\\/06\\\/mormons-temple-in-pap.jpg\",\"contentUrl\":\"https:\\\/\\\/www.haiti-reference.info\\\/pages\\\/wp-content\\\/uploads\\\/2023\\\/06\\\/mormons-temple-in-pap.jpg\",\"width\":650,\"height\":369},{\"@type\":\"BreadcrumbList\",\"@id\":\"https:\\\/\\\/www.haiti-reference.info\\\/pages\\\/plan\\\/religions\\\/sectes-religieuses\\\/#breadcrumb\",\"itemListElement\":[{\"@type\":\"ListItem\",\"position\":1,\"name\":\"Accueil\",\"item\":\"https:\\\/\\\/www.haiti-reference.info\\\/pages\\\/\"},{\"@type\":\"ListItem\",\"position\":2,\"name\":\"Structure du site\",\"item\":\"https:\\\/\\\/www.haiti-reference.info\\\/pages\\\/plan\\\/\"},{\"@type\":\"ListItem\",\"position\":3,\"name\":\"1000.- Religions et croyances\",\"item\":\"https:\\\/\\\/www.haiti-reference.info\\\/pages\\\/plan\\\/religions\\\/\"},{\"@type\":\"ListItem\",\"position\":4,\"name\":\"1600.- Sectes Religieuses\"}]},{\"@type\":\"WebSite\",\"@id\":\"https:\\\/\\\/www.haiti-reference.info\\\/pages\\\/#website\",\"url\":\"https:\\\/\\\/www.haiti-reference.info\\\/pages\\\/\",\"name\":\"Haiti-R\u00e9f\u00e9rence\",\"description\":\"Un guide de r\u00e9f\u00e9rence\",\"publisher\":{\"@id\":\"https:\\\/\\\/www.haiti-reference.info\\\/pages\\\/#organization\"},\"potentialAction\":[{\"@type\":\"SearchAction\",\"target\":{\"@type\":\"EntryPoint\",\"urlTemplate\":\"https:\\\/\\\/www.haiti-reference.info\\\/pages\\\/?s={search_term_string}\"},\"query-input\":{\"@type\":\"PropertyValueSpecification\",\"valueRequired\":true,\"valueName\":\"search_term_string\"}}],\"inLanguage\":\"fr-CA\"},{\"@type\":\"Organization\",\"@id\":\"https:\\\/\\\/www.haiti-reference.info\\\/pages\\\/#organization\",\"name\":\"Haiti-R\u00e9f\u00e9rence\",\"url\":\"https:\\\/\\\/www.haiti-reference.info\\\/pages\\\/\",\"logo\":{\"@type\":\"ImageObject\",\"inLanguage\":\"fr-CA\",\"@id\":\"https:\\\/\\\/www.haiti-reference.info\\\/pages\\\/#\\\/schema\\\/logo\\\/image\\\/\",\"url\":\"https:\\\/\\\/www.haiti-reference.info\\\/pages\\\/wp-content\\\/uploads\\\/2016\\\/04\\\/cropped-cropped-logo_201604-8-1.png\",\"contentUrl\":\"https:\\\/\\\/www.haiti-reference.info\\\/pages\\\/wp-content\\\/uploads\\\/2016\\\/04\\\/cropped-cropped-logo_201604-8-1.png\",\"width\":338,\"height\":87,\"caption\":\"Haiti-R\u00e9f\u00e9rence\"},\"image\":{\"@id\":\"https:\\\/\\\/www.haiti-reference.info\\\/pages\\\/#\\\/schema\\\/logo\\\/image\\\/\"},\"sameAs\":[\"https:\\\/\\\/bsky.app\\\/profile\\\/haiti-reference.bsky.social\"]}]}<\/script>\n<!-- \/ Yoast SEO plugin. -->","yoast_head_json":{"title":"1600.- Sectes Religieuses &#187;","description":"Page sur les sectes religieuses qui, en Ha\u00efti, profitent de la mis\u00e8re, de l\u2019affaiblissement de l\u2019\u00c9glise catholique et de leur statut d\u2019ONG.","robots":{"index":"index","follow":"follow","max-snippet":"max-snippet:-1","max-image-preview":"max-image-preview:large","max-video-preview":"max-video-preview:-1"},"canonical":"https:\/\/www.haiti-reference.info\/pages\/plan\/religions\/sectes-religieuses\/","og_locale":"fr_CA","og_type":"article","og_title":"1600.- Sectes Religieuses &#187;","og_description":"Page sur les sectes religieuses qui, en Ha\u00efti, profitent de la mis\u00e8re, de l\u2019affaiblissement de l\u2019\u00c9glise catholique et de leur statut d\u2019ONG.","og_url":"https:\/\/www.haiti-reference.info\/pages\/plan\/religions\/sectes-religieuses\/","article_modified_time":"2026-03-26T14:49:11+00:00","og_image":[{"width":650,"height":369,"url":"https:\/\/www.haiti-reference.info\/pages\/wp-content\/uploads\/2023\/06\/mormons-temple-in-pap.jpg","type":"image\/jpeg"}],"twitter_card":"summary_large_image","twitter_misc":{"Estimation du temps de lecture":"3 minutes"},"schema":{"@context":"https:\/\/schema.org","@graph":[{"@type":"WebPage","@id":"https:\/\/www.haiti-reference.info\/pages\/plan\/religions\/sectes-religieuses\/","url":"https:\/\/www.haiti-reference.info\/pages\/plan\/religions\/sectes-religieuses\/","name":"1600.- Sectes Religieuses &#187;","isPartOf":{"@id":"https:\/\/www.haiti-reference.info\/pages\/#website"},"primaryImageOfPage":{"@id":"https:\/\/www.haiti-reference.info\/pages\/plan\/religions\/sectes-religieuses\/#primaryimage"},"image":{"@id":"https:\/\/www.haiti-reference.info\/pages\/plan\/religions\/sectes-religieuses\/#primaryimage"},"thumbnailUrl":"https:\/\/www.haiti-reference.info\/pages\/wp-content\/uploads\/2023\/06\/mormons-temple-in-pap.jpg","datePublished":"2023-03-06T16:31:03+00:00","dateModified":"2026-03-26T14:49:11+00:00","description":"Page sur les sectes religieuses qui, en Ha\u00efti, profitent de la mis\u00e8re, de l\u2019affaiblissement de l\u2019\u00c9glise catholique et de leur statut d\u2019ONG.","breadcrumb":{"@id":"https:\/\/www.haiti-reference.info\/pages\/plan\/religions\/sectes-religieuses\/#breadcrumb"},"inLanguage":"fr-CA","potentialAction":[{"@type":"ReadAction","target":["https:\/\/www.haiti-reference.info\/pages\/plan\/religions\/sectes-religieuses\/"]}]},{"@type":"ImageObject","inLanguage":"fr-CA","@id":"https:\/\/www.haiti-reference.info\/pages\/plan\/religions\/sectes-religieuses\/#primaryimage","url":"https:\/\/www.haiti-reference.info\/pages\/wp-content\/uploads\/2023\/06\/mormons-temple-in-pap.jpg","contentUrl":"https:\/\/www.haiti-reference.info\/pages\/wp-content\/uploads\/2023\/06\/mormons-temple-in-pap.jpg","width":650,"height":369},{"@type":"BreadcrumbList","@id":"https:\/\/www.haiti-reference.info\/pages\/plan\/religions\/sectes-religieuses\/#breadcrumb","itemListElement":[{"@type":"ListItem","position":1,"name":"Accueil","item":"https:\/\/www.haiti-reference.info\/pages\/"},{"@type":"ListItem","position":2,"name":"Structure du site","item":"https:\/\/www.haiti-reference.info\/pages\/plan\/"},{"@type":"ListItem","position":3,"name":"1000.- Religions et croyances","item":"https:\/\/www.haiti-reference.info\/pages\/plan\/religions\/"},{"@type":"ListItem","position":4,"name":"1600.- Sectes Religieuses"}]},{"@type":"WebSite","@id":"https:\/\/www.haiti-reference.info\/pages\/#website","url":"https:\/\/www.haiti-reference.info\/pages\/","name":"Haiti-R\u00e9f\u00e9rence","description":"Un guide de r\u00e9f\u00e9rence","publisher":{"@id":"https:\/\/www.haiti-reference.info\/pages\/#organization"},"potentialAction":[{"@type":"SearchAction","target":{"@type":"EntryPoint","urlTemplate":"https:\/\/www.haiti-reference.info\/pages\/?s={search_term_string}"},"query-input":{"@type":"PropertyValueSpecification","valueRequired":true,"valueName":"search_term_string"}}],"inLanguage":"fr-CA"},{"@type":"Organization","@id":"https:\/\/www.haiti-reference.info\/pages\/#organization","name":"Haiti-R\u00e9f\u00e9rence","url":"https:\/\/www.haiti-reference.info\/pages\/","logo":{"@type":"ImageObject","inLanguage":"fr-CA","@id":"https:\/\/www.haiti-reference.info\/pages\/#\/schema\/logo\/image\/","url":"https:\/\/www.haiti-reference.info\/pages\/wp-content\/uploads\/2016\/04\/cropped-cropped-logo_201604-8-1.png","contentUrl":"https:\/\/www.haiti-reference.info\/pages\/wp-content\/uploads\/2016\/04\/cropped-cropped-logo_201604-8-1.png","width":338,"height":87,"caption":"Haiti-R\u00e9f\u00e9rence"},"image":{"@id":"https:\/\/www.haiti-reference.info\/pages\/#\/schema\/logo\/image\/"},"sameAs":["https:\/\/bsky.app\/profile\/haiti-reference.bsky.social"]}]}},"_links":{"self":[{"href":"https:\/\/www.haiti-reference.info\/pages\/wp-json\/wp\/v2\/pages\/43216","targetHints":{"allow":["GET"]}}],"collection":[{"href":"https:\/\/www.haiti-reference.info\/pages\/wp-json\/wp\/v2\/pages"}],"about":[{"href":"https:\/\/www.haiti-reference.info\/pages\/wp-json\/wp\/v2\/types\/page"}],"author":[{"embeddable":true,"href":"https:\/\/www.haiti-reference.info\/pages\/wp-json\/wp\/v2\/users\/1"}],"replies":[{"embeddable":true,"href":"https:\/\/www.haiti-reference.info\/pages\/wp-json\/wp\/v2\/comments?post=43216"}],"version-history":[{"count":0,"href":"https:\/\/www.haiti-reference.info\/pages\/wp-json\/wp\/v2\/pages\/43216\/revisions"}],"up":[{"embeddable":true,"href":"https:\/\/www.haiti-reference.info\/pages\/wp-json\/wp\/v2\/pages\/81"}],"wp:featuredmedia":[{"embeddable":true,"href":"https:\/\/www.haiti-reference.info\/pages\/wp-json\/wp\/v2\/media\/44330"}],"wp:attachment":[{"href":"https:\/\/www.haiti-reference.info\/pages\/wp-json\/wp\/v2\/media?parent=43216"}],"wp:term":[{"taxonomy":"category","embeddable":true,"href":"https:\/\/www.haiti-reference.info\/pages\/wp-json\/wp\/v2\/categories?post=43216"}],"curies":[{"name":"wp","href":"https:\/\/api.w.org\/{rel}","templated":true}]}}