{"id":3688,"date":"2015-07-12T11:25:55","date_gmt":"2015-07-12T15:25:55","guid":{"rendered":"http:\/\/haiti-reference.com\/pages\/?page_id=3688"},"modified":"2021-12-28T17:15:34","modified_gmt":"2021-12-28T22:15:34","slug":"cep_2004","status":"publish","type":"page","link":"https:\/\/www.haiti-reference.info\/pages\/plan\/politique\/elections\/cep_2004\/","title":{"rendered":"2640.200.- Conseils Electoraux: 2004 &#8211; 2011"},"content":{"rendered":"<p class=\"img_category\"><a title=\"Classification\" href=\"\/pages\/plan\/politique\/\"><img decoding=\"async\" src=\"\/.\/images\/legendes\/category_art.jpg\" alt=\"Classification\" \/> Politique et gouvernement<\/a><\/p>\n<h4 class=\"title_paragraf\">Conseil Electoral de 2004<\/h4>\n<hr \/>\n<p style=\"padding: 5px 25px 0 25px; text-align: justify;\">Le CEP de 2004 (1\u00e8re \u00e9dition) compta, au d\u00e9but, huit membres, le parti Lavalas, du pr\u00e9sident Jean Bertrand Aristide refusant de se faire\u00a0repr\u00e9senter. Ces membres pr\u00eat\u00e8rent serment le 4 mai, \u00e0 la Cour de Cassation en pr\u00e9sence du Cabinet minist\u00e9riel, du corps diplomatique et des repr\u00e9sentants de partis politiques:<\/p>\n<table id=\"mytable\">\n<tbody>\n<tr class=\"even_row\">\n<td width=\"50%\"><strong>\ud83d\udc64 Roselaure JULIEN \u2640<\/strong> (Eglise Catholique)<\/td>\n<td align=\"right\" width=\"50%\">Pr\u00e9sident<\/td>\n<\/tr>\n<tr>\n<td><strong>\ud83d\udc64 Max MATHURIN<\/strong>(Eglise Episcopale)<\/td>\n<td align=\"right\">Vice-pr\u00e9sident<\/td>\n<\/tr>\n<tr class=\"even_row\">\n<td><strong>\ud83d\udc64 Rosemond PRADEL<\/strong> (Convergence)<\/td>\n<td align=\"right\">Secr\u00e9taire g\u00e9n\u00e9ral<\/td>\n<\/tr>\n<tr>\n<td><strong>\ud83d\udc64 Fran\u00e7ois BENOIT<\/strong> (Secteur priv\u00e9)<\/td>\n<td align=\"right\">Tr\u00e9sorier<\/td>\n<\/tr>\n<tr class=\"even_row\">\n<td><strong>\ud83d\udc64 Patrick FEQUIERE<\/strong> (Partis non align\u00e9s)<\/td>\n<td align=\"right\">Conseiller<\/td>\n<\/tr>\n<tr>\n<td><strong>\ud83d\udc64 Pauris JEAN BAPTISTE<\/strong> (Eglise Protestante)<\/td>\n<td align=\"right\">Conseiller<\/td>\n<\/tr>\n<tr class=\"even_row\">\n<td><strong>\ud83d\udc64 Freud JEAN<\/strong> (Droits humains)<\/td>\n<td align=\"right\">Conseiller<\/td>\n<\/tr>\n<tr>\n<td><strong>\ud83d\udc64 Louis Gerson RICHEME<\/strong> (Cour de Cassation)<\/td>\n<td align=\"right\">Conseiller<\/td>\n<\/tr>\n<tr class=\"even_row\">\n<td><strong>\u2205 Vacant<\/strong> (Lavalas)<\/td>\n<td align=\"right\">Conseiller<\/td>\n<\/tr>\n<\/tbody>\n<\/table>\n<div style=\"padding: 5px 25px 0 25px; text-align: justify;\">\n<p>Ce CEP fut charg\u00e9 d&rsquo;organiser les \u00e9lections g\u00e9n\u00e9rales. Il fut pourtant remani\u00e9 \u00e0 la suite de la d\u00e9mission de la repr\u00e9sentante de l&rsquo;Eglise catholique, dont les prises de position au sein du conseil souleva bien des controverses.<\/p>\n<p>Rappelons qu&rsquo;un gouvernement provisoire, nomm\u00e9 par l&rsquo;international, dirigeait\u00a0alors le pays. La s\u00e9curit\u00e9 du territoire fut confi\u00e9 \u00e0 des soldats \u00e9trangers portant des casques bleus.<\/p>\n<\/div>\n<p><a name=\"conseil_2004_2\"><\/a><\/p>\n<h4 class=\"title_paragraf\">Conseil Electoral de 2004 (2\u00e8. \u00e9dition)<a title=\"d\u00e9but de la page\" href=\"#top\"><img loading=\"lazy\" decoding=\"async\" class=\" alignright\" src=\"\/.\/images\/Hand-haut.gif\" alt=\"d\u00e9but de la page\" width=\"14\" height=\"33\" border=\"0\" \/><\/a><\/h4>\n<hr \/>\n<div style=\"padding: 5px 25px 0 25px; text-align: justify;\">\n<p>La pr\u00e9sidente du Conseil \u00c9lectoral Provisoire Roselor Julien \u00e9voquant des raisons personnelles se retira de l&rsquo;institution. Elle en a fait l&rsquo;annonce lors d&rsquo;une conf\u00e9rence de presse, le lundi 8 novembre 2004, \u00e0 Port-au-Prince. l\u2019Eglise catholique d\u00e9signa alors\u00a0Pierre Richard Duchemin pour la remplacer au CEP.<\/p>\n<p>Ce CEP organisa les \u00e9lections g\u00e9n\u00e9rales du 7 f\u00e9vrier 2006. Un peu plus tard certains de ses membres furent accus\u00e9s par les secteurs proches du pouvoir de \u00ab\u00a0d\u00e9tournements de fonds\u00a0\u00bb.<\/p>\n<\/div>\n<table id=\"mytable\">\n<tbody>\n<tr class=\"even_row\">\n<td><strong>\ud83d\udc64 Max Mathurin<\/strong> (Eglise Episcopale)<\/td>\n<td align=\"right\">Pr\u00e9sident<\/td>\n<\/tr>\n<tr>\n<td><strong>\ud83d\udc64 Rosemond Pradel<\/strong> (Convergence)<\/td>\n<td align=\"right\">Secr\u00e9taire g\u00e9n\u00e9ral<\/td>\n<\/tr>\n<tr class=\"even_row\">\n<td><strong>\ud83d\udc64 Fran\u00e7ois Benoit<\/strong> (Secteur priv\u00e9)<\/td>\n<td align=\"right\">Tr\u00e9sorier<\/td>\n<\/tr>\n<tr>\n<td><strong>\ud83d\udc64 Patrick F\u00e9qui\u00e8re<\/strong> (Partis non align\u00e9s)<\/td>\n<td align=\"right\">Conseiller<\/td>\n<\/tr>\n<tr class=\"even_row\">\n<td><strong>\ud83d\udc64 Freud JEAN<\/strong> (Droits humains)<\/td>\n<td align=\"right\" width=\"75\">Conseiller<\/td>\n<\/tr>\n<tr>\n<td><strong>\ud83d\udc64 Pauris Jean Baptiste<\/strong> (Eglise Protestante)<\/td>\n<td align=\"right\" width=\"75\">Conseiller<\/td>\n<\/tr>\n<tr class=\"even_row\">\n<td><strong>\ud83d\udc64 Pierre Richard Duchemin<\/strong> (Eglise Catholique)<\/td>\n<td align=\"right\">Conseiller<\/td>\n<\/tr>\n<tr>\n<td><strong>\ud83d\udc64 Josefa R. Gauthier \u2640<\/strong><\/p>\n<div style=\"color: #ff0000; margin-left: 20px;\">Membre de la soci\u00e9t\u00e9 civile, comble le vide laiss\u00e9 par le parti Fanmi Lavalas<\/div>\n<\/td>\n<td style=\"text-align: right;\">Conseiller<\/td>\n<\/tr>\n<tr class=\"even_row\">\n<td><strong>\ud83d\udc64 Louis Gerson Richeme\u00a0<\/strong>(Cour de Cassation)<\/td>\n<td style=\"text-align: right;\">Conseiller<\/td>\n<\/tr>\n<\/tbody>\n<\/table>\n<p><a name=\"conseil_2007\"><\/a><\/p>\n<h4 class=\"title_paragraf\">Conseil Electoral de 2007<a title=\"d\u00e9but de la page\" href=\"#top\"><img loading=\"lazy\" decoding=\"async\" class=\" alignright\" src=\"\/.\/images\/Hand-haut.gif\" alt=\"d\u00e9but de la page\" width=\"14\" height=\"33\" border=\"0\" \/><\/a><\/h4>\n<hr \/>\n<div style=\"padding: 5px 25px 0 25px; text-align: justify;\">\n<p>Arr\u00eat\u00e9 nommant le Conseil a \u00e9t\u00e9 publi\u00e9 11 d\u00e9cembre 2007 par le pouvoir ex\u00e9cutif.<\/p>\n<p>L&rsquo;organisation des \u00e9lections pour renouveler le tiers du S\u00e9nat dont le mandat arrive \u00e0 terme en janvier 2006 et pour combler d\u2019autres postes \u00e9lectifs vacants, fut la la mission imm\u00e9diate de ce nouveau conseil dont les membres pr\u00eat\u00e8rent le serment d&rsquo;usage le 12 d\u00e9cembre 2007.<\/p>\n<\/div>\n<table id=\"mytable\">\n<tbody>\n<tr class=\"even_row\">\n<td><strong>\ud83d\udc64 Frantz-G\u00e9rard Verret<\/strong> [Eglise catholique]<br \/>\n<span style=\"margin-left: 20px;\">\u00b1 D\u00e9c\u00e9d\u00e9 le 23 mai 2021<\/span><\/td>\n<td align=\"right\">Pr\u00e9sident<\/td>\n<\/tr>\n<tr>\n<td><strong>\ud83d\udc64 Rodol Pierre<\/strong> [secteur populaire]<\/td>\n<td align=\"right\">Vice-pr\u00e9sident<\/td>\n<\/tr>\n<tr class=\"even_row\">\n<td><strong>\ud83d\udc64 L\u00e9onel Rapha\u00ebl<\/strong> [Eglise protestante]<\/td>\n<td align=\"right\">Secr\u00e9taire g\u00e9n\u00e9ral<\/td>\n<\/tr>\n<tr>\n<td><strong>\ud83d\udc64 Gaillot Dorsainvil<\/strong> [communaut\u00e9 des handicap\u00e9s]<\/td>\n<td align=\"right\">Tr\u00e9sorier<\/td>\n<\/tr>\n<tr class=\"even_row\">\n<td><strong>\ud83d\udc64 Ginette Ch\u00e9rubin \u2640<\/strong> [organisations de femmes]<\/td>\n<td align=\"right\">Conseill\u00e8re<\/td>\n<\/tr>\n<tr>\n<td><strong>\ud83d\udc64 Jacques Belzin<\/strong> [syndicats]<\/td>\n<td align=\"right\">Comseiller<\/td>\n<\/tr>\n<tr class=\"even_row\">\n<td><strong>\ud83d\udc64 Laurette Croyance \u2640<\/strong> [Eglise \u00e9piscopale]<\/td>\n<td align=\"right\">Comseill\u00e8re<\/td>\n<\/tr>\n<tr>\n<td><strong>\ud83d\udc64 Fran\u00e7ois Jasmin<\/strong> [conseil des partis politiques]<\/td>\n<td align=\"right\">Conseiller<\/td>\n<\/tr>\n<tr class=\"even_row\">\n<td><strong>\ud83d\udc64 Ribel Pierre<\/strong> [Conseil national des partis politiques ha\u00eftiens]<\/td>\n<td align=\"right\">Conseiller<\/td>\n<\/tr>\n<\/tbody>\n<\/table>\n<div style=\"padding: 5px 25px 0 25px; text-align: justify;\">\n<p>Ce CEP organisa les s\u00e9natoriales du 19 avril et du 21 juin 2009. Bien avant, il\u00a0eut \u00e0 faire face \u00e0\u00a0une crise engendr\u00e9e par la d\u00e9cision tr\u00e8s controvers\u00e9e de rejeter le dossier de tous les candidats appartenant au Parti de la Famille Lavalas (f\u00e9vrier 2009).<\/p>\n<p>Rodol Pierre, le repr\u00e9sentant du secteur populaire et vice-pr\u00e9sident, plus tard, dans une lettre ouverte au pr\u00e9sident du CEP, accusa le conseil de falsifier les r\u00e9sultats du deuxi\u00e8me tour.<\/p>\n<\/div>\n<p><a name=\"conseil_2009\"><\/a><\/p>\n<h4 class=\"title_paragraf\">Conseil Electoral de 2009<a title=\"d\u00e9but de la page\" href=\"#top\"><img loading=\"lazy\" decoding=\"async\" class=\" alignright\" src=\"\/.\/images\/Hand-haut.gif\" alt=\"d\u00e9but de la page\" width=\"14\" height=\"33\" border=\"0\" \/><\/a><\/h4>\n<hr \/>\n<div style=\"padding: 5px 25px 0 25px; text-align: justify;\">\n<p class=\"pagetext\">L&rsquo;arr\u00eat\u00e9 nommant le Conseil de 2009 a \u00e9t\u00e9 publi\u00e9 16 octobre 2009 par le pouvoir ex\u00e9cutif.<\/p>\n<\/div>\n<table id=\"mytable\">\n<tbody>\n<tr class=\"even_row\">\n<td><strong>\ud83d\udc64 Gaillot Dorsainvil<\/strong> [communaut\u00e9 des handicap\u00e9s]<\/td>\n<td align=\"right\">Pr\u00e9sident<\/td>\n<\/tr>\n<tr>\n<td><strong>\ud83d\udc64 Jean Th\u00e9l\u00e8ve Pierre-Toussaint\u00a0<\/strong> [secteur des CASEC et ASEC]<\/td>\n<td align=\"right\">Vice-Pr\u00e9sident<\/td>\n<\/tr>\n<tr class=\"even_row\">\n<td><strong>\ud83d\udc64 Pasteur L\u00e9onel Rapha\u00ebl\u00a0<\/strong> [Eglise protestante]<\/td>\n<td align=\"right\">Secr\u00e9taire g\u00e9n\u00e9ral<\/td>\n<\/tr>\n<tr>\n<td><strong>\ud83d\udc64 Jacques Belzin\u00a0<\/strong> [syndicats]<\/td>\n<td align=\"right\">Tr\u00e9sorier<\/td>\n<\/tr>\n<tr class=\"even_row\">\n<td><strong>\ud83d\udc64 Ginette Ch\u00e9rubin \u2640<\/strong> [organisations de femmes]<\/td>\n<td align=\"right\">Conseill\u00e8re<\/td>\n<\/tr>\n<tr>\n<td><strong>\ud83d\udc64 Laurette Croyance \u2640<\/strong> [Eglise \u00e9piscopale]<\/td>\n<td align=\"right\">Conseill\u00e8re<\/td>\n<\/tr>\n<tr class=\"even_row\">\n<td><strong>\ud83d\udc64 Jean Enel D\u00e9sir\u00a0<\/strong> [Eglise catholique]<\/p>\n<div style=\"color: #ff0000; margin-left: 20px;\"><i>Forc\u00e9 de d\u00e9missionna de son poste en ao\u00fbt 2009 pour faute administrative grave, il intenta, en mars 2011, une action en justice contre tous les conseillers \u00e9lectoraux et obtint le gel de leur compte dans les banques de la place.<\/i><\/div>\n<\/td>\n<td align=\"right\">Conseiller<\/td>\n<\/tr>\n<tr>\n<td><strong>\ud83d\udc64 Ant\u00e9nor Guerrier<\/strong> [secteur vodouisant]<\/td>\n<td align=\"right\">Conseiller<\/td>\n<\/tr>\n<tr class=\"even_row\">\n<td><strong>\ud83d\udc64 Fritz Rosem\u00e9<\/strong> [convention des partis politiques]<\/td>\n<td align=\"right\">Conseiller<\/td>\n<\/tr>\n<\/tbody>\n<\/table>\n<p>&nbsp;<\/p>\n<div style=\"padding: 5px 25px 0 25px; text-align: justify;\">\n<p><img loading=\"lazy\" decoding=\"async\" class=\"alignleft wp-image-10376\" src=\"\/pages\/wp-content\/uploads\/2015\/07\/cep2010-300x229.jpg\" alt=\"cep2010\" width=\"225\" height=\"172\" srcset=\"https:\/\/www.haiti-reference.info\/pages\/wp-content\/uploads\/2015\/07\/cep2010-300x229.jpg 300w, https:\/\/www.haiti-reference.info\/pages\/wp-content\/uploads\/2015\/07\/cep2010-768x586.jpg 768w, https:\/\/www.haiti-reference.info\/pages\/wp-content\/uploads\/2015\/07\/cep2010.jpg 1024w, https:\/\/www.haiti-reference.info\/pages\/wp-content\/uploads\/2015\/07\/cep2010-150x114.jpg 150w, https:\/\/www.haiti-reference.info\/pages\/wp-content\/uploads\/2015\/07\/cep2010-500x381.jpg 500w\" sizes=\"auto, (max-width: 225px) 100vw, 225px\" \/>Ce conseil fut simplement un remaniement de celui qui organisa les l\u00e9gislatives de 2008. Ce Conseil remani\u00e9 compte quatre nouveaux membres : Jean Th\u00e9l\u00e8ve Pierre Toussaint, repr\u00e9sentant de la F\u00e9d\u00e9ration nationale des Casecs d\u2019Ha\u00efti (Fenacah) ; Jean K\u00e9nel D\u00e9sir, d\u00e9l\u00e9gu\u00e9 par l\u2019\u00c9glise catholique en remplacement de Frantz G\u00e9rard Verret ; Ribel Pierre dont la d\u00e9signation a divis\u00e9 le Conseil national des partis politiques ha\u00eftiens ; Ant\u00e9nor Guerrier, repr\u00e9sentant du secteur des vodouisants. Les membres reconduits r\u00e9pondent au nom de : Laurette Croyance (\u00c9glise \u00e9piscopale d\u2019Ha\u00efti), L\u00e9onel Rapha\u00ebl (\u00c9glise protestante), Ginette Ch\u00e9rubin (Organisations de femmes), Gaillot Dorsainvil (secteur des handicap\u00e9s), et Jacques Belzin (Coordination syndicale).<\/p>\n<p>Selon l\u2019article 2 de l\u2019arr\u00eat\u00e9 nommant les nouveaux conseillers, \u00ab\u00a0le Conseil \u00e9lectoral provisoire a pour mandat d\u2019organiser des \u00e9lections pour le renouvellement de la Chambre des d\u00e9put\u00e9s ; d&rsquo;organiser des \u00e9lections pour le renouvellement du tiers du S\u00e9nat ; d&rsquo;organiser les \u00e9lections pour combler tous autres postes vacants ou qui pourraient le devenir \u00e0 la Chambre des d\u00e9put\u00e9s et au S\u00e9nat ; d&rsquo;organiser des \u00e9lections indirectes des Assembl\u00e9es municipales et d\u00e9partementales, des Conseils d\u00e9partementaux et du Conseil interd\u00e9partemental. Ces \u00e9lections seront programm\u00e9es en tenant compte de l&rsquo;\u00e9tablissement par le Parlement du cadre l\u00e9gal relatif \u00e0 l&rsquo;organisation et au fonctionnement des Collectivit\u00e9s territoriales.\u00a0\u00bb<\/p>\n<p>Suite au tremblement de terre qui a frapp\u00e9 Haiti le 12 janvier 2010, les l\u00e9gislatives pr\u00e9vues au 28 f\u00e9vrier et 3 mars 2010 ont \u00e9t\u00e9 renvoy\u00e9es. Et le 24 juin suivant, un arr\u00eat\u00e9 pr\u00e9sidentiel \u00e9largit le mandat de ce conseil avec la mission \u00e0 organiser \u00ab\u00a0les \u00e9lections du pr\u00e9sident de la R\u00e9publique, du tiers du s\u00e9nat, des d\u00e9put\u00e9s, des Conseils municipaux, des conseils d\u2019administration des sections communales (Casecs), des Assembl\u00e9es des sections communales (Asecs) et des d\u00e9l\u00e9gu\u00e9s de ville.\u00a0\u00bb<\/p>\n<p>A la veille des \u00e9lections, ce CEP continua \u00e0 faire l&rsquo;objet de critiques diverses dont la corruption, un manque de l\u00e9gitimit\u00e9 etc&#8230; Un de ses membres, Jean Enel D\u00e9sir, accus\u00e9 de d\u00e9tournements frauduleux de fonds par ses pairs, a d\u00fb d\u00e9missionner au d\u00e9but du mois de ao\u00fbt 2009.<\/p>\n<p>Le premier tour des \u00e9lections tenu le 28 novembre 2010, fut un vrai d\u00e9sastre et exposa dans une laideur vraiment insultante l&rsquo;arrogance des conseillers et du responsable de la MINUSTAH, Edmond Mulet.<\/p>\n<p>A la suite de la proclamation des r\u00e9sultats pr\u00e9liminaires rendus publics le 7 d\u00e9cembre 2010 et qui firent de Mirlande Manigat (RDNP) et de Jude C\u00e9lestin (INITE) les deux candidats admis au second tour, des partisans de Michel Joseph Martelly manifest\u00e8rent leur d\u00e9sapprobation en manifestant violemment dans les rues des principales villes. Le CEP fut oblig\u00e9 de revoir la liste et publia, le 3 f\u00e9vrier 2010 et sans la signature de quatre conseillers, une liste d\u00e9finitive. Martelly fut rep\u00each\u00e9 et Jude C\u00e9lestin \u00e9cart\u00e9.<\/p>\n<p>Le second tour se d\u00e9roula le 20 mars. Le candidat Joseph Michel Martelly fut \u00e9lu pr\u00e9sident.<\/p>\n<\/div>\n","protected":false},"excerpt":{"rendered":"<p>Politique et gouvernement Conseil Electoral de 2004 Le CEP de 2004 (1\u00e8re \u00e9dition) compta, au d\u00e9but, huit membres, le parti Lavalas, du pr\u00e9sident Jean Bertrand Aristide refusant de se faire\u00a0repr\u00e9senter. [&hellip;]<\/p>\n","protected":false},"author":2,"featured_media":0,"parent":2955,"menu_order":5,"comment_status":"closed","ping_status":"closed","template":"","meta":{"footnotes":""},"categories":[],"class_list":["post-3688","page","type-page","status-publish","hentry"],"yoast_head":"<!-- This site is optimized with the Yoast SEO plugin v27.4 - https:\/\/yoast.com\/product\/yoast-seo-wordpress\/ -->\n<title>2640.200.- Conseils Electoraux: 2004 - 2011 &#187;<\/title>\n<meta name=\"robots\" content=\"index, follow, max-snippet:-1, max-image-preview:large, max-video-preview:-1\" \/>\n<link rel=\"canonical\" href=\"https:\/\/www.haiti-reference.info\/pages\/plan\/politique\/elections\/cep_2004\/\" \/>\n<meta property=\"og:locale\" content=\"fr_CA\" \/>\n<meta property=\"og:type\" content=\"article\" \/>\n<meta property=\"og:title\" content=\"2640.200.- Conseils Electoraux: 2004 - 2011 &#187;\" \/>\n<meta property=\"og:description\" content=\"Politique et gouvernement Conseil Electoral de 2004 Le CEP de 2004 (1\u00e8re \u00e9dition) compta, au d\u00e9but, huit membres, le parti Lavalas, du pr\u00e9sident Jean Bertrand Aristide refusant de se faire\u00a0repr\u00e9senter. [&hellip;]\" \/>\n<meta property=\"og:url\" content=\"https:\/\/www.haiti-reference.info\/pages\/plan\/politique\/elections\/cep_2004\/\" \/>\n<meta property=\"article:modified_time\" content=\"2021-12-28T22:15:34+00:00\" \/>\n<meta name=\"twitter:card\" content=\"summary_large_image\" \/>\n<meta name=\"twitter:label1\" content=\"Estimation du temps de lecture\" \/>\n\t<meta name=\"twitter:data1\" content=\"6 minutes\" \/>\n<script type=\"application\/ld+json\" class=\"yoast-schema-graph\">{\"@context\":\"https:\\\/\\\/schema.org\",\"@graph\":[{\"@type\":\"WebPage\",\"@id\":\"https:\\\/\\\/www.haiti-reference.info\\\/pages\\\/plan\\\/politique\\\/elections\\\/cep_2004\\\/\",\"url\":\"https:\\\/\\\/www.haiti-reference.info\\\/pages\\\/plan\\\/politique\\\/elections\\\/cep_2004\\\/\",\"name\":\"2640.200.- Conseils Electoraux: 2004 - 2011 &#187;\",\"isPartOf\":{\"@id\":\"https:\\\/\\\/www.haiti-reference.info\\\/pages\\\/#website\"},\"datePublished\":\"2015-07-12T15:25:55+00:00\",\"dateModified\":\"2021-12-28T22:15:34+00:00\",\"breadcrumb\":{\"@id\":\"https:\\\/\\\/www.haiti-reference.info\\\/pages\\\/plan\\\/politique\\\/elections\\\/cep_2004\\\/#breadcrumb\"},\"inLanguage\":\"fr-CA\",\"potentialAction\":[{\"@type\":\"ReadAction\",\"target\":[\"https:\\\/\\\/www.haiti-reference.info\\\/pages\\\/plan\\\/politique\\\/elections\\\/cep_2004\\\/\"]}]},{\"@type\":\"BreadcrumbList\",\"@id\":\"https:\\\/\\\/www.haiti-reference.info\\\/pages\\\/plan\\\/politique\\\/elections\\\/cep_2004\\\/#breadcrumb\",\"itemListElement\":[{\"@type\":\"ListItem\",\"position\":1,\"name\":\"Accueil\",\"item\":\"https:\\\/\\\/www.haiti-reference.info\\\/pages\\\/\"},{\"@type\":\"ListItem\",\"position\":2,\"name\":\"Structure du site\",\"item\":\"https:\\\/\\\/www.haiti-reference.info\\\/pages\\\/plan\\\/\"},{\"@type\":\"ListItem\",\"position\":3,\"name\":\"2000.- Politique et gouvernement\",\"item\":\"https:\\\/\\\/www.haiti-reference.info\\\/pages\\\/plan\\\/politique\\\/\"},{\"@type\":\"ListItem\",\"position\":4,\"name\":\"2600.- \u00c9lections\",\"item\":\"https:\\\/\\\/www.haiti-reference.info\\\/pages\\\/plan\\\/politique\\\/elections\\\/\"},{\"@type\":\"ListItem\",\"position\":5,\"name\":\"2640.200.- Conseils Electoraux: 2004 &#8211; 2011\"}]},{\"@type\":\"WebSite\",\"@id\":\"https:\\\/\\\/www.haiti-reference.info\\\/pages\\\/#website\",\"url\":\"https:\\\/\\\/www.haiti-reference.info\\\/pages\\\/\",\"name\":\"Haiti-R\u00e9f\u00e9rence\",\"description\":\"Un guide de r\u00e9f\u00e9rence\",\"publisher\":{\"@id\":\"https:\\\/\\\/www.haiti-reference.info\\\/pages\\\/#organization\"},\"potentialAction\":[{\"@type\":\"SearchAction\",\"target\":{\"@type\":\"EntryPoint\",\"urlTemplate\":\"https:\\\/\\\/www.haiti-reference.info\\\/pages\\\/?s={search_term_string}\"},\"query-input\":{\"@type\":\"PropertyValueSpecification\",\"valueRequired\":true,\"valueName\":\"search_term_string\"}}],\"inLanguage\":\"fr-CA\"},{\"@type\":\"Organization\",\"@id\":\"https:\\\/\\\/www.haiti-reference.info\\\/pages\\\/#organization\",\"name\":\"Haiti-R\u00e9f\u00e9rence\",\"url\":\"https:\\\/\\\/www.haiti-reference.info\\\/pages\\\/\",\"logo\":{\"@type\":\"ImageObject\",\"inLanguage\":\"fr-CA\",\"@id\":\"https:\\\/\\\/www.haiti-reference.info\\\/pages\\\/#\\\/schema\\\/logo\\\/image\\\/\",\"url\":\"https:\\\/\\\/www.haiti-reference.info\\\/pages\\\/wp-content\\\/uploads\\\/2016\\\/04\\\/cropped-cropped-logo_201604-8-1.png\",\"contentUrl\":\"https:\\\/\\\/www.haiti-reference.info\\\/pages\\\/wp-content\\\/uploads\\\/2016\\\/04\\\/cropped-cropped-logo_201604-8-1.png\",\"width\":338,\"height\":87,\"caption\":\"Haiti-R\u00e9f\u00e9rence\"},\"image\":{\"@id\":\"https:\\\/\\\/www.haiti-reference.info\\\/pages\\\/#\\\/schema\\\/logo\\\/image\\\/\"},\"sameAs\":[\"https:\\\/\\\/bsky.app\\\/profile\\\/haiti-reference.bsky.social\"]}]}<\/script>\n<!-- \/ Yoast SEO plugin. -->","yoast_head_json":{"title":"2640.200.- Conseils Electoraux: 2004 - 2011 &#187;","robots":{"index":"index","follow":"follow","max-snippet":"max-snippet:-1","max-image-preview":"max-image-preview:large","max-video-preview":"max-video-preview:-1"},"canonical":"https:\/\/www.haiti-reference.info\/pages\/plan\/politique\/elections\/cep_2004\/","og_locale":"fr_CA","og_type":"article","og_title":"2640.200.- Conseils Electoraux: 2004 - 2011 &#187;","og_description":"Politique et gouvernement Conseil Electoral de 2004 Le CEP de 2004 (1\u00e8re \u00e9dition) compta, au d\u00e9but, huit membres, le parti Lavalas, du pr\u00e9sident Jean Bertrand Aristide refusant de se faire\u00a0repr\u00e9senter. [&hellip;]","og_url":"https:\/\/www.haiti-reference.info\/pages\/plan\/politique\/elections\/cep_2004\/","article_modified_time":"2021-12-28T22:15:34+00:00","twitter_card":"summary_large_image","twitter_misc":{"Estimation du temps de lecture":"6 minutes"},"schema":{"@context":"https:\/\/schema.org","@graph":[{"@type":"WebPage","@id":"https:\/\/www.haiti-reference.info\/pages\/plan\/politique\/elections\/cep_2004\/","url":"https:\/\/www.haiti-reference.info\/pages\/plan\/politique\/elections\/cep_2004\/","name":"2640.200.- Conseils Electoraux: 2004 - 2011 &#187;","isPartOf":{"@id":"https:\/\/www.haiti-reference.info\/pages\/#website"},"datePublished":"2015-07-12T15:25:55+00:00","dateModified":"2021-12-28T22:15:34+00:00","breadcrumb":{"@id":"https:\/\/www.haiti-reference.info\/pages\/plan\/politique\/elections\/cep_2004\/#breadcrumb"},"inLanguage":"fr-CA","potentialAction":[{"@type":"ReadAction","target":["https:\/\/www.haiti-reference.info\/pages\/plan\/politique\/elections\/cep_2004\/"]}]},{"@type":"BreadcrumbList","@id":"https:\/\/www.haiti-reference.info\/pages\/plan\/politique\/elections\/cep_2004\/#breadcrumb","itemListElement":[{"@type":"ListItem","position":1,"name":"Accueil","item":"https:\/\/www.haiti-reference.info\/pages\/"},{"@type":"ListItem","position":2,"name":"Structure du site","item":"https:\/\/www.haiti-reference.info\/pages\/plan\/"},{"@type":"ListItem","position":3,"name":"2000.- Politique et gouvernement","item":"https:\/\/www.haiti-reference.info\/pages\/plan\/politique\/"},{"@type":"ListItem","position":4,"name":"2600.- \u00c9lections","item":"https:\/\/www.haiti-reference.info\/pages\/plan\/politique\/elections\/"},{"@type":"ListItem","position":5,"name":"2640.200.- Conseils Electoraux: 2004 &#8211; 2011"}]},{"@type":"WebSite","@id":"https:\/\/www.haiti-reference.info\/pages\/#website","url":"https:\/\/www.haiti-reference.info\/pages\/","name":"Haiti-R\u00e9f\u00e9rence","description":"Un guide de r\u00e9f\u00e9rence","publisher":{"@id":"https:\/\/www.haiti-reference.info\/pages\/#organization"},"potentialAction":[{"@type":"SearchAction","target":{"@type":"EntryPoint","urlTemplate":"https:\/\/www.haiti-reference.info\/pages\/?s={search_term_string}"},"query-input":{"@type":"PropertyValueSpecification","valueRequired":true,"valueName":"search_term_string"}}],"inLanguage":"fr-CA"},{"@type":"Organization","@id":"https:\/\/www.haiti-reference.info\/pages\/#organization","name":"Haiti-R\u00e9f\u00e9rence","url":"https:\/\/www.haiti-reference.info\/pages\/","logo":{"@type":"ImageObject","inLanguage":"fr-CA","@id":"https:\/\/www.haiti-reference.info\/pages\/#\/schema\/logo\/image\/","url":"https:\/\/www.haiti-reference.info\/pages\/wp-content\/uploads\/2016\/04\/cropped-cropped-logo_201604-8-1.png","contentUrl":"https:\/\/www.haiti-reference.info\/pages\/wp-content\/uploads\/2016\/04\/cropped-cropped-logo_201604-8-1.png","width":338,"height":87,"caption":"Haiti-R\u00e9f\u00e9rence"},"image":{"@id":"https:\/\/www.haiti-reference.info\/pages\/#\/schema\/logo\/image\/"},"sameAs":["https:\/\/bsky.app\/profile\/haiti-reference.bsky.social"]}]}},"_links":{"self":[{"href":"https:\/\/www.haiti-reference.info\/pages\/wp-json\/wp\/v2\/pages\/3688","targetHints":{"allow":["GET"]}}],"collection":[{"href":"https:\/\/www.haiti-reference.info\/pages\/wp-json\/wp\/v2\/pages"}],"about":[{"href":"https:\/\/www.haiti-reference.info\/pages\/wp-json\/wp\/v2\/types\/page"}],"author":[{"embeddable":true,"href":"https:\/\/www.haiti-reference.info\/pages\/wp-json\/wp\/v2\/users\/2"}],"replies":[{"embeddable":true,"href":"https:\/\/www.haiti-reference.info\/pages\/wp-json\/wp\/v2\/comments?post=3688"}],"version-history":[{"count":0,"href":"https:\/\/www.haiti-reference.info\/pages\/wp-json\/wp\/v2\/pages\/3688\/revisions"}],"up":[{"embeddable":true,"href":"https:\/\/www.haiti-reference.info\/pages\/wp-json\/wp\/v2\/pages\/2955"}],"wp:attachment":[{"href":"https:\/\/www.haiti-reference.info\/pages\/wp-json\/wp\/v2\/media?parent=3688"}],"wp:term":[{"taxonomy":"category","embeddable":true,"href":"https:\/\/www.haiti-reference.info\/pages\/wp-json\/wp\/v2\/categories?post=3688"}],"curies":[{"name":"wp","href":"https:\/\/api.w.org\/{rel}","templated":true}]}}