{"id":3378,"date":"2012-10-07T16:33:13","date_gmt":"2012-10-07T20:33:13","guid":{"rendered":"http:\/\/haiti-reference.com\/pages\/?page_id=3378"},"modified":"2023-02-09T14:12:58","modified_gmt":"2023-02-09T19:12:58","slug":"telephonique","status":"publish","type":"page","link":"https:\/\/www.haiti-reference.info\/pages\/plan\/geographie-et-tourisme\/communication\/telephonique\/","title":{"rendered":"7420.- Communication t\u00e9l\u00e9phonique"},"content":{"rendered":"<p class=\"img_category\"><a title=\"Classification\" href=\"\/pages\/plan\/geographie-et-tourisme\/\"><img decoding=\"async\" src=\"\/.\/images\/legendes\/category_art.jpg\" alt=\"Classification\" \/>\u00a0G\u00e9ographie et tourisme<\/a><\/p>\n<h4 id=\"numeros\" class=\"title_paragraf\">Num\u00e9ros Importants en Haiti:<\/h4>\n<hr \/>\n<table id=\"table_separate\">\n<tbody>\n<tr>\n<td valign=\"top\" width=\"70%\">Ambulance (Croix-Rouge Ha\u00eftienne):<\/td>\n<td align=\"right\" valign=\"top\" width=\"30%\">118<\/td>\n<\/tr>\n<tr>\n<td>Assistance m\u00e9dicale:<\/td>\n<td align=\"right\">116<\/td>\n<\/tr>\n<tr>\n<td>Brigade de Protection des Mineurs (BPM):<\/td>\n<td align=\"right\">188<\/td>\n<\/tr>\n<tr>\n<td>Digicel (Information):<\/td>\n<td align=\"right\">111<\/td>\n<\/tr>\n<tr>\n<td>Electricit\u00e9 d&rsquo;Haiti:<\/td>\n<td align=\"right\">117; 2212-2212<\/td>\n<\/tr>\n<tr>\n<td>NatCom (Information):<\/td>\n<td align=\"right\">110<\/td>\n<\/tr>\n<tr>\n<td>Police:<\/td>\n<td align=\"right\">112; 114; 122<\/td>\n<\/tr>\n<tr>\n<td>Pompiers:<\/td>\n<td align=\"right\">115; 2945-1111<\/td>\n<\/tr>\n<tr>\n<td>Pour reporter une brutalit\u00e9 polici\u00e8re:<\/td>\n<td align=\"right\">2 259-1111<br \/>\n2 260-1111<\/td>\n<\/tr>\n<\/tbody>\n<\/table>\n<h4 id=\"operateurs\" class=\"title_paragraf\">Op\u00e9rateurs de t\u00e9l\u00e9phone:<\/h4>\n<hr \/>\n<ul class=\"indent-bullet\">\n<li>\n<h5><span style=\"color: #800000;\">Digicel:<\/span><\/h5>\n<ul class=\"\u00efndent-bullet\">\n<li>151 Angle Avenue Jean Paul II<br \/>\n&amp; Impasse Duverger<br \/>\nPort-au-Prince, Ha\u00efti<br \/>\n&#8212;-<br \/>\nPO BOX 15516<br \/>\nPort-au-Prince, Ha\u00efti<br \/>\n&#8212;<br \/>\nTel. : 37.11.34.44; 1-866-461-3444 (des des Etats-Unis)<\/li>\n<li><b>Indicatif:<\/b>\n<ul class=\"\u00efndent-bullet\">\n<li>Mobile: (509) 281, (509) 31, (509) 34, (509) 36, (509) 37, (509) 38, (509) 39, (509) 46, (509) 47, (509) 48<\/li>\n<\/ul>\n<\/li>\n<\/ul>\n<\/li>\n<li>\n<h5><span style=\"color: #800000;\">NatCOM:<\/span><\/h5>\n<ul class=\"\u00efndent-bullet\">\n<li>Angle Avenue Martin Lutherking<br \/>\n&amp; Rue Fernand<br \/>\n(Pont-Morin)<br \/>\nPort-au-Prince, Haiti<br \/>\n&#8212;<br \/>\nT\u00e9l.: 22.22.88.88 ou 110 (\u00e0 partir d&rsquo;un mobile)<\/li>\n<li><b>Indicatif:<\/b>\n<ul class=\"\u00efndent-bullet\">\n<li>Fixe: (509) 22, (509) 35, (509) 55<\/li>\n<li>Mobile: (509) 32, (509) 33, (509) 40, (509) 41, (509) 42, (509) 43<\/li>\n<\/ul>\n<\/li>\n<\/ul>\n<\/li>\n<\/ul>\n<h4 id=\"\" class=\"title_paragraf\">Appeler un pays \u00e9tranger d&rsquo;Haiti:<\/h4>\n<hr \/>\n<p style=\"padding-left: 30px; text-align: justify;\">Pour appeler un pays \u00e9tranger d&rsquo;Haiti, il faudra connaitre, autre que le num\u00e9ro de t\u00e9l\u00e9phone de votre correspondant(e), le code du pays que vous voudriez rejoindre et, \u00e9ventuellement, celui de la municipalit\u00e9 ou de la ville o\u00f9 r\u00e9side votre correspondant(e).<\/p>\n<p style=\"padding-left: 30px;\">Par exemple, le code des Etats-Unis et du Canada est 1, celui de la France 33, de l&rsquo;Italie 39, du Royaume-Uni 44 (voir la liste ci-dessous).<\/p>\n<ul class=\"indent-bullet\">\n<li style=\"list-style-type: none;\">\n<ul class=\"indent-bullet\">\n<li>Composer le 00 suivi de l\u2019indicatif du pays;<\/li>\n<li>Composer l&rsquo;indicatif de la r\u00e9gion ou de la ville si n\u00e9cessaire;<\/li>\n<li>Former le num\u00e9ro de votre correspondant(e) \u00e9tranger.<\/li>\n<\/ul>\n<\/li>\n<\/ul>\n<p style=\"padding-left: 70px;\">.- Exemples:<\/p>\n<ul class=\"indent-bullet\">\n<li style=\"list-style-type: none;\">\n<ul class=\"\u00efndent-bullet\">\n<li>Pour appeler les USA, le Canada, la R\u00e9publique Dominicaine:\n<ul class=\"\u00efndent-bullet\">\n<li>00 + 1 + (***) ***-****<\/li>\n<\/ul>\n<\/li>\n<li>Pour appeler la France\n<ul class=\"\u00efndent-bullet\">\n<li>00 + 33 + (*) ** *** ***<\/li>\n<\/ul>\n<\/li>\n<li>Pour appeler le Mexique:\n<ul class=\"\u00efndent-bullet\">\n<li>00 + 52 + (***) ***-****<\/li>\n<\/ul>\n<\/li>\n<li>Pour appeler la Martinique:\n<ul class=\"indent-bullet\">\n<li>00 + 596 + ***-**** (t\u00e9l\u00e9phone fixe)<\/li>\n<li>00 + 696 + *** **** (t\u00e9l\u00e9phone mobile)<\/li>\n<\/ul>\n<\/li>\n<\/ul>\n<\/li>\n<\/ul>\n<h4 id=\"indic_pays\" class=\"title_paragraf\">Indicatifs des pays (liste partielle):<\/h4>\n<hr \/>\n<table id=\"table_separate\">\n<tbody>\n<tr>\n<td width=\"70%\">Afrique du Sud<\/td>\n<td align=\"right\" width=\"30%\">27<\/td>\n<\/tr>\n<tr>\n<td width=\"70%\">Allemagne<\/td>\n<td align=\"right\" width=\"30%\">49<\/td>\n<\/tr>\n<tr>\n<td width=\"70%\">Argentine<\/td>\n<td align=\"right\" width=\"30%\">5449<\/td>\n<\/tr>\n<tr>\n<td width=\"70%\">Bahamas<\/td>\n<td align=\"right\" width=\"30%\">1<\/td>\n<\/tr>\n<tr>\n<td width=\"70%\">Belgique<\/td>\n<td align=\"right\" width=\"30%\">32<\/td>\n<\/tr>\n<tr>\n<td width=\"70%\">Bolivie<\/td>\n<td align=\"right\" width=\"30%\">591<\/td>\n<\/tr>\n<tr>\n<td width=\"70%\">Br\u00e9sil<\/td>\n<td align=\"right\" width=\"30%\">55<\/td>\n<\/tr>\n<tr>\n<td width=\"70%\">Cameroun<\/td>\n<td align=\"right\" width=\"30%\">237<\/td>\n<\/tr>\n<tr>\n<td width=\"70%\">Canada<\/td>\n<td align=\"right\" width=\"30%\">1<\/td>\n<\/tr>\n<tr>\n<td width=\"70%\">Chili<\/td>\n<td align=\"right\" width=\"30%\">56<\/td>\n<\/tr>\n<tr>\n<td width=\"70%\">Colombie<\/td>\n<td align=\"right\" width=\"30%\">57<\/td>\n<\/tr>\n<tr>\n<td width=\"70%\">Cuba<\/td>\n<td align=\"right\" width=\"30%\">53<\/td>\n<\/tr>\n<tr>\n<td width=\"70%\">\u00c9quateur<\/td>\n<td align=\"right\" width=\"30%\">593<\/td>\n<\/tr>\n<tr>\n<td width=\"70%\">Espagne<\/td>\n<td align=\"right\" width=\"30%\">34<\/td>\n<\/tr>\n<tr>\n<td width=\"70%\">\u00c9tats-Unis<\/td>\n<td align=\"right\" width=\"30%\">1<\/td>\n<\/tr>\n<tr>\n<td width=\"70%\">Israel<\/td>\n<td align=\"right\" width=\"30%\">972<\/td>\n<\/tr>\n<tr>\n<td width=\"70%\">Italie<\/td>\n<td align=\"right\" width=\"30%\">39<\/td>\n<\/tr>\n<tr>\n<td width=\"70%\">Jamaique<\/td>\n<td align=\"right\" width=\"30%\">1<\/td>\n<\/tr>\n<tr>\n<td width=\"70%\">Japon<\/td>\n<td align=\"right\" width=\"30%\">81<\/td>\n<\/tr>\n<tr>\n<td width=\"70%\">Mexique<\/td>\n<td align=\"right\" width=\"30%\">52<\/td>\n<\/tr>\n<tr>\n<td width=\"70%\">Panama<\/td>\n<td align=\"right\" width=\"30%\">507<\/td>\n<\/tr>\n<tr>\n<td width=\"70%\">Paraguay<\/td>\n<td align=\"right\" width=\"30%\">595<\/td>\n<\/tr>\n<tr>\n<td width=\"70%\">Pays-Bas<\/td>\n<td align=\"right\" width=\"30%\">31<\/td>\n<\/tr>\n<tr>\n<td width=\"70%\">Perou<\/td>\n<td align=\"right\" width=\"30%\">51<\/td>\n<\/tr>\n<tr>\n<td width=\"70%\">Porto Rico<\/td>\n<td align=\"right\" width=\"30%\">1<\/td>\n<\/tr>\n<tr>\n<td width=\"70%\">R\u00e9publique Dominicaine<\/td>\n<td align=\"right\" width=\"30%\">1<\/td>\n<\/tr>\n<tr>\n<td width=\"70%\">Royaume Uni<\/td>\n<td align=\"right\" width=\"30%\">44<\/td>\n<\/tr>\n<tr>\n<td width=\"70%\">S\u00e9n\u00e9gal<\/td>\n<td align=\"right\" width=\"30%\">221<\/td>\n<\/tr>\n<tr>\n<td width=\"70%\">Suisse<\/td>\n<td align=\"right\" width=\"30%\">41<\/td>\n<\/tr>\n<tr>\n<td width=\"70%\">Uruguay<\/td>\n<td align=\"right\" width=\"30%\">598<\/td>\n<\/tr>\n<tr>\n<td width=\"70%\">Venezu\u00e9la<\/td>\n<td align=\"right\" width=\"30%\">58<\/td>\n<\/tr>\n<\/tbody>\n<\/table>\n<h4 id=\"appeler_haiti\" class=\"title_paragraf\">Appeler Haiti de l&rsquo;\u00e9tranger:<\/h4>\n<hr \/>\n<p style=\"padding-left: 30px;\"><b>Pour appeler Haiti de l\u2019\u00e9tranger (exception: les \u00c9tats-Unis, le Canada, la R\u00e9publique Dominicaine):<\/b><\/p>\n<ul>\n<li style=\"list-style-type: none;\">\n<ul class=\"indent-bullet\">\n<li>Composer le 00<\/li>\n<li>Composer l\u2019indicatif d&rsquo;Haiti, le 509<\/li>\n<li>Former le num\u00e9ro de votre correspondant(e) en Haiti (8 chiffres)<\/li>\n<\/ul>\n<\/li>\n<\/ul>\n<p style=\"padding-left: 20px;\"><strong><span style=\"color: #ff0000;\">.- Exemples:<\/span><\/strong><\/p>\n<ul class=\"indent-bullet\">\n<li style=\"list-style-type: none;\">\n<ul class=\"indent-bullet\">\n<li>00 + 509 + 2*** **** (t\u00e9l\u00e9phone fixe)<\/li>\n<li>00 + 509 + 3*** **** (t\u00e9l\u00e9phone mobile)<\/li>\n<\/ul>\n<\/li>\n<\/ul>\n<p style=\"padding-left: 30px;\"><b>Pour appeler Haiti des \u00a0\u00c9tats-Unis, du\u00a0Canada, de\u00a0la R\u00e9publique Dominicaine\u00a0:<\/b><\/p>\n<ul class=\"indent-bullet\">\n<li style=\"list-style-type: none;\">\n<ul class=\"indent-bullet\">\n<li>Composer le 011<\/li>\n<li>Composer l\u2019indicatif d&rsquo;Haiti, le 509<\/li>\n<li>Former le num\u00e9ro de votre correspondant(e) en Haiti (8 chiffres)<\/li>\n<\/ul>\n<\/li>\n<\/ul>\n<p style=\"padding-left: 20px;\"><strong><span style=\"color: #ff0000;\">.- Exemples<\/span>:<\/strong><\/p>\n<ul class=\"indent-bullet\">\n<li style=\"list-style-type: none;\">\n<ul class=\"indent-bullet\">\n<li>011 + 509 + 2* ** ** ** (t\u00e9l\u00e9phone fixe)<\/li>\n<li>011 + 509 + 3* ** ** ** (t\u00e9l\u00e9phone mobile)<\/li>\n<\/ul>\n<\/li>\n<\/ul>\n<p><!--Bas de la page--><\/p>\n","protected":false},"excerpt":{"rendered":"<p>\u00a0G\u00e9ographie et tourisme Num\u00e9ros Importants en Haiti: Ambulance (Croix-Rouge Ha\u00eftienne): 118 Assistance m\u00e9dicale: 116 Brigade de Protection des Mineurs (BPM): 188 Digicel (Information): 111 Electricit\u00e9 d&rsquo;Haiti: 117; 2212-2212 NatCom (Information): [&hellip;]<\/p>\n","protected":false},"author":1,"featured_media":42741,"parent":6239,"menu_order":2,"comment_status":"closed","ping_status":"closed","template":"","meta":{"footnotes":""},"categories":[],"class_list":["post-3378","page","type-page","status-publish","has-post-thumbnail","hentry"],"yoast_head":"<!-- This site is optimized with the Yoast SEO plugin v27.4 - https:\/\/yoast.com\/product\/yoast-seo-wordpress\/ -->\n<title>7420.- Communication t\u00e9l\u00e9phonique &#187;<\/title>\n<meta name=\"robots\" content=\"index, follow, max-snippet:-1, max-image-preview:large, max-video-preview:-1\" \/>\n<link rel=\"canonical\" href=\"https:\/\/www.haiti-reference.info\/pages\/plan\/geographie-et-tourisme\/communication\/telephonique\/\" \/>\n<meta property=\"og:locale\" content=\"fr_CA\" \/>\n<meta property=\"og:type\" content=\"article\" \/>\n<meta property=\"og:title\" content=\"7420.- Communication t\u00e9l\u00e9phonique &#187;\" \/>\n<meta property=\"og:description\" content=\"\u00a0G\u00e9ographie et tourisme Num\u00e9ros Importants en Haiti: Ambulance (Croix-Rouge Ha\u00eftienne): 118 Assistance m\u00e9dicale: 116 Brigade de Protection des Mineurs (BPM): 188 Digicel (Information): 111 Electricit\u00e9 d&rsquo;Haiti: 117; 2212-2212 NatCom (Information): [&hellip;]\" \/>\n<meta property=\"og:url\" content=\"https:\/\/www.haiti-reference.info\/pages\/plan\/geographie-et-tourisme\/communication\/telephonique\/\" \/>\n<meta property=\"article:modified_time\" content=\"2023-02-09T19:12:58+00:00\" \/>\n<meta property=\"og:image\" content=\"https:\/\/www.haiti-reference.info\/pages\/wp-content\/uploads\/2023\/02\/telephone_featured.jpg\" \/>\n\t<meta property=\"og:image:width\" content=\"2121\" \/>\n\t<meta property=\"og:image:height\" content=\"1058\" \/>\n\t<meta property=\"og:image:type\" content=\"image\/jpeg\" \/>\n<meta name=\"twitter:card\" content=\"summary_large_image\" \/>\n<meta name=\"twitter:label1\" content=\"Estimation du temps de lecture\" \/>\n\t<meta name=\"twitter:data1\" content=\"2 minutes\" \/>\n<script type=\"application\/ld+json\" class=\"yoast-schema-graph\">{\"@context\":\"https:\\\/\\\/schema.org\",\"@graph\":[{\"@type\":\"WebPage\",\"@id\":\"https:\\\/\\\/www.haiti-reference.info\\\/pages\\\/plan\\\/geographie-et-tourisme\\\/communication\\\/telephonique\\\/\",\"url\":\"https:\\\/\\\/www.haiti-reference.info\\\/pages\\\/plan\\\/geographie-et-tourisme\\\/communication\\\/telephonique\\\/\",\"name\":\"7420.- Communication t\u00e9l\u00e9phonique &#187;\",\"isPartOf\":{\"@id\":\"https:\\\/\\\/www.haiti-reference.info\\\/pages\\\/#website\"},\"primaryImageOfPage\":{\"@id\":\"https:\\\/\\\/www.haiti-reference.info\\\/pages\\\/plan\\\/geographie-et-tourisme\\\/communication\\\/telephonique\\\/#primaryimage\"},\"image\":{\"@id\":\"https:\\\/\\\/www.haiti-reference.info\\\/pages\\\/plan\\\/geographie-et-tourisme\\\/communication\\\/telephonique\\\/#primaryimage\"},\"thumbnailUrl\":\"https:\\\/\\\/www.haiti-reference.info\\\/pages\\\/wp-content\\\/uploads\\\/2023\\\/02\\\/telephone_featured.jpg\",\"datePublished\":\"2012-10-07T20:33:13+00:00\",\"dateModified\":\"2023-02-09T19:12:58+00:00\",\"breadcrumb\":{\"@id\":\"https:\\\/\\\/www.haiti-reference.info\\\/pages\\\/plan\\\/geographie-et-tourisme\\\/communication\\\/telephonique\\\/#breadcrumb\"},\"inLanguage\":\"fr-CA\",\"potentialAction\":[{\"@type\":\"ReadAction\",\"target\":[\"https:\\\/\\\/www.haiti-reference.info\\\/pages\\\/plan\\\/geographie-et-tourisme\\\/communication\\\/telephonique\\\/\"]}]},{\"@type\":\"ImageObject\",\"inLanguage\":\"fr-CA\",\"@id\":\"https:\\\/\\\/www.haiti-reference.info\\\/pages\\\/plan\\\/geographie-et-tourisme\\\/communication\\\/telephonique\\\/#primaryimage\",\"url\":\"https:\\\/\\\/www.haiti-reference.info\\\/pages\\\/wp-content\\\/uploads\\\/2023\\\/02\\\/telephone_featured.jpg\",\"contentUrl\":\"https:\\\/\\\/www.haiti-reference.info\\\/pages\\\/wp-content\\\/uploads\\\/2023\\\/02\\\/telephone_featured.jpg\",\"width\":2121,\"height\":1058},{\"@type\":\"BreadcrumbList\",\"@id\":\"https:\\\/\\\/www.haiti-reference.info\\\/pages\\\/plan\\\/geographie-et-tourisme\\\/communication\\\/telephonique\\\/#breadcrumb\",\"itemListElement\":[{\"@type\":\"ListItem\",\"position\":1,\"name\":\"Accueil\",\"item\":\"https:\\\/\\\/www.haiti-reference.info\\\/pages\\\/\"},{\"@type\":\"ListItem\",\"position\":2,\"name\":\"Structure du site\",\"item\":\"https:\\\/\\\/www.haiti-reference.info\\\/pages\\\/plan\\\/\"},{\"@type\":\"ListItem\",\"position\":3,\"name\":\"7000.- G\u00e9ographie et tourisme\",\"item\":\"https:\\\/\\\/www.haiti-reference.info\\\/pages\\\/plan\\\/geographie-et-tourisme\\\/\"},{\"@type\":\"ListItem\",\"position\":4,\"name\":\"7400.- Communication\",\"item\":\"https:\\\/\\\/www.haiti-reference.info\\\/pages\\\/plan\\\/geographie-et-tourisme\\\/communication\\\/\"},{\"@type\":\"ListItem\",\"position\":5,\"name\":\"7420.- Communication t\u00e9l\u00e9phonique\"}]},{\"@type\":\"WebSite\",\"@id\":\"https:\\\/\\\/www.haiti-reference.info\\\/pages\\\/#website\",\"url\":\"https:\\\/\\\/www.haiti-reference.info\\\/pages\\\/\",\"name\":\"Haiti-R\u00e9f\u00e9rence\",\"description\":\"Un guide de r\u00e9f\u00e9rence\",\"publisher\":{\"@id\":\"https:\\\/\\\/www.haiti-reference.info\\\/pages\\\/#organization\"},\"potentialAction\":[{\"@type\":\"SearchAction\",\"target\":{\"@type\":\"EntryPoint\",\"urlTemplate\":\"https:\\\/\\\/www.haiti-reference.info\\\/pages\\\/?s={search_term_string}\"},\"query-input\":{\"@type\":\"PropertyValueSpecification\",\"valueRequired\":true,\"valueName\":\"search_term_string\"}}],\"inLanguage\":\"fr-CA\"},{\"@type\":\"Organization\",\"@id\":\"https:\\\/\\\/www.haiti-reference.info\\\/pages\\\/#organization\",\"name\":\"Haiti-R\u00e9f\u00e9rence\",\"url\":\"https:\\\/\\\/www.haiti-reference.info\\\/pages\\\/\",\"logo\":{\"@type\":\"ImageObject\",\"inLanguage\":\"fr-CA\",\"@id\":\"https:\\\/\\\/www.haiti-reference.info\\\/pages\\\/#\\\/schema\\\/logo\\\/image\\\/\",\"url\":\"https:\\\/\\\/www.haiti-reference.info\\\/pages\\\/wp-content\\\/uploads\\\/2016\\\/04\\\/cropped-cropped-logo_201604-8-1.png\",\"contentUrl\":\"https:\\\/\\\/www.haiti-reference.info\\\/pages\\\/wp-content\\\/uploads\\\/2016\\\/04\\\/cropped-cropped-logo_201604-8-1.png\",\"width\":338,\"height\":87,\"caption\":\"Haiti-R\u00e9f\u00e9rence\"},\"image\":{\"@id\":\"https:\\\/\\\/www.haiti-reference.info\\\/pages\\\/#\\\/schema\\\/logo\\\/image\\\/\"},\"sameAs\":[\"https:\\\/\\\/bsky.app\\\/profile\\\/haiti-reference.bsky.social\"]}]}<\/script>\n<!-- \/ Yoast SEO plugin. -->","yoast_head_json":{"title":"7420.- Communication t\u00e9l\u00e9phonique &#187;","robots":{"index":"index","follow":"follow","max-snippet":"max-snippet:-1","max-image-preview":"max-image-preview:large","max-video-preview":"max-video-preview:-1"},"canonical":"https:\/\/www.haiti-reference.info\/pages\/plan\/geographie-et-tourisme\/communication\/telephonique\/","og_locale":"fr_CA","og_type":"article","og_title":"7420.- Communication t\u00e9l\u00e9phonique &#187;","og_description":"\u00a0G\u00e9ographie et tourisme Num\u00e9ros Importants en Haiti: Ambulance (Croix-Rouge Ha\u00eftienne): 118 Assistance m\u00e9dicale: 116 Brigade de Protection des Mineurs (BPM): 188 Digicel (Information): 111 Electricit\u00e9 d&rsquo;Haiti: 117; 2212-2212 NatCom (Information): [&hellip;]","og_url":"https:\/\/www.haiti-reference.info\/pages\/plan\/geographie-et-tourisme\/communication\/telephonique\/","article_modified_time":"2023-02-09T19:12:58+00:00","og_image":[{"width":2121,"height":1058,"url":"https:\/\/www.haiti-reference.info\/pages\/wp-content\/uploads\/2023\/02\/telephone_featured.jpg","type":"image\/jpeg"}],"twitter_card":"summary_large_image","twitter_misc":{"Estimation du temps de lecture":"2 minutes"},"schema":{"@context":"https:\/\/schema.org","@graph":[{"@type":"WebPage","@id":"https:\/\/www.haiti-reference.info\/pages\/plan\/geographie-et-tourisme\/communication\/telephonique\/","url":"https:\/\/www.haiti-reference.info\/pages\/plan\/geographie-et-tourisme\/communication\/telephonique\/","name":"7420.- Communication t\u00e9l\u00e9phonique &#187;","isPartOf":{"@id":"https:\/\/www.haiti-reference.info\/pages\/#website"},"primaryImageOfPage":{"@id":"https:\/\/www.haiti-reference.info\/pages\/plan\/geographie-et-tourisme\/communication\/telephonique\/#primaryimage"},"image":{"@id":"https:\/\/www.haiti-reference.info\/pages\/plan\/geographie-et-tourisme\/communication\/telephonique\/#primaryimage"},"thumbnailUrl":"https:\/\/www.haiti-reference.info\/pages\/wp-content\/uploads\/2023\/02\/telephone_featured.jpg","datePublished":"2012-10-07T20:33:13+00:00","dateModified":"2023-02-09T19:12:58+00:00","breadcrumb":{"@id":"https:\/\/www.haiti-reference.info\/pages\/plan\/geographie-et-tourisme\/communication\/telephonique\/#breadcrumb"},"inLanguage":"fr-CA","potentialAction":[{"@type":"ReadAction","target":["https:\/\/www.haiti-reference.info\/pages\/plan\/geographie-et-tourisme\/communication\/telephonique\/"]}]},{"@type":"ImageObject","inLanguage":"fr-CA","@id":"https:\/\/www.haiti-reference.info\/pages\/plan\/geographie-et-tourisme\/communication\/telephonique\/#primaryimage","url":"https:\/\/www.haiti-reference.info\/pages\/wp-content\/uploads\/2023\/02\/telephone_featured.jpg","contentUrl":"https:\/\/www.haiti-reference.info\/pages\/wp-content\/uploads\/2023\/02\/telephone_featured.jpg","width":2121,"height":1058},{"@type":"BreadcrumbList","@id":"https:\/\/www.haiti-reference.info\/pages\/plan\/geographie-et-tourisme\/communication\/telephonique\/#breadcrumb","itemListElement":[{"@type":"ListItem","position":1,"name":"Accueil","item":"https:\/\/www.haiti-reference.info\/pages\/"},{"@type":"ListItem","position":2,"name":"Structure du site","item":"https:\/\/www.haiti-reference.info\/pages\/plan\/"},{"@type":"ListItem","position":3,"name":"7000.- G\u00e9ographie et tourisme","item":"https:\/\/www.haiti-reference.info\/pages\/plan\/geographie-et-tourisme\/"},{"@type":"ListItem","position":4,"name":"7400.- Communication","item":"https:\/\/www.haiti-reference.info\/pages\/plan\/geographie-et-tourisme\/communication\/"},{"@type":"ListItem","position":5,"name":"7420.- Communication t\u00e9l\u00e9phonique"}]},{"@type":"WebSite","@id":"https:\/\/www.haiti-reference.info\/pages\/#website","url":"https:\/\/www.haiti-reference.info\/pages\/","name":"Haiti-R\u00e9f\u00e9rence","description":"Un guide de r\u00e9f\u00e9rence","publisher":{"@id":"https:\/\/www.haiti-reference.info\/pages\/#organization"},"potentialAction":[{"@type":"SearchAction","target":{"@type":"EntryPoint","urlTemplate":"https:\/\/www.haiti-reference.info\/pages\/?s={search_term_string}"},"query-input":{"@type":"PropertyValueSpecification","valueRequired":true,"valueName":"search_term_string"}}],"inLanguage":"fr-CA"},{"@type":"Organization","@id":"https:\/\/www.haiti-reference.info\/pages\/#organization","name":"Haiti-R\u00e9f\u00e9rence","url":"https:\/\/www.haiti-reference.info\/pages\/","logo":{"@type":"ImageObject","inLanguage":"fr-CA","@id":"https:\/\/www.haiti-reference.info\/pages\/#\/schema\/logo\/image\/","url":"https:\/\/www.haiti-reference.info\/pages\/wp-content\/uploads\/2016\/04\/cropped-cropped-logo_201604-8-1.png","contentUrl":"https:\/\/www.haiti-reference.info\/pages\/wp-content\/uploads\/2016\/04\/cropped-cropped-logo_201604-8-1.png","width":338,"height":87,"caption":"Haiti-R\u00e9f\u00e9rence"},"image":{"@id":"https:\/\/www.haiti-reference.info\/pages\/#\/schema\/logo\/image\/"},"sameAs":["https:\/\/bsky.app\/profile\/haiti-reference.bsky.social"]}]}},"_links":{"self":[{"href":"https:\/\/www.haiti-reference.info\/pages\/wp-json\/wp\/v2\/pages\/3378","targetHints":{"allow":["GET"]}}],"collection":[{"href":"https:\/\/www.haiti-reference.info\/pages\/wp-json\/wp\/v2\/pages"}],"about":[{"href":"https:\/\/www.haiti-reference.info\/pages\/wp-json\/wp\/v2\/types\/page"}],"author":[{"embeddable":true,"href":"https:\/\/www.haiti-reference.info\/pages\/wp-json\/wp\/v2\/users\/1"}],"replies":[{"embeddable":true,"href":"https:\/\/www.haiti-reference.info\/pages\/wp-json\/wp\/v2\/comments?post=3378"}],"version-history":[{"count":0,"href":"https:\/\/www.haiti-reference.info\/pages\/wp-json\/wp\/v2\/pages\/3378\/revisions"}],"up":[{"embeddable":true,"href":"https:\/\/www.haiti-reference.info\/pages\/wp-json\/wp\/v2\/pages\/6239"}],"wp:featuredmedia":[{"embeddable":true,"href":"https:\/\/www.haiti-reference.info\/pages\/wp-json\/wp\/v2\/media\/42741"}],"wp:attachment":[{"href":"https:\/\/www.haiti-reference.info\/pages\/wp-json\/wp\/v2\/media?parent=3378"}],"wp:term":[{"taxonomy":"category","embeddable":true,"href":"https:\/\/www.haiti-reference.info\/pages\/wp-json\/wp\/v2\/categories?post=3378"}],"curies":[{"name":"wp","href":"https:\/\/api.w.org\/{rel}","templated":true}]}}