{"id":32138,"date":"2020-07-15T13:08:52","date_gmt":"2020-07-15T17:08:52","guid":{"rendered":"https:\/\/www.haiti-reference.com\/pages\/?page_id=32138"},"modified":"2026-02-16T10:49:55","modified_gmt":"2026-02-16T15:49:55","slug":"pnh","status":"publish","type":"page","link":"https:\/\/www.haiti-reference.info\/pages\/plan\/histoire-et-societe\/forces-de-securite\/pnh\/","title":{"rendered":"6620.- Police Nationale d&rsquo;Haiti"},"content":{"rendered":"<p class=\"img_category\"><a title=\"Classification\" href=\"\/pages\/plan\/histoire-et-societe\/\"><img decoding=\"async\" src=\"\/.\/images\/legendes\/category_art.jpg\" alt=\"Classification\" \/> Histoire et Soci\u00e9t\u00e9<\/a><\/p>\n<p><img loading=\"lazy\" decoding=\"async\" class=\"aligncenter\" src=\"\/pages\/wp-content\/uploads\/2016\/05\/police2016.png\" alt=\"Logo de la Police Nationale\" width=\"849\" height=\"266\" \/><\/p>\n<h4 class=\"title_paragraf\">Les D\u00e9buts<\/h4>\n<hr \/>\n<div class=\"indent-both\">\n<p>La Police Nationale d&rsquo;Haiti devint une force de s\u00e9curit\u00e9 et de protection ind\u00e9pendante en 1994 suite \u00e0 la publication de la loi du 29 novembre par le pr\u00e9sident Jean Bertrand Aristide. Elle fut, jusqu&rsquo;\u00e0 cette date, partie int\u00e9grante des Forces Arm\u00e9es d&rsquo;Haiti (FAdH) qui furent alors d\u00e9mobilis\u00e9es. Une force de police int\u00e9rimaire dirig\u00e9e alors par Dany Toussaint, un major des FAdH, fut mise sur pied. Elle \u00e9tait compos\u00e9e de soldats de l&rsquo;arm\u00e9e d\u00e9mobilis\u00e9e.<\/p>\n<p><img loading=\"lazy\" decoding=\"async\" class=\"alignleft size-medium wp-image-46607\" src=\"https:\/\/www.haiti-reference.info\/pages\/wp-content\/uploads\/2023\/12\/Logo_de_la_PNH-300x300.jpg\" alt=\"Logo de la Police Nationale d'Haiti\" width=\"250\" height=\"250\" srcset=\"https:\/\/www.haiti-reference.info\/pages\/wp-content\/uploads\/2023\/12\/Logo_de_la_PNH-300x300.jpg 300w, https:\/\/www.haiti-reference.info\/pages\/wp-content\/uploads\/2023\/12\/Logo_de_la_PNH-500x500.jpg 500w, https:\/\/www.haiti-reference.info\/pages\/wp-content\/uploads\/2023\/12\/Logo_de_la_PNH-150x150.jpg 150w, https:\/\/www.haiti-reference.info\/pages\/wp-content\/uploads\/2023\/12\/Logo_de_la_PNH-70x70.jpg 70w, https:\/\/www.haiti-reference.info\/pages\/wp-content\/uploads\/2023\/12\/Logo_de_la_PNH-120x120.jpg 120w, https:\/\/www.haiti-reference.info\/pages\/wp-content\/uploads\/2023\/12\/Logo_de_la_PNH.jpg 600w\" sizes=\"auto, (max-width: 250px) 100vw, 250px\" \/>Entretemps, une acad\u00e9mie fut cr\u00e9\u00e9e et l&rsquo;inscription des nouveaux cadets eut lieu en janvier 1995. La formation des nouveaux recrus \u00e9tait assur\u00e9e par les membres d&rsquo;une agence du D\u00e9partement de la justice am\u00e9ricain connu sous le nom de \u00ab\u00a0Institute for Criminal Investigative Assistance Programme\u00a0\u00bb (ICITAP). Les premiers policiers sortis de cette acad\u00e9mie furent d\u00e9ploy\u00e9s au mois de juin suivant. Un d\u00e9cret du gouvernement publi\u00e9 en d\u00e9cembre 1996, avait dissous la force int\u00e9rimaire et recommand\u00e9 l&rsquo;int\u00e9gration de certains de ses membres dans la nouvelle force. D\u00e8s lors la PNH, qui furent assist\u00e9e par les diff\u00e9rentes missions des Nations-Unies en Haiti \u00e0 travers les ans, demeura la seule force de s\u00e9curit\u00e9 et protection haitienne sur le territoire jusqu&rsquo;\u00e0 la remobilisation de l&rsquo;arm\u00e9e en 2017.<\/p>\n<p>Au d\u00e9but, La PNH \u00e9tait vue avec un certain soulagement de la part de la population, parce que celle-ci voyait en elle, une jeune institution presque enti\u00e8rement constitu\u00e9e de citoyens d\u00e9pourvus d&rsquo;un long pass\u00e9 militaire et encore non-associ\u00e9s aux violations de droits humains.<\/p>\n<\/div>\n<h4 class=\"title_paragraf\">Les Structures de la PNH<\/h4>\n<hr \/>\n<div class=\"indent-both\">\n<p>Auxiliaire de la Justice et relevant du Minist\u00e8re de la Justice, la mission de la police Nationale d&rsquo;Haiti est de \u00ab\u00a0maintenir l&rsquo;ordre et de pr\u00eater force \u00e0 l&rsquo;ex\u00e9cution des lois\u00a0\u00bb. Elle accomplit cette mission \u00e0 travers ses deux structures:<\/p>\n<ol>\n<li>La police administrative, garante de l&rsquo;ordre public par la pr\u00e9vention;<\/li>\n<li>La police judiciaire charg\u00e9e de rechercher les crimes, d\u00e9lits et autres contraventions graves, identifier les auteurs et les d\u00e9livrer aux autorit\u00e9s comp\u00e9tente de la justice.<br \/>\nEn ce sens, les officiers de la police judiciaire travaillent en \u00e9troite collaboration avec le Minist\u00e8re public, les juges d&rsquo;instruction et de paix, les autres agents de la police et ceux de l&rsquo;institut du Bien-\u00catre social et de Recherches.<\/li>\n<\/ol>\n<\/div>\n<h4 class=\"title_paragraf\">Supervision<\/h4>\n<hr \/>\n<div class=\"indent-both\">\n<p>Chacune des structures mentionn\u00e9es plus haut est supervis\u00e9e par une direction centrale, et subdivis\u00e9e en unit\u00e9s. Elles d\u00e9pendent toutes d&rsquo;un organe de commandement plac\u00e9 sous les ordres d&rsquo;un directeur g\u00e9n\u00e9ral.<\/p>\n<p>Par exemple, la direction de la police admininistrative comprend les d\u00e9partements ou unit\u00e9s suivantes (article 29 de la Loi de novembre 1994):<\/p>\n<ol>\n<li>Circulation des v\u00e9hicules et de la police routi\u00e8re;<\/li>\n<li>S\u00fbret\u00e9 publique et de maintien de l&rsquo;ordre;<\/li>\n<li>Protection civile;<\/li>\n<li>Les services territoriaux;<\/li>\n<li>La police de mer, de l&rsquo;air, des fronti\u00e8res, de la migration et des for\u00eats.<\/li>\n<\/ol>\n<p>Les d\u00e9partements ou unit\u00e9s de la police judiciaire sont:<\/p>\n<ol>\n<li>La Direction des affaires criminelles, de la lutte contre le banditisme, le prox\u00e9n\u00e9tisme et le trafic illicite des stup\u00e9fiants;<\/li>\n<li>La Direction de renseignement;<\/li>\n<li>La Direction de la police scientifique et du rapprochement judiciaire;<\/li>\n<li>La Direction de l&rsquo;identification et du fichier central;<\/li>\n<li>La Direction de la d\u00e9linquance juv\u00e9nile (article 32).<\/li>\n<\/ol>\n<p>Chaque d\u00e9partement est plac\u00e9 sous sous l&rsquo;autorit\u00e9 directe du <a href=\"https:\/\/www.haiti-reference.info\/pages\/plan\/histoire-et-societe\/forces-de-securite\/pnh\/dg\/\"><strong>directeur g\u00e9n\u00e9ral de la Police nationale<\/strong><\/a>.<\/p>\n<\/div>\n<h4 class=\"title_paragraf\">Les policiers victimes de la criminalit\u00e9<\/h4>\n<hr \/>\n<div class=\"indent-both\">\n<p>Au pullulement des gangs et autres groupes criminels qui profitent du vide institutionnel en Haiti et de l&rsquo;insouciances des dirigeants du pays, la police nationale en l&rsquo;absence d&rsquo;une arm\u00e9e structur\u00e9e demeure la seule force \u00e0 les affronter avec le peu de moyens dont elle dispose. Ses membres sont souvent cibl\u00e9s par ces groupes.En effet, depuis des ann\u00e9es, les victimes se comptent par dizaines dans ses rangs. Ils sont souvent pi\u00e9g\u00e9s dans des embuscades. Ce fut le cas en mars 2021 \u00e0 Village de Dieu, un quartier populaire de Port-au-Prince, et en janviers 2022 \u00e0 Liancourt, une commune de l&rsquo;Arrondissement de Saint Marc dans le D\u00e9partement de l&rsquo;Artibonite.<\/p>\n<\/div>\n<h4 class=\"title_paragraf\">Syndicats de policiers<\/h4>\n<hr \/>\n<div class=\"indent-both\">\nLe R\u00e8glement de Discipline G\u00e9n\u00e9rale (RDG) de la Police nationale d&rsquo;Haiti reconna\u00eet le droit des policiers de s\u2019associer en syndicats. Cependant, le droit de gr\u00e8ve leur est ravi.<\/p>\n<p>Les officiers de la Police nationale d&rsquo;Haiti sont repr\u00e9 par deux syndicats:<\/p>\n<ol>\n<li>Syndicat national des Policier Haitiens (SYNAPOHA).<br \/>\n<em>Pr\u00e9sent\u00e9 \u00e0 la population, le 19 ao\u00fbt 2020, ce syndicat se donne pour objectif de \u00ab\u00a0prot\u00e9ger et d\u00e9fendre les int\u00e9r\u00eats communs des policiers et de l&rsquo;institution polici\u00e8re en g\u00e9n\u00e9ral\u00a0\u00bb,<\/em><\/li>\n<li>Syndicat de la Police nationale (SPNH-17):<br \/>\n<em>Structure syndicale cr\u00e9\u00e9e et enregistr\u00e9e au Minist\u00e8re des affaires sociales et du travail le 17 novembre 2019 dans le but de porter les revendications des policiers.<\/em><\/li>\n<\/ol>\n<\/div>\n","protected":false},"excerpt":{"rendered":"<p>Page sur la Police Nationale d&rsquo;Haiti (PNH), force de s\u00e9curit\u00e9 et de protection ind\u00e9pendante cr\u00e9\u00e9e en 1994 suite \u00e0 la publication de la loi du 29 novembre par le pr\u00e9sident Jean Bertrand Aristide. Elle faisait, jusqu&rsquo;\u00e0 cette date, partie int\u00e9grante des Forces Arm\u00e9es d&rsquo;Haiti (FAdH) qui furent alors d\u00e9mobilis\u00e9es. <\/p>\n","protected":false},"author":1,"featured_media":42455,"parent":11659,"menu_order":2,"comment_status":"closed","ping_status":"closed","template":"","meta":{"footnotes":""},"categories":[261,69],"class_list":["post-32138","page","type-page","status-publish","has-post-thumbnail","hentry","category-armee","category-histoire"],"yoast_head":"<!-- This site is optimized with the Yoast SEO plugin v27.4 - https:\/\/yoast.com\/product\/yoast-seo-wordpress\/ -->\n<title>6620.- Police Nationale d&#039;Haiti &#187;<\/title>\n<meta name=\"robots\" content=\"index, follow, max-snippet:-1, max-image-preview:large, max-video-preview:-1\" \/>\n<link rel=\"canonical\" href=\"https:\/\/www.haiti-reference.info\/pages\/plan\/histoire-et-societe\/forces-de-securite\/pnh\/\" \/>\n<meta property=\"og:locale\" content=\"fr_CA\" \/>\n<meta property=\"og:type\" content=\"article\" \/>\n<meta property=\"og:title\" content=\"6620.- Police Nationale d&#039;Haiti &#187;\" \/>\n<meta property=\"og:description\" content=\"Page sur la Police Nationale d&#039;Haiti (PNH), force de s\u00e9curit\u00e9 et de protection ind\u00e9pendante cr\u00e9\u00e9e en 1994 suite \u00e0 la publication de la loi du 29 novembre par le pr\u00e9sident Jean Bertrand Aristide. Elle faisait, jusqu&#039;\u00e0 cette date, partie int\u00e9grante des Forces Arm\u00e9es d&#039;Haiti (FAdH) qui furent alors d\u00e9mobilis\u00e9es.\" \/>\n<meta property=\"og:url\" content=\"https:\/\/www.haiti-reference.info\/pages\/plan\/histoire-et-societe\/forces-de-securite\/pnh\/\" \/>\n<meta property=\"article:modified_time\" content=\"2026-02-16T15:49:55+00:00\" \/>\n<meta property=\"og:image\" content=\"https:\/\/www.haiti-reference.info\/pages\/wp-content\/uploads\/2023\/01\/pap-airport.png\" \/>\n\t<meta property=\"og:image:width\" content=\"800\" \/>\n\t<meta property=\"og:image:height\" content=\"463\" \/>\n\t<meta property=\"og:image:type\" content=\"image\/png\" \/>\n<meta name=\"twitter:card\" content=\"summary_large_image\" \/>\n<meta name=\"twitter:label1\" content=\"Estimation du temps de lecture\" \/>\n\t<meta name=\"twitter:data1\" content=\"4 minutes\" \/>\n<script type=\"application\/ld+json\" class=\"yoast-schema-graph\">{\"@context\":\"https:\\\/\\\/schema.org\",\"@graph\":[{\"@type\":\"WebPage\",\"@id\":\"https:\\\/\\\/www.haiti-reference.info\\\/pages\\\/plan\\\/histoire-et-societe\\\/forces-de-securite\\\/pnh\\\/\",\"url\":\"https:\\\/\\\/www.haiti-reference.info\\\/pages\\\/plan\\\/histoire-et-societe\\\/forces-de-securite\\\/pnh\\\/\",\"name\":\"6620.- Police Nationale d'Haiti &#187;\",\"isPartOf\":{\"@id\":\"https:\\\/\\\/www.haiti-reference.info\\\/pages\\\/#website\"},\"primaryImageOfPage\":{\"@id\":\"https:\\\/\\\/www.haiti-reference.info\\\/pages\\\/plan\\\/histoire-et-societe\\\/forces-de-securite\\\/pnh\\\/#primaryimage\"},\"image\":{\"@id\":\"https:\\\/\\\/www.haiti-reference.info\\\/pages\\\/plan\\\/histoire-et-societe\\\/forces-de-securite\\\/pnh\\\/#primaryimage\"},\"thumbnailUrl\":\"https:\\\/\\\/www.haiti-reference.info\\\/pages\\\/wp-content\\\/uploads\\\/2023\\\/01\\\/pap-airport.png\",\"datePublished\":\"2020-07-15T17:08:52+00:00\",\"dateModified\":\"2026-02-16T15:49:55+00:00\",\"breadcrumb\":{\"@id\":\"https:\\\/\\\/www.haiti-reference.info\\\/pages\\\/plan\\\/histoire-et-societe\\\/forces-de-securite\\\/pnh\\\/#breadcrumb\"},\"inLanguage\":\"fr-CA\",\"potentialAction\":[{\"@type\":\"ReadAction\",\"target\":[\"https:\\\/\\\/www.haiti-reference.info\\\/pages\\\/plan\\\/histoire-et-societe\\\/forces-de-securite\\\/pnh\\\/\"]}]},{\"@type\":\"ImageObject\",\"inLanguage\":\"fr-CA\",\"@id\":\"https:\\\/\\\/www.haiti-reference.info\\\/pages\\\/plan\\\/histoire-et-societe\\\/forces-de-securite\\\/pnh\\\/#primaryimage\",\"url\":\"https:\\\/\\\/www.haiti-reference.info\\\/pages\\\/wp-content\\\/uploads\\\/2023\\\/01\\\/pap-airport.png\",\"contentUrl\":\"https:\\\/\\\/www.haiti-reference.info\\\/pages\\\/wp-content\\\/uploads\\\/2023\\\/01\\\/pap-airport.png\",\"width\":800,\"height\":463},{\"@type\":\"BreadcrumbList\",\"@id\":\"https:\\\/\\\/www.haiti-reference.info\\\/pages\\\/plan\\\/histoire-et-societe\\\/forces-de-securite\\\/pnh\\\/#breadcrumb\",\"itemListElement\":[{\"@type\":\"ListItem\",\"position\":1,\"name\":\"Accueil\",\"item\":\"https:\\\/\\\/www.haiti-reference.info\\\/pages\\\/\"},{\"@type\":\"ListItem\",\"position\":2,\"name\":\"Structure du site\",\"item\":\"https:\\\/\\\/www.haiti-reference.info\\\/pages\\\/plan\\\/\"},{\"@type\":\"ListItem\",\"position\":3,\"name\":\"6000.- Histoire et soci\u00e9t\u00e9\",\"item\":\"https:\\\/\\\/www.haiti-reference.info\\\/pages\\\/plan\\\/histoire-et-societe\\\/\"},{\"@type\":\"ListItem\",\"position\":4,\"name\":\"6600.- Haiti: Forces de s\u00e9curit\u00e9 et de d\u00e9fense\",\"item\":\"https:\\\/\\\/www.haiti-reference.info\\\/pages\\\/plan\\\/histoire-et-societe\\\/forces-de-securite\\\/\"},{\"@type\":\"ListItem\",\"position\":5,\"name\":\"6620.- Police Nationale d&rsquo;Haiti\"}]},{\"@type\":\"WebSite\",\"@id\":\"https:\\\/\\\/www.haiti-reference.info\\\/pages\\\/#website\",\"url\":\"https:\\\/\\\/www.haiti-reference.info\\\/pages\\\/\",\"name\":\"Haiti-R\u00e9f\u00e9rence\",\"description\":\"Un guide de r\u00e9f\u00e9rence\",\"publisher\":{\"@id\":\"https:\\\/\\\/www.haiti-reference.info\\\/pages\\\/#organization\"},\"potentialAction\":[{\"@type\":\"SearchAction\",\"target\":{\"@type\":\"EntryPoint\",\"urlTemplate\":\"https:\\\/\\\/www.haiti-reference.info\\\/pages\\\/?s={search_term_string}\"},\"query-input\":{\"@type\":\"PropertyValueSpecification\",\"valueRequired\":true,\"valueName\":\"search_term_string\"}}],\"inLanguage\":\"fr-CA\"},{\"@type\":\"Organization\",\"@id\":\"https:\\\/\\\/www.haiti-reference.info\\\/pages\\\/#organization\",\"name\":\"Haiti-R\u00e9f\u00e9rence\",\"url\":\"https:\\\/\\\/www.haiti-reference.info\\\/pages\\\/\",\"logo\":{\"@type\":\"ImageObject\",\"inLanguage\":\"fr-CA\",\"@id\":\"https:\\\/\\\/www.haiti-reference.info\\\/pages\\\/#\\\/schema\\\/logo\\\/image\\\/\",\"url\":\"https:\\\/\\\/www.haiti-reference.info\\\/pages\\\/wp-content\\\/uploads\\\/2016\\\/04\\\/cropped-cropped-logo_201604-8-1.png\",\"contentUrl\":\"https:\\\/\\\/www.haiti-reference.info\\\/pages\\\/wp-content\\\/uploads\\\/2016\\\/04\\\/cropped-cropped-logo_201604-8-1.png\",\"width\":338,\"height\":87,\"caption\":\"Haiti-R\u00e9f\u00e9rence\"},\"image\":{\"@id\":\"https:\\\/\\\/www.haiti-reference.info\\\/pages\\\/#\\\/schema\\\/logo\\\/image\\\/\"},\"sameAs\":[\"https:\\\/\\\/bsky.app\\\/profile\\\/haiti-reference.bsky.social\"]}]}<\/script>\n<!-- \/ Yoast SEO plugin. -->","yoast_head_json":{"title":"6620.- Police Nationale d'Haiti &#187;","robots":{"index":"index","follow":"follow","max-snippet":"max-snippet:-1","max-image-preview":"max-image-preview:large","max-video-preview":"max-video-preview:-1"},"canonical":"https:\/\/www.haiti-reference.info\/pages\/plan\/histoire-et-societe\/forces-de-securite\/pnh\/","og_locale":"fr_CA","og_type":"article","og_title":"6620.- Police Nationale d'Haiti &#187;","og_description":"Page sur la Police Nationale d'Haiti (PNH), force de s\u00e9curit\u00e9 et de protection ind\u00e9pendante cr\u00e9\u00e9e en 1994 suite \u00e0 la publication de la loi du 29 novembre par le pr\u00e9sident Jean Bertrand Aristide. Elle faisait, jusqu'\u00e0 cette date, partie int\u00e9grante des Forces Arm\u00e9es d'Haiti (FAdH) qui furent alors d\u00e9mobilis\u00e9es.","og_url":"https:\/\/www.haiti-reference.info\/pages\/plan\/histoire-et-societe\/forces-de-securite\/pnh\/","article_modified_time":"2026-02-16T15:49:55+00:00","og_image":[{"width":800,"height":463,"url":"https:\/\/www.haiti-reference.info\/pages\/wp-content\/uploads\/2023\/01\/pap-airport.png","type":"image\/png"}],"twitter_card":"summary_large_image","twitter_misc":{"Estimation du temps de lecture":"4 minutes"},"schema":{"@context":"https:\/\/schema.org","@graph":[{"@type":"WebPage","@id":"https:\/\/www.haiti-reference.info\/pages\/plan\/histoire-et-societe\/forces-de-securite\/pnh\/","url":"https:\/\/www.haiti-reference.info\/pages\/plan\/histoire-et-societe\/forces-de-securite\/pnh\/","name":"6620.- Police Nationale d'Haiti &#187;","isPartOf":{"@id":"https:\/\/www.haiti-reference.info\/pages\/#website"},"primaryImageOfPage":{"@id":"https:\/\/www.haiti-reference.info\/pages\/plan\/histoire-et-societe\/forces-de-securite\/pnh\/#primaryimage"},"image":{"@id":"https:\/\/www.haiti-reference.info\/pages\/plan\/histoire-et-societe\/forces-de-securite\/pnh\/#primaryimage"},"thumbnailUrl":"https:\/\/www.haiti-reference.info\/pages\/wp-content\/uploads\/2023\/01\/pap-airport.png","datePublished":"2020-07-15T17:08:52+00:00","dateModified":"2026-02-16T15:49:55+00:00","breadcrumb":{"@id":"https:\/\/www.haiti-reference.info\/pages\/plan\/histoire-et-societe\/forces-de-securite\/pnh\/#breadcrumb"},"inLanguage":"fr-CA","potentialAction":[{"@type":"ReadAction","target":["https:\/\/www.haiti-reference.info\/pages\/plan\/histoire-et-societe\/forces-de-securite\/pnh\/"]}]},{"@type":"ImageObject","inLanguage":"fr-CA","@id":"https:\/\/www.haiti-reference.info\/pages\/plan\/histoire-et-societe\/forces-de-securite\/pnh\/#primaryimage","url":"https:\/\/www.haiti-reference.info\/pages\/wp-content\/uploads\/2023\/01\/pap-airport.png","contentUrl":"https:\/\/www.haiti-reference.info\/pages\/wp-content\/uploads\/2023\/01\/pap-airport.png","width":800,"height":463},{"@type":"BreadcrumbList","@id":"https:\/\/www.haiti-reference.info\/pages\/plan\/histoire-et-societe\/forces-de-securite\/pnh\/#breadcrumb","itemListElement":[{"@type":"ListItem","position":1,"name":"Accueil","item":"https:\/\/www.haiti-reference.info\/pages\/"},{"@type":"ListItem","position":2,"name":"Structure du site","item":"https:\/\/www.haiti-reference.info\/pages\/plan\/"},{"@type":"ListItem","position":3,"name":"6000.- Histoire et soci\u00e9t\u00e9","item":"https:\/\/www.haiti-reference.info\/pages\/plan\/histoire-et-societe\/"},{"@type":"ListItem","position":4,"name":"6600.- Haiti: Forces de s\u00e9curit\u00e9 et de d\u00e9fense","item":"https:\/\/www.haiti-reference.info\/pages\/plan\/histoire-et-societe\/forces-de-securite\/"},{"@type":"ListItem","position":5,"name":"6620.- Police Nationale d&rsquo;Haiti"}]},{"@type":"WebSite","@id":"https:\/\/www.haiti-reference.info\/pages\/#website","url":"https:\/\/www.haiti-reference.info\/pages\/","name":"Haiti-R\u00e9f\u00e9rence","description":"Un guide de r\u00e9f\u00e9rence","publisher":{"@id":"https:\/\/www.haiti-reference.info\/pages\/#organization"},"potentialAction":[{"@type":"SearchAction","target":{"@type":"EntryPoint","urlTemplate":"https:\/\/www.haiti-reference.info\/pages\/?s={search_term_string}"},"query-input":{"@type":"PropertyValueSpecification","valueRequired":true,"valueName":"search_term_string"}}],"inLanguage":"fr-CA"},{"@type":"Organization","@id":"https:\/\/www.haiti-reference.info\/pages\/#organization","name":"Haiti-R\u00e9f\u00e9rence","url":"https:\/\/www.haiti-reference.info\/pages\/","logo":{"@type":"ImageObject","inLanguage":"fr-CA","@id":"https:\/\/www.haiti-reference.info\/pages\/#\/schema\/logo\/image\/","url":"https:\/\/www.haiti-reference.info\/pages\/wp-content\/uploads\/2016\/04\/cropped-cropped-logo_201604-8-1.png","contentUrl":"https:\/\/www.haiti-reference.info\/pages\/wp-content\/uploads\/2016\/04\/cropped-cropped-logo_201604-8-1.png","width":338,"height":87,"caption":"Haiti-R\u00e9f\u00e9rence"},"image":{"@id":"https:\/\/www.haiti-reference.info\/pages\/#\/schema\/logo\/image\/"},"sameAs":["https:\/\/bsky.app\/profile\/haiti-reference.bsky.social"]}]}},"_links":{"self":[{"href":"https:\/\/www.haiti-reference.info\/pages\/wp-json\/wp\/v2\/pages\/32138","targetHints":{"allow":["GET"]}}],"collection":[{"href":"https:\/\/www.haiti-reference.info\/pages\/wp-json\/wp\/v2\/pages"}],"about":[{"href":"https:\/\/www.haiti-reference.info\/pages\/wp-json\/wp\/v2\/types\/page"}],"author":[{"embeddable":true,"href":"https:\/\/www.haiti-reference.info\/pages\/wp-json\/wp\/v2\/users\/1"}],"replies":[{"embeddable":true,"href":"https:\/\/www.haiti-reference.info\/pages\/wp-json\/wp\/v2\/comments?post=32138"}],"version-history":[{"count":0,"href":"https:\/\/www.haiti-reference.info\/pages\/wp-json\/wp\/v2\/pages\/32138\/revisions"}],"up":[{"embeddable":true,"href":"https:\/\/www.haiti-reference.info\/pages\/wp-json\/wp\/v2\/pages\/11659"}],"wp:featuredmedia":[{"embeddable":true,"href":"https:\/\/www.haiti-reference.info\/pages\/wp-json\/wp\/v2\/media\/42455"}],"wp:attachment":[{"href":"https:\/\/www.haiti-reference.info\/pages\/wp-json\/wp\/v2\/media?parent=32138"}],"wp:term":[{"taxonomy":"category","embeddable":true,"href":"https:\/\/www.haiti-reference.info\/pages\/wp-json\/wp\/v2\/categories?post=32138"}],"curies":[{"name":"wp","href":"https:\/\/api.w.org\/{rel}","templated":true}]}}