{"id":2991,"date":"2004-03-11T15:31:16","date_gmt":"2004-03-11T20:31:16","guid":{"rendered":"http:\/\/haiti-reference.com\/pages\/?page_id=2991"},"modified":"2023-01-14T21:22:59","modified_gmt":"2023-01-15T02:22:59","slug":"conseil-des-sages-2004","status":"publish","type":"page","link":"https:\/\/www.haiti-reference.info\/pages\/plan\/histoire-et-societe\/notables\/conseil-des-sages-2004\/","title":{"rendered":"6460.- Conseil des Sages: Organisme consultatif (2004)"},"content":{"rendered":"<p class=\"img_category\"><a title=\"Classification\" href=\"\/pages\/plan\/histoire-et-societe\/\"><img decoding=\"async\" src=\"\/.\/images\/legendes\/category_art.jpg\" alt=\"Classification\" \/> Histoire et Soci\u00e9t\u00e9<\/a><\/p>\n<div style=\"text-align: justify;\">Organisme de sept membres cr\u00e9\u00e9 le 5 mars 2004 par les deux hautes instances internationales (ONU et OEA) impliqu\u00e9es dans la crise ha\u00eftienne vieille de quatre ans et la force multi-nationale occupant le pays d\u00e8s le d\u00e9part du pr\u00e9sident Jean-Bertrand Aristide le 29 F\u00e9vrier.<\/p>\n<p>La premi\u00e8re t\u00e2che de ce conseil fut de d\u00e9signer un premier ministre, t\u00e2che qu\u2019il s\u2019est acquitt\u00e9 le 9 Mars \u00e0 travers la nomination de <a href=\"\/pages\/plan\/histoire-et-societe\/notables\/premiers-ministres-haitiens\/#gerard_latortue\">Mr. G\u00e9rard Latortue<\/a>. Il devrait, \u00e0 l&rsquo;installation du gouvernement de ce dernier, se transformer alors un conseil d&rsquo;\u00e9tat jouant un r\u00f4le de contr\u00f4le et de consultation aupr\u00e8s de l\u2019ex\u00e9cutif, ce qui ne fut pas le cas, consid\u00e9rant les d\u00e9clarations de certains de ces sages.<\/p>\n<p>Le \u00ab\u00a0conseil> fut automatiquement dissous avec le retour au pouvoir du pr\u00e9sident <a href=\"\/pages\/histoire-et-societe\/notables\/chefs-detat\/rene-garcia-preval\/\">Ren\u00e9 Pr\u00e9val<\/a> en mai 2006 ne lassant aucune d\u00e9marche notable pour que l&rsquo;histoire s&rsquo;en souvienne avec indulgence.<\/p>\n<p>Le conseil fut compos\u00e9 des personnalit\u00e9s suivantes repr\u00e9sentant des secteurs politiquement actifs peu de temps avant sa cr\u00e9ation, d\u2019o\u00f9 l\u2019absence de certaines organisations comme celles repr\u00e9sentant les associations paysannes ou les protestants.<\/p><\/div>\n<p>&nbsp;<\/p>\n<table id=\"table_separate\">\n<tbody>\n<tr>\n<th width=\"25%\">Membres<\/th>\n<th width=\"75%\">Repr\u00e9sentation<\/th>\n<\/tr>\n<tr>\n<td width=\"25%\"><b>Lamartine Clermont<\/b>\n<\/td>\n<td width=\"75%\"><i><a href=\"\/pages\/religions\/eglise-catholique\/\">Eglise catholique<\/a><\/i><br \/>\n&equiv;<br \/>\nConnu surtout dans le monde du sport, particuli\u00e8rement dans le Volley-ball, pas dans le giron de l&rsquo;Eglise catholique<br \/>\n&Dagger; 10 octobre 2006<br \/>\n\ud83d\udd17 <a href=\"\/pages\/plan\/histoire-et-societe\/notables\/necrologie\/2005-2009\/\">Fichier<\/a> sur les Facheux disparus: 205-2009<\/td>\n<\/tr>\n<tr valign=\"top\">\n<td><b>Anne Marie Issa<\/b><\/td>\n<td><i>Co-fondatrice de <a href=\"\/pages\/plan\/arts-et-culture\/presse-haitienne\/stations-de-radio-port-au-prince\/#Signal\">Radio Signal FM<\/a>, repr\u00e9sentant le secteur priv\u00e9<\/i><\/td>\n<\/tr>\n<tr valign=\"top\">\n<td><b>Danielle Magloire<\/b><\/td>\n<td><i>Membre du comit\u00e9 de direction d&rsquo;Info-Fanm, repr\u00e9sentant les organisations de droits humains<\/i><\/p>\n<div style=\"text-align: justify;\"><img loading=\"lazy\" decoding=\"async\" class=\"alignleft\" title=\"Danielle Magloire\" src=\"\/histoire\/notables\/danielle_magloire.jpg\" alt=\"Danielle Magloire\" width=\"200\" height=\"150\" border=\"0\" \/>Le 19 F\u00e9vrier 2005, Danielle Magloire, l&rsquo;un des membres du conseil, pr\u00e9senta sa d\u00e9mission. Apparemment, cette d\u00e9mission ne fut pas accept\u00e9e puisque toutes les d\u00e9clarations ult\u00e9rieures de ce groupe port\u00e8rent encore sa signature.<\/p>\n<p>En d\u00e9cembre 2005, Danielle Magloire s&rsquo;alliant au Secr\u00e9taire G\u00e9n\u00e9ral, Christian Rousseau, essaya de convaincre les autres conseillers \u00e0 mettre fin \u00e0 l\u2019accompagnement fourni \u00e0 l\u2019Ex\u00e9cutif. Devant le refus de leurs coll\u00e8gues, les deux ont pr\u00e9sent\u00e9 ont donc pr\u00e9sent\u00e9 leur d\u00e9mission, effective le 31 janvier 2006. Une d\u00e9marche banalis\u00e9e par la population puisqu&rsquo;en pleine p\u00e9riode \u00e9lectorale et la fin du mandat du conseil approchant. <\/p><\/div>\n<\/td>\n<\/tr>\n<tr>\n<td><b>Paul Emile Simon<\/b><\/td>\n<td><i>Repr\u00e9sentant du parti Lavalas.<\/i><\/td>\n<\/tr>\n<tr>\n<td><b>Jean-Marc Donald<\/b><\/td>\n<td><i><a href=\"\/pages\/religions\/eglise-episcopale\/\">Eglise Episcopale<\/a><\/i><\/td>\n<\/tr>\n<tr valign=\"top\">\n<td><b>Christian Rousseau<\/b><\/td>\n<td><i>Professeur \u00e0 l&rsquo;Universit\u00e9 d&rsquo;\u00c9tat d&rsquo;Haiti et repr\u00e9sentant son institution.<\/i><\/td>\n<\/tr>\n<tr valign=\"top\">\n<td><b>Ariel Henry<\/b><\/td>\n<td><i>Plateforme D\u00e9mocratique regroupement de partis de l\u2019opposition au gouvernement de Jean-Bertrand Aristide.<\/i><\/td>\n<\/tr>\n<\/tbody>\n<\/table>\n<p><!--Bas de la page--><\/p>\n","protected":false},"excerpt":{"rendered":"<p>Histoire et Soci\u00e9t\u00e9 Organisme de sept membres cr\u00e9\u00e9 le 5 mars 2004 par les deux hautes instances internationales (ONU et OEA) impliqu\u00e9es dans la crise ha\u00eftienne vieille de quatre ans [&hellip;]<\/p>\n","protected":false},"author":2,"featured_media":0,"parent":1400,"menu_order":4,"comment_status":"closed","ping_status":"closed","template":"short_page.php","meta":{"footnotes":""},"categories":[],"class_list":["post-2991","page","type-page","status-publish","hentry"],"yoast_head":"<!-- This site is optimized with the Yoast SEO plugin v27.4 - https:\/\/yoast.com\/product\/yoast-seo-wordpress\/ -->\n<title>6460.- Conseil des Sages: Organisme consultatif (2004) &#187;<\/title>\n<meta name=\"robots\" content=\"index, follow, max-snippet:-1, max-image-preview:large, max-video-preview:-1\" \/>\n<link rel=\"canonical\" href=\"https:\/\/www.haiti-reference.info\/pages\/plan\/histoire-et-societe\/notables\/conseil-des-sages-2004\/\" \/>\n<meta property=\"og:locale\" content=\"fr_CA\" \/>\n<meta property=\"og:type\" content=\"article\" \/>\n<meta property=\"og:title\" content=\"6460.- Conseil des Sages: Organisme consultatif (2004) &#187;\" \/>\n<meta property=\"og:description\" content=\"Histoire et Soci\u00e9t\u00e9 Organisme de sept membres cr\u00e9\u00e9 le 5 mars 2004 par les deux hautes instances internationales (ONU et OEA) impliqu\u00e9es dans la crise ha\u00eftienne vieille de quatre ans [&hellip;]\" \/>\n<meta property=\"og:url\" content=\"https:\/\/www.haiti-reference.info\/pages\/plan\/histoire-et-societe\/notables\/conseil-des-sages-2004\/\" \/>\n<meta property=\"article:modified_time\" content=\"2023-01-15T02:22:59+00:00\" \/>\n<meta name=\"twitter:card\" content=\"summary_large_image\" \/>\n<meta name=\"twitter:label1\" content=\"Estimation du temps de lecture\" \/>\n\t<meta name=\"twitter:data1\" content=\"2 minutes\" \/>\n<script type=\"application\/ld+json\" class=\"yoast-schema-graph\">{\"@context\":\"https:\\\/\\\/schema.org\",\"@graph\":[{\"@type\":\"WebPage\",\"@id\":\"https:\\\/\\\/www.haiti-reference.info\\\/pages\\\/plan\\\/histoire-et-societe\\\/notables\\\/conseil-des-sages-2004\\\/\",\"url\":\"https:\\\/\\\/www.haiti-reference.info\\\/pages\\\/plan\\\/histoire-et-societe\\\/notables\\\/conseil-des-sages-2004\\\/\",\"name\":\"6460.- Conseil des Sages: Organisme consultatif (2004) &#187;\",\"isPartOf\":{\"@id\":\"https:\\\/\\\/www.haiti-reference.info\\\/pages\\\/#website\"},\"datePublished\":\"2004-03-11T20:31:16+00:00\",\"dateModified\":\"2023-01-15T02:22:59+00:00\",\"breadcrumb\":{\"@id\":\"https:\\\/\\\/www.haiti-reference.info\\\/pages\\\/plan\\\/histoire-et-societe\\\/notables\\\/conseil-des-sages-2004\\\/#breadcrumb\"},\"inLanguage\":\"fr-CA\",\"potentialAction\":[{\"@type\":\"ReadAction\",\"target\":[\"https:\\\/\\\/www.haiti-reference.info\\\/pages\\\/plan\\\/histoire-et-societe\\\/notables\\\/conseil-des-sages-2004\\\/\"]}]},{\"@type\":\"BreadcrumbList\",\"@id\":\"https:\\\/\\\/www.haiti-reference.info\\\/pages\\\/plan\\\/histoire-et-societe\\\/notables\\\/conseil-des-sages-2004\\\/#breadcrumb\",\"itemListElement\":[{\"@type\":\"ListItem\",\"position\":1,\"name\":\"Accueil\",\"item\":\"https:\\\/\\\/www.haiti-reference.info\\\/pages\\\/\"},{\"@type\":\"ListItem\",\"position\":2,\"name\":\"Structure du site\",\"item\":\"https:\\\/\\\/www.haiti-reference.info\\\/pages\\\/plan\\\/\"},{\"@type\":\"ListItem\",\"position\":3,\"name\":\"6000.- Histoire et soci\u00e9t\u00e9\",\"item\":\"https:\\\/\\\/www.haiti-reference.info\\\/pages\\\/plan\\\/histoire-et-societe\\\/\"},{\"@type\":\"ListItem\",\"position\":4,\"name\":\"6400.- Notables et personnalit\u00e9s d&rsquo;Haiti\",\"item\":\"https:\\\/\\\/www.haiti-reference.info\\\/pages\\\/plan\\\/histoire-et-societe\\\/notables\\\/\"},{\"@type\":\"ListItem\",\"position\":5,\"name\":\"6460.- Conseil des Sages: Organisme consultatif (2004)\"}]},{\"@type\":\"WebSite\",\"@id\":\"https:\\\/\\\/www.haiti-reference.info\\\/pages\\\/#website\",\"url\":\"https:\\\/\\\/www.haiti-reference.info\\\/pages\\\/\",\"name\":\"Haiti-R\u00e9f\u00e9rence\",\"description\":\"Un guide de r\u00e9f\u00e9rence\",\"publisher\":{\"@id\":\"https:\\\/\\\/www.haiti-reference.info\\\/pages\\\/#organization\"},\"potentialAction\":[{\"@type\":\"SearchAction\",\"target\":{\"@type\":\"EntryPoint\",\"urlTemplate\":\"https:\\\/\\\/www.haiti-reference.info\\\/pages\\\/?s={search_term_string}\"},\"query-input\":{\"@type\":\"PropertyValueSpecification\",\"valueRequired\":true,\"valueName\":\"search_term_string\"}}],\"inLanguage\":\"fr-CA\"},{\"@type\":\"Organization\",\"@id\":\"https:\\\/\\\/www.haiti-reference.info\\\/pages\\\/#organization\",\"name\":\"Haiti-R\u00e9f\u00e9rence\",\"url\":\"https:\\\/\\\/www.haiti-reference.info\\\/pages\\\/\",\"logo\":{\"@type\":\"ImageObject\",\"inLanguage\":\"fr-CA\",\"@id\":\"https:\\\/\\\/www.haiti-reference.info\\\/pages\\\/#\\\/schema\\\/logo\\\/image\\\/\",\"url\":\"https:\\\/\\\/www.haiti-reference.info\\\/pages\\\/wp-content\\\/uploads\\\/2016\\\/04\\\/cropped-cropped-logo_201604-8-1.png\",\"contentUrl\":\"https:\\\/\\\/www.haiti-reference.info\\\/pages\\\/wp-content\\\/uploads\\\/2016\\\/04\\\/cropped-cropped-logo_201604-8-1.png\",\"width\":338,\"height\":87,\"caption\":\"Haiti-R\u00e9f\u00e9rence\"},\"image\":{\"@id\":\"https:\\\/\\\/www.haiti-reference.info\\\/pages\\\/#\\\/schema\\\/logo\\\/image\\\/\"},\"sameAs\":[\"https:\\\/\\\/bsky.app\\\/profile\\\/haiti-reference.bsky.social\"]}]}<\/script>\n<!-- \/ Yoast SEO plugin. -->","yoast_head_json":{"title":"6460.- Conseil des Sages: Organisme consultatif (2004) &#187;","robots":{"index":"index","follow":"follow","max-snippet":"max-snippet:-1","max-image-preview":"max-image-preview:large","max-video-preview":"max-video-preview:-1"},"canonical":"https:\/\/www.haiti-reference.info\/pages\/plan\/histoire-et-societe\/notables\/conseil-des-sages-2004\/","og_locale":"fr_CA","og_type":"article","og_title":"6460.- Conseil des Sages: Organisme consultatif (2004) &#187;","og_description":"Histoire et Soci\u00e9t\u00e9 Organisme de sept membres cr\u00e9\u00e9 le 5 mars 2004 par les deux hautes instances internationales (ONU et OEA) impliqu\u00e9es dans la crise ha\u00eftienne vieille de quatre ans [&hellip;]","og_url":"https:\/\/www.haiti-reference.info\/pages\/plan\/histoire-et-societe\/notables\/conseil-des-sages-2004\/","article_modified_time":"2023-01-15T02:22:59+00:00","twitter_card":"summary_large_image","twitter_misc":{"Estimation du temps de lecture":"2 minutes"},"schema":{"@context":"https:\/\/schema.org","@graph":[{"@type":"WebPage","@id":"https:\/\/www.haiti-reference.info\/pages\/plan\/histoire-et-societe\/notables\/conseil-des-sages-2004\/","url":"https:\/\/www.haiti-reference.info\/pages\/plan\/histoire-et-societe\/notables\/conseil-des-sages-2004\/","name":"6460.- Conseil des Sages: Organisme consultatif (2004) &#187;","isPartOf":{"@id":"https:\/\/www.haiti-reference.info\/pages\/#website"},"datePublished":"2004-03-11T20:31:16+00:00","dateModified":"2023-01-15T02:22:59+00:00","breadcrumb":{"@id":"https:\/\/www.haiti-reference.info\/pages\/plan\/histoire-et-societe\/notables\/conseil-des-sages-2004\/#breadcrumb"},"inLanguage":"fr-CA","potentialAction":[{"@type":"ReadAction","target":["https:\/\/www.haiti-reference.info\/pages\/plan\/histoire-et-societe\/notables\/conseil-des-sages-2004\/"]}]},{"@type":"BreadcrumbList","@id":"https:\/\/www.haiti-reference.info\/pages\/plan\/histoire-et-societe\/notables\/conseil-des-sages-2004\/#breadcrumb","itemListElement":[{"@type":"ListItem","position":1,"name":"Accueil","item":"https:\/\/www.haiti-reference.info\/pages\/"},{"@type":"ListItem","position":2,"name":"Structure du site","item":"https:\/\/www.haiti-reference.info\/pages\/plan\/"},{"@type":"ListItem","position":3,"name":"6000.- Histoire et soci\u00e9t\u00e9","item":"https:\/\/www.haiti-reference.info\/pages\/plan\/histoire-et-societe\/"},{"@type":"ListItem","position":4,"name":"6400.- Notables et personnalit\u00e9s d&rsquo;Haiti","item":"https:\/\/www.haiti-reference.info\/pages\/plan\/histoire-et-societe\/notables\/"},{"@type":"ListItem","position":5,"name":"6460.- Conseil des Sages: Organisme consultatif (2004)"}]},{"@type":"WebSite","@id":"https:\/\/www.haiti-reference.info\/pages\/#website","url":"https:\/\/www.haiti-reference.info\/pages\/","name":"Haiti-R\u00e9f\u00e9rence","description":"Un guide de r\u00e9f\u00e9rence","publisher":{"@id":"https:\/\/www.haiti-reference.info\/pages\/#organization"},"potentialAction":[{"@type":"SearchAction","target":{"@type":"EntryPoint","urlTemplate":"https:\/\/www.haiti-reference.info\/pages\/?s={search_term_string}"},"query-input":{"@type":"PropertyValueSpecification","valueRequired":true,"valueName":"search_term_string"}}],"inLanguage":"fr-CA"},{"@type":"Organization","@id":"https:\/\/www.haiti-reference.info\/pages\/#organization","name":"Haiti-R\u00e9f\u00e9rence","url":"https:\/\/www.haiti-reference.info\/pages\/","logo":{"@type":"ImageObject","inLanguage":"fr-CA","@id":"https:\/\/www.haiti-reference.info\/pages\/#\/schema\/logo\/image\/","url":"https:\/\/www.haiti-reference.info\/pages\/wp-content\/uploads\/2016\/04\/cropped-cropped-logo_201604-8-1.png","contentUrl":"https:\/\/www.haiti-reference.info\/pages\/wp-content\/uploads\/2016\/04\/cropped-cropped-logo_201604-8-1.png","width":338,"height":87,"caption":"Haiti-R\u00e9f\u00e9rence"},"image":{"@id":"https:\/\/www.haiti-reference.info\/pages\/#\/schema\/logo\/image\/"},"sameAs":["https:\/\/bsky.app\/profile\/haiti-reference.bsky.social"]}]}},"_links":{"self":[{"href":"https:\/\/www.haiti-reference.info\/pages\/wp-json\/wp\/v2\/pages\/2991","targetHints":{"allow":["GET"]}}],"collection":[{"href":"https:\/\/www.haiti-reference.info\/pages\/wp-json\/wp\/v2\/pages"}],"about":[{"href":"https:\/\/www.haiti-reference.info\/pages\/wp-json\/wp\/v2\/types\/page"}],"author":[{"embeddable":true,"href":"https:\/\/www.haiti-reference.info\/pages\/wp-json\/wp\/v2\/users\/2"}],"replies":[{"embeddable":true,"href":"https:\/\/www.haiti-reference.info\/pages\/wp-json\/wp\/v2\/comments?post=2991"}],"version-history":[{"count":0,"href":"https:\/\/www.haiti-reference.info\/pages\/wp-json\/wp\/v2\/pages\/2991\/revisions"}],"up":[{"embeddable":true,"href":"https:\/\/www.haiti-reference.info\/pages\/wp-json\/wp\/v2\/pages\/1400"}],"wp:attachment":[{"href":"https:\/\/www.haiti-reference.info\/pages\/wp-json\/wp\/v2\/media?parent=2991"}],"wp:term":[{"taxonomy":"category","embeddable":true,"href":"https:\/\/www.haiti-reference.info\/pages\/wp-json\/wp\/v2\/categories?post=2991"}],"curies":[{"name":"wp","href":"https:\/\/api.w.org\/{rel}","templated":true}]}}