{"id":2521,"date":"2015-06-15T18:20:23","date_gmt":"2015-06-15T22:20:23","guid":{"rendered":"http:\/\/haiti-reference.com\/pages\/?page_id=2521"},"modified":"2024-11-22T11:44:49","modified_gmt":"2024-11-22T16:44:49","slug":"education-chiffres-et-faits","status":"publish","type":"page","link":"https:\/\/www.haiti-reference.info\/pages\/plan\/education\/education-en-haiti\/education-chiffres-et-faits\/","title":{"rendered":"4110.- Education: Faits et chiffres"},"content":{"rendered":"<h3 class=\"title_paragraf\">Faits:<\/h3>\n<hr \/>\n<p style=\"padding-left: 30px;\">En Haiti, l&rsquo;apprentissage scolaire est \u00e9chelonn\u00e9 sur trois niveaux:<\/p>\n<ol>\n<li style=\"list-style-type: none;\">\n<ol>\n<li>Le niveau pr\u00e9scolaire ou les enfants de 3 \u00e0 5 ans firent leurs premiers pas dans le syst\u00e8me scolaire. Ils s&rsquo;initient \u00e0 la lecture et \u00e0 l\u2019\u00e9criture. Ce niveau en principe comprend g\u00e9n\u00e9ralement trois 3 sections : petit, moyens et grands.<\/li>\n<li>Le niveau fondamental re\u00e7oit les enfants issus du pr\u00e9scolaire qui sont accompagn\u00e9s pendant neuf ans. Ce nouveau est divis\u00e9 en trois cycles dont les deux premiers, constituent l&rsquo;\u00e9ducation primaire, alors que le 3\u00e8me cycle introduit l&rsquo;enfant au niveau secondaire.<\/li>\n<li>Le niveau secondaire d&rsquo;une dur\u00e9e est de 4 ans et visent en principe les jeunes de 15-18 ans. l&rsquo;enseignement au niveau secondaire est dispens\u00e9 dans les <a href=\"\/pages\/plan\/education\/lycees-enseignement-secondaire\/\">lyc\u00e9es<\/a> et les <a href=\"\/pages\/plan\/education\/ecoles_sec\/\">coll\u00e8ges d&rsquo;enseignement secondaire<\/a>.<\/li>\n<\/ol>\n<\/li>\n<\/ol>\n<p style=\"padding-left: 30px;\">Au niveau de l&rsquo;administration des \u00e9coles, on distingue:<\/p>\n<ol>\n<li style=\"list-style-type: none;\">\n<ol>\n<li>\u00c9cole la\u00efque : Une \u00e9cole dont la direction et l\u2019administration assur\u00e9es\u00a0des individus\u00a0la\u00efcs, soit en leur nom propre (ind\u00e9pendant), soit au nom du Minist\u00e8re de l\u2019\u00c9ducation Nationale de la Formation Professionnelle (publique).<\/li>\n<li>\u00c9cole congr\u00e9ganiste : Une \u00e9cole dont la direction et l\u2019administration sont tenues par une congr\u00e9gation religieuse reconnue de l&rsquo;\u00c9glise catholique, soit en son nom propre (priv\u00e9e), soit au nom du <abbr title=\"Minist\u00e8re de l'\u00c9ducation nationale et de la Formation Professionnelle\">MENFP<\/abbr> (publique).<\/li>\n<li>\u00c9cole presbyt\u00e9rale : Une\u00a0\u00e9cole dirig\u00e9e par des\u00a0la\u00efcs, mais administr\u00e9e par le cur\u00e9 de la paroisse o\u00f9 se trouve\u00a0l\u2019\u00e9cole.<\/li>\n<li>Ecole \u00e9piscopale:\u00a0Une \u00e9cole dirig\u00e9e et administr\u00e9e par l&rsquo;<a href=\"\/pages\/plan\/religions\/eglise-episcopale\/\">\u00c9glise \u00e9piscopale d&rsquo;Haiti<\/a>.<\/li>\n<li>\u00c9cole protestante : Une \u00e9cole dirig\u00e9e et administr\u00e9e par un pasteur protestant ind\u00e9pendant, ou par une mission du culte reform\u00e9.<\/li>\n<li>\u00c9cole communautaire : Une\u00a0\u00e9cole la\u00efque, fond\u00e9e et administr\u00e9e par une communaut\u00e9.<\/li>\n<li>\u00c9cole communale : Une\u00a0\u00e9cole publique cr\u00e9\u00e9e et administr\u00e9e par une administration communale.<\/li>\n<\/ol>\n<\/li>\n<\/ol>\n<h4 class=\"title_paragraf\">Statistiques:<\/h4>\n<hr \/>\n<h5 style=\"padding-left: 30px;\">\u00a4 1991-1992:<b><br \/>\n<img decoding=\"async\" src=\"\/.\/images\/line-bar\/red_belt.gif\" alt=\"\" width=\"95%\" \/><\/b><\/h5>\n<p style=\"padding-left: 60px;\">1.216.808 enfants en \u00e2ge de scolarisation;<\/p>\n<p style=\"padding-left: 60px;\">Portion rurale: 69%;<\/p>\n<p style=\"padding-left: 60px;\">Portion rurale scolaris\u00e9e: 42%<br \/>\n\u2261<br \/>\n<strong>Source:<\/strong> <i>World Data on Education. 6th \u00e9dition: 2006\/07<\/i>. Geneva : Unesco, International Bureau of Education; 2007.<\/p>\n<h5 style=\"padding-left: 30px;\">\u00a4 2005-2006:<b><br \/>\n<img decoding=\"async\" src=\"\/.\/images\/line-bar\/red_belt.gif\" alt=\"\" width=\"95%\" \/><\/b><\/h5>\n<p style=\"padding-left: 60px;\">15.268 \u00e9coles fondamentales 1\u00e8res et 2\u00e8me cycles recens\u00e9es dont 1.241 publiques et 14.027 priv\u00e9es;<\/p>\n<p style=\"padding-left: 60px;\">2.189 \u00e9coles du 3\u00e8me cycle fondamental et du secondaire dont 208 lyc\u00e9es et 1981 coll\u00e8ges d&rsquo;enseignement secondaire;<\/p>\n<p style=\"padding-left: 60px;\">2.106.805 \u00e9l\u00e8ves inscrits dont 390.618 dans le secteur public et 1.716.187 dans le secteur priv\u00e9 de l\u2019enseignement fondamental 1er et 2\u00e8me cycles et \u00e0 584.954 \u00e9l\u00e8ves dont 148.345 dans le secteur public et 436.609 dans le secteur priv\u00e9 de l\u2019enseignement du 3\u00e8me cycle fondamental et secondaire.<br \/>\n\u2261<br \/>\n<strong>Source:<\/strong> Minist\u00e8re de l&rsquo;\u00c9ducation Nationale.<\/p>\n<h5 style=\"padding-left: 30px;\">\u00a4 2010-2011:<br \/>\n<img decoding=\"async\" src=\"\/.\/images\/line-bar\/red_belt.gif\" alt=\"\" width=\"95%\" \/><\/h5>\n<p style=\"padding-left: 60px;\">16.072 \u00e9coles recens\u00e9es;<\/p>\n<p style=\"padding-left: 60px;\">2.210.221 \u00e9l\u00e8ves inscrits dont 1.090.027 filles.<\/p>\n<p style=\"padding-left: 60px;\">Handicap\u00e9s: 0.14%<\/p>\n<p style=\"padding-left: 60px;\">Inscriptions dans les \u00e9coles publiques: 486.620 (22.02%);<\/p>\n<p style=\"padding-left: 60px;\">Inscriptions dans les \u00e9coles priv\u00e9es: 1.723.601 (77.98%)<br \/>\n\u2261<br \/>\n<strong>Source:<\/strong> Minist\u00e8re de l&rsquo;\u00c9ducation Nationale.<\/p>\n<h5 style=\"padding-left: 30px;\">\u00a4 2013-2014:<br \/>\n<img decoding=\"async\" src=\"\/.\/images\/line-bar\/red_belt.gif\" alt=\"\" width=\"95%\" \/><\/h5>\n<p style=\"padding-left: 60px;\">Ha\u00efti compte 17.828 \u00e9coles, dont 56% en milieu rural et 44% en milieu urbain ;<\/p>\n<p style=\"padding-left: 60px;\">88% de ces \u00e9tablissements sont non publiques contre seulement 12% d\u2019\u00e9tablissements publics ;<\/p>\n<p style=\"padding-left: 60px;\">88,227 enseignants sont dans le syst\u00e8me \u00e9ducatif ha\u00eftien ;<\/p>\n<p style=\"padding-left: 60px;\">1 enseignant pour 36 \u00e9l\u00e8ves (en moyenne) ;<\/p>\n<p style=\"padding-left: 60px;\">77% des enfants sont scolaris\u00e9s (2013) ;<\/p>\n<p style=\"padding-left: 60px;\">72% des \u00e9l\u00e8ves sont sur-\u00e2g\u00e9s ;<\/p>\n<p style=\"padding-left: 60px;\">26.73% des enseignants du secteur public sont normaliens contre 13% dans le secteur non public.<br \/>\n\u2261<br \/>\n<strong>Source:<\/strong> Minist\u00e8re de l&rsquo;\u00c9ducation Nationale.<\/p>\n<h5 style=\"padding-left: 30px;\">\u00a4 Impact du cyclone Matthieu sur le secteur de l&rsquo;\u00c9ducation:<br \/>\n<img decoding=\"async\" src=\"\/.\/images\/line-bar\/red_belt.gif\" alt=\"\" width=\"95%\" \/><\/h5>\n<p style=\"padding-left: 60px;\">Le cyclone Matthieu toucha la partie ouest de la presqu\u2019\u00eele du Sud le 4 octobre 2016. Plusieurs \u00e9tablissements scolaires ont \u00e9t\u00e9 ou d\u00e9truits ou endommag\u00e9s dans\u00a08 des 10 d\u00e9partements.<\/p>\n<p style=\"padding-left: 60px;\">Voici le chiffre qui a \u00e9t\u00e9 communiqu\u00e9 par le\u00a0 Minist\u00e8re de l\u2019\u00e9ducation nationale:<\/p>\n<p style=\"padding-left: 60px;\">916 \u00e9coles fondamentales, dont la grande majorit\u00e9 est publique;<\/p>\n<p style=\"padding-left: 60px;\">754 \u00e9tablissements secondaires dont 33 lyc\u00e9es;<\/p>\n<p style=\"padding-left: 60px;\">11 centres professionnels .<br \/>\n\u2261<br \/>\n<strong>Source:<\/strong> Minist\u00e8re de l&rsquo;\u00c9ducation Nationale.<\/p>\n","protected":false},"excerpt":{"rendered":"<p>Faits: En Haiti, l&rsquo;apprentissage scolaire est \u00e9chelonn\u00e9 sur trois niveaux: Le niveau pr\u00e9scolaire ou les enfants de 3 \u00e0 5 ans firent leurs premiers pas dans le syst\u00e8me scolaire. Ils [&hellip;]<\/p>\n","protected":false},"author":1,"featured_media":0,"parent":1243,"menu_order":1,"comment_status":"closed","ping_status":"closed","template":"page-next.php","meta":{"footnotes":""},"categories":[],"class_list":["post-2521","page","type-page","status-publish","hentry"],"yoast_head":"<!-- This site is optimized with the Yoast SEO plugin v27.4 - https:\/\/yoast.com\/product\/yoast-seo-wordpress\/ -->\n<title>4110.- Education: Faits et chiffres &#187;<\/title>\n<meta name=\"robots\" content=\"index, follow, max-snippet:-1, max-image-preview:large, max-video-preview:-1\" \/>\n<link rel=\"canonical\" href=\"https:\/\/www.haiti-reference.info\/pages\/plan\/education\/education-en-haiti\/education-chiffres-et-faits\/\" \/>\n<meta property=\"og:locale\" content=\"fr_CA\" \/>\n<meta property=\"og:type\" content=\"article\" \/>\n<meta property=\"og:title\" content=\"4110.- Education: Faits et chiffres &#187;\" \/>\n<meta property=\"og:description\" content=\"Faits: En Haiti, l&rsquo;apprentissage scolaire est \u00e9chelonn\u00e9 sur trois niveaux: Le niveau pr\u00e9scolaire ou les enfants de 3 \u00e0 5 ans firent leurs premiers pas dans le syst\u00e8me scolaire. Ils [&hellip;]\" \/>\n<meta property=\"og:url\" content=\"https:\/\/www.haiti-reference.info\/pages\/plan\/education\/education-en-haiti\/education-chiffres-et-faits\/\" \/>\n<meta property=\"article:modified_time\" content=\"2024-11-22T16:44:49+00:00\" \/>\n<meta name=\"twitter:card\" content=\"summary_large_image\" \/>\n<meta name=\"twitter:label1\" content=\"Estimation du temps de lecture\" \/>\n\t<meta name=\"twitter:data1\" content=\"3 minutes\" \/>\n<script type=\"application\/ld+json\" class=\"yoast-schema-graph\">{\"@context\":\"https:\\\/\\\/schema.org\",\"@graph\":[{\"@type\":\"WebPage\",\"@id\":\"https:\\\/\\\/www.haiti-reference.info\\\/pages\\\/plan\\\/education\\\/education-en-haiti\\\/education-chiffres-et-faits\\\/\",\"url\":\"https:\\\/\\\/www.haiti-reference.info\\\/pages\\\/plan\\\/education\\\/education-en-haiti\\\/education-chiffres-et-faits\\\/\",\"name\":\"4110.- Education: Faits et chiffres &#187;\",\"isPartOf\":{\"@id\":\"https:\\\/\\\/www.haiti-reference.info\\\/pages\\\/#website\"},\"datePublished\":\"2015-06-15T22:20:23+00:00\",\"dateModified\":\"2024-11-22T16:44:49+00:00\",\"breadcrumb\":{\"@id\":\"https:\\\/\\\/www.haiti-reference.info\\\/pages\\\/plan\\\/education\\\/education-en-haiti\\\/education-chiffres-et-faits\\\/#breadcrumb\"},\"inLanguage\":\"fr-CA\",\"potentialAction\":[{\"@type\":\"ReadAction\",\"target\":[\"https:\\\/\\\/www.haiti-reference.info\\\/pages\\\/plan\\\/education\\\/education-en-haiti\\\/education-chiffres-et-faits\\\/\"]}]},{\"@type\":\"BreadcrumbList\",\"@id\":\"https:\\\/\\\/www.haiti-reference.info\\\/pages\\\/plan\\\/education\\\/education-en-haiti\\\/education-chiffres-et-faits\\\/#breadcrumb\",\"itemListElement\":[{\"@type\":\"ListItem\",\"position\":1,\"name\":\"Accueil\",\"item\":\"https:\\\/\\\/www.haiti-reference.info\\\/pages\\\/\"},{\"@type\":\"ListItem\",\"position\":2,\"name\":\"Structure du site\",\"item\":\"https:\\\/\\\/www.haiti-reference.info\\\/pages\\\/plan\\\/\"},{\"@type\":\"ListItem\",\"position\":3,\"name\":\"4000.- \u00c9ducation\",\"item\":\"https:\\\/\\\/www.haiti-reference.info\\\/pages\\\/plan\\\/education\\\/\"},{\"@type\":\"ListItem\",\"position\":4,\"name\":\"4100.- \u00c9ducation en Ha\u00efti: Historique\",\"item\":\"https:\\\/\\\/www.haiti-reference.info\\\/pages\\\/plan\\\/education\\\/education-en-haiti\\\/\"},{\"@type\":\"ListItem\",\"position\":5,\"name\":\"4110.- Education: Faits et chiffres\"}]},{\"@type\":\"WebSite\",\"@id\":\"https:\\\/\\\/www.haiti-reference.info\\\/pages\\\/#website\",\"url\":\"https:\\\/\\\/www.haiti-reference.info\\\/pages\\\/\",\"name\":\"Haiti-R\u00e9f\u00e9rence\",\"description\":\"Un guide de r\u00e9f\u00e9rence\",\"publisher\":{\"@id\":\"https:\\\/\\\/www.haiti-reference.info\\\/pages\\\/#organization\"},\"potentialAction\":[{\"@type\":\"SearchAction\",\"target\":{\"@type\":\"EntryPoint\",\"urlTemplate\":\"https:\\\/\\\/www.haiti-reference.info\\\/pages\\\/?s={search_term_string}\"},\"query-input\":{\"@type\":\"PropertyValueSpecification\",\"valueRequired\":true,\"valueName\":\"search_term_string\"}}],\"inLanguage\":\"fr-CA\"},{\"@type\":\"Organization\",\"@id\":\"https:\\\/\\\/www.haiti-reference.info\\\/pages\\\/#organization\",\"name\":\"Haiti-R\u00e9f\u00e9rence\",\"url\":\"https:\\\/\\\/www.haiti-reference.info\\\/pages\\\/\",\"logo\":{\"@type\":\"ImageObject\",\"inLanguage\":\"fr-CA\",\"@id\":\"https:\\\/\\\/www.haiti-reference.info\\\/pages\\\/#\\\/schema\\\/logo\\\/image\\\/\",\"url\":\"https:\\\/\\\/www.haiti-reference.info\\\/pages\\\/wp-content\\\/uploads\\\/2016\\\/04\\\/cropped-cropped-logo_201604-8-1.png\",\"contentUrl\":\"https:\\\/\\\/www.haiti-reference.info\\\/pages\\\/wp-content\\\/uploads\\\/2016\\\/04\\\/cropped-cropped-logo_201604-8-1.png\",\"width\":338,\"height\":87,\"caption\":\"Haiti-R\u00e9f\u00e9rence\"},\"image\":{\"@id\":\"https:\\\/\\\/www.haiti-reference.info\\\/pages\\\/#\\\/schema\\\/logo\\\/image\\\/\"},\"sameAs\":[\"https:\\\/\\\/bsky.app\\\/profile\\\/haiti-reference.bsky.social\"]}]}<\/script>\n<!-- \/ Yoast SEO plugin. -->","yoast_head_json":{"title":"4110.- Education: Faits et chiffres &#187;","robots":{"index":"index","follow":"follow","max-snippet":"max-snippet:-1","max-image-preview":"max-image-preview:large","max-video-preview":"max-video-preview:-1"},"canonical":"https:\/\/www.haiti-reference.info\/pages\/plan\/education\/education-en-haiti\/education-chiffres-et-faits\/","og_locale":"fr_CA","og_type":"article","og_title":"4110.- Education: Faits et chiffres &#187;","og_description":"Faits: En Haiti, l&rsquo;apprentissage scolaire est \u00e9chelonn\u00e9 sur trois niveaux: Le niveau pr\u00e9scolaire ou les enfants de 3 \u00e0 5 ans firent leurs premiers pas dans le syst\u00e8me scolaire. Ils [&hellip;]","og_url":"https:\/\/www.haiti-reference.info\/pages\/plan\/education\/education-en-haiti\/education-chiffres-et-faits\/","article_modified_time":"2024-11-22T16:44:49+00:00","twitter_card":"summary_large_image","twitter_misc":{"Estimation du temps de lecture":"3 minutes"},"schema":{"@context":"https:\/\/schema.org","@graph":[{"@type":"WebPage","@id":"https:\/\/www.haiti-reference.info\/pages\/plan\/education\/education-en-haiti\/education-chiffres-et-faits\/","url":"https:\/\/www.haiti-reference.info\/pages\/plan\/education\/education-en-haiti\/education-chiffres-et-faits\/","name":"4110.- Education: Faits et chiffres &#187;","isPartOf":{"@id":"https:\/\/www.haiti-reference.info\/pages\/#website"},"datePublished":"2015-06-15T22:20:23+00:00","dateModified":"2024-11-22T16:44:49+00:00","breadcrumb":{"@id":"https:\/\/www.haiti-reference.info\/pages\/plan\/education\/education-en-haiti\/education-chiffres-et-faits\/#breadcrumb"},"inLanguage":"fr-CA","potentialAction":[{"@type":"ReadAction","target":["https:\/\/www.haiti-reference.info\/pages\/plan\/education\/education-en-haiti\/education-chiffres-et-faits\/"]}]},{"@type":"BreadcrumbList","@id":"https:\/\/www.haiti-reference.info\/pages\/plan\/education\/education-en-haiti\/education-chiffres-et-faits\/#breadcrumb","itemListElement":[{"@type":"ListItem","position":1,"name":"Accueil","item":"https:\/\/www.haiti-reference.info\/pages\/"},{"@type":"ListItem","position":2,"name":"Structure du site","item":"https:\/\/www.haiti-reference.info\/pages\/plan\/"},{"@type":"ListItem","position":3,"name":"4000.- \u00c9ducation","item":"https:\/\/www.haiti-reference.info\/pages\/plan\/education\/"},{"@type":"ListItem","position":4,"name":"4100.- \u00c9ducation en Ha\u00efti: Historique","item":"https:\/\/www.haiti-reference.info\/pages\/plan\/education\/education-en-haiti\/"},{"@type":"ListItem","position":5,"name":"4110.- Education: Faits et chiffres"}]},{"@type":"WebSite","@id":"https:\/\/www.haiti-reference.info\/pages\/#website","url":"https:\/\/www.haiti-reference.info\/pages\/","name":"Haiti-R\u00e9f\u00e9rence","description":"Un guide de r\u00e9f\u00e9rence","publisher":{"@id":"https:\/\/www.haiti-reference.info\/pages\/#organization"},"potentialAction":[{"@type":"SearchAction","target":{"@type":"EntryPoint","urlTemplate":"https:\/\/www.haiti-reference.info\/pages\/?s={search_term_string}"},"query-input":{"@type":"PropertyValueSpecification","valueRequired":true,"valueName":"search_term_string"}}],"inLanguage":"fr-CA"},{"@type":"Organization","@id":"https:\/\/www.haiti-reference.info\/pages\/#organization","name":"Haiti-R\u00e9f\u00e9rence","url":"https:\/\/www.haiti-reference.info\/pages\/","logo":{"@type":"ImageObject","inLanguage":"fr-CA","@id":"https:\/\/www.haiti-reference.info\/pages\/#\/schema\/logo\/image\/","url":"https:\/\/www.haiti-reference.info\/pages\/wp-content\/uploads\/2016\/04\/cropped-cropped-logo_201604-8-1.png","contentUrl":"https:\/\/www.haiti-reference.info\/pages\/wp-content\/uploads\/2016\/04\/cropped-cropped-logo_201604-8-1.png","width":338,"height":87,"caption":"Haiti-R\u00e9f\u00e9rence"},"image":{"@id":"https:\/\/www.haiti-reference.info\/pages\/#\/schema\/logo\/image\/"},"sameAs":["https:\/\/bsky.app\/profile\/haiti-reference.bsky.social"]}]}},"_links":{"self":[{"href":"https:\/\/www.haiti-reference.info\/pages\/wp-json\/wp\/v2\/pages\/2521","targetHints":{"allow":["GET"]}}],"collection":[{"href":"https:\/\/www.haiti-reference.info\/pages\/wp-json\/wp\/v2\/pages"}],"about":[{"href":"https:\/\/www.haiti-reference.info\/pages\/wp-json\/wp\/v2\/types\/page"}],"author":[{"embeddable":true,"href":"https:\/\/www.haiti-reference.info\/pages\/wp-json\/wp\/v2\/users\/1"}],"replies":[{"embeddable":true,"href":"https:\/\/www.haiti-reference.info\/pages\/wp-json\/wp\/v2\/comments?post=2521"}],"version-history":[{"count":0,"href":"https:\/\/www.haiti-reference.info\/pages\/wp-json\/wp\/v2\/pages\/2521\/revisions"}],"up":[{"embeddable":true,"href":"https:\/\/www.haiti-reference.info\/pages\/wp-json\/wp\/v2\/pages\/1243"}],"wp:attachment":[{"href":"https:\/\/www.haiti-reference.info\/pages\/wp-json\/wp\/v2\/media?parent=2521"}],"wp:term":[{"taxonomy":"category","embeddable":true,"href":"https:\/\/www.haiti-reference.info\/pages\/wp-json\/wp\/v2\/categories?post=2521"}],"curies":[{"name":"wp","href":"https:\/\/api.w.org\/{rel}","templated":true}]}}