{"id":2452,"date":"2015-06-14T19:27:04","date_gmt":"2015-06-14T23:27:04","guid":{"rendered":"http:\/\/haiti-reference.com\/pages\/?page_id=2452"},"modified":"2026-04-17T09:22:22","modified_gmt":"2026-04-17T13:22:22","slug":"arrondissements-et-communes","status":"publish","type":"page","link":"https:\/\/www.haiti-reference.info\/pages\/plan\/geographie-et-tourisme\/divisions-territoriales\/arrondissements-et-communes\/","title":{"rendered":"7320.- Arrondissements et communes d&rsquo;Haiti"},"content":{"rendered":"<div class=\"justify\">\n<p>En Ha\u00efti, communes et arrondissements constituent l\u2019ossature des collectivit\u00e9s territoriales d\u2019Ha\u00efti selon la <a class=\"red\" href=\"\/pages\/plan\/histoire-et-societe\/documents-historiques\/constitutions\/1987-texte\/\">Constitution de 1987<\/a> (art. 61). Elles sont dot\u00e9es des pr\u00e9rogatives juridiques suivantes : personnalit\u00e9 morale ayant une autonomie administrative et financi\u00e8re et une capacit\u00e9 de litige avec l\u2019\u00c9tat. Elles sont administr\u00e9es par deux organes, Un conseil et une assembl\u00e9e, dont la dissolution ne peut \u00eatre prononc\u00e9e par un tribunal comp\u00e9tent et seulement pour cause \u00ab pour cause d\u2019incurie et de malversations frauduleuses \u00bb (art. 72).<\/p>\n<p>L\u2019arrondissement, juridiquement, n\u2019est qu&rsquo;une commune devenue chef d\u2019une circonscription administrative regroupant plusieurs communes. Jusqu&rsquo;\u00e0 la publication de la <a class=\"red\" href=\"\/pages\/plan\/histoire-et-societe\/documents-historiques\/constitutions\/1946-text\/\">Constitution de 1946<\/a>, l&rsquo;arrondissement \u00e9tait command\u00e9e politiquement par un pr\u00e9fet* et militairement par un commandant d&rsquo;arrondissement avec le grade de lieutenant colonel.<\/p>\n<p>\u00c0 ce jour, Haiti compte 42 arrondissements, 145 communes et 571 sections repartis sur 10 d\u00e9partements.<\/p>\n<\/div>\n<p>&nbsp;<\/p>\n<table id=\"mytable\">\n<tbody>\n<tr style=\"border: 0;\">\n<td width=\"25%\"><\/td>\n<th style=\"text-align: right; padding-right: 10px;\" width=\"15%\">Arrond.<\/th>\n<th style=\"text-align: right; padding-right: 10px;\" width=\"15%\">Communes<\/th>\n<th style=\"text-align: right; padding-right: 10px;\" width=\"15%\">Quartiers<\/th>\n<th style=\"text-align: right; padding-right: 10px;\" align=\"right\" width=\"35%\">Sections comm.<\/th>\n<\/tr>\n<tr>\n<td class=\"head_cell\"><strong><a href=\"\/pages\/plan\/geographie-et-tourisme\/divisions-territoriales\/arrondissements-et-communes\/artibonite\/\"><img loading=\"lazy\" decoding=\"async\" class=\"alignnone\" src=\"\/.\/images\/magnifier_zoom.png\" alt=\"\" width=\"16\" height=\"16\" \/>\u00a0Artibonite<\/a><\/strong><\/td>\n<td align=\"right\"><span class=\"no-tablet\">Arrondissement:\u00a0 <\/span>5<\/td>\n<td align=\"right\"><span class=\"no-tablet\">communes:<\/span> 17<\/td>\n<td align=\"right\"><span class=\"no-tablet\">Quartiers:<\/span> 7<\/td>\n<td align=\"right\"><span class=\"no-tablet\">Sections rurales:<\/span> 63<\/td>\n<\/tr>\n<tr>\n<td class=\"head_cell\"><strong><a href=\"\/pages\/plan\/geographie-et-tourisme\/divisions-territoriales\/arrondissements-et-communes\/centre\/\"><img loading=\"lazy\" decoding=\"async\" class=\"alignnone\" src=\"\/.\/images\/magnifier_zoom.png\" width=\"16\" height=\"16\" \/> Centre<\/a><\/strong><\/td>\n<td align=\"right\"><span class=\"no-tablet\">Arrondissment: <\/span>4<\/td>\n<td align=\"right\"><span class=\"no-tablet\">communes: <\/span>13<\/td>\n<td align=\"right\"><span class=\"no-tablet\">Quartiers:<\/span> 4<\/td>\n<td align=\"right\"><span class=\"no-tablet\">Sections rurales:<\/span> 35<\/td>\n<\/tr>\n<tr>\n<td class=\"head_cell\"><strong><a href=\"\/pages\/plan\/geographie-et-tourisme\/divisions-territoriales\/arrondissements-et-communes\/gdeanse\/\"><img loading=\"lazy\" decoding=\"async\" class=\"alignnone\" src=\"\/.\/images\/magnifier_zoom.png\" width=\"16\" height=\"16\" \/> Grande Anse<\/a><\/strong><\/td>\n<td align=\"right\"><span class=\"no-tablet\">Arrondissment : <\/span>3<\/td>\n<td align=\"right\"><span class=\"no-tablet\">communes : <\/span>13<\/td>\n<td align=\"right\"><span class=\"no-tablet\">Quartiers :<\/span> 5<\/td>\n<td align=\"right\"><span class=\"no-tablet\">Sections rurales :<\/span> 47<\/td>\n<\/tr>\n<tr>\n<td class=\"head_cell\"><strong><a href=\"\/pages\/plan\/geographie-et-tourisme\/divisions-territoriales\/arrondissements-et-communes\/ouest\/\"><img loading=\"lazy\" decoding=\"async\" class=\"alignnone\" src=\"\/.\/images\/magnifier_zoom.png\" width=\"16\" height=\"16\" \/> Ouest<\/a><\/strong><\/td>\n<td align=\"right\"><span class=\"no-tablet\">Arrondissment : <\/span>5<\/td>\n<td align=\"right\"><span class=\"no-tablet\">communes : <\/span>20<\/td>\n<td align=\"right\"><span class=\"no-tablet\">Quartiers :<\/span> 6<\/td>\n<td align=\"right\"><span class=\"no-tablet\">Sections rurales :<\/span> 112<\/td>\n<\/tr>\n<tr>\n<td class=\"head_cell\"><strong><a href=\"\/pages\/plan\/geographie-et-tourisme\/divisions-territoriales\/arrondissements-et-communes\/nippes\/\"><img loading=\"lazy\" decoding=\"async\" class=\"alignnone\" src=\"\/.\/images\/magnifier_zoom.png\" width=\"16\" height=\"16\" \/> Nippes<\/a><\/strong><\/td>\n<td align=\"right\"><span class=\"no-tablet\">Arrondissment : <\/span>3<\/td>\n<td align=\"right\"><span class=\"no-tablet\">communes :<\/span>11<\/td>\n<td align=\"right\"><span class=\"no-tablet\">Quartiers :<\/span> 11<\/td>\n<td align=\"right\"><span class=\"no-tablet\">Sections rurales :<\/span> 37<\/td>\n<\/tr>\n<tr>\n<td class=\"head_cell\"><strong><a href=\"\/pages\/plan\/geographie-et-tourisme\/divisions-territoriales\/arrondissements-et-communes\/nord\/\"><img loading=\"lazy\" decoding=\"async\" class=\"alignnone\" src=\"\/.\/images\/magnifier_zoom.png\" width=\"16\" height=\"16\" \/> Nord<\/a><\/strong><\/td>\n<td align=\"right\"><span class=\"no-tablet\">Arrondissment : <\/span>7<\/td>\n<td align=\"right\"><span class=\"no-tablet\">communes :<\/span>19<\/td>\n<td align=\"right\"><span class=\"no-tablet\">Quartiers :<\/span> 10<\/td>\n<td align=\"right\"><span class=\"no-tablet\">Sections rurales :<\/span> 82<\/td>\n<\/tr>\n<tr>\n<td class=\"head_cell\"><strong><a href=\"\/pages\/plan\/geographie-et-tourisme\/divisions-territoriales\/arrondissements-et-communes\/nordest\/\"><img loading=\"lazy\" decoding=\"async\" class=\"alignnone\" src=\"\/.\/images\/magnifier_zoom.png\" width=\"16\" height=\"16\" \/> Nord-Est<\/a><\/strong><\/td>\n<td align=\"right\"><span class=\"no-tablet\">Arrondissment : <\/span>3<\/td>\n<td align=\"right\"><span class=\"no-tablet\">communes :<\/span>13<\/td>\n<td align=\"right\"><span class=\"no-tablet\">Quartiers :<\/span> 5<\/td>\n<td align=\"right\"><span class=\"no-tablet\">Sections rurales :<\/span> 36<\/td>\n<\/tr>\n<tr>\n<td class=\"head_cell\"><strong><a href=\"\/pages\/plan\/geographie-et-tourisme\/divisions-territoriales\/arrondissements-et-communes\/nordouest\/\"><img loading=\"lazy\" decoding=\"async\" class=\"alignnone\" src=\"\/.\/images\/magnifier_zoom.png\" width=\"16\" height=\"16\" \/> Nord-Ouest<\/a><\/strong><\/td>\n<td align=\"right\"><span class=\"no-tablet\">Arrondissment : <\/span>4<\/td>\n<td align=\"right\"><span class=\"no-tablet\">communes :<\/span>11<\/td>\n<td align=\"right\"><span class=\"no-tablet\">Quartiers :<\/span> 3<\/td>\n<td align=\"right\"><span class=\"no-tablet\">Sections rurales :<\/span> 39<\/td>\n<\/tr>\n<tr>\n<td class=\"head_cell\"><strong><a href=\"\/pages\/plan\/geographie-et-tourisme\/divisions-territoriales\/arrondissements-et-communes\/sud\/\"><img loading=\"lazy\" decoding=\"async\" class=\"alignnone\" src=\"\/.\/images\/magnifier_zoom.png\" width=\"16\" height=\"16\" \/> Sud<\/a><\/strong><\/td>\n<td align=\"right\"><span class=\"no-tablet\">Arrondissment : <\/span>5<\/td>\n<td align=\"right\"><span class=\"no-tablet\">communes :<\/span>18<\/td>\n<td align=\"right\"><span class=\"no-tablet\">Quartiers :<\/span> 8<\/td>\n<td align=\"right\"><span class=\"no-tablet\">Sections rurales :<\/span> 69<\/td>\n<\/tr>\n<tr>\n<td class=\"head_cell\"><strong><a href=\"\/pages\/plan\/geographie-et-tourisme\/divisions-territoriales\/arrondissements-et-communes\/sudest\/\"><img loading=\"lazy\" decoding=\"async\" class=\"alignnone\" src=\"\/.\/images\/magnifier_zoom.png\" width=\"16\" height=\"16\" \/> Sud-est<\/a><\/strong><\/td>\n<td align=\"right\"><span class=\"no-tablet\">Arrondissment : <\/span>3<\/td>\n<td align=\"right\"><span class=\"no-tablet\">communes :<\/span>10<\/td>\n<td align=\"right\"><span class=\"no-tablet\">Quartiers :<\/span> 5<\/td>\n<td align=\"right\"><span class=\"no-tablet\">Quartiers :<\/span> 50<\/td>\n<\/tr>\n<\/tbody>\n<\/table>\n<p>&nbsp;<\/p>\n<p class=\"recommended\" style=\"margin-top: 25px;\">\u270d Notes:<\/p>\n<div class=\"citation\" style=\"margin-bottom: 25px;\">* Le pr\u00e9fet, une fonction institu\u00e9e par la <a class=\"red\" href=\"\/pages\/plan\/histoire-et-societe\/documents-historiques\/constitutions\/1946-text\/\">Constitution de 1946<\/a> (art. 119), a \u00e9t\u00e9 le repr\u00e9sentant direct et civil de l&rsquo;Ex\u00e9cutif. Son choix relevait du pr\u00e9sident de la R\u00e9publique qui prenait alors bien soin de nommer des hommes dont la loyaut\u00e9 envers son gouvernement n&rsquo;\u00e9tait jamais remise en question et, parfois, au d\u00e9triment de la comp\u00e9tence que requ\u00e9rait la fonction.<\/div>\n","protected":false},"excerpt":{"rendered":"<p>Les sections communales, communes et arrondissements constituent l\u2019ossature des collectivit\u00e9s territoriales d\u2019Ha\u00efti. Ces derni\u00e8res sont dot\u00e9es d\u2019une personnalit\u00e9 juridique, d\u2019une autonomie administrative et financi\u00e8re, et sont administr\u00e9es par un conseil et une assembl\u00e9e dont la dissolution n\u2019est possible qu\u2019en cas d\u2019incurie ou de malversations. L\u2019arrondissement n\u2019est juridiquement qu\u2019une commune devenue chef-lieu d\u2019une circonscription. Il regroupe plusieurs communes qui, elles-m\u00eames, comprennent chacune des sections communales et des quartiers. Aujourd\u2019hui, le pays compte 42 arrondissements, 145 communes et 571 sections communales, r\u00e9partis dans les 10 d\u00e9partements g\u00e9ographiques du territoire.<\/p>\n","protected":false},"author":1,"featured_media":0,"parent":2455,"menu_order":2,"comment_status":"closed","ping_status":"closed","template":"page-next.php","meta":{"footnotes":""},"categories":[1657,1655],"class_list":["post-2452","page","type-page","status-publish","hentry","category-arrondissements-et-communes","category-geographie"],"yoast_head":"<!-- This site is optimized with the Yoast SEO plugin v27.4 - https:\/\/yoast.com\/product\/yoast-seo-wordpress\/ -->\n<title>7320.- Arrondissements et communes d&#039;Haiti &#187;<\/title>\n<meta name=\"description\" content=\"Pages de Ha\u00efti-R\u00e9f\u00e9rence pr\u00e9sentant un tableau des arrondissement et communes d&#039;Haiti avec leurs latitude et longitude et leur histoire.\" \/>\n<meta name=\"robots\" content=\"index, follow, max-snippet:-1, max-image-preview:large, max-video-preview:-1\" \/>\n<link rel=\"canonical\" href=\"https:\/\/www.haiti-reference.info\/pages\/plan\/geographie-et-tourisme\/divisions-territoriales\/arrondissements-et-communes\/\" \/>\n<meta property=\"og:locale\" content=\"fr_CA\" \/>\n<meta property=\"og:type\" content=\"article\" \/>\n<meta property=\"og:title\" content=\"7320.- Arrondissements et communes d&#039;Haiti &#187;\" \/>\n<meta property=\"og:description\" content=\"Pages de Ha\u00efti-R\u00e9f\u00e9rence pr\u00e9sentant un tableau des arrondissement et communes d&#039;Haiti avec leurs latitude et longitude et leur histoire.\" \/>\n<meta property=\"og:url\" content=\"https:\/\/www.haiti-reference.info\/pages\/plan\/geographie-et-tourisme\/divisions-territoriales\/arrondissements-et-communes\/\" \/>\n<meta property=\"article:modified_time\" content=\"2026-04-17T13:22:22+00:00\" \/>\n<meta name=\"twitter:card\" content=\"summary_large_image\" \/>\n<meta name=\"twitter:label1\" content=\"Estimation du temps de lecture\" \/>\n\t<meta name=\"twitter:data1\" content=\"2 minutes\" \/>\n<script type=\"application\/ld+json\" class=\"yoast-schema-graph\">{\"@context\":\"https:\\\/\\\/schema.org\",\"@graph\":[{\"@type\":\"WebPage\",\"@id\":\"https:\\\/\\\/www.haiti-reference.info\\\/pages\\\/plan\\\/geographie-et-tourisme\\\/divisions-territoriales\\\/arrondissements-et-communes\\\/\",\"url\":\"https:\\\/\\\/www.haiti-reference.info\\\/pages\\\/plan\\\/geographie-et-tourisme\\\/divisions-territoriales\\\/arrondissements-et-communes\\\/\",\"name\":\"7320.- Arrondissements et communes d'Haiti &#187;\",\"isPartOf\":{\"@id\":\"https:\\\/\\\/www.haiti-reference.info\\\/pages\\\/#website\"},\"datePublished\":\"2015-06-14T23:27:04+00:00\",\"dateModified\":\"2026-04-17T13:22:22+00:00\",\"description\":\"Pages de Ha\u00efti-R\u00e9f\u00e9rence pr\u00e9sentant un tableau des arrondissement et communes d'Haiti avec leurs latitude et longitude et leur histoire.\",\"breadcrumb\":{\"@id\":\"https:\\\/\\\/www.haiti-reference.info\\\/pages\\\/plan\\\/geographie-et-tourisme\\\/divisions-territoriales\\\/arrondissements-et-communes\\\/#breadcrumb\"},\"inLanguage\":\"fr-CA\",\"potentialAction\":[{\"@type\":\"ReadAction\",\"target\":[\"https:\\\/\\\/www.haiti-reference.info\\\/pages\\\/plan\\\/geographie-et-tourisme\\\/divisions-territoriales\\\/arrondissements-et-communes\\\/\"]}]},{\"@type\":\"BreadcrumbList\",\"@id\":\"https:\\\/\\\/www.haiti-reference.info\\\/pages\\\/plan\\\/geographie-et-tourisme\\\/divisions-territoriales\\\/arrondissements-et-communes\\\/#breadcrumb\",\"itemListElement\":[{\"@type\":\"ListItem\",\"position\":1,\"name\":\"Accueil\",\"item\":\"https:\\\/\\\/www.haiti-reference.info\\\/pages\\\/\"},{\"@type\":\"ListItem\",\"position\":2,\"name\":\"Structure du site\",\"item\":\"https:\\\/\\\/www.haiti-reference.info\\\/pages\\\/plan\\\/\"},{\"@type\":\"ListItem\",\"position\":3,\"name\":\"7000.- G\u00e9ographie et tourisme\",\"item\":\"https:\\\/\\\/www.haiti-reference.info\\\/pages\\\/plan\\\/geographie-et-tourisme\\\/\"},{\"@type\":\"ListItem\",\"position\":4,\"name\":\"7300.- Haiti: Divisions territoriales\",\"item\":\"https:\\\/\\\/www.haiti-reference.info\\\/pages\\\/plan\\\/geographie-et-tourisme\\\/divisions-territoriales\\\/\"},{\"@type\":\"ListItem\",\"position\":5,\"name\":\"7320.- Arrondissements et communes d&rsquo;Haiti\"}]},{\"@type\":\"WebSite\",\"@id\":\"https:\\\/\\\/www.haiti-reference.info\\\/pages\\\/#website\",\"url\":\"https:\\\/\\\/www.haiti-reference.info\\\/pages\\\/\",\"name\":\"Haiti-R\u00e9f\u00e9rence\",\"description\":\"Un guide de r\u00e9f\u00e9rence\",\"publisher\":{\"@id\":\"https:\\\/\\\/www.haiti-reference.info\\\/pages\\\/#organization\"},\"potentialAction\":[{\"@type\":\"SearchAction\",\"target\":{\"@type\":\"EntryPoint\",\"urlTemplate\":\"https:\\\/\\\/www.haiti-reference.info\\\/pages\\\/?s={search_term_string}\"},\"query-input\":{\"@type\":\"PropertyValueSpecification\",\"valueRequired\":true,\"valueName\":\"search_term_string\"}}],\"inLanguage\":\"fr-CA\"},{\"@type\":\"Organization\",\"@id\":\"https:\\\/\\\/www.haiti-reference.info\\\/pages\\\/#organization\",\"name\":\"Haiti-R\u00e9f\u00e9rence\",\"url\":\"https:\\\/\\\/www.haiti-reference.info\\\/pages\\\/\",\"logo\":{\"@type\":\"ImageObject\",\"inLanguage\":\"fr-CA\",\"@id\":\"https:\\\/\\\/www.haiti-reference.info\\\/pages\\\/#\\\/schema\\\/logo\\\/image\\\/\",\"url\":\"https:\\\/\\\/www.haiti-reference.info\\\/pages\\\/wp-content\\\/uploads\\\/2016\\\/04\\\/cropped-cropped-logo_201604-8-1.png\",\"contentUrl\":\"https:\\\/\\\/www.haiti-reference.info\\\/pages\\\/wp-content\\\/uploads\\\/2016\\\/04\\\/cropped-cropped-logo_201604-8-1.png\",\"width\":338,\"height\":87,\"caption\":\"Haiti-R\u00e9f\u00e9rence\"},\"image\":{\"@id\":\"https:\\\/\\\/www.haiti-reference.info\\\/pages\\\/#\\\/schema\\\/logo\\\/image\\\/\"},\"sameAs\":[\"https:\\\/\\\/bsky.app\\\/profile\\\/haiti-reference.bsky.social\"]}]}<\/script>\n<!-- \/ Yoast SEO plugin. -->","yoast_head_json":{"title":"7320.- Arrondissements et communes d'Haiti &#187;","description":"Pages de Ha\u00efti-R\u00e9f\u00e9rence pr\u00e9sentant un tableau des arrondissement et communes d'Haiti avec leurs latitude et longitude et leur histoire.","robots":{"index":"index","follow":"follow","max-snippet":"max-snippet:-1","max-image-preview":"max-image-preview:large","max-video-preview":"max-video-preview:-1"},"canonical":"https:\/\/www.haiti-reference.info\/pages\/plan\/geographie-et-tourisme\/divisions-territoriales\/arrondissements-et-communes\/","og_locale":"fr_CA","og_type":"article","og_title":"7320.- Arrondissements et communes d'Haiti &#187;","og_description":"Pages de Ha\u00efti-R\u00e9f\u00e9rence pr\u00e9sentant un tableau des arrondissement et communes d'Haiti avec leurs latitude et longitude et leur histoire.","og_url":"https:\/\/www.haiti-reference.info\/pages\/plan\/geographie-et-tourisme\/divisions-territoriales\/arrondissements-et-communes\/","article_modified_time":"2026-04-17T13:22:22+00:00","twitter_card":"summary_large_image","twitter_misc":{"Estimation du temps de lecture":"2 minutes"},"schema":{"@context":"https:\/\/schema.org","@graph":[{"@type":"WebPage","@id":"https:\/\/www.haiti-reference.info\/pages\/plan\/geographie-et-tourisme\/divisions-territoriales\/arrondissements-et-communes\/","url":"https:\/\/www.haiti-reference.info\/pages\/plan\/geographie-et-tourisme\/divisions-territoriales\/arrondissements-et-communes\/","name":"7320.- Arrondissements et communes d'Haiti &#187;","isPartOf":{"@id":"https:\/\/www.haiti-reference.info\/pages\/#website"},"datePublished":"2015-06-14T23:27:04+00:00","dateModified":"2026-04-17T13:22:22+00:00","description":"Pages de Ha\u00efti-R\u00e9f\u00e9rence pr\u00e9sentant un tableau des arrondissement et communes d'Haiti avec leurs latitude et longitude et leur histoire.","breadcrumb":{"@id":"https:\/\/www.haiti-reference.info\/pages\/plan\/geographie-et-tourisme\/divisions-territoriales\/arrondissements-et-communes\/#breadcrumb"},"inLanguage":"fr-CA","potentialAction":[{"@type":"ReadAction","target":["https:\/\/www.haiti-reference.info\/pages\/plan\/geographie-et-tourisme\/divisions-territoriales\/arrondissements-et-communes\/"]}]},{"@type":"BreadcrumbList","@id":"https:\/\/www.haiti-reference.info\/pages\/plan\/geographie-et-tourisme\/divisions-territoriales\/arrondissements-et-communes\/#breadcrumb","itemListElement":[{"@type":"ListItem","position":1,"name":"Accueil","item":"https:\/\/www.haiti-reference.info\/pages\/"},{"@type":"ListItem","position":2,"name":"Structure du site","item":"https:\/\/www.haiti-reference.info\/pages\/plan\/"},{"@type":"ListItem","position":3,"name":"7000.- G\u00e9ographie et tourisme","item":"https:\/\/www.haiti-reference.info\/pages\/plan\/geographie-et-tourisme\/"},{"@type":"ListItem","position":4,"name":"7300.- Haiti: Divisions territoriales","item":"https:\/\/www.haiti-reference.info\/pages\/plan\/geographie-et-tourisme\/divisions-territoriales\/"},{"@type":"ListItem","position":5,"name":"7320.- Arrondissements et communes d&rsquo;Haiti"}]},{"@type":"WebSite","@id":"https:\/\/www.haiti-reference.info\/pages\/#website","url":"https:\/\/www.haiti-reference.info\/pages\/","name":"Haiti-R\u00e9f\u00e9rence","description":"Un guide de r\u00e9f\u00e9rence","publisher":{"@id":"https:\/\/www.haiti-reference.info\/pages\/#organization"},"potentialAction":[{"@type":"SearchAction","target":{"@type":"EntryPoint","urlTemplate":"https:\/\/www.haiti-reference.info\/pages\/?s={search_term_string}"},"query-input":{"@type":"PropertyValueSpecification","valueRequired":true,"valueName":"search_term_string"}}],"inLanguage":"fr-CA"},{"@type":"Organization","@id":"https:\/\/www.haiti-reference.info\/pages\/#organization","name":"Haiti-R\u00e9f\u00e9rence","url":"https:\/\/www.haiti-reference.info\/pages\/","logo":{"@type":"ImageObject","inLanguage":"fr-CA","@id":"https:\/\/www.haiti-reference.info\/pages\/#\/schema\/logo\/image\/","url":"https:\/\/www.haiti-reference.info\/pages\/wp-content\/uploads\/2016\/04\/cropped-cropped-logo_201604-8-1.png","contentUrl":"https:\/\/www.haiti-reference.info\/pages\/wp-content\/uploads\/2016\/04\/cropped-cropped-logo_201604-8-1.png","width":338,"height":87,"caption":"Haiti-R\u00e9f\u00e9rence"},"image":{"@id":"https:\/\/www.haiti-reference.info\/pages\/#\/schema\/logo\/image\/"},"sameAs":["https:\/\/bsky.app\/profile\/haiti-reference.bsky.social"]}]}},"_links":{"self":[{"href":"https:\/\/www.haiti-reference.info\/pages\/wp-json\/wp\/v2\/pages\/2452","targetHints":{"allow":["GET"]}}],"collection":[{"href":"https:\/\/www.haiti-reference.info\/pages\/wp-json\/wp\/v2\/pages"}],"about":[{"href":"https:\/\/www.haiti-reference.info\/pages\/wp-json\/wp\/v2\/types\/page"}],"author":[{"embeddable":true,"href":"https:\/\/www.haiti-reference.info\/pages\/wp-json\/wp\/v2\/users\/1"}],"replies":[{"embeddable":true,"href":"https:\/\/www.haiti-reference.info\/pages\/wp-json\/wp\/v2\/comments?post=2452"}],"version-history":[{"count":3,"href":"https:\/\/www.haiti-reference.info\/pages\/wp-json\/wp\/v2\/pages\/2452\/revisions"}],"predecessor-version":[{"id":53966,"href":"https:\/\/www.haiti-reference.info\/pages\/wp-json\/wp\/v2\/pages\/2452\/revisions\/53966"}],"up":[{"embeddable":true,"href":"https:\/\/www.haiti-reference.info\/pages\/wp-json\/wp\/v2\/pages\/2455"}],"wp:attachment":[{"href":"https:\/\/www.haiti-reference.info\/pages\/wp-json\/wp\/v2\/media?parent=2452"}],"wp:term":[{"taxonomy":"category","embeddable":true,"href":"https:\/\/www.haiti-reference.info\/pages\/wp-json\/wp\/v2\/categories?post=2452"}],"curies":[{"name":"wp","href":"https:\/\/api.w.org\/{rel}","templated":true}]}}