{"id":22020,"date":"2000-05-01T12:16:17","date_gmt":"2000-05-01T17:16:17","guid":{"rendered":"https:\/\/www.haiti-reference.info\/pages\/?page_id=22020"},"modified":"2020-09-12T11:45:04","modified_gmt":"2020-09-12T15:45:04","slug":"ertha-pascal-trouillot","status":"publish","type":"page","link":"https:\/\/www.haiti-reference.info\/pages\/plan\/histoire-et-societe\/notables\/chefs-detat\/ertha-pascal-trouillot\/","title":{"rendered":"6420.042.- Profil d&rsquo;Ertha Pascal-Trouillot"},"content":{"rendered":"<p class=\"img_category\"><a title=\"Classification\" href=\"pages\/plan\/histoire-et-societe\/\"><img decoding=\"async\" src=\"\/.\/images\/legendes\/category_art.jpg\" alt=\"Classification\" \/>\u00a0Histoire et Soci\u00e9t\u00e9<\/a><\/p>\n<div style=\"text-align: justify;\">\n<p><img loading=\"lazy\" decoding=\"async\" class=\"img_border alignleft\" src=\"\/pages\/notables\/photos\/ertha_pascal_officiel.jpg\" alt=\"\" width=\"254\" height=\"288\" \/>Pr\u00e9sidente provisoire d&rsquo;Haiti du 14 Mars 1990 au matin du 7 F\u00e9vrier 1991, Mme Ertha Pascal-Trouillot fut la premi\u00e8re femme Ha\u00eftienne \u00e0 assumer les r\u00eanes du pouvoir ex\u00e9cutif en Haiti.<\/p>\n<p>Fille de Thimocl\u00e8s Pascal, un forgeron,\u00a0 et de Louise Dumornay, une couturi\u00e8re, elle naquit \u00e0 P\u00e9tion-Ville le 13 Ao\u00fbt 1943. Ceux qui la connaissaient durant sa jeunesse la d\u00e9crivent comme une fille intelligente et de caract\u00e8re quoique accusant une certaine modestie et un peu timide.<\/p>\n<p>Ertha Pascal fit ses \u00e9tudes secondaires au Lyc\u00e9e de P\u00e9tion-Ville avant d&rsquo;\u00eatre admise \u00e0 l&rsquo;\u00c9cole de Droit des Gona\u00efves. En Juillet 1971, elle d\u00e9crocha sa licence en droit, apr\u00e8s avoir pr\u00e9sent\u00e9 et soutenu avec brio son M\u00e9moire de sortie sur le <i>Statut juridique de l&rsquo;Ha\u00eftienne dans la legislation sociale. <\/i>Elle pr\u00eata serment en qualit\u00e9 d&rsquo;avocat le 8 Octobre 1971. De l\u00e0, sa<br \/>\ncarri\u00e8re ne fut qu&rsquo;une longue liste d&rsquo;in\u00e9dits et de premi\u00e8res.<\/p>\n<p>En 1980, elle devint la premi\u00e8re femme juge au tribunal civil de Port-au-Prince, apr\u00e8s avoir \u00e9t\u00e9 membre de la Commission charg\u00e9e de reviser le Code Civil Haitien<br \/>\net la premi\u00e8re Ha\u00eftienne \u00e0 \u00eatre admise au Conseil de l&rsquo;Ordre des avocats du barreau de Port-au-Prince. Sa nomination \u00e0 la Cour d&rsquo;Appel en 1985 fit d&rsquo;elle la premi\u00e8re femme juge de cette instance judiciaire.<\/p>\n<p>En 1986, le Ministre de la Justice du CNG la nomma Juge \u00e0 la Cour de Cassation, faisant ainsi d&rsquo;elle la premi\u00e8re femme \u00e0 assumer une telle fonction. C&rsquo;est en cette qualit\u00e9 qu&rsquo;elle devint pr\u00e9sidente provisoire \u00e0 la suite de la d\u00e9mission du g\u00e9n\u00e9ral Prosper Avril le 10 Mars 1990. En effet, le <a href=\"\/pages\/plan\/histoire-et-societe\/ephemerides\/dates-03mars\/#14\">14<br \/>\nMars<\/a> , le commandant-en-chef des Forces Arm\u00e9es d&rsquo;Haiti, le g\u00e9n\u00e9ral H\u00e9rard Abraham qui assumait le pouvoir depuis environ quatre jours, la d\u00e9signa pr\u00e9sidente provisoire d&rsquo;Haiti avec la mission d&rsquo;organiser les \u00e9lections g\u00e9n\u00e9rales cr\u00e9dibles.<\/p>\n<p>Elle accepta cette charge avec r\u00e9ticence, mais prit tr\u00e8s au s\u00e9rieux la mission qui lui a \u00e9t\u00e9 confi\u00e9e. Le 16 D\u00e9cembre 1990, sous l&rsquo;oeil vigilant de la communaut\u00e9 internationale, les premiers tours des \u00e9lections ont \u00e9t\u00e9 organis\u00e9s, \u00e9lections qui port\u00e8rent au pouvoir <a href=\"\/pages\/plan\/histoire-et-societe\/notables\/chefs-detat\/jean-bertrand-aristide\/\">Jean-Bertrand Aristide<\/a>.<\/p>\n<p>Alors qu&rsquo;elle re\u00e7ut de hautes marques de la communaut\u00e9 et des organisations internationales, elle devint toutefois l&rsquo;objet de suspicion de la part du nouveau gouvernement dirig\u00e9 par le duo Aristide-Pr\u00e9val. En effet, le jour m\u00eame de la prestation de serment du nouveau pr\u00e9sident, le <a href=\"\/pages\/plan\/histoire-et-societe\/ephemerides\/dates-02fevrier\/#7\">7 F\u00e9vrier 1991<\/a>, une notification de rester \u00e0 la disposition de la justice lui fut gliss\u00e9e pendant la c\u00e9r\u00e9monie d&rsquo;investiture \u00e0 la Chambre L\u00e9gislative. Les repr\u00e9sentants du nouveau gouvernement expliqu\u00e8rent qu&rsquo;ils ont entrepris une telle action dans le but de rechercher la v\u00e9rit\u00e9 sur la tentative du coup d&rsquo;\u00e9tat de Roger Lafontant, le <a href=\"\/pages\/plan\/histoire-et-societe\/ephemerides\/dates-01janvier\/#7\">7 janvier<\/a>.<\/p>\n<p>Le 4 Avril 1991, des autorit\u00e9s judiciaires proc\u00e9d\u00e8rent \u00e0 son arrestation sous l&rsquo;accusation de complicit\u00e9 dans le coup d&rsquo;\u00e9tat du 7 Janvier, contredisant ainsi son rapport qui faisait d&rsquo;elle une victime d&rsquo;enl\u00e8vement par les auteurs du coup. Elle fut lib\u00e9r\u00e9e le jour suivant apr\u00e8s l&rsquo;intervention publique des autorit\u00e9s am\u00e9ricaines \u00e0 Port-au-Prince qui exig\u00e8rent en m\u00eame temps la lev\u00e9e de l&rsquo;interdiction de d\u00e9part. Elle quitta le pays peu de temps apr\u00e8s pour y revenir plus d&rsquo;une ann\u00e9e apr\u00e8s. Des lors, elle v\u00e9cut loin du collimateur de la presse. Elle travaillerait pr\u00e9sentement \u00e0 la r\u00e9daction des diff\u00e9rents volumes du <em>Dictionnaire Biographique d&rsquo;Haiti<\/em>.<\/p>\n<p>En 1971, elle maria Ernest Trouillot, son ancien professeur et tuteur et devint veuve en Juillet 1987. De cette union naquit leur unique fille, Yantha.<\/p>\n<p>Ertha Pascal-Trouillot fut couronn\u00e9e par l&rsquo;Alliance Fran\u00e7aise qui fit d&rsquo;elle une Laur\u00e9ate, Elle est \u00e9galement membre de l&rsquo;Association des \u00c9crivains de Langue Fran\u00e7aise et l&rsquo;American Bar Association.<\/p>\n<\/div>\n<p class=\"recommended\">\ud83d\udcda Publications de Pascal-Trouillot:<\/p>\n<ul class=\"indent-both\">\n<li><i>Analyse de la l\u00e9gislation revisant le statut de la femme mari\u00e9e :\u00a0 le d\u00e9cret du 8 octobre 1982 et le Code civil : avec un index alphab\u00e9tique et lexical et la reproduction du d\u00e9cret du 8 Octobre 1982.\u00a0<\/i>Port-au-Prince : Editions Henri Deschamps,\u00a0 [1983].<\/li>\n<li><i>Au grand boulevard de la libert\u00e9 : souvenir d&rsquo;un p\u00e9riple\u00a0\u00a0privil\u00e9gi\u00e9 aux Etats-Unis.\u00a0<\/i>Port-au-Prince : Editions Henri Deschamps, [1981].<\/li>\n<li><i>Code de lois usuelles <\/i>\/ en collaboration avec Ernst Trouillot. Port-au-Prince : Editions Henri Deschamps, [1978].<br \/>\n<i>Note:\u00a0<\/i>Cette oeuvre sera remise \u00e0 jour et r\u00e9-\u00e9dit\u00e9e en 2 Volumes en 1989 et 1990.<\/li>\n<li><i>Etre femme en Haiti hier et aujourd&rsquo;hui :\u00a0 le\u00a0 regard des constitutions, des lois et de la soci\u00e9t\u00e9.\u00a0\u00a0<\/i>Port-au-Prince :\u00a0 Universit\u00e9 Quisqueya,\u00a0 2002.<\/li>\n<li><i>R\u00e9trospectives &#8230; horizons\u00a0<\/i>Port-au-Prince : Imprimerie des Antilles,\u00a0 [1980].<br \/>\n<i>Note<\/i>: Ouvrage analysant le status l\u00e9gal des femmes en Haiti. contient<br \/>\nune bibliographie et un index.<\/li>\n<li><i>Statut juridique de l&rsquo;Haitienne dans la l\u00e9gislation sociale.\u00a0<\/i>Port-au-Prince : Imprimerie des Antilles, 1973.<br \/>\n<i>Note:\u00a0<\/i>M\u00e9moire de sortie \u00e0\u00a0l&rsquo;Universit\u00e9 d&rsquo;Etat, pour l&rsquo;obtention\u00a0 de sa License en droit, travail revu, corrig\u00e9 et augment\u00e9. Pr\u00e9face de Max A. Antoine.<\/li>\n<\/ul>\n<p class=\"recommended\">\ud83d\udcda Publications sur Ertha Pascal-Trouillot:<\/p>\n<ul class=\"indent-both\">\n<li>Duquella, Fr\u00e9d\u00e9ric Tardieu.\u00a0\u00a0<i>Gage de sinc\u00e8res consid\u00e9rations : Ma\u00eetre Ertha Pascal Trouillot, Pr\u00e9sident provisoire de la R\u00e9publique d&rsquo;Ha\u00efti.\u00a0<\/i>[Port-au-Prince] : Impr. &amp; Editions Delta, 1990.<\/li>\n<li>Mentor, Ga\u00e9tan.\u00a0\u00a0<i>Ertha hysop.\u00a0<\/i>P\u00e9tion-Ville : Biblioth\u00e8que nationale d&rsquo;Ha\u00efti, [2001].<\/li>\n<\/ul>\n<p><!--fin du texte--><\/p>\n","protected":false},"excerpt":{"rendered":"<p>\u00a0Histoire et Soci\u00e9t\u00e9 Pr\u00e9sidente provisoire d&rsquo;Haiti du 14 Mars 1990 au matin du 7 F\u00e9vrier 1991, Mme Ertha Pascal-Trouillot fut la premi\u00e8re femme Ha\u00eftienne \u00e0 assumer les r\u00eanes du pouvoir [&hellip;]<\/p>\n","protected":false},"author":1,"featured_media":0,"parent":21889,"menu_order":41,"comment_status":"closed","ping_status":"closed","template":"","meta":{"footnotes":""},"categories":[],"class_list":["post-22020","page","type-page","status-publish","hentry"],"yoast_head":"<!-- This site is optimized with the Yoast SEO plugin v27.4 - https:\/\/yoast.com\/product\/yoast-seo-wordpress\/ -->\n<title>6420.042.- Profil d&#039;Ertha Pascal-Trouillot &#187;<\/title>\n<meta name=\"robots\" content=\"index, follow, max-snippet:-1, max-image-preview:large, max-video-preview:-1\" \/>\n<link rel=\"canonical\" href=\"https:\/\/www.haiti-reference.info\/pages\/plan\/histoire-et-societe\/notables\/chefs-detat\/ertha-pascal-trouillot\/\" \/>\n<meta property=\"og:locale\" content=\"fr_CA\" \/>\n<meta property=\"og:type\" content=\"article\" \/>\n<meta property=\"og:title\" content=\"6420.042.- Profil d&#039;Ertha Pascal-Trouillot &#187;\" \/>\n<meta property=\"og:description\" content=\"\u00a0Histoire et Soci\u00e9t\u00e9 Pr\u00e9sidente provisoire d&rsquo;Haiti du 14 Mars 1990 au matin du 7 F\u00e9vrier 1991, Mme Ertha Pascal-Trouillot fut la premi\u00e8re femme Ha\u00eftienne \u00e0 assumer les r\u00eanes du pouvoir [&hellip;]\" \/>\n<meta property=\"og:url\" content=\"https:\/\/www.haiti-reference.info\/pages\/plan\/histoire-et-societe\/notables\/chefs-detat\/ertha-pascal-trouillot\/\" \/>\n<meta property=\"article:modified_time\" content=\"2020-09-12T15:45:04+00:00\" \/>\n<meta name=\"twitter:card\" content=\"summary_large_image\" \/>\n<meta name=\"twitter:label1\" content=\"Estimation du temps de lecture\" \/>\n\t<meta name=\"twitter:data1\" content=\"4 minutes\" \/>\n<script type=\"application\/ld+json\" class=\"yoast-schema-graph\">{\"@context\":\"https:\\\/\\\/schema.org\",\"@graph\":[{\"@type\":\"WebPage\",\"@id\":\"https:\\\/\\\/www.haiti-reference.info\\\/pages\\\/plan\\\/histoire-et-societe\\\/notables\\\/chefs-detat\\\/ertha-pascal-trouillot\\\/\",\"url\":\"https:\\\/\\\/www.haiti-reference.info\\\/pages\\\/plan\\\/histoire-et-societe\\\/notables\\\/chefs-detat\\\/ertha-pascal-trouillot\\\/\",\"name\":\"6420.042.- Profil d'Ertha Pascal-Trouillot &#187;\",\"isPartOf\":{\"@id\":\"https:\\\/\\\/www.haiti-reference.info\\\/pages\\\/#website\"},\"datePublished\":\"2000-05-01T17:16:17+00:00\",\"dateModified\":\"2020-09-12T15:45:04+00:00\",\"breadcrumb\":{\"@id\":\"https:\\\/\\\/www.haiti-reference.info\\\/pages\\\/plan\\\/histoire-et-societe\\\/notables\\\/chefs-detat\\\/ertha-pascal-trouillot\\\/#breadcrumb\"},\"inLanguage\":\"fr-CA\",\"potentialAction\":[{\"@type\":\"ReadAction\",\"target\":[\"https:\\\/\\\/www.haiti-reference.info\\\/pages\\\/plan\\\/histoire-et-societe\\\/notables\\\/chefs-detat\\\/ertha-pascal-trouillot\\\/\"]}]},{\"@type\":\"BreadcrumbList\",\"@id\":\"https:\\\/\\\/www.haiti-reference.info\\\/pages\\\/plan\\\/histoire-et-societe\\\/notables\\\/chefs-detat\\\/ertha-pascal-trouillot\\\/#breadcrumb\",\"itemListElement\":[{\"@type\":\"ListItem\",\"position\":1,\"name\":\"Accueil\",\"item\":\"https:\\\/\\\/www.haiti-reference.info\\\/pages\\\/\"},{\"@type\":\"ListItem\",\"position\":2,\"name\":\"Structure du site\",\"item\":\"https:\\\/\\\/www.haiti-reference.info\\\/pages\\\/plan\\\/\"},{\"@type\":\"ListItem\",\"position\":3,\"name\":\"6000.- Histoire et soci\u00e9t\u00e9\",\"item\":\"https:\\\/\\\/www.haiti-reference.info\\\/pages\\\/plan\\\/histoire-et-societe\\\/\"},{\"@type\":\"ListItem\",\"position\":4,\"name\":\"6400.- Notables et personnalit\u00e9s d&rsquo;Haiti\",\"item\":\"https:\\\/\\\/www.haiti-reference.info\\\/pages\\\/plan\\\/histoire-et-societe\\\/notables\\\/\"},{\"@type\":\"ListItem\",\"position\":5,\"name\":\"6420.- Chefs d&rsquo;\u00c9tat d&rsquo;Haiti\",\"item\":\"https:\\\/\\\/www.haiti-reference.info\\\/pages\\\/plan\\\/histoire-et-societe\\\/notables\\\/chefs-detat\\\/\"},{\"@type\":\"ListItem\",\"position\":6,\"name\":\"6420.042.- Profil d&rsquo;Ertha Pascal-Trouillot\"}]},{\"@type\":\"WebSite\",\"@id\":\"https:\\\/\\\/www.haiti-reference.info\\\/pages\\\/#website\",\"url\":\"https:\\\/\\\/www.haiti-reference.info\\\/pages\\\/\",\"name\":\"Haiti-R\u00e9f\u00e9rence\",\"description\":\"Un guide de r\u00e9f\u00e9rence\",\"publisher\":{\"@id\":\"https:\\\/\\\/www.haiti-reference.info\\\/pages\\\/#organization\"},\"potentialAction\":[{\"@type\":\"SearchAction\",\"target\":{\"@type\":\"EntryPoint\",\"urlTemplate\":\"https:\\\/\\\/www.haiti-reference.info\\\/pages\\\/?s={search_term_string}\"},\"query-input\":{\"@type\":\"PropertyValueSpecification\",\"valueRequired\":true,\"valueName\":\"search_term_string\"}}],\"inLanguage\":\"fr-CA\"},{\"@type\":\"Organization\",\"@id\":\"https:\\\/\\\/www.haiti-reference.info\\\/pages\\\/#organization\",\"name\":\"Haiti-R\u00e9f\u00e9rence\",\"url\":\"https:\\\/\\\/www.haiti-reference.info\\\/pages\\\/\",\"logo\":{\"@type\":\"ImageObject\",\"inLanguage\":\"fr-CA\",\"@id\":\"https:\\\/\\\/www.haiti-reference.info\\\/pages\\\/#\\\/schema\\\/logo\\\/image\\\/\",\"url\":\"https:\\\/\\\/www.haiti-reference.info\\\/pages\\\/wp-content\\\/uploads\\\/2016\\\/04\\\/cropped-cropped-logo_201604-8-1.png\",\"contentUrl\":\"https:\\\/\\\/www.haiti-reference.info\\\/pages\\\/wp-content\\\/uploads\\\/2016\\\/04\\\/cropped-cropped-logo_201604-8-1.png\",\"width\":338,\"height\":87,\"caption\":\"Haiti-R\u00e9f\u00e9rence\"},\"image\":{\"@id\":\"https:\\\/\\\/www.haiti-reference.info\\\/pages\\\/#\\\/schema\\\/logo\\\/image\\\/\"},\"sameAs\":[\"https:\\\/\\\/bsky.app\\\/profile\\\/haiti-reference.bsky.social\"]}]}<\/script>\n<!-- \/ Yoast SEO plugin. -->","yoast_head_json":{"title":"6420.042.- Profil d'Ertha Pascal-Trouillot &#187;","robots":{"index":"index","follow":"follow","max-snippet":"max-snippet:-1","max-image-preview":"max-image-preview:large","max-video-preview":"max-video-preview:-1"},"canonical":"https:\/\/www.haiti-reference.info\/pages\/plan\/histoire-et-societe\/notables\/chefs-detat\/ertha-pascal-trouillot\/","og_locale":"fr_CA","og_type":"article","og_title":"6420.042.- Profil d'Ertha Pascal-Trouillot &#187;","og_description":"\u00a0Histoire et Soci\u00e9t\u00e9 Pr\u00e9sidente provisoire d&rsquo;Haiti du 14 Mars 1990 au matin du 7 F\u00e9vrier 1991, Mme Ertha Pascal-Trouillot fut la premi\u00e8re femme Ha\u00eftienne \u00e0 assumer les r\u00eanes du pouvoir [&hellip;]","og_url":"https:\/\/www.haiti-reference.info\/pages\/plan\/histoire-et-societe\/notables\/chefs-detat\/ertha-pascal-trouillot\/","article_modified_time":"2020-09-12T15:45:04+00:00","twitter_card":"summary_large_image","twitter_misc":{"Estimation du temps de lecture":"4 minutes"},"schema":{"@context":"https:\/\/schema.org","@graph":[{"@type":"WebPage","@id":"https:\/\/www.haiti-reference.info\/pages\/plan\/histoire-et-societe\/notables\/chefs-detat\/ertha-pascal-trouillot\/","url":"https:\/\/www.haiti-reference.info\/pages\/plan\/histoire-et-societe\/notables\/chefs-detat\/ertha-pascal-trouillot\/","name":"6420.042.- Profil d'Ertha Pascal-Trouillot &#187;","isPartOf":{"@id":"https:\/\/www.haiti-reference.info\/pages\/#website"},"datePublished":"2000-05-01T17:16:17+00:00","dateModified":"2020-09-12T15:45:04+00:00","breadcrumb":{"@id":"https:\/\/www.haiti-reference.info\/pages\/plan\/histoire-et-societe\/notables\/chefs-detat\/ertha-pascal-trouillot\/#breadcrumb"},"inLanguage":"fr-CA","potentialAction":[{"@type":"ReadAction","target":["https:\/\/www.haiti-reference.info\/pages\/plan\/histoire-et-societe\/notables\/chefs-detat\/ertha-pascal-trouillot\/"]}]},{"@type":"BreadcrumbList","@id":"https:\/\/www.haiti-reference.info\/pages\/plan\/histoire-et-societe\/notables\/chefs-detat\/ertha-pascal-trouillot\/#breadcrumb","itemListElement":[{"@type":"ListItem","position":1,"name":"Accueil","item":"https:\/\/www.haiti-reference.info\/pages\/"},{"@type":"ListItem","position":2,"name":"Structure du site","item":"https:\/\/www.haiti-reference.info\/pages\/plan\/"},{"@type":"ListItem","position":3,"name":"6000.- Histoire et soci\u00e9t\u00e9","item":"https:\/\/www.haiti-reference.info\/pages\/plan\/histoire-et-societe\/"},{"@type":"ListItem","position":4,"name":"6400.- Notables et personnalit\u00e9s d&rsquo;Haiti","item":"https:\/\/www.haiti-reference.info\/pages\/plan\/histoire-et-societe\/notables\/"},{"@type":"ListItem","position":5,"name":"6420.- Chefs d&rsquo;\u00c9tat d&rsquo;Haiti","item":"https:\/\/www.haiti-reference.info\/pages\/plan\/histoire-et-societe\/notables\/chefs-detat\/"},{"@type":"ListItem","position":6,"name":"6420.042.- Profil d&rsquo;Ertha Pascal-Trouillot"}]},{"@type":"WebSite","@id":"https:\/\/www.haiti-reference.info\/pages\/#website","url":"https:\/\/www.haiti-reference.info\/pages\/","name":"Haiti-R\u00e9f\u00e9rence","description":"Un guide de r\u00e9f\u00e9rence","publisher":{"@id":"https:\/\/www.haiti-reference.info\/pages\/#organization"},"potentialAction":[{"@type":"SearchAction","target":{"@type":"EntryPoint","urlTemplate":"https:\/\/www.haiti-reference.info\/pages\/?s={search_term_string}"},"query-input":{"@type":"PropertyValueSpecification","valueRequired":true,"valueName":"search_term_string"}}],"inLanguage":"fr-CA"},{"@type":"Organization","@id":"https:\/\/www.haiti-reference.info\/pages\/#organization","name":"Haiti-R\u00e9f\u00e9rence","url":"https:\/\/www.haiti-reference.info\/pages\/","logo":{"@type":"ImageObject","inLanguage":"fr-CA","@id":"https:\/\/www.haiti-reference.info\/pages\/#\/schema\/logo\/image\/","url":"https:\/\/www.haiti-reference.info\/pages\/wp-content\/uploads\/2016\/04\/cropped-cropped-logo_201604-8-1.png","contentUrl":"https:\/\/www.haiti-reference.info\/pages\/wp-content\/uploads\/2016\/04\/cropped-cropped-logo_201604-8-1.png","width":338,"height":87,"caption":"Haiti-R\u00e9f\u00e9rence"},"image":{"@id":"https:\/\/www.haiti-reference.info\/pages\/#\/schema\/logo\/image\/"},"sameAs":["https:\/\/bsky.app\/profile\/haiti-reference.bsky.social"]}]}},"_links":{"self":[{"href":"https:\/\/www.haiti-reference.info\/pages\/wp-json\/wp\/v2\/pages\/22020","targetHints":{"allow":["GET"]}}],"collection":[{"href":"https:\/\/www.haiti-reference.info\/pages\/wp-json\/wp\/v2\/pages"}],"about":[{"href":"https:\/\/www.haiti-reference.info\/pages\/wp-json\/wp\/v2\/types\/page"}],"author":[{"embeddable":true,"href":"https:\/\/www.haiti-reference.info\/pages\/wp-json\/wp\/v2\/users\/1"}],"replies":[{"embeddable":true,"href":"https:\/\/www.haiti-reference.info\/pages\/wp-json\/wp\/v2\/comments?post=22020"}],"version-history":[{"count":0,"href":"https:\/\/www.haiti-reference.info\/pages\/wp-json\/wp\/v2\/pages\/22020\/revisions"}],"up":[{"embeddable":true,"href":"https:\/\/www.haiti-reference.info\/pages\/wp-json\/wp\/v2\/pages\/21889"}],"wp:attachment":[{"href":"https:\/\/www.haiti-reference.info\/pages\/wp-json\/wp\/v2\/media?parent=22020"}],"wp:term":[{"taxonomy":"category","embeddable":true,"href":"https:\/\/www.haiti-reference.info\/pages\/wp-json\/wp\/v2\/categories?post=22020"}],"curies":[{"name":"wp","href":"https:\/\/api.w.org\/{rel}","templated":true}]}}