{"id":21550,"date":"2013-06-25T17:04:17","date_gmt":"2013-06-25T21:04:17","guid":{"rendered":"https:\/\/www.haiti-reference.com\/pages\/?page_id=21550"},"modified":"2026-01-07T09:44:16","modified_gmt":"2026-01-07T14:44:16","slug":"hopitaux","status":"publish","type":"page","link":"https:\/\/www.haiti-reference.info\/pages\/plan\/sante-et-bien-etre-social\/hopitaux\/","title":{"rendered":"5200.- Les H\u00f4pitaux d&rsquo;Haiti"},"content":{"rendered":"<table id=\"mytable\">\n<tbody>\n<tr style=\"border:none;\">\n<td style=\"border:none;\"><img decoding=\"async\" src=\"\/pages\/education\/niveau-secondaire\/ecoles_sec\/ecoles_dept.png\" \/><\/td>\n<td width=\"50%\"  style=\"border:none;\">\n<ol>\n<li><a href=\"\/pages\/sante-et-bien-etre-social\/hopitaux\/result.php?search=01&#038;x=0&#038;y=0#mot\">D\u00e9partement de l&rsquo;Artibonite<\/a><\/li>\n<li><a href=\"\/pages\/sante-et-bien-etre-social\/hopitaux\/result.php?search=02&#038;x=0&#038;y=0#mot\">D\u00e9partement du Centre<\/a><\/li>\n<li><a href=\"\/pages\/sante-et-bien-etre-social\/hopitaux\/result.php?search=03&#038;x=0&#038;y=0#mot\">D\u00e9partement de la Grande Anse<\/a><\/li>\n<li><a href=\"\/pages\/sante-et-bien-etre-social\/hopitaux\/result.php?search=04&#038;x=0&#038;y=0#mot\">D\u00e9partement des Nippes<\/a><\/li>\n<li><a href=\"\/pages\/sante-et-bien-etre-social\/hopitaux\/result.php?search=05&#038;x=0&#038;y=0#mot\">D\u00e9partement du Nord<\/a><\/li>\n<li><a href=\"\/pages\/sante-et-bien-etre-social\/hopitaux\/result.php?search=06&#038;x=0&#038;y=0#mot\">D\u00e9partement du Nord-Est<\/a><\/li>\n<li><a href=\"\/pages\/sante-et-bien-etre-social\/hopitaux\/result.php?search=07&#038;x=0&#038;y=0#mot\">D\u00e9partement du Nord-Ouest<\/a><\/li>\n<li><a href=\"\/pages\/sante-et-bien-etre-social\/hopitaux\/result.php?search=08&#038;x=0&#038;y=0#mot\">D\u00e9partement de l&rsquo;Ouest<\/a><\/li>\n<li><a href=\"\/pages\/sante-et-bien-etre-social\/hopitaux\/result.php?search=09&#038;x=0&#038;y=0#mot\">D\u00e9partement du Sud<\/a><\/li>\n<li><a href=\"\/pages\/sante-et-bien-etre-social\/hopitaux\/result.php?search=10&#038;x=0&#038;y=0#mot\">D\u00e9partement du Sud-Est<\/a><\/li>\n<\/ol>\n<\/td>\n<\/tr>\n<\/tbody>\n<\/table>\n<p><strong>Note: <\/strong><br \/>\n&#8212;&#8212;&#8212;&#8212;&#8212;&#8211;<br \/>\nL\u2019H\u00f4pital universitaire de Mirebalais, g\u00e9r\u00e9 par Zanmi Lasante, derni\u00e8re institution de sant\u00e9 \u00e0 suspendre ses service pour cause de criminalit\u00e9. Il rejoint ainsi L\u2019H\u00f4pital de l\u2019Universit\u00e9 d\u2019\u00c9tat d\u2019Ha\u00efti (HUEH), connu sous le nom d\u2019H\u00f4pital G\u00e9n\u00e9ral, et plusieurs institutions de \u00ab\u00a0M\u00e9decins sans Fronti\u00e8res\u00a0\u00bb.<\/p>\n<p>Inauguration le mardi 6 janvier 2026 de l&rsquo;H\u00f4pital Materno-Infantile Saint-Pierre de Terrier Rouge dans le D\u00e9partement du Nord-Est.<\/p>\n<p><!--Bas de la page--><\/p>\n","protected":false},"excerpt":{"rendered":"<p>Cette page de Haiti-R\u00e9f\u00e9rence contient un r\u00e9pertoire des h\u00f4pitaux \u00e0 travers Haiti. Organis\u00e9 par D\u00e9partement g\u00e9ographique, il contient des information sur leurs services de sant\u00e9.  La crise s\u00e9curitaire engendr\u00e9e par la violence des gangs arm\u00e9s oblige plusieurs h\u00f4pitaux de la capitale et des environs \u00e0 suspendre leurs services. D&rsquo;autres furent incendi\u00e9s ou attaqu\u00e9s. La population se retrouve doublement en p\u00e9ril. <br \/>Dernier ajout: H\u00f4pital Materno-Infantile Saint-Pierre de terrier-Rouge dans le Nord-Est inaugur\u00e9 le 6 janvier 2026&#8230;<\/p>\n","protected":false},"author":1,"featured_media":12878,"parent":21534,"menu_order":2,"comment_status":"closed","ping_status":"closed","template":"very_short.php","meta":{"footnotes":""},"categories":[],"class_list":["post-21550","page","type-page","status-publish","has-post-thumbnail","hentry"],"yoast_head":"<!-- This site is optimized with the Yoast SEO plugin v27.4 - https:\/\/yoast.com\/product\/yoast-seo-wordpress\/ -->\n<title>5200.- Les H\u00f4pitaux d&#039;Haiti &#187;<\/title>\n<meta name=\"description\" content=\"Repertoire des hopitaux d&#039;Haiti regroupant une centaine de centres dans les secteurs priv\u00e9s, publics et communautaire, avec option de recher par region geographique.\" \/>\n<meta name=\"robots\" content=\"index, follow, max-snippet:-1, max-image-preview:large, max-video-preview:-1\" \/>\n<link rel=\"canonical\" href=\"https:\/\/www.haiti-reference.info\/pages\/plan\/sante-et-bien-etre-social\/hopitaux\/\" \/>\n<meta property=\"og:locale\" content=\"fr_CA\" \/>\n<meta property=\"og:type\" content=\"article\" \/>\n<meta property=\"og:title\" content=\"5200.- Les H\u00f4pitaux d&#039;Haiti &#187;\" \/>\n<meta property=\"og:description\" content=\"Repertoire des hopitaux d&#039;Haiti regroupant une centaine de centres dans les secteurs priv\u00e9s, publics et communautaire, avec option de recher par region geographique.\" \/>\n<meta property=\"og:url\" content=\"https:\/\/www.haiti-reference.info\/pages\/plan\/sante-et-bien-etre-social\/hopitaux\/\" \/>\n<meta property=\"article:modified_time\" content=\"2026-01-07T14:44:16+00:00\" \/>\n<meta property=\"og:image\" content=\"https:\/\/www.haiti-reference.info\/pages\/wp-content\/uploads\/2015\/05\/hopital_mirebalais.png\" \/>\n\t<meta property=\"og:image:width\" content=\"900\" \/>\n\t<meta property=\"og:image:height\" content=\"301\" \/>\n\t<meta property=\"og:image:type\" content=\"image\/png\" \/>\n<meta name=\"twitter:card\" content=\"summary_large_image\" \/>\n<meta name=\"twitter:label1\" content=\"Estimation du temps de lecture\" \/>\n\t<meta name=\"twitter:data1\" content=\"1 minute\" \/>\n<script type=\"application\/ld+json\" class=\"yoast-schema-graph\">{\"@context\":\"https:\\\/\\\/schema.org\",\"@graph\":[{\"@type\":\"WebPage\",\"@id\":\"https:\\\/\\\/www.haiti-reference.info\\\/pages\\\/plan\\\/sante-et-bien-etre-social\\\/hopitaux\\\/\",\"url\":\"https:\\\/\\\/www.haiti-reference.info\\\/pages\\\/plan\\\/sante-et-bien-etre-social\\\/hopitaux\\\/\",\"name\":\"5200.- Les H\u00f4pitaux d'Haiti &#187;\",\"isPartOf\":{\"@id\":\"https:\\\/\\\/www.haiti-reference.info\\\/pages\\\/#website\"},\"primaryImageOfPage\":{\"@id\":\"https:\\\/\\\/www.haiti-reference.info\\\/pages\\\/plan\\\/sante-et-bien-etre-social\\\/hopitaux\\\/#primaryimage\"},\"image\":{\"@id\":\"https:\\\/\\\/www.haiti-reference.info\\\/pages\\\/plan\\\/sante-et-bien-etre-social\\\/hopitaux\\\/#primaryimage\"},\"thumbnailUrl\":\"https:\\\/\\\/www.haiti-reference.info\\\/pages\\\/wp-content\\\/uploads\\\/2015\\\/05\\\/hopital_mirebalais.png\",\"datePublished\":\"2013-06-25T21:04:17+00:00\",\"dateModified\":\"2026-01-07T14:44:16+00:00\",\"description\":\"Repertoire des hopitaux d'Haiti regroupant une centaine de centres dans les secteurs priv\u00e9s, publics et communautaire, avec option de recher par region geographique.\",\"breadcrumb\":{\"@id\":\"https:\\\/\\\/www.haiti-reference.info\\\/pages\\\/plan\\\/sante-et-bien-etre-social\\\/hopitaux\\\/#breadcrumb\"},\"inLanguage\":\"fr-CA\",\"potentialAction\":[{\"@type\":\"ReadAction\",\"target\":[\"https:\\\/\\\/www.haiti-reference.info\\\/pages\\\/plan\\\/sante-et-bien-etre-social\\\/hopitaux\\\/\"]}]},{\"@type\":\"ImageObject\",\"inLanguage\":\"fr-CA\",\"@id\":\"https:\\\/\\\/www.haiti-reference.info\\\/pages\\\/plan\\\/sante-et-bien-etre-social\\\/hopitaux\\\/#primaryimage\",\"url\":\"https:\\\/\\\/www.haiti-reference.info\\\/pages\\\/wp-content\\\/uploads\\\/2015\\\/05\\\/hopital_mirebalais.png\",\"contentUrl\":\"https:\\\/\\\/www.haiti-reference.info\\\/pages\\\/wp-content\\\/uploads\\\/2015\\\/05\\\/hopital_mirebalais.png\",\"width\":900,\"height\":301},{\"@type\":\"BreadcrumbList\",\"@id\":\"https:\\\/\\\/www.haiti-reference.info\\\/pages\\\/plan\\\/sante-et-bien-etre-social\\\/hopitaux\\\/#breadcrumb\",\"itemListElement\":[{\"@type\":\"ListItem\",\"position\":1,\"name\":\"Accueil\",\"item\":\"https:\\\/\\\/www.haiti-reference.info\\\/pages\\\/\"},{\"@type\":\"ListItem\",\"position\":2,\"name\":\"Structure du site\",\"item\":\"https:\\\/\\\/www.haiti-reference.info\\\/pages\\\/plan\\\/\"},{\"@type\":\"ListItem\",\"position\":3,\"name\":\"5000.- Sant\u00e9 et bien-\u00eatre social\",\"item\":\"https:\\\/\\\/www.haiti-reference.info\\\/pages\\\/plan\\\/sante-et-bien-etre-social\\\/\"},{\"@type\":\"ListItem\",\"position\":4,\"name\":\"5200.- Les H\u00f4pitaux d&rsquo;Haiti\"}]},{\"@type\":\"WebSite\",\"@id\":\"https:\\\/\\\/www.haiti-reference.info\\\/pages\\\/#website\",\"url\":\"https:\\\/\\\/www.haiti-reference.info\\\/pages\\\/\",\"name\":\"Haiti-R\u00e9f\u00e9rence\",\"description\":\"Un guide de r\u00e9f\u00e9rence\",\"publisher\":{\"@id\":\"https:\\\/\\\/www.haiti-reference.info\\\/pages\\\/#organization\"},\"potentialAction\":[{\"@type\":\"SearchAction\",\"target\":{\"@type\":\"EntryPoint\",\"urlTemplate\":\"https:\\\/\\\/www.haiti-reference.info\\\/pages\\\/?s={search_term_string}\"},\"query-input\":{\"@type\":\"PropertyValueSpecification\",\"valueRequired\":true,\"valueName\":\"search_term_string\"}}],\"inLanguage\":\"fr-CA\"},{\"@type\":\"Organization\",\"@id\":\"https:\\\/\\\/www.haiti-reference.info\\\/pages\\\/#organization\",\"name\":\"Haiti-R\u00e9f\u00e9rence\",\"url\":\"https:\\\/\\\/www.haiti-reference.info\\\/pages\\\/\",\"logo\":{\"@type\":\"ImageObject\",\"inLanguage\":\"fr-CA\",\"@id\":\"https:\\\/\\\/www.haiti-reference.info\\\/pages\\\/#\\\/schema\\\/logo\\\/image\\\/\",\"url\":\"https:\\\/\\\/www.haiti-reference.info\\\/pages\\\/wp-content\\\/uploads\\\/2016\\\/04\\\/cropped-cropped-logo_201604-8-1.png\",\"contentUrl\":\"https:\\\/\\\/www.haiti-reference.info\\\/pages\\\/wp-content\\\/uploads\\\/2016\\\/04\\\/cropped-cropped-logo_201604-8-1.png\",\"width\":338,\"height\":87,\"caption\":\"Haiti-R\u00e9f\u00e9rence\"},\"image\":{\"@id\":\"https:\\\/\\\/www.haiti-reference.info\\\/pages\\\/#\\\/schema\\\/logo\\\/image\\\/\"},\"sameAs\":[\"https:\\\/\\\/bsky.app\\\/profile\\\/haiti-reference.bsky.social\"]}]}<\/script>\n<!-- \/ Yoast SEO plugin. -->","yoast_head_json":{"title":"5200.- Les H\u00f4pitaux d'Haiti &#187;","description":"Repertoire des hopitaux d'Haiti regroupant une centaine de centres dans les secteurs priv\u00e9s, publics et communautaire, avec option de recher par region geographique.","robots":{"index":"index","follow":"follow","max-snippet":"max-snippet:-1","max-image-preview":"max-image-preview:large","max-video-preview":"max-video-preview:-1"},"canonical":"https:\/\/www.haiti-reference.info\/pages\/plan\/sante-et-bien-etre-social\/hopitaux\/","og_locale":"fr_CA","og_type":"article","og_title":"5200.- Les H\u00f4pitaux d'Haiti &#187;","og_description":"Repertoire des hopitaux d'Haiti regroupant une centaine de centres dans les secteurs priv\u00e9s, publics et communautaire, avec option de recher par region geographique.","og_url":"https:\/\/www.haiti-reference.info\/pages\/plan\/sante-et-bien-etre-social\/hopitaux\/","article_modified_time":"2026-01-07T14:44:16+00:00","og_image":[{"width":900,"height":301,"url":"https:\/\/www.haiti-reference.info\/pages\/wp-content\/uploads\/2015\/05\/hopital_mirebalais.png","type":"image\/png"}],"twitter_card":"summary_large_image","twitter_misc":{"Estimation du temps de lecture":"1 minute"},"schema":{"@context":"https:\/\/schema.org","@graph":[{"@type":"WebPage","@id":"https:\/\/www.haiti-reference.info\/pages\/plan\/sante-et-bien-etre-social\/hopitaux\/","url":"https:\/\/www.haiti-reference.info\/pages\/plan\/sante-et-bien-etre-social\/hopitaux\/","name":"5200.- Les H\u00f4pitaux d'Haiti &#187;","isPartOf":{"@id":"https:\/\/www.haiti-reference.info\/pages\/#website"},"primaryImageOfPage":{"@id":"https:\/\/www.haiti-reference.info\/pages\/plan\/sante-et-bien-etre-social\/hopitaux\/#primaryimage"},"image":{"@id":"https:\/\/www.haiti-reference.info\/pages\/plan\/sante-et-bien-etre-social\/hopitaux\/#primaryimage"},"thumbnailUrl":"https:\/\/www.haiti-reference.info\/pages\/wp-content\/uploads\/2015\/05\/hopital_mirebalais.png","datePublished":"2013-06-25T21:04:17+00:00","dateModified":"2026-01-07T14:44:16+00:00","description":"Repertoire des hopitaux d'Haiti regroupant une centaine de centres dans les secteurs priv\u00e9s, publics et communautaire, avec option de recher par region geographique.","breadcrumb":{"@id":"https:\/\/www.haiti-reference.info\/pages\/plan\/sante-et-bien-etre-social\/hopitaux\/#breadcrumb"},"inLanguage":"fr-CA","potentialAction":[{"@type":"ReadAction","target":["https:\/\/www.haiti-reference.info\/pages\/plan\/sante-et-bien-etre-social\/hopitaux\/"]}]},{"@type":"ImageObject","inLanguage":"fr-CA","@id":"https:\/\/www.haiti-reference.info\/pages\/plan\/sante-et-bien-etre-social\/hopitaux\/#primaryimage","url":"https:\/\/www.haiti-reference.info\/pages\/wp-content\/uploads\/2015\/05\/hopital_mirebalais.png","contentUrl":"https:\/\/www.haiti-reference.info\/pages\/wp-content\/uploads\/2015\/05\/hopital_mirebalais.png","width":900,"height":301},{"@type":"BreadcrumbList","@id":"https:\/\/www.haiti-reference.info\/pages\/plan\/sante-et-bien-etre-social\/hopitaux\/#breadcrumb","itemListElement":[{"@type":"ListItem","position":1,"name":"Accueil","item":"https:\/\/www.haiti-reference.info\/pages\/"},{"@type":"ListItem","position":2,"name":"Structure du site","item":"https:\/\/www.haiti-reference.info\/pages\/plan\/"},{"@type":"ListItem","position":3,"name":"5000.- Sant\u00e9 et bien-\u00eatre social","item":"https:\/\/www.haiti-reference.info\/pages\/plan\/sante-et-bien-etre-social\/"},{"@type":"ListItem","position":4,"name":"5200.- Les H\u00f4pitaux d&rsquo;Haiti"}]},{"@type":"WebSite","@id":"https:\/\/www.haiti-reference.info\/pages\/#website","url":"https:\/\/www.haiti-reference.info\/pages\/","name":"Haiti-R\u00e9f\u00e9rence","description":"Un guide de r\u00e9f\u00e9rence","publisher":{"@id":"https:\/\/www.haiti-reference.info\/pages\/#organization"},"potentialAction":[{"@type":"SearchAction","target":{"@type":"EntryPoint","urlTemplate":"https:\/\/www.haiti-reference.info\/pages\/?s={search_term_string}"},"query-input":{"@type":"PropertyValueSpecification","valueRequired":true,"valueName":"search_term_string"}}],"inLanguage":"fr-CA"},{"@type":"Organization","@id":"https:\/\/www.haiti-reference.info\/pages\/#organization","name":"Haiti-R\u00e9f\u00e9rence","url":"https:\/\/www.haiti-reference.info\/pages\/","logo":{"@type":"ImageObject","inLanguage":"fr-CA","@id":"https:\/\/www.haiti-reference.info\/pages\/#\/schema\/logo\/image\/","url":"https:\/\/www.haiti-reference.info\/pages\/wp-content\/uploads\/2016\/04\/cropped-cropped-logo_201604-8-1.png","contentUrl":"https:\/\/www.haiti-reference.info\/pages\/wp-content\/uploads\/2016\/04\/cropped-cropped-logo_201604-8-1.png","width":338,"height":87,"caption":"Haiti-R\u00e9f\u00e9rence"},"image":{"@id":"https:\/\/www.haiti-reference.info\/pages\/#\/schema\/logo\/image\/"},"sameAs":["https:\/\/bsky.app\/profile\/haiti-reference.bsky.social"]}]}},"_links":{"self":[{"href":"https:\/\/www.haiti-reference.info\/pages\/wp-json\/wp\/v2\/pages\/21550","targetHints":{"allow":["GET"]}}],"collection":[{"href":"https:\/\/www.haiti-reference.info\/pages\/wp-json\/wp\/v2\/pages"}],"about":[{"href":"https:\/\/www.haiti-reference.info\/pages\/wp-json\/wp\/v2\/types\/page"}],"author":[{"embeddable":true,"href":"https:\/\/www.haiti-reference.info\/pages\/wp-json\/wp\/v2\/users\/1"}],"replies":[{"embeddable":true,"href":"https:\/\/www.haiti-reference.info\/pages\/wp-json\/wp\/v2\/comments?post=21550"}],"version-history":[{"count":0,"href":"https:\/\/www.haiti-reference.info\/pages\/wp-json\/wp\/v2\/pages\/21550\/revisions"}],"up":[{"embeddable":true,"href":"https:\/\/www.haiti-reference.info\/pages\/wp-json\/wp\/v2\/pages\/21534"}],"wp:featuredmedia":[{"embeddable":true,"href":"https:\/\/www.haiti-reference.info\/pages\/wp-json\/wp\/v2\/media\/12878"}],"wp:attachment":[{"href":"https:\/\/www.haiti-reference.info\/pages\/wp-json\/wp\/v2\/media?parent=21550"}],"wp:term":[{"taxonomy":"category","embeddable":true,"href":"https:\/\/www.haiti-reference.info\/pages\/wp-json\/wp\/v2\/categories?post=21550"}],"curies":[{"name":"wp","href":"https:\/\/api.w.org\/{rel}","templated":true}]}}