{"id":1935,"date":"2012-02-06T11:30:05","date_gmt":"2012-02-06T16:30:05","guid":{"rendered":"http:\/\/haiti-reference.com\/pages\/?page_id=1935"},"modified":"2021-01-22T21:47:50","modified_gmt":"2021-01-23T02:47:50","slug":"ertha-pascal-trouillot","status":"publish","type":"page","link":"https:\/\/www.haiti-reference.info\/pages\/plan\/politique\/pouvoir-executif\/cabinets-1986-1991\/ertha-pascal-trouillot\/","title":{"rendered":"2150.050.- Ertha Pascal-Trouillot: Cabinet minist\u00e9riel"},"content":{"rendered":"<p class=\"img_category\"><a title=\"Classification\" href=\"\/pages\/plan\/politique\/\"><img decoding=\"async\" src=\"\/.\/images\/legendes\/category_art.jpg\" alt=\"Classification\" \/>\u00a0Politique et gouvernement<\/a><\/p>\n<h4 style=\"text-align: center; color: #ff0000;\">Pr\u00e9sidente provisoire<\/h4>\n<h4 style=\"text-align: center;\">Mme Ertha Pascal-Trouillot <a href=\"\/pages\/plan\/histoire-et-societe\/notables\/chefs-detat\/ertha-pascal-trouillot\/\"><img loading=\"lazy\" decoding=\"async\" class=\"alignnone\" src=\"https:\/\/www.haiti-reference.com\/images\/magnifier_zoom.png\" alt=\"\" width=\"16\" height=\"16\" \/><\/a><\/h4>\n<p><img loading=\"lazy\" decoding=\"async\" class=\"aligncenter\" src=\"http:\/\/www.haiti-reference.com\/histoire\/constitutions\/nation.gif\" alt=\"\" width=\"400\" height=\"13\" border=\"0\" \/><\/p>\n<p class=\"date_title\" style=\"text-align: center;\">4 mars 1990 &#8211; 7 f\u00e9vrier 1991<\/p>\n<div style=\"text-align: justify;\">\n<p><img loading=\"lazy\" decoding=\"async\" class=\"size-full wp-image-15235 alignleft\" src=\"\/pages\/notables\/photos\/ertha_pascal_officiel.jpg\" alt=\"\" width=\"254\" height=\"288\" \/>A <a href=\"http:\/\/haiti-reference.com\/pages\/plan\/histoire-et-societe\/notables\/chefs-detat\/ertha-pascal-trouillot\/\">Ertha Pascal Trouillot<\/a>, une juge \u00e0 la Cour de cassation, furent confi\u00e9es, par les Forces Arm\u00e9es d\u2019Ha\u00efti, les r\u00eanes du pouvoir ex\u00e9cutif \u00e0 titre provisoire le 10 mars 1990. Le g\u00e9n\u00e9ral de brigade, Prosper Avril venait de d\u00e9missionner sous la pression de quelques leaders politiques qui monopolisaient \u00e0 cet \u00e9gard leurs troupes populaires et les poussaient \u00e0 prendre la rue.<\/p>\n<p>Premi\u00e8re femme \u00e0 occuper cette fonction, elle pr\u00e9senta son cabinet, compos\u00e9 de 13 ministres, au public six jours plus tard. L&rsquo;un des minist\u00e8res du gouvernement pr\u00e9c\u00e9dent (Administration et fonction publique) fut alors \u00e9limin\u00e9, et ses responsabilit\u00e9s prises en charges par le minist\u00e8re de la Planification et de la Coop\u00e9ration externe (Le Moniteur. No. 31, lundi 2 avril 1990; p. 546.)<\/p>\n<p>Ce premier cabinet fut remani\u00e9 le 24 ao\u00fbt 1990. Seul quatre ministres conserv\u00e8rent alors leur poste. Un cinqui\u00e8me, Carlo A. D\u00e9sinor, passa des bureaux du minist\u00e8re de l\u2019Information, de la culture et de la Coordination nationale \u00e0 ceux des Affaires sociales. (<em>Le Moniteur.<\/em> No. 75-A, Lundi 27 ao\u00fbt 1990; pp. 1-2). Peu de temps, les ministres des Affaires \u00e9trang\u00e8res et des Travaux publics furent remplac\u00e9s.<\/p>\n<p>Ce gouvernement qui mit en branle le dispositif devant contr\u00f4ler les \u00e9lections du 16 d\u00e9cembre 1990 qui port\u00e8rent Jean-Bertrand Aristide au pouvoir, fut cependant \u00e9clips\u00e9 pendant quelques heures lors de l\u2019aventure de Roger Lafontant le <a href=\"http:\/\/haiti-reference.com\/pages\/plan\/histoire-et-societe\/dates-01janvier\/#7\">7 janvier 1991<\/a> et ne fut r\u00e9tabli que gr\u00e2ce \u00e0 l\u2019intervention \u00e9nergique des Forces Arm\u00e9es d\u2019Ha\u00efti. La pr\u00e9sidente provisoire fut toutefois accus\u00e9e de connivence avec le rebelle et emprisonn\u00e9e pendant quelques jours trois mois apr\u00e8s l\u2019investiture de son successeur. Elle fut rel\u00e2ch\u00e9e sous la pression de la communaut\u00e9 internationale (voir: <a href=\"http:\/\/haiti-reference.com\/pages\/plan\/histoire-et-societe\/dates-04avril\/#4\">4 avril 1991<\/a>).<\/p>\n<\/div>\n<p><a name=\"cabinet\"><\/a><\/p>\n<h4 class=\"title_paragraf\">Ministres :<\/h4>\n<hr \/>\n<table id=\"table_separate\">\n<tbody>\n<tr class=\"even_row\">\n<td class=\"plantitle\" width=\"40%\">Affaires \u00e9trang\u00e8res et Cultes:<\/td>\n<td width=\"60%\">Mr. Kesner Clermont<br \/>\nMars &#8211; Ao\u00fbt 1990<br \/>\n&#8230;<br \/>\nMr. Alec Toussaint<br \/>\nAo\u00fbt 1990 &#8211; Septembre 1990<br \/>\n&#8230;<br \/>\nMr. Paul Christian Latortue<br \/>\nSeptembre 1990 &#8211; F\u00e9vrier 1991<\/td>\n<\/tr>\n<tr class=\"odd_row\">\n<td class=\"plantitle\">Affaires sociales:<\/td>\n<td>Mme. Claudette Werleigh<br \/>\nMars &#8211; Ao\u00fbt 1990<br \/>\n&#8230;<br \/>\nDr. Carlo A. D\u00e9sinor [1951-2000] <a href=\"\/pages\/notables\/getperson.php?personID=I150&amp;tree=Politique\"><img decoding=\"async\" src=\"\/pages\/notables\/img\/tng_search_small.gif\" \/><\/a><br \/>\nAo\u00fbt 1990 &#8211; F\u00e9vrier 1991<\/td>\n<\/tr>\n<tr class=\"even_row\">\n<td class=\"plantitle\">Agriculture et Ressources naturelles:<\/td>\n<td>Agr. Lionel Richard<br \/>\nMars &#8211; Ao\u00fbt 1990<br \/>\n&#8230;<br \/>\nAgr. Andr\u00e9 Jean-Louis<br \/>\nAo\u00fbt 1990 &#8211; F\u00e9vrier 1991<\/td>\n<\/tr>\n<tr class=\"odd_row\">\n<td class=\"plantitle\">Commerce et Industrie:<\/td>\n<td>Mr. Maurice Lafortune<br \/>\nMars &#8211; Ao\u00fbt 1990<br \/>\n&#8230;<br \/>\nMr. Jean Mainville<br \/>\nAo\u00fbt 1990 &#8211; F\u00e9vrier 1991<\/td>\n<\/tr>\n<tr class=\"even_row\">\n<td class=\"plantitle\">\u00c9conomie et Finances:<\/td>\n<td>Mr. Leslie Gouthier<br \/>\nMars &#8211; Ao\u00fbt 1990<br \/>\n&#8230;<br \/>\nMr. Onil Milet<br \/>\nAo\u00fbt 1990 &#8211; F\u00e9vrier 1991<\/td>\n<\/tr>\n<tr class=\"odd_row\">\n<td class=\"plantitle\">D\u00e9fense nationale:<\/td>\n<td>Mr. Jean Thomas<br \/>\nMars 1990 &#8211; F\u00e9vrier 1991<\/td>\n<\/tr>\n<tr class=\"even_row\">\n<td class=\"plantitle\">Education nationale, Jeunesse et Sports:<\/td>\n<td>Mr. Charles Tardieu<br \/>\nMars &#8211; Ao\u00fbt 1990<br \/>\n&#8230;<br \/>\nMr. Chavannes Douyon<br \/>\nAo\u00fbt 1990 &#8211; F\u00e9vrier 1991<\/td>\n<\/tr>\n<tr class=\"odd_row\">\n<td class=\"plantitle\">Information, Culture et Coordination:<\/td>\n<td>Dr. Carlo A. D\u00e9sinor [1951-2000] <a href=\"\/pages\/notables\/getperson.php?personID=I150&amp;tree=Politique\"><img decoding=\"async\" src=\"\/pages\/notables\/img\/tng_search_small.gif\" \/><\/a><br \/>\nMars &#8211; Ao\u00fbt 1990<br \/>\n&#8230;<br \/>\nMr. Alfred Mentor<br \/>\nAo\u00fbt 1990 &#8211; F\u00e9vrier 1991<\/td>\n<\/tr>\n<tr class=\"even_row\">\n<td class=\"plantitle\">Int\u00e9rieur:<\/td>\n<td>Mr. Joseph Maxi<br \/>\nMars 1990 &#8211; F\u00e9vrier 1991<\/td>\n<\/tr>\n<tr class=\"odd_row\">\n<td class=\"plantitle\">Justice:<\/td>\n<td>Mtre Pierre C. Labossi\u00e8re<br \/>\nMars 1990 &#8211; F\u00e9vrier 1991<\/td>\n<\/tr>\n<tr class=\"even_row\">\n<td class=\"plantitle\">Planification, Coop\u00e9ration externe et Fonction publique:<\/td>\n<td>Mr. Ludovic Pierre<br \/>\nMars 1990 &#8211; F\u00e9vrier 1991<\/td>\n<\/tr>\n<tr class=\"odd_row\">\n<td class=\"plantitle\">Sant\u00e9 Publique et Population:<\/td>\n<td>Dr. Serge Fils-Aim\u00e9<br \/>\nMars 1990 &#8211; F\u00e9vrier 1991<\/td>\n<\/tr>\n<tr class=\"even_row\">\n<td class=\"plantitle\">Travaux Publics, Transports et Communication:<\/td>\n<td>Mr. Jean-Pierre Moise Pierre Louis<br \/>\nMars &#8211; Septembre 1990<br \/>\n&#8230;<br \/>\nMr. Pierre Foucauld<br \/>\nSeptembre 1990 &#8211; F\u00e9vrier 1991<\/td>\n<\/tr>\n<\/tbody>\n<\/table>\n","protected":false},"excerpt":{"rendered":"<p>\u00a0Politique et gouvernement Pr\u00e9sidente provisoire Mme Ertha Pascal-Trouillot 4 mars 1990 &#8211; 7 f\u00e9vrier 1991 A Ertha Pascal Trouillot, une juge \u00e0 la Cour de cassation, furent confi\u00e9es, par les [&hellip;]<\/p>\n","protected":false},"author":2,"featured_media":0,"parent":31085,"menu_order":5,"comment_status":"closed","ping_status":"closed","template":"","meta":{"footnotes":""},"categories":[],"class_list":["post-1935","page","type-page","status-publish","hentry"],"yoast_head":"<!-- This site is optimized with the Yoast SEO plugin v27.4 - https:\/\/yoast.com\/product\/yoast-seo-wordpress\/ -->\n<title>2150.050.- Ertha Pascal-Trouillot: Cabinet minist\u00e9riel &#187;<\/title>\n<meta name=\"robots\" content=\"index, follow, max-snippet:-1, max-image-preview:large, max-video-preview:-1\" \/>\n<link rel=\"canonical\" href=\"https:\/\/www.haiti-reference.info\/pages\/plan\/politique\/pouvoir-executif\/cabinets-1986-1991\/ertha-pascal-trouillot\/\" \/>\n<meta property=\"og:locale\" content=\"fr_CA\" \/>\n<meta property=\"og:type\" content=\"article\" \/>\n<meta property=\"og:title\" content=\"2150.050.- Ertha Pascal-Trouillot: Cabinet minist\u00e9riel &#187;\" \/>\n<meta property=\"og:description\" content=\"\u00a0Politique et gouvernement Pr\u00e9sidente provisoire Mme Ertha Pascal-Trouillot 4 mars 1990 &#8211; 7 f\u00e9vrier 1991 A Ertha Pascal Trouillot, une juge \u00e0 la Cour de cassation, furent confi\u00e9es, par les [&hellip;]\" \/>\n<meta property=\"og:url\" content=\"https:\/\/www.haiti-reference.info\/pages\/plan\/politique\/pouvoir-executif\/cabinets-1986-1991\/ertha-pascal-trouillot\/\" \/>\n<meta property=\"article:modified_time\" content=\"2021-01-23T02:47:50+00:00\" \/>\n<meta property=\"og:image\" content=\"https:\/\/www.haiti-reference.com\/images\/magnifier_zoom.png\" \/>\n<meta name=\"twitter:card\" content=\"summary_large_image\" \/>\n<meta name=\"twitter:label1\" content=\"Estimation du temps de lecture\" \/>\n\t<meta name=\"twitter:data1\" content=\"3 minutes\" \/>\n<script type=\"application\/ld+json\" class=\"yoast-schema-graph\">{\"@context\":\"https:\\\/\\\/schema.org\",\"@graph\":[{\"@type\":\"WebPage\",\"@id\":\"https:\\\/\\\/www.haiti-reference.info\\\/pages\\\/plan\\\/politique\\\/pouvoir-executif\\\/cabinets-1986-1991\\\/ertha-pascal-trouillot\\\/\",\"url\":\"https:\\\/\\\/www.haiti-reference.info\\\/pages\\\/plan\\\/politique\\\/pouvoir-executif\\\/cabinets-1986-1991\\\/ertha-pascal-trouillot\\\/\",\"name\":\"2150.050.- Ertha Pascal-Trouillot: Cabinet minist\u00e9riel &#187;\",\"isPartOf\":{\"@id\":\"https:\\\/\\\/www.haiti-reference.info\\\/pages\\\/#website\"},\"primaryImageOfPage\":{\"@id\":\"https:\\\/\\\/www.haiti-reference.info\\\/pages\\\/plan\\\/politique\\\/pouvoir-executif\\\/cabinets-1986-1991\\\/ertha-pascal-trouillot\\\/#primaryimage\"},\"image\":{\"@id\":\"https:\\\/\\\/www.haiti-reference.info\\\/pages\\\/plan\\\/politique\\\/pouvoir-executif\\\/cabinets-1986-1991\\\/ertha-pascal-trouillot\\\/#primaryimage\"},\"thumbnailUrl\":\"https:\\\/\\\/www.haiti-reference.com\\\/images\\\/magnifier_zoom.png\",\"datePublished\":\"2012-02-06T16:30:05+00:00\",\"dateModified\":\"2021-01-23T02:47:50+00:00\",\"breadcrumb\":{\"@id\":\"https:\\\/\\\/www.haiti-reference.info\\\/pages\\\/plan\\\/politique\\\/pouvoir-executif\\\/cabinets-1986-1991\\\/ertha-pascal-trouillot\\\/#breadcrumb\"},\"inLanguage\":\"fr-CA\",\"potentialAction\":[{\"@type\":\"ReadAction\",\"target\":[\"https:\\\/\\\/www.haiti-reference.info\\\/pages\\\/plan\\\/politique\\\/pouvoir-executif\\\/cabinets-1986-1991\\\/ertha-pascal-trouillot\\\/\"]}]},{\"@type\":\"ImageObject\",\"inLanguage\":\"fr-CA\",\"@id\":\"https:\\\/\\\/www.haiti-reference.info\\\/pages\\\/plan\\\/politique\\\/pouvoir-executif\\\/cabinets-1986-1991\\\/ertha-pascal-trouillot\\\/#primaryimage\",\"url\":\"https:\\\/\\\/www.haiti-reference.com\\\/images\\\/magnifier_zoom.png\",\"contentUrl\":\"https:\\\/\\\/www.haiti-reference.com\\\/images\\\/magnifier_zoom.png\"},{\"@type\":\"BreadcrumbList\",\"@id\":\"https:\\\/\\\/www.haiti-reference.info\\\/pages\\\/plan\\\/politique\\\/pouvoir-executif\\\/cabinets-1986-1991\\\/ertha-pascal-trouillot\\\/#breadcrumb\",\"itemListElement\":[{\"@type\":\"ListItem\",\"position\":1,\"name\":\"Accueil\",\"item\":\"https:\\\/\\\/www.haiti-reference.info\\\/pages\\\/\"},{\"@type\":\"ListItem\",\"position\":2,\"name\":\"Structure du site\",\"item\":\"https:\\\/\\\/www.haiti-reference.info\\\/pages\\\/plan\\\/\"},{\"@type\":\"ListItem\",\"position\":3,\"name\":\"2000.- Politique et gouvernement\",\"item\":\"https:\\\/\\\/www.haiti-reference.info\\\/pages\\\/plan\\\/politique\\\/\"},{\"@type\":\"ListItem\",\"position\":4,\"name\":\"2100.- Le Pouvoir ex\u00e9cutif\",\"item\":\"https:\\\/\\\/www.haiti-reference.info\\\/pages\\\/plan\\\/politique\\\/pouvoir-executif\\\/\"},{\"@type\":\"ListItem\",\"position\":5,\"name\":\"2150: Cabinets minist\u00e9riels: 1986 &#8211; 1991\",\"item\":\"https:\\\/\\\/www.haiti-reference.info\\\/pages\\\/plan\\\/politique\\\/pouvoir-executif\\\/cabinets-1986-1991\\\/\"},{\"@type\":\"ListItem\",\"position\":6,\"name\":\"2150.050.- Ertha Pascal-Trouillot: Cabinet minist\u00e9riel\"}]},{\"@type\":\"WebSite\",\"@id\":\"https:\\\/\\\/www.haiti-reference.info\\\/pages\\\/#website\",\"url\":\"https:\\\/\\\/www.haiti-reference.info\\\/pages\\\/\",\"name\":\"Haiti-R\u00e9f\u00e9rence\",\"description\":\"Un guide de r\u00e9f\u00e9rence\",\"publisher\":{\"@id\":\"https:\\\/\\\/www.haiti-reference.info\\\/pages\\\/#organization\"},\"potentialAction\":[{\"@type\":\"SearchAction\",\"target\":{\"@type\":\"EntryPoint\",\"urlTemplate\":\"https:\\\/\\\/www.haiti-reference.info\\\/pages\\\/?s={search_term_string}\"},\"query-input\":{\"@type\":\"PropertyValueSpecification\",\"valueRequired\":true,\"valueName\":\"search_term_string\"}}],\"inLanguage\":\"fr-CA\"},{\"@type\":\"Organization\",\"@id\":\"https:\\\/\\\/www.haiti-reference.info\\\/pages\\\/#organization\",\"name\":\"Haiti-R\u00e9f\u00e9rence\",\"url\":\"https:\\\/\\\/www.haiti-reference.info\\\/pages\\\/\",\"logo\":{\"@type\":\"ImageObject\",\"inLanguage\":\"fr-CA\",\"@id\":\"https:\\\/\\\/www.haiti-reference.info\\\/pages\\\/#\\\/schema\\\/logo\\\/image\\\/\",\"url\":\"https:\\\/\\\/www.haiti-reference.info\\\/pages\\\/wp-content\\\/uploads\\\/2016\\\/04\\\/cropped-cropped-logo_201604-8-1.png\",\"contentUrl\":\"https:\\\/\\\/www.haiti-reference.info\\\/pages\\\/wp-content\\\/uploads\\\/2016\\\/04\\\/cropped-cropped-logo_201604-8-1.png\",\"width\":338,\"height\":87,\"caption\":\"Haiti-R\u00e9f\u00e9rence\"},\"image\":{\"@id\":\"https:\\\/\\\/www.haiti-reference.info\\\/pages\\\/#\\\/schema\\\/logo\\\/image\\\/\"},\"sameAs\":[\"https:\\\/\\\/bsky.app\\\/profile\\\/haiti-reference.bsky.social\"]}]}<\/script>\n<!-- \/ Yoast SEO plugin. -->","yoast_head_json":{"title":"2150.050.- Ertha Pascal-Trouillot: Cabinet minist\u00e9riel &#187;","robots":{"index":"index","follow":"follow","max-snippet":"max-snippet:-1","max-image-preview":"max-image-preview:large","max-video-preview":"max-video-preview:-1"},"canonical":"https:\/\/www.haiti-reference.info\/pages\/plan\/politique\/pouvoir-executif\/cabinets-1986-1991\/ertha-pascal-trouillot\/","og_locale":"fr_CA","og_type":"article","og_title":"2150.050.- Ertha Pascal-Trouillot: Cabinet minist\u00e9riel &#187;","og_description":"\u00a0Politique et gouvernement Pr\u00e9sidente provisoire Mme Ertha Pascal-Trouillot 4 mars 1990 &#8211; 7 f\u00e9vrier 1991 A Ertha Pascal Trouillot, une juge \u00e0 la Cour de cassation, furent confi\u00e9es, par les [&hellip;]","og_url":"https:\/\/www.haiti-reference.info\/pages\/plan\/politique\/pouvoir-executif\/cabinets-1986-1991\/ertha-pascal-trouillot\/","article_modified_time":"2021-01-23T02:47:50+00:00","og_image":[{"url":"https:\/\/www.haiti-reference.com\/images\/magnifier_zoom.png","type":"","width":"","height":""}],"twitter_card":"summary_large_image","twitter_misc":{"Estimation du temps de lecture":"3 minutes"},"schema":{"@context":"https:\/\/schema.org","@graph":[{"@type":"WebPage","@id":"https:\/\/www.haiti-reference.info\/pages\/plan\/politique\/pouvoir-executif\/cabinets-1986-1991\/ertha-pascal-trouillot\/","url":"https:\/\/www.haiti-reference.info\/pages\/plan\/politique\/pouvoir-executif\/cabinets-1986-1991\/ertha-pascal-trouillot\/","name":"2150.050.- Ertha Pascal-Trouillot: Cabinet minist\u00e9riel &#187;","isPartOf":{"@id":"https:\/\/www.haiti-reference.info\/pages\/#website"},"primaryImageOfPage":{"@id":"https:\/\/www.haiti-reference.info\/pages\/plan\/politique\/pouvoir-executif\/cabinets-1986-1991\/ertha-pascal-trouillot\/#primaryimage"},"image":{"@id":"https:\/\/www.haiti-reference.info\/pages\/plan\/politique\/pouvoir-executif\/cabinets-1986-1991\/ertha-pascal-trouillot\/#primaryimage"},"thumbnailUrl":"https:\/\/www.haiti-reference.com\/images\/magnifier_zoom.png","datePublished":"2012-02-06T16:30:05+00:00","dateModified":"2021-01-23T02:47:50+00:00","breadcrumb":{"@id":"https:\/\/www.haiti-reference.info\/pages\/plan\/politique\/pouvoir-executif\/cabinets-1986-1991\/ertha-pascal-trouillot\/#breadcrumb"},"inLanguage":"fr-CA","potentialAction":[{"@type":"ReadAction","target":["https:\/\/www.haiti-reference.info\/pages\/plan\/politique\/pouvoir-executif\/cabinets-1986-1991\/ertha-pascal-trouillot\/"]}]},{"@type":"ImageObject","inLanguage":"fr-CA","@id":"https:\/\/www.haiti-reference.info\/pages\/plan\/politique\/pouvoir-executif\/cabinets-1986-1991\/ertha-pascal-trouillot\/#primaryimage","url":"https:\/\/www.haiti-reference.com\/images\/magnifier_zoom.png","contentUrl":"https:\/\/www.haiti-reference.com\/images\/magnifier_zoom.png"},{"@type":"BreadcrumbList","@id":"https:\/\/www.haiti-reference.info\/pages\/plan\/politique\/pouvoir-executif\/cabinets-1986-1991\/ertha-pascal-trouillot\/#breadcrumb","itemListElement":[{"@type":"ListItem","position":1,"name":"Accueil","item":"https:\/\/www.haiti-reference.info\/pages\/"},{"@type":"ListItem","position":2,"name":"Structure du site","item":"https:\/\/www.haiti-reference.info\/pages\/plan\/"},{"@type":"ListItem","position":3,"name":"2000.- Politique et gouvernement","item":"https:\/\/www.haiti-reference.info\/pages\/plan\/politique\/"},{"@type":"ListItem","position":4,"name":"2100.- Le Pouvoir ex\u00e9cutif","item":"https:\/\/www.haiti-reference.info\/pages\/plan\/politique\/pouvoir-executif\/"},{"@type":"ListItem","position":5,"name":"2150: Cabinets minist\u00e9riels: 1986 &#8211; 1991","item":"https:\/\/www.haiti-reference.info\/pages\/plan\/politique\/pouvoir-executif\/cabinets-1986-1991\/"},{"@type":"ListItem","position":6,"name":"2150.050.- Ertha Pascal-Trouillot: Cabinet minist\u00e9riel"}]},{"@type":"WebSite","@id":"https:\/\/www.haiti-reference.info\/pages\/#website","url":"https:\/\/www.haiti-reference.info\/pages\/","name":"Haiti-R\u00e9f\u00e9rence","description":"Un guide de r\u00e9f\u00e9rence","publisher":{"@id":"https:\/\/www.haiti-reference.info\/pages\/#organization"},"potentialAction":[{"@type":"SearchAction","target":{"@type":"EntryPoint","urlTemplate":"https:\/\/www.haiti-reference.info\/pages\/?s={search_term_string}"},"query-input":{"@type":"PropertyValueSpecification","valueRequired":true,"valueName":"search_term_string"}}],"inLanguage":"fr-CA"},{"@type":"Organization","@id":"https:\/\/www.haiti-reference.info\/pages\/#organization","name":"Haiti-R\u00e9f\u00e9rence","url":"https:\/\/www.haiti-reference.info\/pages\/","logo":{"@type":"ImageObject","inLanguage":"fr-CA","@id":"https:\/\/www.haiti-reference.info\/pages\/#\/schema\/logo\/image\/","url":"https:\/\/www.haiti-reference.info\/pages\/wp-content\/uploads\/2016\/04\/cropped-cropped-logo_201604-8-1.png","contentUrl":"https:\/\/www.haiti-reference.info\/pages\/wp-content\/uploads\/2016\/04\/cropped-cropped-logo_201604-8-1.png","width":338,"height":87,"caption":"Haiti-R\u00e9f\u00e9rence"},"image":{"@id":"https:\/\/www.haiti-reference.info\/pages\/#\/schema\/logo\/image\/"},"sameAs":["https:\/\/bsky.app\/profile\/haiti-reference.bsky.social"]}]}},"_links":{"self":[{"href":"https:\/\/www.haiti-reference.info\/pages\/wp-json\/wp\/v2\/pages\/1935","targetHints":{"allow":["GET"]}}],"collection":[{"href":"https:\/\/www.haiti-reference.info\/pages\/wp-json\/wp\/v2\/pages"}],"about":[{"href":"https:\/\/www.haiti-reference.info\/pages\/wp-json\/wp\/v2\/types\/page"}],"author":[{"embeddable":true,"href":"https:\/\/www.haiti-reference.info\/pages\/wp-json\/wp\/v2\/users\/2"}],"replies":[{"embeddable":true,"href":"https:\/\/www.haiti-reference.info\/pages\/wp-json\/wp\/v2\/comments?post=1935"}],"version-history":[{"count":0,"href":"https:\/\/www.haiti-reference.info\/pages\/wp-json\/wp\/v2\/pages\/1935\/revisions"}],"up":[{"embeddable":true,"href":"https:\/\/www.haiti-reference.info\/pages\/wp-json\/wp\/v2\/pages\/31085"}],"wp:attachment":[{"href":"https:\/\/www.haiti-reference.info\/pages\/wp-json\/wp\/v2\/media?parent=1935"}],"wp:term":[{"taxonomy":"category","embeddable":true,"href":"https:\/\/www.haiti-reference.info\/pages\/wp-json\/wp\/v2\/categories?post=1935"}],"curies":[{"name":"wp","href":"https:\/\/api.w.org\/{rel}","templated":true}]}}