{"id":1862,"date":"2002-03-31T15:14:59","date_gmt":"2002-03-31T20:14:59","guid":{"rendered":"http:\/\/haiti-reference.com\/pages\/?page_id=1862"},"modified":"2022-02-11T16:33:24","modified_gmt":"2022-02-11T21:33:24","slug":"pouvoir-legislatif","status":"publish","type":"page","link":"https:\/\/www.haiti-reference.info\/pages\/plan\/politique\/pouvoir-legislatif\/","title":{"rendered":"2200.- Le Pouvoir L\u00e9gislatif en Haiti"},"content":{"rendered":"<p class=\"img_category\"><a title=\"Classification\" href=\"\/pages\/plan\/politique\/\"><img decoding=\"async\" src=\"\/.\/images\/legendes\/category_art.jpg\" alt=\"Classification\" \/> Politique et gouvernement<\/a><\/p>\n<div class=\"justify\">\n<p>Le pouvoir l\u00e9gislatif est un symbole du principe de la s\u00e9paration des pouvoirs. Il est exerc\u00e9 par les 119&amp; membres de la Chambre des D\u00e9put\u00e9s et les 30 S\u00e9nateurs de la R\u00e9publique, mettant ainsi fin, en 1987, \u00e0 plus de deux d\u00e9cades de monocam\u00e9ralisme institu\u00e9 par <a href=\"\/pages\/plan\/histoire-et-societe\/notables\/chefs-detat\/francois-duvalier\/\">Fran\u00e7ois Duvalier<\/a> en 1964.<\/p>\n<p>Ces deux corps forment le Parlement Ha\u00eftien, et en session conjointe, ils se nomment Assembl\u00e9e Nationale (<a href=\"\/pages\/plan\/histoire-et-societe\/documents-historiques\/constitutions\/constitution-de-1987\/#98\"><i>Const. de 1987; <\/i>art. 98<\/a>). Cette derni\u00e8re est dirig\u00e9e par le pr\u00e9sident du S\u00e9nat assist\u00e9 du pr\u00e9sident de la Chambre des d\u00e9put\u00e9s en qualit\u00e9 de Vice-Pr\u00e9sident. Les Secr\u00e9taires du S\u00e9nat et ceux de la Chambre des d\u00e9put\u00e9s sont les Secr\u00e9taires de l&rsquo;Assembl\u00e9e Nationale <i>(<\/i><a href=\"\/pages\/plan\/histoire-et-societe\/documents-historiques\/constitutions\/constitution-de-1987\/#99\"><i>Const. de 1987;<\/i> art. 99<\/a>).<\/p>\n<\/div>\n<figure id=\"attachment_1882\" aria-describedby=\"caption-attachment-1882\" style=\"width: 460px\" class=\"wp-caption aligncenter\"><img loading=\"lazy\" decoding=\"async\" class=\"aligncenter\" src=\"\/.\/images\/monuments\/nouveau-Parlement.jpg\" alt=\"Maquette du Nouveau parlement dont la premi\u00e8re pierre a \u00e9t\u00e9 pos\u00e9e le 27 d\u00e9cembre 2015\" width=\"460\" height=\"250\" \/><figcaption id=\"caption-attachment-1882\" class=\"wp-caption-text\">Maquette du Nouveau parlement dont la premi\u00e8re pierre a \u00e9t\u00e9 pos\u00e9e<br \/>le 27 d\u00e9cembre 2015<\/figcaption><\/figure>\n<div style=\"text-align: justify;\">\n<p>L\u2019Assembl\u00e9e nationale remplit les attributions suivantes selon les prescrits de la <a href=\"\/pages\/plan\/histoire-et-societe\/documents-historiques\/constitutions\/constitution-de-1987-amendee\/\"><i>Constitution de 1987 amend\u00e9e<\/i><\/a>, art 193-3:<\/p>\n<ol>\n<li>Recevoir le serment constitutionnel du Pr\u00e9sident de la R\u00e9publique;<\/li>\n<li>Ratifier toute d\u00e9cision de d\u00e9clarer la guerre quand toutes les tentatives de conciliation ont \u00e9chou\u00e9;<\/li>\n<li>Approuver ou de rejeter les trait\u00e9s et conventions internationales;<\/li>\n<li>Amender la Constitution selon la proc\u00e9dure qui y est indiqu\u00e9e;<\/li>\n<li>Ratifier la d\u00e9cision de l&rsquo;ex\u00e9cutif de d\u00e9placer le si\u00e8ge du gouvernement dans les cas d\u00e9termin\u00e9s par l&rsquo;article 1.1 de la pr\u00e9sente Constitution;<\/li>\n<li>Statuer sur l&rsquo;opportunit\u00e9 de l&rsquo;\u00e9tat d&rsquo;urgence et de l&rsquo;\u00e9tat de si\u00e8ge, d&rsquo;arr\u00eater avec l&rsquo;ex\u00e9cutif les garanties constitutionnelles \u00e0 suspendre et de se prononcer sur toute demande de renouvellement de cette mesure;<\/li>\n<li>Concourir \u00e0 la formation du Conseil \u00c9lectoral Permanent, conform\u00e9ment \u00e0 l&rsquo;article 192 de la Constitution;<\/li>\n<li>Concourir \u00e0 la nomination d&rsquo;un pr\u00e9sident provisoire conform\u00e9ment \u00e0 l&rsquo;article 149 de la Constitution;<\/li>\n<li>Concourir \u00e0 la formation d&rsquo;un Conseil Constitutionnel conform\u00e9ment \u00e0 l&rsquo;article 190bis.1 de la Constitution;<\/li>\n<li>Recevoir, \u00e0 l&rsquo;ouverture de chaque session, le bilan des activit\u00e9s du Gouvernement.<\/li>\n<\/ol>\n<p>D\u00e9put\u00e9s et S\u00e9nateurs sont aujourd&rsquo;hui \u00e9lus au suffrage universel et sont ind\u00e9finiment r\u00e9\u00e9ligibles, et leur\u00a0fonction en tant que\u00a0\u00ab\u00a0membre du Corps l\u00e9gislatif est incompatible avec toute autre fonction r\u00e9tribu\u00e9e par l\u2019Etat, sauf celle d\u2019enseignement\u00a0\u00bb\u00a0(<a href=\"\/pages\/plan\/histoire-et-societe\/documents-historiques\/constitutions\/constitution-de-1987\/#129.1\"><i>Const. de 1987; <\/i>art. 129.1<\/a>).<\/p>\n<p>Les d\u00e9put\u00e9s sont \u00e9lus pour quatre (4) ans alors qu&rsquo;un s\u00e9nateur a un mandat de six ans. La citoyennet\u00e9 ha\u00eftienne d&rsquo;origine et la jouissance pleine et enti\u00e8re des droits civils et politiques sont requises \u00e0 toute personne aspirant \u00e0 ces deux fonctions \u00e9lectives [Pour une d\u00e9finition de la citoyennet\u00e9 d&rsquo;origine, voir le D\u00e9cret du 6 Novembre sur la nationalit\u00e9 ha\u00eftienne, publi\u00e9 par Le Moniteur No 78, Jeudi 8 Novembre 1984, Texte \u00e9galement dans <i><a href=\"\/pages\/plan\/generalites\/bibliographie\/#Trouillot\">Code de lois usuelles<\/a>. Tome 2,<\/i> p. 384].<\/p>\n<p>Le candidat au poste de d\u00e9put\u00e9 doit avoir 25 ans et un jour le jour des \u00e9lections, \u00eatre propri\u00e9taire de biens immobiliers ou participer au d\u00e9veloppement de la circonscription \u00e0 repr\u00e9senter en exer\u00e7ant une profession ou s&rsquo;adonnant \u00e0 une industrie. La r\u00e9sidence permanente et continue sur une p\u00e9riode de deux (2) ans pr\u00e9c\u00e9dant la date des \u00e9lections s&rsquo;av\u00e8re n\u00e9cessaire \u00e0 la prise en consid\u00e9ration de tout d\u00e9p\u00f4t de candidature \u00e0 la d\u00e9putation (<i>Const. 1987<\/i>; art. 91).<\/p>\n<p>Les candidats au S\u00e9nat, quant \u00e0 eux, ne doivent pas \u00eatre \u00e2g\u00e9s de moins de 30 ans et un jour \u00e0 la date des \u00e9lections. Ils doivent \u00e9galement \u00eatre en mesure de prouver qu&rsquo;ils ont un certain int\u00e9r\u00eat dans le d\u00e9partement \u00e0 repr\u00e9senter par la possession de biens fonciers et y ont r\u00e9sid\u00e9 sur une p\u00e9riode cons\u00e9cutive de quatre ans (4) avant la date des \u00e9lections.<\/p>\n<p>Le jour de leur prestation de serment, et ce jusqu&rsquo;\u00e0 l&rsquo;expiration de leur mandat jouisse de l&rsquo;immunit\u00e9 parlementaire sauf\u00a0pour les cas de flagrant d\u00e9lit.<\/p>\n<p>Les derni\u00e8res \u00e9lections l\u00e9gislatives eurent lieu le 9 ao\u00fbt 2015, le 25 octobre 2015, le 20 novembre\u00a0\u00a02016 sous la houlette de deux conseils \u00e9lectoraux provisoires, celui dirig\u00e9 de Pierre-Louis Opont (2015) et de L\u00e9opold B\u00e9langer (2016).<\/p>\n<p>Pr\u00e9sentement, le S\u00e9nat est amput\u00e9 de deutiers de ses membres et le mandat des d\u00e9put\u00e9s de la 50\u00e8me l\u00e9gislature qui d\u00e9buta en janvier 2016 prit fin le 2\u00e8me lundi de janvier de l&rsquo;ann\u00e9e 2020.<\/p>\n<\/div>\n<p><!-- Bas de la page --><\/p>\n","protected":false},"excerpt":{"rendered":"<p>Le pouvoir l\u00e9gislatif est un symbole du principe de la s\u00e9paration des pouvoirs. Il est exerc\u00e9 par les 119&nbsp;membres de la Chambres des D\u00e9put\u00e9s et les 30 S\u00e9nateurs de la R\u00e9publique, mettant ainsi fin , en 1987, \u00e0 plus de deux d\u00e9cades de monocam\u00e9ralisme institu\u00e9 par <a href=\"\/pages\/plan\/histoire-et-societe\/notables\/chefs-detat\/francois-duvalier\/\">Fran\u00e7ois Duvalier<\/a> en 1964. Ces deux corps forment le Parlement Ha\u00eftien, et en session conjointe, ils se nomment Assembl\u00e9e Nationale<\/p>\n","protected":false},"author":3,"featured_media":0,"parent":837,"menu_order":2,"comment_status":"closed","ping_status":"closed","template":"short_page.php","meta":{"footnotes":""},"categories":[],"class_list":["post-1862","page","type-page","status-publish","hentry"],"yoast_head":"<!-- This site is optimized with the Yoast SEO plugin v27.4 - https:\/\/yoast.com\/product\/yoast-seo-wordpress\/ -->\n<title>2200.- Le Pouvoir L\u00e9gislatif en Haiti &#187;<\/title>\n<meta name=\"robots\" content=\"index, follow, max-snippet:-1, max-image-preview:large, max-video-preview:-1\" \/>\n<link rel=\"canonical\" href=\"https:\/\/www.haiti-reference.info\/pages\/plan\/politique\/pouvoir-legislatif\/\" \/>\n<meta property=\"og:locale\" content=\"fr_CA\" \/>\n<meta property=\"og:type\" content=\"article\" \/>\n<meta property=\"og:title\" content=\"2200.- Le Pouvoir L\u00e9gislatif en Haiti &#187;\" \/>\n<meta property=\"og:description\" content=\"Le pouvoir l\u00e9gislatif est un symbole du principe de la s\u00e9paration des pouvoirs. Il est exerc\u00e9 par les 119&nbsp;membres de la Chambres des D\u00e9put\u00e9s et les 30 S\u00e9nateurs de la R\u00e9publique, mettant ainsi fin , en 1987, \u00e0 plus de deux d\u00e9cades de monocam\u00e9ralisme institu\u00e9 par Fran\u00e7ois Duvalier en 1964. Ces deux corps forment le Parlement Ha\u00eftien, et en session conjointe, ils se nomment Assembl\u00e9e Nationale\" \/>\n<meta property=\"og:url\" content=\"https:\/\/www.haiti-reference.info\/pages\/plan\/politique\/pouvoir-legislatif\/\" \/>\n<meta property=\"article:modified_time\" content=\"2022-02-11T21:33:24+00:00\" \/>\n<meta name=\"twitter:card\" content=\"summary_large_image\" \/>\n<meta name=\"twitter:label1\" content=\"Estimation du temps de lecture\" \/>\n\t<meta name=\"twitter:data1\" content=\"4 minutes\" \/>\n<script type=\"application\/ld+json\" class=\"yoast-schema-graph\">{\"@context\":\"https:\\\/\\\/schema.org\",\"@graph\":[{\"@type\":\"WebPage\",\"@id\":\"https:\\\/\\\/www.haiti-reference.info\\\/pages\\\/plan\\\/politique\\\/pouvoir-legislatif\\\/\",\"url\":\"https:\\\/\\\/www.haiti-reference.info\\\/pages\\\/plan\\\/politique\\\/pouvoir-legislatif\\\/\",\"name\":\"2200.- Le Pouvoir L\u00e9gislatif en Haiti &#187;\",\"isPartOf\":{\"@id\":\"https:\\\/\\\/www.haiti-reference.info\\\/pages\\\/#website\"},\"datePublished\":\"2002-03-31T20:14:59+00:00\",\"dateModified\":\"2022-02-11T21:33:24+00:00\",\"breadcrumb\":{\"@id\":\"https:\\\/\\\/www.haiti-reference.info\\\/pages\\\/plan\\\/politique\\\/pouvoir-legislatif\\\/#breadcrumb\"},\"inLanguage\":\"fr-CA\",\"potentialAction\":[{\"@type\":\"ReadAction\",\"target\":[\"https:\\\/\\\/www.haiti-reference.info\\\/pages\\\/plan\\\/politique\\\/pouvoir-legislatif\\\/\"]}]},{\"@type\":\"BreadcrumbList\",\"@id\":\"https:\\\/\\\/www.haiti-reference.info\\\/pages\\\/plan\\\/politique\\\/pouvoir-legislatif\\\/#breadcrumb\",\"itemListElement\":[{\"@type\":\"ListItem\",\"position\":1,\"name\":\"Accueil\",\"item\":\"https:\\\/\\\/www.haiti-reference.info\\\/pages\\\/\"},{\"@type\":\"ListItem\",\"position\":2,\"name\":\"Structure du site\",\"item\":\"https:\\\/\\\/www.haiti-reference.info\\\/pages\\\/plan\\\/\"},{\"@type\":\"ListItem\",\"position\":3,\"name\":\"2000.- Politique et gouvernement\",\"item\":\"https:\\\/\\\/www.haiti-reference.info\\\/pages\\\/plan\\\/politique\\\/\"},{\"@type\":\"ListItem\",\"position\":4,\"name\":\"2200.- Le Pouvoir L\u00e9gislatif en Haiti\"}]},{\"@type\":\"WebSite\",\"@id\":\"https:\\\/\\\/www.haiti-reference.info\\\/pages\\\/#website\",\"url\":\"https:\\\/\\\/www.haiti-reference.info\\\/pages\\\/\",\"name\":\"Haiti-R\u00e9f\u00e9rence\",\"description\":\"Un guide de r\u00e9f\u00e9rence\",\"publisher\":{\"@id\":\"https:\\\/\\\/www.haiti-reference.info\\\/pages\\\/#organization\"},\"potentialAction\":[{\"@type\":\"SearchAction\",\"target\":{\"@type\":\"EntryPoint\",\"urlTemplate\":\"https:\\\/\\\/www.haiti-reference.info\\\/pages\\\/?s={search_term_string}\"},\"query-input\":{\"@type\":\"PropertyValueSpecification\",\"valueRequired\":true,\"valueName\":\"search_term_string\"}}],\"inLanguage\":\"fr-CA\"},{\"@type\":\"Organization\",\"@id\":\"https:\\\/\\\/www.haiti-reference.info\\\/pages\\\/#organization\",\"name\":\"Haiti-R\u00e9f\u00e9rence\",\"url\":\"https:\\\/\\\/www.haiti-reference.info\\\/pages\\\/\",\"logo\":{\"@type\":\"ImageObject\",\"inLanguage\":\"fr-CA\",\"@id\":\"https:\\\/\\\/www.haiti-reference.info\\\/pages\\\/#\\\/schema\\\/logo\\\/image\\\/\",\"url\":\"https:\\\/\\\/www.haiti-reference.info\\\/pages\\\/wp-content\\\/uploads\\\/2016\\\/04\\\/cropped-cropped-logo_201604-8-1.png\",\"contentUrl\":\"https:\\\/\\\/www.haiti-reference.info\\\/pages\\\/wp-content\\\/uploads\\\/2016\\\/04\\\/cropped-cropped-logo_201604-8-1.png\",\"width\":338,\"height\":87,\"caption\":\"Haiti-R\u00e9f\u00e9rence\"},\"image\":{\"@id\":\"https:\\\/\\\/www.haiti-reference.info\\\/pages\\\/#\\\/schema\\\/logo\\\/image\\\/\"},\"sameAs\":[\"https:\\\/\\\/bsky.app\\\/profile\\\/haiti-reference.bsky.social\"]}]}<\/script>\n<!-- \/ Yoast SEO plugin. -->","yoast_head_json":{"title":"2200.- Le Pouvoir L\u00e9gislatif en Haiti &#187;","robots":{"index":"index","follow":"follow","max-snippet":"max-snippet:-1","max-image-preview":"max-image-preview:large","max-video-preview":"max-video-preview:-1"},"canonical":"https:\/\/www.haiti-reference.info\/pages\/plan\/politique\/pouvoir-legislatif\/","og_locale":"fr_CA","og_type":"article","og_title":"2200.- Le Pouvoir L\u00e9gislatif en Haiti &#187;","og_description":"Le pouvoir l\u00e9gislatif est un symbole du principe de la s\u00e9paration des pouvoirs. Il est exerc\u00e9 par les 119&nbsp;membres de la Chambres des D\u00e9put\u00e9s et les 30 S\u00e9nateurs de la R\u00e9publique, mettant ainsi fin , en 1987, \u00e0 plus de deux d\u00e9cades de monocam\u00e9ralisme institu\u00e9 par Fran\u00e7ois Duvalier en 1964. Ces deux corps forment le Parlement Ha\u00eftien, et en session conjointe, ils se nomment Assembl\u00e9e Nationale","og_url":"https:\/\/www.haiti-reference.info\/pages\/plan\/politique\/pouvoir-legislatif\/","article_modified_time":"2022-02-11T21:33:24+00:00","twitter_card":"summary_large_image","twitter_misc":{"Estimation du temps de lecture":"4 minutes"},"schema":{"@context":"https:\/\/schema.org","@graph":[{"@type":"WebPage","@id":"https:\/\/www.haiti-reference.info\/pages\/plan\/politique\/pouvoir-legislatif\/","url":"https:\/\/www.haiti-reference.info\/pages\/plan\/politique\/pouvoir-legislatif\/","name":"2200.- Le Pouvoir L\u00e9gislatif en Haiti &#187;","isPartOf":{"@id":"https:\/\/www.haiti-reference.info\/pages\/#website"},"datePublished":"2002-03-31T20:14:59+00:00","dateModified":"2022-02-11T21:33:24+00:00","breadcrumb":{"@id":"https:\/\/www.haiti-reference.info\/pages\/plan\/politique\/pouvoir-legislatif\/#breadcrumb"},"inLanguage":"fr-CA","potentialAction":[{"@type":"ReadAction","target":["https:\/\/www.haiti-reference.info\/pages\/plan\/politique\/pouvoir-legislatif\/"]}]},{"@type":"BreadcrumbList","@id":"https:\/\/www.haiti-reference.info\/pages\/plan\/politique\/pouvoir-legislatif\/#breadcrumb","itemListElement":[{"@type":"ListItem","position":1,"name":"Accueil","item":"https:\/\/www.haiti-reference.info\/pages\/"},{"@type":"ListItem","position":2,"name":"Structure du site","item":"https:\/\/www.haiti-reference.info\/pages\/plan\/"},{"@type":"ListItem","position":3,"name":"2000.- Politique et gouvernement","item":"https:\/\/www.haiti-reference.info\/pages\/plan\/politique\/"},{"@type":"ListItem","position":4,"name":"2200.- Le Pouvoir L\u00e9gislatif en Haiti"}]},{"@type":"WebSite","@id":"https:\/\/www.haiti-reference.info\/pages\/#website","url":"https:\/\/www.haiti-reference.info\/pages\/","name":"Haiti-R\u00e9f\u00e9rence","description":"Un guide de r\u00e9f\u00e9rence","publisher":{"@id":"https:\/\/www.haiti-reference.info\/pages\/#organization"},"potentialAction":[{"@type":"SearchAction","target":{"@type":"EntryPoint","urlTemplate":"https:\/\/www.haiti-reference.info\/pages\/?s={search_term_string}"},"query-input":{"@type":"PropertyValueSpecification","valueRequired":true,"valueName":"search_term_string"}}],"inLanguage":"fr-CA"},{"@type":"Organization","@id":"https:\/\/www.haiti-reference.info\/pages\/#organization","name":"Haiti-R\u00e9f\u00e9rence","url":"https:\/\/www.haiti-reference.info\/pages\/","logo":{"@type":"ImageObject","inLanguage":"fr-CA","@id":"https:\/\/www.haiti-reference.info\/pages\/#\/schema\/logo\/image\/","url":"https:\/\/www.haiti-reference.info\/pages\/wp-content\/uploads\/2016\/04\/cropped-cropped-logo_201604-8-1.png","contentUrl":"https:\/\/www.haiti-reference.info\/pages\/wp-content\/uploads\/2016\/04\/cropped-cropped-logo_201604-8-1.png","width":338,"height":87,"caption":"Haiti-R\u00e9f\u00e9rence"},"image":{"@id":"https:\/\/www.haiti-reference.info\/pages\/#\/schema\/logo\/image\/"},"sameAs":["https:\/\/bsky.app\/profile\/haiti-reference.bsky.social"]}]}},"_links":{"self":[{"href":"https:\/\/www.haiti-reference.info\/pages\/wp-json\/wp\/v2\/pages\/1862","targetHints":{"allow":["GET"]}}],"collection":[{"href":"https:\/\/www.haiti-reference.info\/pages\/wp-json\/wp\/v2\/pages"}],"about":[{"href":"https:\/\/www.haiti-reference.info\/pages\/wp-json\/wp\/v2\/types\/page"}],"author":[{"embeddable":true,"href":"https:\/\/www.haiti-reference.info\/pages\/wp-json\/wp\/v2\/users\/3"}],"replies":[{"embeddable":true,"href":"https:\/\/www.haiti-reference.info\/pages\/wp-json\/wp\/v2\/comments?post=1862"}],"version-history":[{"count":0,"href":"https:\/\/www.haiti-reference.info\/pages\/wp-json\/wp\/v2\/pages\/1862\/revisions"}],"up":[{"embeddable":true,"href":"https:\/\/www.haiti-reference.info\/pages\/wp-json\/wp\/v2\/pages\/837"}],"wp:attachment":[{"href":"https:\/\/www.haiti-reference.info\/pages\/wp-json\/wp\/v2\/media?parent=1862"}],"wp:term":[{"taxonomy":"category","embeddable":true,"href":"https:\/\/www.haiti-reference.info\/pages\/wp-json\/wp\/v2\/categories?post=1862"}],"curies":[{"name":"wp","href":"https:\/\/api.w.org\/{rel}","templated":true}]}}