{"id":1705,"date":"2001-12-05T21:24:42","date_gmt":"2001-12-06T02:24:42","guid":{"rendered":"http:\/\/haiti-reference.com\/pages\/?page_id=1705"},"modified":"2024-12-21T14:00:22","modified_gmt":"2024-12-21T19:00:22","slug":"hierarchie","status":"publish","type":"page","link":"https:\/\/www.haiti-reference.info\/pages\/plan\/religions\/vodou-haitien\/hierarchie\/","title":{"rendered":"1520.- Le Vodou Haitien: Hi\u00e9rarchie"},"content":{"rendered":"<p>&nbsp;<\/p>\n<h4 id=\"ati\" class=\"title_paragraf\">ATI national:<\/h4>\n<hr \/>\n<div style=\"text-align: justify;\">\n<p>Le vodou n&rsquo;a pas de structure hi\u00e9rarchis\u00e9e puisqu&rsquo;il ne constitue pas un corps organis\u00e9 selon le mod\u00e8le de l&rsquo;\u00c9glise catholique et de certaines \u00e9glises protestantes. Il est plut\u00f4t organis\u00e9 en confr\u00e9ries dont l&rsquo;importance des membres se mesure selon le niveau ou stade de leur initiation. Le houngan, la mambo, les hounsi sont les membres les plus importants d&rsquo;une confr\u00e9rie.<\/p>\n<p><img loading=\"lazy\" decoding=\"async\" class=\"alignleft\" title=\"Carl-Henry Desmornes de 2019\" src=\"\/religion\/vodou\/desmornes20190814.png\" alt=\"ati comas\" width=\"255\" height=\"335\" \/>Toutefois, depuis mars 2008, les vodouisants se laissent en principe guid\u00e9s par un chef spirituel portant le nom de \u00ab\u00a0Ati national\u00a0\u00bb. Max Gesner Beauvoir, le premier Ati, occupa cette fonction du 8 mars 2008 \u00e0 sa mort survenue le 15 septembre 2015. Il aurait \u00e9t\u00e9 remplac\u00e9 par Alc\u00e9nat Zamor, \u00e9lu le 10 d\u00e9cembre 2015 par la Conf\u00e9d\u00e9ration nationale des vodouisants ha\u00eftiens. Ce dernier qui aurait d\u00fb entrer en fonction le 7 mars 2016 pour une p\u00e9riode de sept ans, rendit l&rsquo;\u00e2me le 30 d\u00e9cembre 2015 suite \u00e0 un accident de la route survenu quelques jours plut t\u00f4t.<\/p>\n<p>Joseph Fritzner Comas fut \u00e9lu le 27 f\u00e9vrier pour le remplacer. Intronis\u00e9 le 7 mai 2016, il fut cependant d\u00e9mis de sa fonction, le vendredi 1er f\u00e9vrier 2019, pour violation des r\u00e8glements int\u00e9rieurs de la Konfederasyon nasyonal voudouyizan ayisyen (Knva).<\/p>\n<p>Un ati provisoire en la personne du houngan Ismaite Andr\u00e9, jusque l\u00e0 serviteur aux affaires religieuses et culturelles assura l&rsquo;int\u00e9rim jusqu&rsquo;\u00e0 l&rsquo;intronisation du wougan Carl-Henri Desmornes. Ce dernier, \u00e9lu le 13 mai par 83 voix sur 158, entra en fonction le 14 ao\u00fbt 2019 avec un mandat qui devra durer jusqu&rsquo;en 2026.<\/p>\n<\/div>\n<h4 id=\"officiants\" class=\"title_paragraf\">Officiants:<\/h4>\n<hr \/>\n<p style=\"padding-left: 30px; padding-right: 4%; text-align: justify;\"><strong>\u2663 Le Wougan:<\/strong><br \/>\n<img decoding=\"async\" style=\"padding-right: 1%;\" src=\"\/.\/images\/line-bar\/red_belt.gif\" \/><br \/>\nPr\u00eatre officiant les grandes c\u00e9r\u00e9monies. On le d\u00e9signe \u00e9galement sous le nom de <i>gangan, papa loa. <\/i>Aux yeux des vodouisants, le wougan est \u00e0 la fois un m\u00e9decin soignant \u00e0 l&rsquo;aide d&rsquo;infusions et de bain, un voyant pr\u00e9disant le future, et bien des fois un sorcier utilisant des manipulations magiques (<i>Wanga<\/i>). Dans ce dernier r\u00f4le, il est connu sous le nom de <i>b\u00f2k\u00f2.<\/i><\/p>\n<p style=\"padding-left: 30px; padding-right: 30px; ;text-align: justify;\"><b>\u2663 La Mambo:<\/b><br \/>\n<img decoding=\"async\" style=\"padding-right: 1%;\" src=\"\/.\/images\/line-bar\/red_belt.gif\" \/><br \/>\nVodouisante ayant un niveau d&rsquo;initiation quelque peu similaire au wougan, ce qui l&rsquo;am\u00e8ne \u00e0 officier les c\u00e9r\u00e9monies en compagnie ou \u00e0 la place du wougan, et \u00e0 jouer le r\u00f4le de conseill\u00e8re aux fid\u00e8les qui viennent les consulter.<\/p>\n<p style=\"padding-left: 30px; padding-right: 30px; ;text-align: justify;\"><b>\u2663 La-place:<\/b><br \/>\n<img decoding=\"async\" style=\"padding-right: 1%;\" src=\"\/.\/images\/line-bar\/red_belt.gif\" \/><br \/>\nTitre que porte, dans une confr\u00e9rie vodou, le ma\u00eetre de c\u00e9r\u00e9monie. Arm\u00e9 g\u00e9n\u00e9ralement d&rsquo;un sabre ou d&rsquo;une machette, il conduit les possessions, rend honneurs aux loas et assiste l&rsquo;officiant.<\/p>\n<p style=\"padding-left: 30px; padding-right: 30px; ;text-align: justify;\"><b>\u2663 Les Wousi:<\/b><br \/>\n<img decoding=\"async\" style=\"padding-right: 1%;\" src=\"\/.\/images\/line-bar\/red_belt.gif\" \/><br \/>\nAdeptes pass\u00e9es parles rites d&rsquo;initiation, elles assistent le wougan et la manbo dans leur fonctions d&rsquo;officiants.<\/p>\n<p>&nbsp;<\/p>\n<h4 id=\"org\" class=\"title_paragraf\">Organisations:<\/h4>\n<hr \/>\n<p>Le chefs du vodou, comme d&rsquo;ailleurs les responsables de toutes les institutions du pays, se sont r\u00e9unies en associations ou organisations. Les principales sont:<\/p>\n<p style=\"padding-left: 30px; padding-right: 30px; ;text-align: justify;\"><b>\u2663 Bode Nasyonal:<\/b><br \/>\n<img decoding=\"async\" style=\"padding-right: 1%;\" src=\"\/.\/images\/line-bar\/red_belt.gif\" \/><br \/>\nAssociation apolitique, \u00e0 but non-lucratif cr\u00e9\u00e9e en 1986 et r\u00e9unissant les initi\u00e9s et les sympathisants vodou. Son si\u00e8ge social se trouverait quelque part \u00e0 Port-au-Prince.<\/p>\n<p style=\"padding-left: 30px; padding-right: 30px; ;text-align: justify;\"><b>\u2663 Zantray Nasyonal:<\/b><br \/>\n<img decoding=\"async\" style=\"padding-right: 1%;\" src=\"\/.\/images\/line-bar\/red_belt.gif\" \/><br \/>\nFond\u00e9e aux Gonaives par Monsieur H\u00e9rard Simon, dirig\u00e9e par Reginald Bailly.<\/p>\n<p style=\"padding-left: 30px; padding-right: 30px; ;text-align: justify;\"><b>\u2663 Federasyon Nasyonal Vodouyizan Ayisyen:<\/b><br \/>\n<img decoding=\"async\" style=\"padding-right: 1%;\" src=\"\/.\/images\/line-bar\/red_belt.gif\" \/><br \/>\nCompos\u00e9e des deux organisations pr\u00e9c\u00e9dentes avec pour premiers co-pr\u00e9sidents Max G. Beauvoir et H\u00e9rard Simon.<\/p>\n<p><!--Bas de la page--><\/p>\n","protected":false},"excerpt":{"rendered":"<p>Le vodou n&rsquo;a pas de structure hi\u00e9rarchis\u00e9e puisqu&rsquo;il ne constitue pas un corps organis\u00e9 selon le mod\u00e8le de l&rsquo;\u00c9glise catholique et de certaines \u00e9glises protestantes. Il est plut\u00f4t organis\u00e9 en confr\u00e9ries dont l&rsquo;importance des membres se mesure selon le niveau ou stade de leur initiation. Le houngan, la mambo, les hounsi sont les membres les plus importants d&rsquo;une confr\u00e9rie&#8230;<\/p>\n","protected":false},"author":1,"featured_media":0,"parent":876,"menu_order":2,"comment_status":"closed","ping_status":"closed","template":"audio.php","meta":{"footnotes":""},"categories":[],"class_list":["post-1705","page","type-page","status-publish","hentry"],"yoast_head":"<!-- This site is optimized with the Yoast SEO plugin v27.4 - https:\/\/yoast.com\/product\/yoast-seo-wordpress\/ -->\n<title>1520.- Le Vodou Haitien: Hi\u00e9rarchie &#187;<\/title>\n<meta name=\"robots\" content=\"index, follow, max-snippet:-1, max-image-preview:large, max-video-preview:-1\" \/>\n<link rel=\"canonical\" href=\"https:\/\/www.haiti-reference.info\/pages\/plan\/religions\/vodou-haitien\/hierarchie\/\" \/>\n<meta property=\"og:locale\" content=\"fr_CA\" \/>\n<meta property=\"og:type\" content=\"article\" \/>\n<meta property=\"og:title\" content=\"1520.- Le Vodou Haitien: Hi\u00e9rarchie &#187;\" \/>\n<meta property=\"og:description\" content=\"Le vodou n&#039;a pas de structure hi\u00e9rarchis\u00e9e puisqu&#039;il ne constitue pas un corps organis\u00e9 selon le mod\u00e8le de l&#039;\u00c9glise catholique et de certaines \u00e9glises protestantes. Il est plut\u00f4t organis\u00e9 en confr\u00e9ries dont l&#039;importance des membres se mesure selon le niveau ou stade de leur initiation. Le houngan, la mambo, les hounsi sont les membres les plus importants d&#039;une confr\u00e9rie...\" \/>\n<meta property=\"og:url\" content=\"https:\/\/www.haiti-reference.info\/pages\/plan\/religions\/vodou-haitien\/hierarchie\/\" \/>\n<meta property=\"article:modified_time\" content=\"2024-12-21T19:00:22+00:00\" \/>\n<meta name=\"twitter:card\" content=\"summary_large_image\" \/>\n<meta name=\"twitter:label1\" content=\"Estimation du temps de lecture\" \/>\n\t<meta name=\"twitter:data1\" content=\"3 minutes\" \/>\n<script type=\"application\/ld+json\" class=\"yoast-schema-graph\">{\"@context\":\"https:\\\/\\\/schema.org\",\"@graph\":[{\"@type\":\"WebPage\",\"@id\":\"https:\\\/\\\/www.haiti-reference.info\\\/pages\\\/plan\\\/religions\\\/vodou-haitien\\\/hierarchie\\\/\",\"url\":\"https:\\\/\\\/www.haiti-reference.info\\\/pages\\\/plan\\\/religions\\\/vodou-haitien\\\/hierarchie\\\/\",\"name\":\"1520.- Le Vodou Haitien: Hi\u00e9rarchie &#187;\",\"isPartOf\":{\"@id\":\"https:\\\/\\\/www.haiti-reference.info\\\/pages\\\/#website\"},\"datePublished\":\"2001-12-06T02:24:42+00:00\",\"dateModified\":\"2024-12-21T19:00:22+00:00\",\"breadcrumb\":{\"@id\":\"https:\\\/\\\/www.haiti-reference.info\\\/pages\\\/plan\\\/religions\\\/vodou-haitien\\\/hierarchie\\\/#breadcrumb\"},\"inLanguage\":\"fr-CA\",\"potentialAction\":[{\"@type\":\"ReadAction\",\"target\":[\"https:\\\/\\\/www.haiti-reference.info\\\/pages\\\/plan\\\/religions\\\/vodou-haitien\\\/hierarchie\\\/\"]}]},{\"@type\":\"BreadcrumbList\",\"@id\":\"https:\\\/\\\/www.haiti-reference.info\\\/pages\\\/plan\\\/religions\\\/vodou-haitien\\\/hierarchie\\\/#breadcrumb\",\"itemListElement\":[{\"@type\":\"ListItem\",\"position\":1,\"name\":\"Accueil\",\"item\":\"https:\\\/\\\/www.haiti-reference.info\\\/pages\\\/\"},{\"@type\":\"ListItem\",\"position\":2,\"name\":\"Structure du site\",\"item\":\"https:\\\/\\\/www.haiti-reference.info\\\/pages\\\/plan\\\/\"},{\"@type\":\"ListItem\",\"position\":3,\"name\":\"1000.- Religions et croyances\",\"item\":\"https:\\\/\\\/www.haiti-reference.info\\\/pages\\\/plan\\\/religions\\\/\"},{\"@type\":\"ListItem\",\"position\":4,\"name\":\"1500.- Le Vodou Haitien\",\"item\":\"https:\\\/\\\/www.haiti-reference.info\\\/pages\\\/plan\\\/religions\\\/vodou-haitien\\\/\"},{\"@type\":\"ListItem\",\"position\":5,\"name\":\"1520.- Le Vodou Haitien: Hi\u00e9rarchie\"}]},{\"@type\":\"WebSite\",\"@id\":\"https:\\\/\\\/www.haiti-reference.info\\\/pages\\\/#website\",\"url\":\"https:\\\/\\\/www.haiti-reference.info\\\/pages\\\/\",\"name\":\"Haiti-R\u00e9f\u00e9rence\",\"description\":\"Un guide de r\u00e9f\u00e9rence\",\"publisher\":{\"@id\":\"https:\\\/\\\/www.haiti-reference.info\\\/pages\\\/#organization\"},\"potentialAction\":[{\"@type\":\"SearchAction\",\"target\":{\"@type\":\"EntryPoint\",\"urlTemplate\":\"https:\\\/\\\/www.haiti-reference.info\\\/pages\\\/?s={search_term_string}\"},\"query-input\":{\"@type\":\"PropertyValueSpecification\",\"valueRequired\":true,\"valueName\":\"search_term_string\"}}],\"inLanguage\":\"fr-CA\"},{\"@type\":\"Organization\",\"@id\":\"https:\\\/\\\/www.haiti-reference.info\\\/pages\\\/#organization\",\"name\":\"Haiti-R\u00e9f\u00e9rence\",\"url\":\"https:\\\/\\\/www.haiti-reference.info\\\/pages\\\/\",\"logo\":{\"@type\":\"ImageObject\",\"inLanguage\":\"fr-CA\",\"@id\":\"https:\\\/\\\/www.haiti-reference.info\\\/pages\\\/#\\\/schema\\\/logo\\\/image\\\/\",\"url\":\"https:\\\/\\\/www.haiti-reference.info\\\/pages\\\/wp-content\\\/uploads\\\/2016\\\/04\\\/cropped-cropped-logo_201604-8-1.png\",\"contentUrl\":\"https:\\\/\\\/www.haiti-reference.info\\\/pages\\\/wp-content\\\/uploads\\\/2016\\\/04\\\/cropped-cropped-logo_201604-8-1.png\",\"width\":338,\"height\":87,\"caption\":\"Haiti-R\u00e9f\u00e9rence\"},\"image\":{\"@id\":\"https:\\\/\\\/www.haiti-reference.info\\\/pages\\\/#\\\/schema\\\/logo\\\/image\\\/\"},\"sameAs\":[\"https:\\\/\\\/bsky.app\\\/profile\\\/haiti-reference.bsky.social\"]}]}<\/script>\n<!-- \/ Yoast SEO plugin. -->","yoast_head_json":{"title":"1520.- Le Vodou Haitien: Hi\u00e9rarchie &#187;","robots":{"index":"index","follow":"follow","max-snippet":"max-snippet:-1","max-image-preview":"max-image-preview:large","max-video-preview":"max-video-preview:-1"},"canonical":"https:\/\/www.haiti-reference.info\/pages\/plan\/religions\/vodou-haitien\/hierarchie\/","og_locale":"fr_CA","og_type":"article","og_title":"1520.- Le Vodou Haitien: Hi\u00e9rarchie &#187;","og_description":"Le vodou n'a pas de structure hi\u00e9rarchis\u00e9e puisqu'il ne constitue pas un corps organis\u00e9 selon le mod\u00e8le de l'\u00c9glise catholique et de certaines \u00e9glises protestantes. Il est plut\u00f4t organis\u00e9 en confr\u00e9ries dont l'importance des membres se mesure selon le niveau ou stade de leur initiation. Le houngan, la mambo, les hounsi sont les membres les plus importants d'une confr\u00e9rie...","og_url":"https:\/\/www.haiti-reference.info\/pages\/plan\/religions\/vodou-haitien\/hierarchie\/","article_modified_time":"2024-12-21T19:00:22+00:00","twitter_card":"summary_large_image","twitter_misc":{"Estimation du temps de lecture":"3 minutes"},"schema":{"@context":"https:\/\/schema.org","@graph":[{"@type":"WebPage","@id":"https:\/\/www.haiti-reference.info\/pages\/plan\/religions\/vodou-haitien\/hierarchie\/","url":"https:\/\/www.haiti-reference.info\/pages\/plan\/religions\/vodou-haitien\/hierarchie\/","name":"1520.- Le Vodou Haitien: Hi\u00e9rarchie &#187;","isPartOf":{"@id":"https:\/\/www.haiti-reference.info\/pages\/#website"},"datePublished":"2001-12-06T02:24:42+00:00","dateModified":"2024-12-21T19:00:22+00:00","breadcrumb":{"@id":"https:\/\/www.haiti-reference.info\/pages\/plan\/religions\/vodou-haitien\/hierarchie\/#breadcrumb"},"inLanguage":"fr-CA","potentialAction":[{"@type":"ReadAction","target":["https:\/\/www.haiti-reference.info\/pages\/plan\/religions\/vodou-haitien\/hierarchie\/"]}]},{"@type":"BreadcrumbList","@id":"https:\/\/www.haiti-reference.info\/pages\/plan\/religions\/vodou-haitien\/hierarchie\/#breadcrumb","itemListElement":[{"@type":"ListItem","position":1,"name":"Accueil","item":"https:\/\/www.haiti-reference.info\/pages\/"},{"@type":"ListItem","position":2,"name":"Structure du site","item":"https:\/\/www.haiti-reference.info\/pages\/plan\/"},{"@type":"ListItem","position":3,"name":"1000.- Religions et croyances","item":"https:\/\/www.haiti-reference.info\/pages\/plan\/religions\/"},{"@type":"ListItem","position":4,"name":"1500.- Le Vodou Haitien","item":"https:\/\/www.haiti-reference.info\/pages\/plan\/religions\/vodou-haitien\/"},{"@type":"ListItem","position":5,"name":"1520.- Le Vodou Haitien: Hi\u00e9rarchie"}]},{"@type":"WebSite","@id":"https:\/\/www.haiti-reference.info\/pages\/#website","url":"https:\/\/www.haiti-reference.info\/pages\/","name":"Haiti-R\u00e9f\u00e9rence","description":"Un guide de r\u00e9f\u00e9rence","publisher":{"@id":"https:\/\/www.haiti-reference.info\/pages\/#organization"},"potentialAction":[{"@type":"SearchAction","target":{"@type":"EntryPoint","urlTemplate":"https:\/\/www.haiti-reference.info\/pages\/?s={search_term_string}"},"query-input":{"@type":"PropertyValueSpecification","valueRequired":true,"valueName":"search_term_string"}}],"inLanguage":"fr-CA"},{"@type":"Organization","@id":"https:\/\/www.haiti-reference.info\/pages\/#organization","name":"Haiti-R\u00e9f\u00e9rence","url":"https:\/\/www.haiti-reference.info\/pages\/","logo":{"@type":"ImageObject","inLanguage":"fr-CA","@id":"https:\/\/www.haiti-reference.info\/pages\/#\/schema\/logo\/image\/","url":"https:\/\/www.haiti-reference.info\/pages\/wp-content\/uploads\/2016\/04\/cropped-cropped-logo_201604-8-1.png","contentUrl":"https:\/\/www.haiti-reference.info\/pages\/wp-content\/uploads\/2016\/04\/cropped-cropped-logo_201604-8-1.png","width":338,"height":87,"caption":"Haiti-R\u00e9f\u00e9rence"},"image":{"@id":"https:\/\/www.haiti-reference.info\/pages\/#\/schema\/logo\/image\/"},"sameAs":["https:\/\/bsky.app\/profile\/haiti-reference.bsky.social"]}]}},"_links":{"self":[{"href":"https:\/\/www.haiti-reference.info\/pages\/wp-json\/wp\/v2\/pages\/1705","targetHints":{"allow":["GET"]}}],"collection":[{"href":"https:\/\/www.haiti-reference.info\/pages\/wp-json\/wp\/v2\/pages"}],"about":[{"href":"https:\/\/www.haiti-reference.info\/pages\/wp-json\/wp\/v2\/types\/page"}],"author":[{"embeddable":true,"href":"https:\/\/www.haiti-reference.info\/pages\/wp-json\/wp\/v2\/users\/1"}],"replies":[{"embeddable":true,"href":"https:\/\/www.haiti-reference.info\/pages\/wp-json\/wp\/v2\/comments?post=1705"}],"version-history":[{"count":0,"href":"https:\/\/www.haiti-reference.info\/pages\/wp-json\/wp\/v2\/pages\/1705\/revisions"}],"up":[{"embeddable":true,"href":"https:\/\/www.haiti-reference.info\/pages\/wp-json\/wp\/v2\/pages\/876"}],"wp:attachment":[{"href":"https:\/\/www.haiti-reference.info\/pages\/wp-json\/wp\/v2\/media?parent=1705"}],"wp:term":[{"taxonomy":"category","embeddable":true,"href":"https:\/\/www.haiti-reference.info\/pages\/wp-json\/wp\/v2\/categories?post=1705"}],"curies":[{"name":"wp","href":"https:\/\/api.w.org\/{rel}","templated":true}]}}