{"id":129,"date":"1999-12-16T16:00:00","date_gmt":"1999-12-16T21:00:00","guid":{"rendered":"http:\/\/haiti-reference.com\/pages\/?page_id=129"},"modified":"2024-02-19T14:31:41","modified_gmt":"2024-02-19T19:31:41","slug":"fhf","status":"publish","type":"page","link":"https:\/\/www.haiti-reference.info\/pages\/plan\/sports-et-loisirs\/sports\/foot-ball\/fhf\/","title":{"rendered":"9111.- F\u00e9d\u00e9ration Haitienne de Foot-ball"},"content":{"rendered":"<div class=\"justify;\">\n<p><img loading=\"lazy\" decoding=\"async\" class=\" alignleft\" src=\"\/.\/images\/fhf-logo.png\" alt=\"Logo de la s\u00e9lection\" width=\"270\" height=\"264\" \/>Fond\u00e9e en 1904, la F\u00e9d\u00e9ration Haitienne de Football peut se vanter d&rsquo;\u00eatre l&rsquo;une des plus anciennes f\u00e9d\u00e9rations du monde. Affili\u00e9e \u00e0 la FIFA en 1934, elle n&rsquo;a cr\u00e9\u00e9 une s\u00e9lection nationale qui ne s&rsquo;est impos\u00e9e sur la sc\u00e8ne internationale qu&rsquo;en 1972, avec l&rsquo;\u00e9quipe \u00ab\u00a0<i>Toup pou yo<\/i>\u00a0\u00bb compos\u00e9 de joueurs du calibre d&rsquo;<a href=\"\/pages\/notables\/getperson.php?personID=I1&amp;tree=A-4\">Emmanuel Sanon<\/a>, de Luc D\u00e9sir, de Philippe Vorbe etc.<\/p>\n<p>Avec cette s\u00e9lection, Ha\u00efti a donc pu participer, en 1974, aux phases finales du championnat du monde tenu en Allemagne, devenant ainsi le deuxi\u00e8me pays des cara\u00efbes \u00e0 prendre part \u00e0 une phase finale de Coupe du Monde.<\/p>\n<p>Apr\u00e8s cette prouesse, Haiti a de nouveau sombr\u00e9, jusqu&rsquo;\u00e0 atteindre la 155\u00e8 place en 1996 au classement de la FIFA. Ces derni\u00e8res ann\u00e9es, l&rsquo;\u00e9quipe tend tant bien que mal \u00e0 remonter la pente. Au mois d&rsquo;octobre 2012, l&rsquo;\u00e9quipe masculine occupait la 39\u00e8me position, alors que l&rsquo;\u00e9quipe des dames occupait la 59\u00e8me place dans le classement de la FIFA. Elles terminent l&rsquo;ann\u00e9e 2019 en occupant respectivement les 86\u00e8 et 68\u00e8 places, un gain sur l&rsquo;ann\u00e9e pr\u00e9c\u00e9dente.<\/p>\n<p>La F\u00e9d\u00e9ration ha\u00eftienne a \u00e9t\u00e9 souill\u00e9e en 2020. Son pr\u00e9sident, Yves Jean-Bart alias Dadou, qui la dirigeait\u00a0 en tant que pr\u00e9sident depuis plus de 20 ans, fut alors accus\u00e9 d&rsquo;abus de pouvoir et d&rsquo;agression sexuelle sur plusieurs joueuses dont des mineures, en violation du Code d&rsquo;\u00e9thique de la FIFA, l&rsquo;organisation mondiale du football. Une interdiction \u00e0 vie de toute activit\u00e9 li\u00e9e au football (administrative, sportive et autres) aux niveaux national et international \u00bb a \u00e9t\u00e9 prononc\u00e9e \u00e0 son encontre par cette derni\u00e8re. Il \u00e9copa \u00e9galement d&rsquo;une amende d&rsquo;un million d&rsquo;euros. Le 22 janvier 2021, la FIFA imposa un Comit\u00e9 de Normalisation pour la F\u00e9d\u00e9ration ha\u00eftienne de football (FHF), conform\u00e9ment \u00e0 l\u2019art. 8, al. 2 de ses statuts. Ce comit\u00e9 eut pour charge:<\/p>\n<ol type=\"a\">\n<li>de g\u00e9rer les affaires courantes de la FHF<\/li>\n<li>de r\u00e9viser les statuts de la FHF et adapter, le cas \u00e9ch\u00e9ant, la r\u00e9glementation pertinente afin d\u2019en garantir la conformit\u00e9 avec les Statuts et exigences de la FIFA ;<\/li>\n<li>d&rsquo;organiser l\u2019\u00e9lection d\u2019un nouveau comit\u00e9 ex\u00e9cutif de la FHF sur la base des nouveaux statuts de la FHF<\/li>\n<li>d&rsquo;assurer une bonne transition des questions financi\u00e8res avec le nouveau comit\u00e9 ex\u00e9cutif de la FHF.<\/li>\n<\/ol>\n<p>Il \u00e9tait compos\u00e9 des personnalit\u00e9s suivantes:<\/p>\n<ol>\n<li>Jacques Letang (Pr\u00e9sident)<\/li>\n<li>Monique Andr\u00e9 (Vice-pr\u00e9sidente)<\/li>\n<li>Yvon Severe (Membre)<\/li>\n<\/ol>\n<p>Deux ans plus tard, Le Tribunal arbitral du sport de la FIFA annula la suspension \u00e0 vie qui a \u00e9t\u00e9 inflig\u00e9e \u00e0 Yves Jean-Bart, faute de preuves suffisantes sur les all\u00e9gations de viols de joueuses.<\/p>\n<\/div>\n<h4 id=\"class\" class=\"title_paragraf\">Classements des derni\u00e8res ann\u00e9es:<\/h4>\n<hr \/>\n<table>\n<tbody>\n<tr>\n<td style=\"border-bottom: none;\" width=\"40%\">\n<h5 class=\"recommended2\" style=\"text-align: center; padding: 7px 0 7px; letter-spacing: 0.2em;\">\u2261 \u00c9quipe Masculine\u00a0\u2261<\/h5>\n<table id=\"table_separate\">\n<tbody>\n<tr class=\"recommended small-device\">\n<td><b>Ann\u00e9e<\/b><\/td>\n<td><strong>Classement<\/strong><\/td>\n<\/tr>\n<tr>\n<td><b><span class=\"no-tablet\">Ann\u00e9e: <\/span><\/b>2024<\/td>\n<td><b><span class=\"no-tablet\">Classement: <\/span><\/b>90<\/td>\n<\/tr>\n<tr>\n<td><b><span class=\"no-tablet\">Ann\u00e9e: <\/span><\/b>2023<\/td>\n<td><b><span class=\"no-tablet\">Classement: <\/span><\/b>89<\/td>\n<\/tr>\n<tr>\n<td><b><span class=\"no-tablet\">Ann\u00e9e: <\/span><\/b>2022<\/td>\n<td><b><span class=\"no-tablet\">Classement: <\/span><\/b>87<\/td>\n<\/tr>\n<tr>\n<td><b><span class=\"no-tablet\">Ann\u00e9e: <\/span><\/b>2021<\/td>\n<td><b><span class=\"no-tablet\">Classement: <\/span><\/b>87<\/td>\n<\/tr>\n<tr>\n<td><b><span class=\"no-tablet\">Ann\u00e9e: <\/span><\/b>2020<\/td>\n<td><b><span class=\"no-tablet\">Classement: <\/span><\/b>84<\/td>\n<\/tr>\n<tr>\n<td><b><span class=\"no-tablet\">Ann\u00e9e: <\/span><\/b>2019<\/td>\n<td><b><span class=\"no-tablet\">Classement: <\/span><\/b>86<\/td>\n<\/tr>\n<tr>\n<td><b><span class=\"no-tablet\">Ann\u00e9e: <\/span><\/b>2018<\/td>\n<td><b><span class=\"no-tablet\">Classement: <\/span><\/b>103<\/td>\n<\/tr>\n<tr>\n<td><b><span class=\"no-tablet\">Ann\u00e9e: <\/span><\/b>2017<\/td>\n<td><b><span class=\"no-tablet\">Classement: <\/span><\/b>56<\/td>\n<\/tr>\n<tr>\n<td><b><span class=\"no-tablet\">Ann\u00e9e: <\/span><\/b>2016<\/td>\n<td><b><span class=\"no-tablet\">Classement: <\/span><\/b>73<\/td>\n<\/tr>\n<\/tbody>\n<\/table>\n<\/td>\n<td style=\"border-bottom: none;\" width=\"10%\"><\/td>\n<td style=\"border-bottom: none;\" width=\"40%\">\n<h5 class=\"recommended2\" style=\"text-align: center; padding: 7px 0 7px; letter-spacing: 0.2em;\">\u2261 \u00c9quipe F\u00e9minine\u00a0\u2261<\/h5>\n<table id=\"table_separate\">\n<tbody>\n<tr class=\"recommended small-device\">\n<td><b>Ann\u00e9e<\/b><\/td>\n<td><strong>Classement<\/strong><\/td>\n<\/tr>\n<tr>\n<td><b><span class=\"no-tablet\">Ann\u00e9e: <\/span><\/b>2023<\/td>\n<td><b><span class=\"no-tablet\">Classement: <\/span><\/b>51<\/td>\n<\/tr>\n<tr>\n<td><b><span class=\"no-tablet\">Ann\u00e9e: <\/span><\/b>2022<\/td>\n<td><b><span class=\"no-tablet\">Classement: <\/span><\/b>55<\/td>\n<\/tr>\n<tr>\n<td><b><span class=\"no-tablet\">Ann\u00e9e: <\/span><\/b>2021<\/td>\n<td><b><span class=\"no-tablet\">Classement: <\/span><\/b><span class=\"no-tablet\">62<\/span><\/td>\n<\/tr>\n<tr>\n<td><b><span class=\"no-tablet\">Ann\u00e9e: <\/span><\/b>2020<\/td>\n<td><b><span class=\"no-tablet\">Classement: <\/span><\/b>62<\/td>\n<\/tr>\n<tr>\n<td><b><span class=\"no-tablet\">Ann\u00e9e: <\/span><\/b>2019<\/td>\n<td><b><span class=\"no-tablet\">Classement: <\/span><\/b>68<\/td>\n<\/tr>\n<tr>\n<td><b><span class=\"no-tablet\">Ann\u00e9e: <\/span><\/b>2018<\/td>\n<td><b><span class=\"no-tablet\">Classement: <\/span><\/b>73<\/td>\n<\/tr>\n<tr>\n<td><b><span class=\"no-tablet\">Ann\u00e9e: <\/span><\/b>2017<\/td>\n<td><b><span class=\"no-tablet\">Classement: <\/span><\/b>119<\/td>\n<\/tr>\n<tr>\n<td><b><span class=\"no-tablet\">Ann\u00e9e: <\/span><\/b>2016<\/td>\n<td><b><span class=\"no-tablet\">Classement: <\/span><\/b>63<\/td>\n<\/tr>\n<tr>\n<td><b><span class=\"no-tablet\">Ann\u00e9e: <\/span><\/b>2015<\/td>\n<td><b><span class=\"no-tablet\">Classement: <\/span><\/b>77<\/td>\n<\/tr>\n<\/tbody>\n<\/table>\n<\/td>\n<\/tr>\n<\/tbody>\n<\/table>\n<h4 class=\"title_paragraf\">Contacts:<\/h4>\n<hr \/>\n<table id=\"table_separate\">\n<tbody>\n<tr>\n<td width=\"25%\"><b>Adresse:<\/b><\/td>\n<td>26, rue Mercier-Laham<br \/>\nDelmas 60<br \/>\nHT6120 Delmas, Haiti<\/td>\n<\/tr>\n<tr>\n<td><b>T\u00e9l\u00e9phone:<\/b><\/td>\n<td>(509) 37 01 83 97; 29 14 74 74<\/td>\n<\/tr>\n<tr>\n<td><b>Site Web<\/b><\/td>\n<td><a href=\"https:\/\/fhf.ht\/\">www.fhr.ht<\/a><\/td>\n<\/tr>\n<\/tbody>\n<\/table>\n<p><!--Bas de la page--><\/p>\n","protected":false},"excerpt":{"rendered":"<p>Fond\u00e9e en 1904, la F\u00e9d\u00e9ration Haitienne de Football peut se vanter d&rsquo;\u00eatre l&rsquo;une des plus anciennes f\u00e9d\u00e9rations du monde. Affili\u00e9e \u00e0 la FIFA en 1934, elle n&rsquo;a cr\u00e9\u00e9 une s\u00e9lection nationale qui ne s&rsquo;est impos\u00e9e sur la sc\u00e8ne internationale qu&rsquo;en 1972, avec l&rsquo;\u00e9quipe \u00ab\u00a0Toup pou yo\u00a0\u00bb compos\u00e9 de joueurs du calibre d&rsquo;Emmanuel Sanon, de Luc D\u00e9sir, de Philippe Vorbe etc.<\/p>\n<p>Avec cette s\u00e9lection, Ha\u00efti a donc pu participer, en 1974, aux phases finales du championnat du monde tenu en Allemagne, devenant ainsi le deuxi\u00e8me pays des cara\u00efbes \u00e0 prendre part \u00e0 une phase finale de Coupe du Monde&#8230;<\/p>\n","protected":false},"author":1,"featured_media":12258,"parent":126,"menu_order":1,"comment_status":"closed","ping_status":"closed","template":"page-next.php","meta":{"footnotes":""},"categories":[],"class_list":["post-129","page","type-page","status-publish","has-post-thumbnail","hentry"],"yoast_head":"<!-- This site is optimized with the Yoast SEO plugin v27.4 - https:\/\/yoast.com\/product\/yoast-seo-wordpress\/ -->\n<title>9111.- F\u00e9d\u00e9ration Haitienne de Foot-ball &#187;<\/title>\n<meta name=\"robots\" content=\"index, follow, max-snippet:-1, max-image-preview:large, max-video-preview:-1\" \/>\n<link rel=\"canonical\" href=\"https:\/\/www.haiti-reference.info\/pages\/plan\/sports-et-loisirs\/sports\/foot-ball\/fhf\/\" \/>\n<meta property=\"og:locale\" content=\"fr_CA\" \/>\n<meta property=\"og:type\" content=\"article\" \/>\n<meta property=\"og:title\" content=\"9111.- F\u00e9d\u00e9ration Haitienne de Foot-ball &#187;\" \/>\n<meta property=\"og:description\" content=\"Fond\u00e9e en 1904, la F\u00e9d\u00e9ration Haitienne de Football peut se vanter d&#039;\u00eatre l&#039;une des plus anciennes f\u00e9d\u00e9rations du monde. Affili\u00e9e \u00e0 la FIFA en 1934, elle n&#039;a cr\u00e9\u00e9 une s\u00e9lection nationale qui ne s&#039;est impos\u00e9e sur la sc\u00e8ne internationale qu&#039;en 1972, avec l&#039;\u00e9quipe &quot;Toup pou yo&quot; compos\u00e9 de joueurs du calibre d&#039;Emmanuel Sanon, de Luc D\u00e9sir, de Philippe Vorbe etc.  Avec cette s\u00e9lection, Ha\u00efti a donc pu participer, en 1974, aux phases finales du championnat du monde tenu en Allemagne, devenant ainsi le deuxi\u00e8me pays des cara\u00efbes \u00e0 prendre part \u00e0 une phase finale de Coupe du Monde...\" \/>\n<meta property=\"og:url\" content=\"https:\/\/www.haiti-reference.info\/pages\/plan\/sports-et-loisirs\/sports\/foot-ball\/fhf\/\" \/>\n<meta property=\"article:modified_time\" content=\"2024-02-19T19:31:41+00:00\" \/>\n<meta property=\"og:image\" content=\"https:\/\/www.haiti-reference.info\/pages\/wp-content\/uploads\/2015\/07\/selection_football1974.png\" \/>\n\t<meta property=\"og:image:width\" content=\"737\" \/>\n\t<meta property=\"og:image:height\" content=\"322\" \/>\n\t<meta property=\"og:image:type\" content=\"image\/png\" \/>\n<meta name=\"twitter:card\" content=\"summary_large_image\" \/>\n<meta name=\"twitter:label1\" content=\"Estimation du temps de lecture\" \/>\n\t<meta name=\"twitter:data1\" content=\"3 minutes\" \/>\n<script type=\"application\/ld+json\" class=\"yoast-schema-graph\">{\"@context\":\"https:\\\/\\\/schema.org\",\"@graph\":[{\"@type\":\"WebPage\",\"@id\":\"https:\\\/\\\/www.haiti-reference.info\\\/pages\\\/plan\\\/sports-et-loisirs\\\/sports\\\/foot-ball\\\/fhf\\\/\",\"url\":\"https:\\\/\\\/www.haiti-reference.info\\\/pages\\\/plan\\\/sports-et-loisirs\\\/sports\\\/foot-ball\\\/fhf\\\/\",\"name\":\"9111.- F\u00e9d\u00e9ration Haitienne de Foot-ball &#187;\",\"isPartOf\":{\"@id\":\"https:\\\/\\\/www.haiti-reference.info\\\/pages\\\/#website\"},\"primaryImageOfPage\":{\"@id\":\"https:\\\/\\\/www.haiti-reference.info\\\/pages\\\/plan\\\/sports-et-loisirs\\\/sports\\\/foot-ball\\\/fhf\\\/#primaryimage\"},\"image\":{\"@id\":\"https:\\\/\\\/www.haiti-reference.info\\\/pages\\\/plan\\\/sports-et-loisirs\\\/sports\\\/foot-ball\\\/fhf\\\/#primaryimage\"},\"thumbnailUrl\":\"https:\\\/\\\/www.haiti-reference.info\\\/pages\\\/wp-content\\\/uploads\\\/2015\\\/07\\\/selection_football1974.png\",\"datePublished\":\"1999-12-16T21:00:00+00:00\",\"dateModified\":\"2024-02-19T19:31:41+00:00\",\"breadcrumb\":{\"@id\":\"https:\\\/\\\/www.haiti-reference.info\\\/pages\\\/plan\\\/sports-et-loisirs\\\/sports\\\/foot-ball\\\/fhf\\\/#breadcrumb\"},\"inLanguage\":\"fr-CA\",\"potentialAction\":[{\"@type\":\"ReadAction\",\"target\":[\"https:\\\/\\\/www.haiti-reference.info\\\/pages\\\/plan\\\/sports-et-loisirs\\\/sports\\\/foot-ball\\\/fhf\\\/\"]}]},{\"@type\":\"ImageObject\",\"inLanguage\":\"fr-CA\",\"@id\":\"https:\\\/\\\/www.haiti-reference.info\\\/pages\\\/plan\\\/sports-et-loisirs\\\/sports\\\/foot-ball\\\/fhf\\\/#primaryimage\",\"url\":\"https:\\\/\\\/www.haiti-reference.info\\\/pages\\\/wp-content\\\/uploads\\\/2015\\\/07\\\/selection_football1974.png\",\"contentUrl\":\"https:\\\/\\\/www.haiti-reference.info\\\/pages\\\/wp-content\\\/uploads\\\/2015\\\/07\\\/selection_football1974.png\",\"width\":737,\"height\":322},{\"@type\":\"BreadcrumbList\",\"@id\":\"https:\\\/\\\/www.haiti-reference.info\\\/pages\\\/plan\\\/sports-et-loisirs\\\/sports\\\/foot-ball\\\/fhf\\\/#breadcrumb\",\"itemListElement\":[{\"@type\":\"ListItem\",\"position\":1,\"name\":\"Accueil\",\"item\":\"https:\\\/\\\/www.haiti-reference.info\\\/pages\\\/\"},{\"@type\":\"ListItem\",\"position\":2,\"name\":\"Structure du site\",\"item\":\"https:\\\/\\\/www.haiti-reference.info\\\/pages\\\/plan\\\/\"},{\"@type\":\"ListItem\",\"position\":3,\"name\":\"9000.- Sports et Loisirs: Structure\",\"item\":\"https:\\\/\\\/www.haiti-reference.info\\\/pages\\\/plan\\\/sports-et-loisirs\\\/\"},{\"@type\":\"ListItem\",\"position\":4,\"name\":\"9100.- Sports\",\"item\":\"https:\\\/\\\/www.haiti-reference.info\\\/pages\\\/plan\\\/sports-et-loisirs\\\/sports\\\/\"},{\"@type\":\"ListItem\",\"position\":5,\"name\":\"9110.- Le Football Haitien\",\"item\":\"https:\\\/\\\/www.haiti-reference.info\\\/pages\\\/plan\\\/sports-et-loisirs\\\/sports\\\/foot-ball\\\/\"},{\"@type\":\"ListItem\",\"position\":6,\"name\":\"9111.- F\u00e9d\u00e9ration Haitienne de Foot-ball\"}]},{\"@type\":\"WebSite\",\"@id\":\"https:\\\/\\\/www.haiti-reference.info\\\/pages\\\/#website\",\"url\":\"https:\\\/\\\/www.haiti-reference.info\\\/pages\\\/\",\"name\":\"Haiti-R\u00e9f\u00e9rence\",\"description\":\"Un guide de r\u00e9f\u00e9rence\",\"publisher\":{\"@id\":\"https:\\\/\\\/www.haiti-reference.info\\\/pages\\\/#organization\"},\"potentialAction\":[{\"@type\":\"SearchAction\",\"target\":{\"@type\":\"EntryPoint\",\"urlTemplate\":\"https:\\\/\\\/www.haiti-reference.info\\\/pages\\\/?s={search_term_string}\"},\"query-input\":{\"@type\":\"PropertyValueSpecification\",\"valueRequired\":true,\"valueName\":\"search_term_string\"}}],\"inLanguage\":\"fr-CA\"},{\"@type\":\"Organization\",\"@id\":\"https:\\\/\\\/www.haiti-reference.info\\\/pages\\\/#organization\",\"name\":\"Haiti-R\u00e9f\u00e9rence\",\"url\":\"https:\\\/\\\/www.haiti-reference.info\\\/pages\\\/\",\"logo\":{\"@type\":\"ImageObject\",\"inLanguage\":\"fr-CA\",\"@id\":\"https:\\\/\\\/www.haiti-reference.info\\\/pages\\\/#\\\/schema\\\/logo\\\/image\\\/\",\"url\":\"https:\\\/\\\/www.haiti-reference.info\\\/pages\\\/wp-content\\\/uploads\\\/2016\\\/04\\\/cropped-cropped-logo_201604-8-1.png\",\"contentUrl\":\"https:\\\/\\\/www.haiti-reference.info\\\/pages\\\/wp-content\\\/uploads\\\/2016\\\/04\\\/cropped-cropped-logo_201604-8-1.png\",\"width\":338,\"height\":87,\"caption\":\"Haiti-R\u00e9f\u00e9rence\"},\"image\":{\"@id\":\"https:\\\/\\\/www.haiti-reference.info\\\/pages\\\/#\\\/schema\\\/logo\\\/image\\\/\"},\"sameAs\":[\"https:\\\/\\\/bsky.app\\\/profile\\\/haiti-reference.bsky.social\"]}]}<\/script>\n<!-- \/ Yoast SEO plugin. -->","yoast_head_json":{"title":"9111.- F\u00e9d\u00e9ration Haitienne de Foot-ball &#187;","robots":{"index":"index","follow":"follow","max-snippet":"max-snippet:-1","max-image-preview":"max-image-preview:large","max-video-preview":"max-video-preview:-1"},"canonical":"https:\/\/www.haiti-reference.info\/pages\/plan\/sports-et-loisirs\/sports\/foot-ball\/fhf\/","og_locale":"fr_CA","og_type":"article","og_title":"9111.- F\u00e9d\u00e9ration Haitienne de Foot-ball &#187;","og_description":"Fond\u00e9e en 1904, la F\u00e9d\u00e9ration Haitienne de Football peut se vanter d'\u00eatre l'une des plus anciennes f\u00e9d\u00e9rations du monde. Affili\u00e9e \u00e0 la FIFA en 1934, elle n'a cr\u00e9\u00e9 une s\u00e9lection nationale qui ne s'est impos\u00e9e sur la sc\u00e8ne internationale qu'en 1972, avec l'\u00e9quipe \"Toup pou yo\" compos\u00e9 de joueurs du calibre d'Emmanuel Sanon, de Luc D\u00e9sir, de Philippe Vorbe etc.  Avec cette s\u00e9lection, Ha\u00efti a donc pu participer, en 1974, aux phases finales du championnat du monde tenu en Allemagne, devenant ainsi le deuxi\u00e8me pays des cara\u00efbes \u00e0 prendre part \u00e0 une phase finale de Coupe du Monde...","og_url":"https:\/\/www.haiti-reference.info\/pages\/plan\/sports-et-loisirs\/sports\/foot-ball\/fhf\/","article_modified_time":"2024-02-19T19:31:41+00:00","og_image":[{"width":737,"height":322,"url":"https:\/\/www.haiti-reference.info\/pages\/wp-content\/uploads\/2015\/07\/selection_football1974.png","type":"image\/png"}],"twitter_card":"summary_large_image","twitter_misc":{"Estimation du temps de lecture":"3 minutes"},"schema":{"@context":"https:\/\/schema.org","@graph":[{"@type":"WebPage","@id":"https:\/\/www.haiti-reference.info\/pages\/plan\/sports-et-loisirs\/sports\/foot-ball\/fhf\/","url":"https:\/\/www.haiti-reference.info\/pages\/plan\/sports-et-loisirs\/sports\/foot-ball\/fhf\/","name":"9111.- F\u00e9d\u00e9ration Haitienne de Foot-ball &#187;","isPartOf":{"@id":"https:\/\/www.haiti-reference.info\/pages\/#website"},"primaryImageOfPage":{"@id":"https:\/\/www.haiti-reference.info\/pages\/plan\/sports-et-loisirs\/sports\/foot-ball\/fhf\/#primaryimage"},"image":{"@id":"https:\/\/www.haiti-reference.info\/pages\/plan\/sports-et-loisirs\/sports\/foot-ball\/fhf\/#primaryimage"},"thumbnailUrl":"https:\/\/www.haiti-reference.info\/pages\/wp-content\/uploads\/2015\/07\/selection_football1974.png","datePublished":"1999-12-16T21:00:00+00:00","dateModified":"2024-02-19T19:31:41+00:00","breadcrumb":{"@id":"https:\/\/www.haiti-reference.info\/pages\/plan\/sports-et-loisirs\/sports\/foot-ball\/fhf\/#breadcrumb"},"inLanguage":"fr-CA","potentialAction":[{"@type":"ReadAction","target":["https:\/\/www.haiti-reference.info\/pages\/plan\/sports-et-loisirs\/sports\/foot-ball\/fhf\/"]}]},{"@type":"ImageObject","inLanguage":"fr-CA","@id":"https:\/\/www.haiti-reference.info\/pages\/plan\/sports-et-loisirs\/sports\/foot-ball\/fhf\/#primaryimage","url":"https:\/\/www.haiti-reference.info\/pages\/wp-content\/uploads\/2015\/07\/selection_football1974.png","contentUrl":"https:\/\/www.haiti-reference.info\/pages\/wp-content\/uploads\/2015\/07\/selection_football1974.png","width":737,"height":322},{"@type":"BreadcrumbList","@id":"https:\/\/www.haiti-reference.info\/pages\/plan\/sports-et-loisirs\/sports\/foot-ball\/fhf\/#breadcrumb","itemListElement":[{"@type":"ListItem","position":1,"name":"Accueil","item":"https:\/\/www.haiti-reference.info\/pages\/"},{"@type":"ListItem","position":2,"name":"Structure du site","item":"https:\/\/www.haiti-reference.info\/pages\/plan\/"},{"@type":"ListItem","position":3,"name":"9000.- Sports et Loisirs: Structure","item":"https:\/\/www.haiti-reference.info\/pages\/plan\/sports-et-loisirs\/"},{"@type":"ListItem","position":4,"name":"9100.- Sports","item":"https:\/\/www.haiti-reference.info\/pages\/plan\/sports-et-loisirs\/sports\/"},{"@type":"ListItem","position":5,"name":"9110.- Le Football Haitien","item":"https:\/\/www.haiti-reference.info\/pages\/plan\/sports-et-loisirs\/sports\/foot-ball\/"},{"@type":"ListItem","position":6,"name":"9111.- F\u00e9d\u00e9ration Haitienne de Foot-ball"}]},{"@type":"WebSite","@id":"https:\/\/www.haiti-reference.info\/pages\/#website","url":"https:\/\/www.haiti-reference.info\/pages\/","name":"Haiti-R\u00e9f\u00e9rence","description":"Un guide de r\u00e9f\u00e9rence","publisher":{"@id":"https:\/\/www.haiti-reference.info\/pages\/#organization"},"potentialAction":[{"@type":"SearchAction","target":{"@type":"EntryPoint","urlTemplate":"https:\/\/www.haiti-reference.info\/pages\/?s={search_term_string}"},"query-input":{"@type":"PropertyValueSpecification","valueRequired":true,"valueName":"search_term_string"}}],"inLanguage":"fr-CA"},{"@type":"Organization","@id":"https:\/\/www.haiti-reference.info\/pages\/#organization","name":"Haiti-R\u00e9f\u00e9rence","url":"https:\/\/www.haiti-reference.info\/pages\/","logo":{"@type":"ImageObject","inLanguage":"fr-CA","@id":"https:\/\/www.haiti-reference.info\/pages\/#\/schema\/logo\/image\/","url":"https:\/\/www.haiti-reference.info\/pages\/wp-content\/uploads\/2016\/04\/cropped-cropped-logo_201604-8-1.png","contentUrl":"https:\/\/www.haiti-reference.info\/pages\/wp-content\/uploads\/2016\/04\/cropped-cropped-logo_201604-8-1.png","width":338,"height":87,"caption":"Haiti-R\u00e9f\u00e9rence"},"image":{"@id":"https:\/\/www.haiti-reference.info\/pages\/#\/schema\/logo\/image\/"},"sameAs":["https:\/\/bsky.app\/profile\/haiti-reference.bsky.social"]}]}},"_links":{"self":[{"href":"https:\/\/www.haiti-reference.info\/pages\/wp-json\/wp\/v2\/pages\/129","targetHints":{"allow":["GET"]}}],"collection":[{"href":"https:\/\/www.haiti-reference.info\/pages\/wp-json\/wp\/v2\/pages"}],"about":[{"href":"https:\/\/www.haiti-reference.info\/pages\/wp-json\/wp\/v2\/types\/page"}],"author":[{"embeddable":true,"href":"https:\/\/www.haiti-reference.info\/pages\/wp-json\/wp\/v2\/users\/1"}],"replies":[{"embeddable":true,"href":"https:\/\/www.haiti-reference.info\/pages\/wp-json\/wp\/v2\/comments?post=129"}],"version-history":[{"count":0,"href":"https:\/\/www.haiti-reference.info\/pages\/wp-json\/wp\/v2\/pages\/129\/revisions"}],"up":[{"embeddable":true,"href":"https:\/\/www.haiti-reference.info\/pages\/wp-json\/wp\/v2\/pages\/126"}],"wp:featuredmedia":[{"embeddable":true,"href":"https:\/\/www.haiti-reference.info\/pages\/wp-json\/wp\/v2\/media\/12258"}],"wp:attachment":[{"href":"https:\/\/www.haiti-reference.info\/pages\/wp-json\/wp\/v2\/media?parent=129"}],"wp:term":[{"taxonomy":"category","embeddable":true,"href":"https:\/\/www.haiti-reference.info\/pages\/wp-json\/wp\/v2\/categories?post=129"}],"curies":[{"name":"wp","href":"https:\/\/api.w.org\/{rel}","templated":true}]}}