{"id":1247,"date":"2002-07-27T15:39:26","date_gmt":"2002-07-27T20:39:26","guid":{"rendered":"http:\/\/haiti-reference.com\/pages\/?page_id=1247"},"modified":"2020-04-29T16:27:12","modified_gmt":"2020-04-29T20:27:12","slug":"ecoles-enseignement-superieur","status":"publish","type":"page","link":"https:\/\/www.haiti-reference.info\/pages\/plan\/education\/niveau-superieur\/ecoles-enseignement-superieur\/","title":{"rendered":"4520.- \u00c9coles et Centres d&rsquo;Enseignement Sup\u00e9rieur"},"content":{"rendered":"<p class=\"img_category\"><a title=\"Classification\" href=\"\/pages\/plan\/education\/\"> <img decoding=\"async\" src=\"\/.\/images\/legendes\/category_art.jpg\" alt=\"Classification\" \/> \u00c9ducation<\/a><\/p>\n<p><a name=\"ctpea\"><\/a><\/p>\n<h4 class=\"title_paragraf\">Centre de Technique, de la Planification et d&rsquo;Economie Appliqu\u00e9e (CTPEA)<\/h4>\n<hr \/>\n<table id=\"table_separate\">\n<tbody>\n<tr>\n<td class=\"midmenu\" width=\"25%\">Fondation<\/td>\n<td width=\"75%\">Centre de formation fond\u00e9 en 1983 et relevant du minist\u00e8re de la Planification et de la coop\u00e9ration externe. Il forme des cadres moyens et sup\u00e9rieurs pour l\u2019administration publique et le secteur priv\u00e9.<\/td>\n<\/tr>\n<tr>\n<td class=\"midmenu\">Adresse<\/td>\n<td>19, Boulevard Harry Truman<br \/>\nPort-au-Prince<\/td>\n<\/tr>\n<tr>\n<td class=\"midmenu\">T\u00e9l\u00e9phone<\/td>\n<td>509-22-22-3554<\/td>\n<\/tr>\n<\/tbody>\n<\/table>\n<p><a name=\"CUIDH\"><\/a><\/p>\n<h4 class=\"title_paragraf\">Centre Universitaire International d&rsquo;Haiti<\/h4>\n<hr \/>\n<table id=\"table_separate\">\n<tbody>\n<tr>\n<td class=\"midmenu\" width=\"25%\">Fondation<\/td>\n<td width=\"75%\"><\/td>\n<\/tr>\n<tr>\n<td class=\"midmenu\">Adresse<\/td>\n<td>6 Rue Marcadieu<br \/>\nBourdon<br \/>\nPort-au-Prince, HAITI<\/td>\n<\/tr>\n<tr>\n<td class=\"midmenu\">T\u00e9l\u00e9phone<\/td>\n<td>509-22-22-9973<\/td>\n<\/tr>\n<\/tbody>\n<\/table>\n<p><a name=\"droit-gonaives\"><\/a><\/p>\n<h4 class=\"title_paragraf\">Ecole de Droit des Gonaives<\/h4>\n<hr \/>\n<table id=\"table_separate\">\n<tbody>\n<tr>\n<td class=\"midmenu\" width=\"25%\">Fondation:<\/td>\n<td width=\"75%\"><\/td>\n<\/tr>\n<tr>\n<td class=\"midmenu\">Adresse:<\/td>\n<td>Gonaives, HAITI<\/td>\n<\/tr>\n<tr>\n<td class=\"midmenu\">T\u00e9l\u00e9phone:<\/td>\n<td>(509) 22 74 03 97<\/td>\n<\/tr>\n<\/tbody>\n<\/table>\n<p><a name=\"droit-cap\"><\/a><\/p>\n<h4 class=\"title_paragraf\">Ecole de Droit du Cap-Haitien<\/h4>\n<hr \/>\n<table id=\"table_separate\">\n<tbody>\n<tr>\n<td class=\"midmenu\" width=\"25%\">Fondation<\/td>\n<td width=\"75%\">Fond\u00e9e en octobre 1892 sous le gouvernement du pr\u00e9sident Florvil Hyppolite, elle fut d\u00e9clar\u00e9e d\u2019utilit\u00e9 publique par le Pr\u00e9sident Elie Lescot (. Reconstruite durant la pr\u00e9sidence de Dumarsais Dumarsais Estim\u00e9, elle fut \u00e9lev\u00e9e au rang de facult\u00e9 de l\u2019Universit\u00e9 d&rsquo;\u00c9tat d&rsquo;Haiti en 1983 par le Pr\u00e9sident Jean-Claude Duvalier en 1983.<\/td>\n<\/tr>\n<tr>\n<td class=\"midmenu\">Adresse<\/td>\n<td>Rue 22, 23 JK<br \/>\nCap-Ha\u00eftien<\/td>\n<\/tr>\n<tr>\n<td class=\"midmenu\">T\u00e9l\u00e9phone<\/td>\n<td>(509) 22 62 42 32 ; 38 64 55 82<\/td>\n<\/tr>\n<\/tbody>\n<\/table>\n<p><a name=\"enarts\"><\/a><\/p>\n<h4 class=\"title_paragraf\">Ecole Nationale des Arts (ENARTS)<\/h4>\n<hr \/>\n<table id=\"table_separate\">\n<tbody>\n<tr>\n<td class=\"midmenu\" width=\"25%\">Fondation:<\/td>\n<td width=\"75%\">Fond\u00e9e\u00a0en juillet 1983 et, \u00e0 nos jours, le seul centre centre d&rsquo;enseignement des arts en\u00a0Ha\u00efti, Enarts d\u00e9pend du Minist\u00e8re de la Culture et forme des \u00e9tudiants en musique, danse, th\u00e9\u00e2tre et arts plastiques.<\/td>\n<\/tr>\n<tr>\n<td class=\"midmenu\">Adresse:<\/td>\n<td>266, Rue Mgr. Guilloux<br \/>\nPort-au-Prince, HAITI<\/td>\n<\/tr>\n<tr>\n<td class=\"midmenu\">T\u00e9l\u00e9phone:<\/td>\n<td>(509) 34 04 87 56<\/td>\n<\/tr>\n<\/tbody>\n<\/table>\n<p><a name=\"ENI-CAP\"><\/a><\/p>\n<h4 class=\"title_paragraf\">\u00c9cole Nationale d\u2019Infirmi\u00e8res du Cap-Haitien<\/h4>\n<hr \/>\n<table id=\"table_separate\">\n<tbody>\n<tr>\n<td class=\"midmenu\" width=\"25%\">Fondation<\/td>\n<td width=\"75%\">1952<\/td>\n<\/tr>\n<tr>\n<td class=\"midmenu\">Adresse<\/td>\n<td>Rue 17 Q<br \/>\nCap-Haitien, HAITI<\/td>\n<\/tr>\n<tr>\n<td class=\"midmenu\">T\u00e9l\u00e9phone<\/td>\n<td>(509) 46 85 48 46<\/td>\n<\/tr>\n<\/tbody>\n<\/table>\n<p><a name=\"ENI-CAP\"><\/a><\/p>\n<h4 class=\"title_paragraf\">\u00c9cole Nationale d\u2019Infirmi\u00e8res des Cayes<\/h4>\n<hr \/>\n<table id=\"table_separate\">\n<tbody>\n<tr>\n<td class=\"midmenu\" width=\"25%\">Fondation<\/td>\n<td width=\"75%\">&#8230;<\/td>\n<\/tr>\n<tr>\n<td class=\"midmenu\">Adresse<\/td>\n<td>Cayes, HAITI<\/td>\n<\/tr>\n<tr>\n<td class=\"midmenu\">T\u00e9l\u00e9phone<\/td>\n<td>(509) 38 11 66 67<\/td>\n<\/tr>\n<\/tbody>\n<\/table>\n<p><a name=\"enip\"><\/a><\/p>\n<h4 class=\"title_paragraf\">Ecole Nationale des Infirmi\u00e8res de Port-au-Prince (ENIP)<\/h4>\n<hr \/>\n<table id=\"table_separate\">\n<tbody>\n<tr>\n<td class=\"midmenu\" width=\"25%\">Fondation<\/td>\n<td width=\"75%\"><\/td>\n<\/tr>\n<tr>\n<td class=\"midmenu\">Adresse<\/td>\n<td>226 Rue Mgr. Guilloux<br \/>\nPort-au-Prince, HAITI<\/td>\n<\/tr>\n<tr>\n<td class=\"midmenu\">T\u00e9l\u00e9phone<\/td>\n<td>509-22-22-5236<\/td>\n<\/tr>\n<\/tbody>\n<\/table>\n<p><a name=\"ENSTECH\"><\/a><\/p>\n<h4 class=\"title_paragraf\">Ecole Nationale Sup\u00e9rieure de Technologie (EMST)<\/h4>\n<hr \/>\n<table id=\"table_separate\">\n<tbody>\n<tr>\n<td class=\"midmenu\" width=\"25%\">Fondation:<\/td>\n<td width=\"75%\">Fond\u00e9 en 1989, l\u2019ENST adopta le mod\u00e8le fran\u00e7ais des instituts universitaires de technologie \u00e0 celui du Baccalaur\u00e9at en Sciences Administratives, avec option en Gestion des Affaires sign\u00e9 par le Ministre de l\u2019\u00c9ducation Nationale et de la Formation Professionnelle en Ha\u00efti.<\/td>\n<\/tr>\n<tr>\n<td class=\"midmenu\">Adresse:<\/td>\n<td>81bis, Avenue Lamartini\u00e8re<br \/>\nBois Verna,<br \/>\nPort-au-Prince, Haiti<\/td>\n<\/tr>\n<tr>\n<td class=\"midmenu\">T\u00e9l\u00e9phone:<\/td>\n<td>(509) 22 27 56 64<\/td>\n<\/tr>\n<\/tbody>\n<\/table>\n<p><a name=\"esih\"><\/a><\/p>\n<h4 class=\"title_paragraf\">Ecole Sup\u00e9rieure d\u2019Infotronique d\u2019Ha\u00efti<\/h4>\n<hr \/>\n<table id=\"table_separate\">\n<tbody>\n<tr>\n<td class=\"midmenu\" width=\"25%\">Fondation<\/td>\n<td width=\"75%\">1995<\/td>\n<\/tr>\n<tr>\n<td class=\"midmenu\">Adresse:<\/td>\n<td width=\"75%\">#29, 2\u00e8me ruelle Nazon<br \/>\nPort-au-Prince, Haiti<\/td>\n<\/tr>\n<tr>\n<td class=\"midmenu\">T\u00e9l\u00e9phone:<\/td>\n<td width=\"75%\">(509) 22 22 52 36<\/td>\n<\/tr>\n<\/tbody>\n<\/table>\n<p><a name=\"goc\"><\/a><\/p>\n<h4 class=\"title_paragraf\">G.O.C Institut Polytechnique<\/h4>\n<hr \/>\n<table id=\"table_separate\">\n<tbody>\n<tr>\n<td class=\"midmenu\" width=\"25%\">Fondation<\/td>\n<td width=\"75%\"><\/td>\n<\/tr>\n<tr>\n<td class=\"midmenu\">Adresse:<\/td>\n<td>Port-au-Prince, HAITI<\/td>\n<\/tr>\n<tr>\n<td class=\"midmenu\">T\u00e9l\u00e9phone:<\/td>\n<td><\/td>\n<\/tr>\n<\/tbody>\n<\/table>\n<p><a name=\"IIEUniv\"><\/a><\/p>\n<h4 class=\"title_paragraf\">Institut International d&rsquo;Etudes Universitaires<\/h4>\n<hr \/>\n<table id=\"table_separate\">\n<tbody>\n<tr>\n<td class=\"midmenu\" width=\"25%\">Fondation<\/td>\n<td width=\"75%\"><\/td>\n<\/tr>\n<tr>\n<td class=\"midmenu\">Adresse:<\/td>\n<td width=\"75%\">Port-au-Prince, HAITI<\/td>\n<\/tr>\n<tr>\n<td class=\"midmenu\">T\u00e9l\u00e9phone:<\/td>\n<td><\/td>\n<\/tr>\n<\/tbody>\n<\/table>\n<h4 class=\"title_paragraf\">Institut de Philosophie Saint Francois de Sales<\/h4>\n<hr \/>\n<table id=\"table_separate\">\n<tbody>\n<tr>\n<td class=\"midmenu\" width=\"25%\">Fondation<\/td>\n<td width=\"75%\">Fond\u00e9 en 1996 pour r\u00e9pondre aux urgences de la formation des Sal\u00e9siens. Il est administr\u00e9 par les Salesiens de don Bosco suivant les prescriptions du Saint-Si\u00e8ge concernant les centres d\u2019\u00e9tudes eccl\u00e9siastiques.<\/p>\n<p>L\u2019Institut offre aujourd&rsquo;hui un curriculum conduisant au Baccalaur\u00e9at en Philosophie avec une orientation vers la P\u00e9dagogie.<\/td>\n<\/tr>\n<tr>\n<td class=\"midmenu\">Adresse:<\/td>\n<td>Tabarre 38<br \/>\nFleuriot<br \/>\nTabarre, HAITI<\/td>\n<\/tr>\n<tr>\n<td class=\"midmenu\">T\u00e9l\u00e9phone:<\/td>\n<td>(509) 42 55 69 94<\/td>\n<\/tr>\n<\/tbody>\n<\/table>\n<p><a name=\"ISMB\"><\/a><\/p>\n<h4 class=\"title_paragraf\">Institut Sup\u00e9rieur Marcel B\u00e9dard<\/h4>\n<hr \/>\n<table id=\"table_separate\">\n<tbody>\n<tr>\n<td class=\"midmenu\" width=\"25%\">Fondation:<\/td>\n<td width=\"75%\">Accueillant ses premiers \u00e9tudiants en automne 2012, l&rsquo;Institut Sup\u00e9rieur Marcel B\u00e9dard est une \u00e9cole normale fond\u00e9e et dirig\u00e9e par les membres de la Congr\u00e9gation de Sainte Croix en partenariat avec l&rsquo;Alliance pour l&rsquo;\u00e9ducation catholique de l&rsquo;Universit\u00e9 de Notre-Dame (USA).<\/td>\n<\/tr>\n<tr>\n<td class=\"midmenu\">Adresse:<\/td>\n<td>Cap-Haitien, HAITI<\/td>\n<\/tr>\n<tr>\n<td class=\"midmenu\">T\u00e9l\u00e9phone:<\/td>\n<td><\/td>\n<\/tr>\n<\/tbody>\n<\/table>\n<p><a name=\"IUESpec\"><\/a><\/p>\n<h4 class=\"title_paragraf\">Institut Universitaire d&rsquo;Etudes Sp\u00e9cialis\u00e9es<\/h4>\n<hr \/>\n<table id=\"table_separate\">\n<tbody>\n<tr>\n<td class=\"midmenu\" width=\"25%\">Fondation<\/td>\n<td width=\"75%\"><\/td>\n<\/tr>\n<tr>\n<td class=\"midmenu\">Adresse:<\/td>\n<td>208 Lalue<br \/>\nPort-au-Prince, HAITI<\/td>\n<\/tr>\n<tr>\n<td class=\"midmenu\">T\u00e9l\u00e9phone:<\/td>\n<td><\/td>\n<\/tr>\n<\/tbody>\n<\/table>\n<p><!-- Bas de la page --><\/p>\n","protected":false},"excerpt":{"rendered":"<p>\u00c9ducation Centre de Technique, de la Planification et d&rsquo;Economie Appliqu\u00e9e (CTPEA) Fondation Centre de formation fond\u00e9 en 1983 et relevant du minist\u00e8re de la Planification et de la coop\u00e9ration externe. [&hellip;]<\/p>\n","protected":false},"author":2,"featured_media":0,"parent":31187,"menu_order":2,"comment_status":"closed","ping_status":"closed","template":"","meta":{"footnotes":""},"categories":[],"class_list":["post-1247","page","type-page","status-publish","hentry"],"yoast_head":"<!-- This site is optimized with the Yoast SEO plugin v27.4 - https:\/\/yoast.com\/product\/yoast-seo-wordpress\/ -->\n<title>4520.- \u00c9coles et Centres d&#039;Enseignement Sup\u00e9rieur &#187;<\/title>\n<meta name=\"robots\" content=\"index, follow, max-snippet:-1, max-image-preview:large, max-video-preview:-1\" \/>\n<link rel=\"canonical\" href=\"https:\/\/www.haiti-reference.info\/pages\/plan\/education\/niveau-superieur\/ecoles-enseignement-superieur\/\" \/>\n<meta property=\"og:locale\" content=\"fr_CA\" \/>\n<meta property=\"og:type\" content=\"article\" \/>\n<meta property=\"og:title\" content=\"4520.- \u00c9coles et Centres d&#039;Enseignement Sup\u00e9rieur &#187;\" \/>\n<meta property=\"og:description\" content=\"\u00c9ducation Centre de Technique, de la Planification et d&rsquo;Economie Appliqu\u00e9e (CTPEA) Fondation Centre de formation fond\u00e9 en 1983 et relevant du minist\u00e8re de la Planification et de la coop\u00e9ration externe. [&hellip;]\" \/>\n<meta property=\"og:url\" content=\"https:\/\/www.haiti-reference.info\/pages\/plan\/education\/niveau-superieur\/ecoles-enseignement-superieur\/\" \/>\n<meta property=\"article:modified_time\" content=\"2020-04-29T20:27:12+00:00\" \/>\n<meta name=\"twitter:card\" content=\"summary_large_image\" \/>\n<meta name=\"twitter:label1\" content=\"Estimation du temps de lecture\" \/>\n\t<meta name=\"twitter:data1\" content=\"3 minutes\" \/>\n<script type=\"application\/ld+json\" class=\"yoast-schema-graph\">{\"@context\":\"https:\\\/\\\/schema.org\",\"@graph\":[{\"@type\":\"WebPage\",\"@id\":\"https:\\\/\\\/www.haiti-reference.info\\\/pages\\\/plan\\\/education\\\/niveau-superieur\\\/ecoles-enseignement-superieur\\\/\",\"url\":\"https:\\\/\\\/www.haiti-reference.info\\\/pages\\\/plan\\\/education\\\/niveau-superieur\\\/ecoles-enseignement-superieur\\\/\",\"name\":\"4520.- \u00c9coles et Centres d'Enseignement Sup\u00e9rieur &#187;\",\"isPartOf\":{\"@id\":\"https:\\\/\\\/www.haiti-reference.info\\\/pages\\\/#website\"},\"datePublished\":\"2002-07-27T20:39:26+00:00\",\"dateModified\":\"2020-04-29T20:27:12+00:00\",\"breadcrumb\":{\"@id\":\"https:\\\/\\\/www.haiti-reference.info\\\/pages\\\/plan\\\/education\\\/niveau-superieur\\\/ecoles-enseignement-superieur\\\/#breadcrumb\"},\"inLanguage\":\"fr-CA\",\"potentialAction\":[{\"@type\":\"ReadAction\",\"target\":[\"https:\\\/\\\/www.haiti-reference.info\\\/pages\\\/plan\\\/education\\\/niveau-superieur\\\/ecoles-enseignement-superieur\\\/\"]}]},{\"@type\":\"BreadcrumbList\",\"@id\":\"https:\\\/\\\/www.haiti-reference.info\\\/pages\\\/plan\\\/education\\\/niveau-superieur\\\/ecoles-enseignement-superieur\\\/#breadcrumb\",\"itemListElement\":[{\"@type\":\"ListItem\",\"position\":1,\"name\":\"Accueil\",\"item\":\"https:\\\/\\\/www.haiti-reference.info\\\/pages\\\/\"},{\"@type\":\"ListItem\",\"position\":2,\"name\":\"Structure du site\",\"item\":\"https:\\\/\\\/www.haiti-reference.info\\\/pages\\\/plan\\\/\"},{\"@type\":\"ListItem\",\"position\":3,\"name\":\"4000.- \u00c9ducation\",\"item\":\"https:\\\/\\\/www.haiti-reference.info\\\/pages\\\/plan\\\/education\\\/\"},{\"@type\":\"ListItem\",\"position\":4,\"name\":\"4500.- Enseignement Sup\u00e9rieur\",\"item\":\"https:\\\/\\\/www.haiti-reference.info\\\/pages\\\/plan\\\/education\\\/niveau-superieur\\\/\"},{\"@type\":\"ListItem\",\"position\":5,\"name\":\"4520.- \u00c9coles et Centres d&rsquo;Enseignement Sup\u00e9rieur\"}]},{\"@type\":\"WebSite\",\"@id\":\"https:\\\/\\\/www.haiti-reference.info\\\/pages\\\/#website\",\"url\":\"https:\\\/\\\/www.haiti-reference.info\\\/pages\\\/\",\"name\":\"Haiti-R\u00e9f\u00e9rence\",\"description\":\"Un guide de r\u00e9f\u00e9rence\",\"publisher\":{\"@id\":\"https:\\\/\\\/www.haiti-reference.info\\\/pages\\\/#organization\"},\"potentialAction\":[{\"@type\":\"SearchAction\",\"target\":{\"@type\":\"EntryPoint\",\"urlTemplate\":\"https:\\\/\\\/www.haiti-reference.info\\\/pages\\\/?s={search_term_string}\"},\"query-input\":{\"@type\":\"PropertyValueSpecification\",\"valueRequired\":true,\"valueName\":\"search_term_string\"}}],\"inLanguage\":\"fr-CA\"},{\"@type\":\"Organization\",\"@id\":\"https:\\\/\\\/www.haiti-reference.info\\\/pages\\\/#organization\",\"name\":\"Haiti-R\u00e9f\u00e9rence\",\"url\":\"https:\\\/\\\/www.haiti-reference.info\\\/pages\\\/\",\"logo\":{\"@type\":\"ImageObject\",\"inLanguage\":\"fr-CA\",\"@id\":\"https:\\\/\\\/www.haiti-reference.info\\\/pages\\\/#\\\/schema\\\/logo\\\/image\\\/\",\"url\":\"https:\\\/\\\/www.haiti-reference.info\\\/pages\\\/wp-content\\\/uploads\\\/2016\\\/04\\\/cropped-cropped-logo_201604-8-1.png\",\"contentUrl\":\"https:\\\/\\\/www.haiti-reference.info\\\/pages\\\/wp-content\\\/uploads\\\/2016\\\/04\\\/cropped-cropped-logo_201604-8-1.png\",\"width\":338,\"height\":87,\"caption\":\"Haiti-R\u00e9f\u00e9rence\"},\"image\":{\"@id\":\"https:\\\/\\\/www.haiti-reference.info\\\/pages\\\/#\\\/schema\\\/logo\\\/image\\\/\"},\"sameAs\":[\"https:\\\/\\\/bsky.app\\\/profile\\\/haiti-reference.bsky.social\"]}]}<\/script>\n<!-- \/ Yoast SEO plugin. -->","yoast_head_json":{"title":"4520.- \u00c9coles et Centres d'Enseignement Sup\u00e9rieur &#187;","robots":{"index":"index","follow":"follow","max-snippet":"max-snippet:-1","max-image-preview":"max-image-preview:large","max-video-preview":"max-video-preview:-1"},"canonical":"https:\/\/www.haiti-reference.info\/pages\/plan\/education\/niveau-superieur\/ecoles-enseignement-superieur\/","og_locale":"fr_CA","og_type":"article","og_title":"4520.- \u00c9coles et Centres d'Enseignement Sup\u00e9rieur &#187;","og_description":"\u00c9ducation Centre de Technique, de la Planification et d&rsquo;Economie Appliqu\u00e9e (CTPEA) Fondation Centre de formation fond\u00e9 en 1983 et relevant du minist\u00e8re de la Planification et de la coop\u00e9ration externe. [&hellip;]","og_url":"https:\/\/www.haiti-reference.info\/pages\/plan\/education\/niveau-superieur\/ecoles-enseignement-superieur\/","article_modified_time":"2020-04-29T20:27:12+00:00","twitter_card":"summary_large_image","twitter_misc":{"Estimation du temps de lecture":"3 minutes"},"schema":{"@context":"https:\/\/schema.org","@graph":[{"@type":"WebPage","@id":"https:\/\/www.haiti-reference.info\/pages\/plan\/education\/niveau-superieur\/ecoles-enseignement-superieur\/","url":"https:\/\/www.haiti-reference.info\/pages\/plan\/education\/niveau-superieur\/ecoles-enseignement-superieur\/","name":"4520.- \u00c9coles et Centres d'Enseignement Sup\u00e9rieur &#187;","isPartOf":{"@id":"https:\/\/www.haiti-reference.info\/pages\/#website"},"datePublished":"2002-07-27T20:39:26+00:00","dateModified":"2020-04-29T20:27:12+00:00","breadcrumb":{"@id":"https:\/\/www.haiti-reference.info\/pages\/plan\/education\/niveau-superieur\/ecoles-enseignement-superieur\/#breadcrumb"},"inLanguage":"fr-CA","potentialAction":[{"@type":"ReadAction","target":["https:\/\/www.haiti-reference.info\/pages\/plan\/education\/niveau-superieur\/ecoles-enseignement-superieur\/"]}]},{"@type":"BreadcrumbList","@id":"https:\/\/www.haiti-reference.info\/pages\/plan\/education\/niveau-superieur\/ecoles-enseignement-superieur\/#breadcrumb","itemListElement":[{"@type":"ListItem","position":1,"name":"Accueil","item":"https:\/\/www.haiti-reference.info\/pages\/"},{"@type":"ListItem","position":2,"name":"Structure du site","item":"https:\/\/www.haiti-reference.info\/pages\/plan\/"},{"@type":"ListItem","position":3,"name":"4000.- \u00c9ducation","item":"https:\/\/www.haiti-reference.info\/pages\/plan\/education\/"},{"@type":"ListItem","position":4,"name":"4500.- Enseignement Sup\u00e9rieur","item":"https:\/\/www.haiti-reference.info\/pages\/plan\/education\/niveau-superieur\/"},{"@type":"ListItem","position":5,"name":"4520.- \u00c9coles et Centres d&rsquo;Enseignement Sup\u00e9rieur"}]},{"@type":"WebSite","@id":"https:\/\/www.haiti-reference.info\/pages\/#website","url":"https:\/\/www.haiti-reference.info\/pages\/","name":"Haiti-R\u00e9f\u00e9rence","description":"Un guide de r\u00e9f\u00e9rence","publisher":{"@id":"https:\/\/www.haiti-reference.info\/pages\/#organization"},"potentialAction":[{"@type":"SearchAction","target":{"@type":"EntryPoint","urlTemplate":"https:\/\/www.haiti-reference.info\/pages\/?s={search_term_string}"},"query-input":{"@type":"PropertyValueSpecification","valueRequired":true,"valueName":"search_term_string"}}],"inLanguage":"fr-CA"},{"@type":"Organization","@id":"https:\/\/www.haiti-reference.info\/pages\/#organization","name":"Haiti-R\u00e9f\u00e9rence","url":"https:\/\/www.haiti-reference.info\/pages\/","logo":{"@type":"ImageObject","inLanguage":"fr-CA","@id":"https:\/\/www.haiti-reference.info\/pages\/#\/schema\/logo\/image\/","url":"https:\/\/www.haiti-reference.info\/pages\/wp-content\/uploads\/2016\/04\/cropped-cropped-logo_201604-8-1.png","contentUrl":"https:\/\/www.haiti-reference.info\/pages\/wp-content\/uploads\/2016\/04\/cropped-cropped-logo_201604-8-1.png","width":338,"height":87,"caption":"Haiti-R\u00e9f\u00e9rence"},"image":{"@id":"https:\/\/www.haiti-reference.info\/pages\/#\/schema\/logo\/image\/"},"sameAs":["https:\/\/bsky.app\/profile\/haiti-reference.bsky.social"]}]}},"_links":{"self":[{"href":"https:\/\/www.haiti-reference.info\/pages\/wp-json\/wp\/v2\/pages\/1247","targetHints":{"allow":["GET"]}}],"collection":[{"href":"https:\/\/www.haiti-reference.info\/pages\/wp-json\/wp\/v2\/pages"}],"about":[{"href":"https:\/\/www.haiti-reference.info\/pages\/wp-json\/wp\/v2\/types\/page"}],"author":[{"embeddable":true,"href":"https:\/\/www.haiti-reference.info\/pages\/wp-json\/wp\/v2\/users\/2"}],"replies":[{"embeddable":true,"href":"https:\/\/www.haiti-reference.info\/pages\/wp-json\/wp\/v2\/comments?post=1247"}],"version-history":[{"count":0,"href":"https:\/\/www.haiti-reference.info\/pages\/wp-json\/wp\/v2\/pages\/1247\/revisions"}],"up":[{"embeddable":true,"href":"https:\/\/www.haiti-reference.info\/pages\/wp-json\/wp\/v2\/pages\/31187"}],"wp:attachment":[{"href":"https:\/\/www.haiti-reference.info\/pages\/wp-json\/wp\/v2\/media?parent=1247"}],"wp:term":[{"taxonomy":"category","embeddable":true,"href":"https:\/\/www.haiti-reference.info\/pages\/wp-json\/wp\/v2\/categories?post=1247"}],"curies":[{"name":"wp","href":"https:\/\/api.w.org\/{rel}","templated":true}]}}