{"id":11659,"date":"2016-04-18T20:46:55","date_gmt":"2016-04-19T00:46:55","guid":{"rendered":"http:\/\/haiti-reference.com\/pages\/?page_id=11659"},"modified":"2026-04-06T16:52:51","modified_gmt":"2026-04-06T20:52:51","slug":"forces-de-securite","status":"publish","type":"page","link":"https:\/\/www.haiti-reference.info\/pages\/plan\/histoire-et-societe\/forces-de-securite\/","title":{"rendered":"6600.- Haiti:  Forces de s\u00e9curit\u00e9 et de d\u00e9fense"},"content":{"rendered":"<div class=\"justify\">\n<p>En th\u00e9orie, la s\u00e9curit\u00e9 et la d\u00e9fense d&rsquo;Haiti sont assur\u00e9es par les forces arm\u00e9es (FAd&rsquo;H) et la police nationale (PNH)<\/p>\n<p>Au d\u00e9part de <a href=\"\/pages\/notables\/getperson.php?action=$search&#038;id=172#nom\" class=\"link\" title=\"Profil sur le R\u00e9pertoire des\" Notables Ha\u00eftiens\">Jean-Claude Duvalier<\/a> en f\u00e9vrier 1986, Haiti avait une force arm\u00e9e constitutionnelle compos\u00e9e de 6,900 membres environ. Elle incluait un bataillon sp\u00e9cialis\u00e9 dans la lutte de la guerilla urbaine (Les L\u00e9opards), la garde pr\u00e9sidentielle, appel\u00e9e Maison militaire pr\u00e9sidentielle et charg\u00e9e de la protection du palais national, de son locataire et de ses employ\u00e9s, la marine ha\u00eftienne, ci-devant garde-c\u00f4tes d&rsquo;Haiti, avec un effectif d&rsquo;environ 300 hommes, elle \u00e9tait charg\u00e9e de la surveillance et de la protection des c\u00f4tes du pays et enfin une force de l&rsquo;air, connue sous le nom de Corps d&rsquo;Aviation, avec un effectif de pr\u00e8s de 200 militaires.<\/p>\n<p>Toutefois, l&rsquo;effectif de cette force arm\u00e9e n&rsquo;\u00e9tait en rien comparable \u00e0 celui de la milice appel\u00e9e officiellement \u00ab\u00a0Volontaires de la S\u00e9curit\u00e9 Nationale\u00a0\u00bb (VSN) ou populairement \u00ab\u00a0<a class=\"link\" href=\"\/pages\/plan\/arts-et-culture\/litterature\/tentative-glossaire\/#macoute\" title=\"Voir Glossaire\">tontons macoutes<\/a>\u00a0\u00bb dont le nombre \u00e9tait estim\u00e9 \u00e0 plus de 15,000 membres. Apr\u00e8s la dissolution de cette milice, les Forces Arm\u00e9es d&rsquo;Haiti devint alors la seule force de s\u00e9curit\u00e9 et de d\u00e9fense. Malheureusement son \u00e9tat-major \u00e9tait beaucoup plus int\u00e9ress\u00e9 par le pouvoir politique qu&rsquo;\u00e0 l&rsquo;\u00e9tablissement et la promotion de la d\u00e9mocratie, le d\u00e9veloppement du pays. Sabotant les premi\u00e8res initiatives d\u00e9mocratiques, elle contribua au d\u00e9raillement des premi\u00e8res \u00e9lections post-Duvalier, le <a href=\"\/pages\/histoire\/ephemerides.php?search=1987&#038;x=0&#038;y=0#mot\" class=\"link\" title=\"Ev\u00e9nements majeurs de l'ann\u00e9e 1987\">29 novembre 1987<\/a>. Elle organisa ensuite ses propres comices, remit le pouvoir \u00e0 un homme de son choix, <a class=\"link\" href=\"\/pages\/notables\/getperson.php?action=$search&amp;id=185\" title=\"Profil sur le R\u00e9pertoire des\" Notables Ha\u00eftiens\">Leslie Fran\u00e7ois Manigat<\/a> pour le reprendre quatre mois plus tard. Elle participa ensuite \u00e0 plusieurs coups d&rsquo;\u00e9tat pour finalement disparaitre pendant plus de deux d\u00e9cennies apr\u00e8s sa d\u00e9mobilisation en 1995.<\/p>\n<p>Mais qu&rsquo;en est-il de l&rsquo;histoire de cette force militaire?<\/p>\n<\/div>\n<p><!--Bas de la page--><\/p>\n","protected":false},"excerpt":{"rendered":"<p>En th\u00e9orie, la s\u00e9curit\u00e9 et la d\u00e9fense d&rsquo;Haiti sont assur\u00e9es par les forces arm\u00e9es (FAd&rsquo;H) et la police nationale (PNH).<\/p>\n<p>Au d\u00e9part de Jean-Claude Duvalier en f\u00e9vrier 1986, Haiti avait une force arm\u00e9e constitutionnelle compos\u00e9e de 6,900 membres environ. Elle incluait un bataillon sp\u00e9cialis\u00e9 dans la lutte de la guerilla urbaine (Les L\u00e9opards), la garde pr\u00e9sidentielle, appel\u00e9e Maison militaire pr\u00e9sidentielle et charg\u00e9e de la protection du palais national, de son locataire et de ses employ\u00e9s, la marine haitienne, ci-devant garde-c\u00f4tes d&rsquo;Haitien, avec un effectif d&rsquo;environ 300 hommes, elle \u00e9tait charg\u00e9e de la surveillance et de la protection des c\u00f4tes du pays et enfin une force de l&rsquo;air, connue sous le nom de Corps d&rsquo;Aviation, avec un effectif de pr\u00e8s de 200 militaires.<\/p>\n","protected":false},"author":1,"featured_media":0,"parent":101,"menu_order":6,"comment_status":"closed","ping_status":"closed","template":"audio.php","meta":{"footnotes":""},"categories":[261],"class_list":["post-11659","page","type-page","status-publish","hentry","category-armee"],"yoast_head":"<!-- This site is optimized with the Yoast SEO plugin v27.4 - https:\/\/yoast.com\/product\/yoast-seo-wordpress\/ -->\n<title>6600.- Haiti: Forces de s\u00e9curit\u00e9 et de d\u00e9fense &#187;<\/title>\n<meta name=\"description\" content=\"En th\u00e9orie, la s\u00e9curit\u00e9 et la d\u00e9fense d&#039;Haiti sont assur\u00e9es par les forces arm\u00e9es (FAd&#039;H) et la police nationale (PNH).\" \/>\n<meta name=\"robots\" content=\"index, follow, max-snippet:-1, max-image-preview:large, max-video-preview:-1\" \/>\n<link rel=\"canonical\" href=\"https:\/\/www.haiti-reference.info\/pages\/plan\/histoire-et-societe\/forces-de-securite\/\" \/>\n<meta property=\"og:locale\" content=\"fr_CA\" \/>\n<meta property=\"og:type\" content=\"article\" \/>\n<meta property=\"og:title\" content=\"6600.- Haiti: Forces de s\u00e9curit\u00e9 et de d\u00e9fense &#187;\" \/>\n<meta property=\"og:description\" content=\"En th\u00e9orie, la s\u00e9curit\u00e9 et la d\u00e9fense d&#039;Haiti sont assur\u00e9es par les forces arm\u00e9es (FAd&#039;H) et la police nationale (PNH).\" \/>\n<meta property=\"og:url\" content=\"https:\/\/www.haiti-reference.info\/pages\/plan\/histoire-et-societe\/forces-de-securite\/\" \/>\n<meta property=\"article:modified_time\" content=\"2026-04-06T20:52:51+00:00\" \/>\n<meta name=\"twitter:card\" content=\"summary_large_image\" \/>\n<script type=\"application\/ld+json\" class=\"yoast-schema-graph\">{\"@context\":\"https:\\\/\\\/schema.org\",\"@graph\":[{\"@type\":\"WebPage\",\"@id\":\"https:\\\/\\\/www.haiti-reference.info\\\/pages\\\/plan\\\/histoire-et-societe\\\/forces-de-securite\\\/\",\"url\":\"https:\\\/\\\/www.haiti-reference.info\\\/pages\\\/plan\\\/histoire-et-societe\\\/forces-de-securite\\\/\",\"name\":\"6600.- Haiti: Forces de s\u00e9curit\u00e9 et de d\u00e9fense &#187;\",\"isPartOf\":{\"@id\":\"https:\\\/\\\/www.haiti-reference.info\\\/pages\\\/#website\"},\"datePublished\":\"2016-04-19T00:46:55+00:00\",\"dateModified\":\"2026-04-06T20:52:51+00:00\",\"description\":\"En th\u00e9orie, la s\u00e9curit\u00e9 et la d\u00e9fense d'Haiti sont assur\u00e9es par les forces arm\u00e9es (FAd'H) et la police nationale (PNH).\",\"breadcrumb\":{\"@id\":\"https:\\\/\\\/www.haiti-reference.info\\\/pages\\\/plan\\\/histoire-et-societe\\\/forces-de-securite\\\/#breadcrumb\"},\"inLanguage\":\"fr-CA\",\"potentialAction\":[{\"@type\":\"ReadAction\",\"target\":[\"https:\\\/\\\/www.haiti-reference.info\\\/pages\\\/plan\\\/histoire-et-societe\\\/forces-de-securite\\\/\"]}]},{\"@type\":\"BreadcrumbList\",\"@id\":\"https:\\\/\\\/www.haiti-reference.info\\\/pages\\\/plan\\\/histoire-et-societe\\\/forces-de-securite\\\/#breadcrumb\",\"itemListElement\":[{\"@type\":\"ListItem\",\"position\":1,\"name\":\"Accueil\",\"item\":\"https:\\\/\\\/www.haiti-reference.info\\\/pages\\\/\"},{\"@type\":\"ListItem\",\"position\":2,\"name\":\"Structure du site\",\"item\":\"https:\\\/\\\/www.haiti-reference.info\\\/pages\\\/plan\\\/\"},{\"@type\":\"ListItem\",\"position\":3,\"name\":\"6000.- Histoire et soci\u00e9t\u00e9\",\"item\":\"https:\\\/\\\/www.haiti-reference.info\\\/pages\\\/plan\\\/histoire-et-societe\\\/\"},{\"@type\":\"ListItem\",\"position\":4,\"name\":\"6600.- Haiti: Forces de s\u00e9curit\u00e9 et de d\u00e9fense\"}]},{\"@type\":\"WebSite\",\"@id\":\"https:\\\/\\\/www.haiti-reference.info\\\/pages\\\/#website\",\"url\":\"https:\\\/\\\/www.haiti-reference.info\\\/pages\\\/\",\"name\":\"Haiti-R\u00e9f\u00e9rence\",\"description\":\"Un guide de r\u00e9f\u00e9rence\",\"publisher\":{\"@id\":\"https:\\\/\\\/www.haiti-reference.info\\\/pages\\\/#organization\"},\"potentialAction\":[{\"@type\":\"SearchAction\",\"target\":{\"@type\":\"EntryPoint\",\"urlTemplate\":\"https:\\\/\\\/www.haiti-reference.info\\\/pages\\\/?s={search_term_string}\"},\"query-input\":{\"@type\":\"PropertyValueSpecification\",\"valueRequired\":true,\"valueName\":\"search_term_string\"}}],\"inLanguage\":\"fr-CA\"},{\"@type\":\"Organization\",\"@id\":\"https:\\\/\\\/www.haiti-reference.info\\\/pages\\\/#organization\",\"name\":\"Haiti-R\u00e9f\u00e9rence\",\"url\":\"https:\\\/\\\/www.haiti-reference.info\\\/pages\\\/\",\"logo\":{\"@type\":\"ImageObject\",\"inLanguage\":\"fr-CA\",\"@id\":\"https:\\\/\\\/www.haiti-reference.info\\\/pages\\\/#\\\/schema\\\/logo\\\/image\\\/\",\"url\":\"https:\\\/\\\/www.haiti-reference.info\\\/pages\\\/wp-content\\\/uploads\\\/2016\\\/04\\\/cropped-cropped-logo_201604-8-1.png\",\"contentUrl\":\"https:\\\/\\\/www.haiti-reference.info\\\/pages\\\/wp-content\\\/uploads\\\/2016\\\/04\\\/cropped-cropped-logo_201604-8-1.png\",\"width\":338,\"height\":87,\"caption\":\"Haiti-R\u00e9f\u00e9rence\"},\"image\":{\"@id\":\"https:\\\/\\\/www.haiti-reference.info\\\/pages\\\/#\\\/schema\\\/logo\\\/image\\\/\"},\"sameAs\":[\"https:\\\/\\\/bsky.app\\\/profile\\\/haiti-reference.bsky.social\"]}]}<\/script>\n<!-- \/ Yoast SEO plugin. -->","yoast_head_json":{"title":"6600.- Haiti: Forces de s\u00e9curit\u00e9 et de d\u00e9fense &#187;","description":"En th\u00e9orie, la s\u00e9curit\u00e9 et la d\u00e9fense d'Haiti sont assur\u00e9es par les forces arm\u00e9es (FAd'H) et la police nationale (PNH).","robots":{"index":"index","follow":"follow","max-snippet":"max-snippet:-1","max-image-preview":"max-image-preview:large","max-video-preview":"max-video-preview:-1"},"canonical":"https:\/\/www.haiti-reference.info\/pages\/plan\/histoire-et-societe\/forces-de-securite\/","og_locale":"fr_CA","og_type":"article","og_title":"6600.- Haiti: Forces de s\u00e9curit\u00e9 et de d\u00e9fense &#187;","og_description":"En th\u00e9orie, la s\u00e9curit\u00e9 et la d\u00e9fense d'Haiti sont assur\u00e9es par les forces arm\u00e9es (FAd'H) et la police nationale (PNH).","og_url":"https:\/\/www.haiti-reference.info\/pages\/plan\/histoire-et-societe\/forces-de-securite\/","article_modified_time":"2026-04-06T20:52:51+00:00","twitter_card":"summary_large_image","schema":{"@context":"https:\/\/schema.org","@graph":[{"@type":"WebPage","@id":"https:\/\/www.haiti-reference.info\/pages\/plan\/histoire-et-societe\/forces-de-securite\/","url":"https:\/\/www.haiti-reference.info\/pages\/plan\/histoire-et-societe\/forces-de-securite\/","name":"6600.- Haiti: Forces de s\u00e9curit\u00e9 et de d\u00e9fense &#187;","isPartOf":{"@id":"https:\/\/www.haiti-reference.info\/pages\/#website"},"datePublished":"2016-04-19T00:46:55+00:00","dateModified":"2026-04-06T20:52:51+00:00","description":"En th\u00e9orie, la s\u00e9curit\u00e9 et la d\u00e9fense d'Haiti sont assur\u00e9es par les forces arm\u00e9es (FAd'H) et la police nationale (PNH).","breadcrumb":{"@id":"https:\/\/www.haiti-reference.info\/pages\/plan\/histoire-et-societe\/forces-de-securite\/#breadcrumb"},"inLanguage":"fr-CA","potentialAction":[{"@type":"ReadAction","target":["https:\/\/www.haiti-reference.info\/pages\/plan\/histoire-et-societe\/forces-de-securite\/"]}]},{"@type":"BreadcrumbList","@id":"https:\/\/www.haiti-reference.info\/pages\/plan\/histoire-et-societe\/forces-de-securite\/#breadcrumb","itemListElement":[{"@type":"ListItem","position":1,"name":"Accueil","item":"https:\/\/www.haiti-reference.info\/pages\/"},{"@type":"ListItem","position":2,"name":"Structure du site","item":"https:\/\/www.haiti-reference.info\/pages\/plan\/"},{"@type":"ListItem","position":3,"name":"6000.- Histoire et soci\u00e9t\u00e9","item":"https:\/\/www.haiti-reference.info\/pages\/plan\/histoire-et-societe\/"},{"@type":"ListItem","position":4,"name":"6600.- Haiti: Forces de s\u00e9curit\u00e9 et de d\u00e9fense"}]},{"@type":"WebSite","@id":"https:\/\/www.haiti-reference.info\/pages\/#website","url":"https:\/\/www.haiti-reference.info\/pages\/","name":"Haiti-R\u00e9f\u00e9rence","description":"Un guide de r\u00e9f\u00e9rence","publisher":{"@id":"https:\/\/www.haiti-reference.info\/pages\/#organization"},"potentialAction":[{"@type":"SearchAction","target":{"@type":"EntryPoint","urlTemplate":"https:\/\/www.haiti-reference.info\/pages\/?s={search_term_string}"},"query-input":{"@type":"PropertyValueSpecification","valueRequired":true,"valueName":"search_term_string"}}],"inLanguage":"fr-CA"},{"@type":"Organization","@id":"https:\/\/www.haiti-reference.info\/pages\/#organization","name":"Haiti-R\u00e9f\u00e9rence","url":"https:\/\/www.haiti-reference.info\/pages\/","logo":{"@type":"ImageObject","inLanguage":"fr-CA","@id":"https:\/\/www.haiti-reference.info\/pages\/#\/schema\/logo\/image\/","url":"https:\/\/www.haiti-reference.info\/pages\/wp-content\/uploads\/2016\/04\/cropped-cropped-logo_201604-8-1.png","contentUrl":"https:\/\/www.haiti-reference.info\/pages\/wp-content\/uploads\/2016\/04\/cropped-cropped-logo_201604-8-1.png","width":338,"height":87,"caption":"Haiti-R\u00e9f\u00e9rence"},"image":{"@id":"https:\/\/www.haiti-reference.info\/pages\/#\/schema\/logo\/image\/"},"sameAs":["https:\/\/bsky.app\/profile\/haiti-reference.bsky.social"]}]}},"_links":{"self":[{"href":"https:\/\/www.haiti-reference.info\/pages\/wp-json\/wp\/v2\/pages\/11659","targetHints":{"allow":["GET"]}}],"collection":[{"href":"https:\/\/www.haiti-reference.info\/pages\/wp-json\/wp\/v2\/pages"}],"about":[{"href":"https:\/\/www.haiti-reference.info\/pages\/wp-json\/wp\/v2\/types\/page"}],"author":[{"embeddable":true,"href":"https:\/\/www.haiti-reference.info\/pages\/wp-json\/wp\/v2\/users\/1"}],"replies":[{"embeddable":true,"href":"https:\/\/www.haiti-reference.info\/pages\/wp-json\/wp\/v2\/comments?post=11659"}],"version-history":[{"count":0,"href":"https:\/\/www.haiti-reference.info\/pages\/wp-json\/wp\/v2\/pages\/11659\/revisions"}],"up":[{"embeddable":true,"href":"https:\/\/www.haiti-reference.info\/pages\/wp-json\/wp\/v2\/pages\/101"}],"wp:attachment":[{"href":"https:\/\/www.haiti-reference.info\/pages\/wp-json\/wp\/v2\/media?parent=11659"}],"wp:term":[{"taxonomy":"category","embeddable":true,"href":"https:\/\/www.haiti-reference.info\/pages\/wp-json\/wp\/v2\/categories?post=11659"}],"curies":[{"name":"wp","href":"https:\/\/api.w.org\/{rel}","templated":true}]}}