{"id":11337,"date":"2001-06-30T21:07:40","date_gmt":"2001-07-01T02:07:40","guid":{"rendered":"http:\/\/haiti-reference.com\/pages\/?page_id=11337"},"modified":"2020-05-03T17:29:16","modified_gmt":"2020-05-03T21:29:16","slug":"plateformes-politiques","status":"publish","type":"page","link":"https:\/\/www.haiti-reference.info\/pages\/plan\/politique\/organisations-politiques\/plateformes-politiques\/","title":{"rendered":"2420.- Regroupements et plateformes politiques"},"content":{"rendered":"<p class=\"img_category\"><a title=\"Classification\" href=\"\/pages\/plan\/politique\/\"><img decoding=\"async\" src=\"\/.\/images\/legendes\/category_art.jpg\" alt=\"Classification\" \/> Politique et gouvernement<\/a><\/p>\n<p><a name=\"alyans\"><\/a><\/p>\n<h4 class=\"title_paragraf\">Alliance D\u00e9mocratique:<\/h4>\n<hr \/>\n<table id=\"table_separate\">\n<tbody>\n<tr valign=\"TOP\">\n<td width=\"30%\"><strong>Sigle:<\/strong><\/td>\n<td width=\"70%\">ALYANS<\/td>\n<\/tr>\n<tr>\n<td><strong>Cr\u00e9ation:<\/strong><\/td>\n<td>2005<\/td>\n<\/tr>\n<tr>\n<td><strong>Coalition:<\/strong><\/td>\n<td>\ud83d\udc65 ESKANP<br \/>\n\ud83d\udc65 <a href=\"http:\/\/www.haiti-reference.com\/politique\/organisations\/#plb\">Pati Louvri Bary\u00e8 (PLB)<\/a><br \/>\n\ud83d\udc65 Comit\u00e9 de R\u00e9sistance de la Grande Anse<br \/>\n\ud83d\udc65 Mouvement Paysans du Plateau Central<br \/>\n\ud83d\udc65 Mouvement Counbite du Sud-Est.<\/td>\n<\/tr>\n<tr>\n<td><strong>Performances \u00e9lectorales:<\/strong><\/td>\n<td><\/td>\n<\/tr>\n<\/tbody>\n<\/table>\n<p><a name=\"alternative\"><\/a><\/p>\n<h4 class=\"title_paragraf\">Alternative pour le Progr\u00e8s et la D\u00e9mocratie:<\/h4>\n<hr \/>\n<table id=\"table_separate\">\n<tbody>\n<tr>\n<td width=\"30%\"><strong>Cr\u00e9ation:<\/strong><\/td>\n<td>Cr\u00e9\u00e9 en 2010 et devenant en peu de temps une v\u00e9ritable opposition au gouvernement au gouvernement du pr\u00e9sident de Ren\u00e9 Pr\u00e9val.<\/td>\n<\/tr>\n<tr>\n<td><strong>Coalition:<\/strong><\/td>\n<td>\ud83d\udc65 <a href=\"http:\/\/www.haiti-reference.com\/politique\/organisations\/index.php#fusion\">FUSION<\/a><br \/>\n\ud83d\udc65 KID<br \/>\n\ud83d\udc65 OPL<\/td>\n<\/tr>\n<tr>\n<td><strong>Directoire:<\/strong><\/td>\n<td>\ud83d\udc64 Rosny Smart<br \/>\n\ud83d\udc64 Edgard Leblanc Fils<br \/>\n\ud83d\udc64 Victor Benoit<br \/>\n\ud83d\udc64 Serge Gilles<br \/>\n\ud83d\udc64 Evans Paul<\/td>\n<\/tr>\n<tr>\n<td><strong>Performances \u00e9lectorales:<\/strong><\/td>\n<td><b>2006:<br \/>\n&#8212;&#8212;&#8212;&#8212;&#8212;-<br \/>\n<\/b>\u2261 Le candidat \u00e0 la pr\u00e9sidence, Evans Paul, 48.232 votes (2.49%)<br \/>\n\u2261 1 s\u00e9nateur<br \/>\n\u2261 10 d\u00e9put\u00e9s<\/p>\n<p><b>2010-2011:<br \/>\n&#8212;&#8212;&#8212;&#8212;&#8212;-<\/b><br \/>\n\u2261 Officiellement le directoire boycotta les \u00e9lections de 2010, mais des membres de cette coalition s&rsquo;y pr\u00e9sent\u00e8rent \u00e0 titre individuel.<br \/>\n\u2261 8 s\u00e9nateurs<br \/>\n\u2261 11 d\u00e9put\u00e9s<\/td>\n<\/tr>\n<\/tbody>\n<\/table>\n<p><a name=\"lespwa\"><\/a><\/p>\n<h4 class=\"title_paragraf\">INITE (ci-devant: Front de l&rsquo;Espoir):<\/h4>\n<hr \/>\n<table id=\"table_separate\">\n<tbody>\n<tr valign=\"TOP\">\n<td width=\"30%\"><strong>Sigle:<\/strong><\/td>\n<td width=\"70%\">ESPWA, INITE<\/td>\n<\/tr>\n<tr>\n<td><strong>Cr\u00e9ation:<\/strong><\/td>\n<td>2005 sous le nom de Espwa\u00a0pour appuyer la candidature de Ren\u00e9 Pr\u00e9val.<br \/>\nDevenu INITE \u00e0 la veille des \u00e9lections de 2010.<\/td>\n<\/tr>\n<tr>\n<td><strong>Coalition:<\/strong><\/td>\n<td>\ud83d\udc65 KID<br \/>\n\ud83d\udc65 Parti Populaire pour le Renouveau d&rsquo;Haiti(PPRH).<\/td>\n<\/tr>\n<tr>\n<td><strong>Performances \u00e9lectorales:<\/strong><\/td>\n<td><b>2006:<br \/>\n&#8212;&#8212;&#8212;&#8212;&#8212;-<\/b><br \/>\n\u2261 Le candidat \u00e0 la pr\u00e9sidence, Ren\u00e9 Pr\u00e9val fut \u00e9lu.<br \/>\n\u2261 13 s\u00e9nateurs<br \/>\n\u2261 24 d\u00e9put\u00e9s<\/p>\n<p><b>2010-2011:<br \/>\n&#8212;&#8212;&#8212;&#8212;&#8212;-<\/b><br \/>\n\u2261 Jude C\u00e9lestin, candidat \u00e0 la pr\u00e9sidence, vint en deuxi\u00e8me position avec 241,462 voix, 22.48%.Il fut toutefois \u00e9clips\u00e9 au profit de Michel Martelly, par l&rsquo;OEA.<br \/>\n\u2261 35 d\u00e9put\u00e9s<br \/>\n\u2261 16 s\u00e9nateursNote:Apr\u00e8s les \u00e9lections de 2011, plusieurs membres du directoire de l&rsquo;INITE sont pass\u00e9s au camp de Michel Martelly.<\/td>\n<\/tr>\n<\/tbody>\n<\/table>\n<p><a name=\"fusion\"><\/a><\/p>\n<h4 class=\"title_paragraf\">Fusion des Sociaux-D\u00e9mocrates Haitiens:<\/h4>\n<hr \/>\n<table id=\"table_separate\">\n<tbody>\n<tr valign=\"TOP\">\n<td width=\"30%\"><strong>Sigle:<\/strong><\/td>\n<td width=\"70%\">FUSION<\/td>\n<\/tr>\n<tr>\n<td><strong>Cr\u00e9ation:<\/strong><\/td>\n<td>23 avril 2005<\/td>\n<\/tr>\n<tr>\n<td><strong>Coalition:<\/strong><\/td>\n<td>\ud83d\udc65 Ayiti Kapab<br \/>\n\ud83d\udc65 KONACOM<br \/>\n\ud83d\udc65 PANPRA<\/td>\n<\/tr>\n<tr>\n<td><strong>Directoire:<\/strong><\/td>\n<td>\ud83d\udc64 Mme Edmonde Supplice, pr\u00e9sidente<br \/>\n\ud83d\udc64 Rosemond Pradel, secr\u00e9taire g\u00e9n\u00e9ral<\/td>\n<\/tr>\n<tr>\n<td><strong>Performances \u00e9lectorales:<\/strong><\/td>\n<td><b>2006:<br \/>\n&#8212;&#8212;&#8212;&#8212;&#8212;-<\/b><br \/>\n\u2261 4 s\u00e9nateurs<br \/>\n\u2261 18 d\u00e9put\u00e9s<\/td>\n<\/tr>\n<tr>\n<td><strong>Note:<\/strong><\/td>\n<td>Int\u00e9gra la plateforme ALTERNATIVE<\/td>\n<\/tr>\n<\/tbody>\n<\/table>\n<p><!-- Bas de la page --><\/p>\n","protected":false},"excerpt":{"rendered":"<p>Politique et gouvernement Alliance D\u00e9mocratique: Sigle: ALYANS Cr\u00e9ation: 2005 Coalition: \ud83d\udc65 ESKANP \ud83d\udc65 Pati Louvri Bary\u00e8 (PLB) \ud83d\udc65 Comit\u00e9 de R\u00e9sistance de la Grande Anse \ud83d\udc65 Mouvement Paysans du Plateau [&hellip;]<\/p>\n","protected":false},"author":1,"featured_media":0,"parent":11312,"menu_order":2,"comment_status":"closed","ping_status":"closed","template":"","meta":{"footnotes":""},"categories":[],"class_list":["post-11337","page","type-page","status-publish","hentry"],"yoast_head":"<!-- This site is optimized with the Yoast SEO plugin v27.4 - https:\/\/yoast.com\/product\/yoast-seo-wordpress\/ -->\n<title>2420.- Regroupements et plateformes politiques &#187;<\/title>\n<meta name=\"robots\" content=\"index, follow, max-snippet:-1, max-image-preview:large, max-video-preview:-1\" \/>\n<link rel=\"canonical\" href=\"https:\/\/www.haiti-reference.info\/pages\/plan\/politique\/organisations-politiques\/plateformes-politiques\/\" \/>\n<meta property=\"og:locale\" content=\"fr_CA\" \/>\n<meta property=\"og:type\" content=\"article\" \/>\n<meta property=\"og:title\" content=\"2420.- Regroupements et plateformes politiques &#187;\" \/>\n<meta property=\"og:description\" content=\"Politique et gouvernement Alliance D\u00e9mocratique: Sigle: ALYANS Cr\u00e9ation: 2005 Coalition: \ud83d\udc65 ESKANP \ud83d\udc65 Pati Louvri Bary\u00e8 (PLB) \ud83d\udc65 Comit\u00e9 de R\u00e9sistance de la Grande Anse \ud83d\udc65 Mouvement Paysans du Plateau [&hellip;]\" \/>\n<meta property=\"og:url\" content=\"https:\/\/www.haiti-reference.info\/pages\/plan\/politique\/organisations-politiques\/plateformes-politiques\/\" \/>\n<meta property=\"article:modified_time\" content=\"2020-05-03T21:29:16+00:00\" \/>\n<meta name=\"twitter:card\" content=\"summary_large_image\" \/>\n<meta name=\"twitter:label1\" content=\"Estimation du temps de lecture\" \/>\n\t<meta name=\"twitter:data1\" content=\"1 minute\" \/>\n<script type=\"application\/ld+json\" class=\"yoast-schema-graph\">{\"@context\":\"https:\\\/\\\/schema.org\",\"@graph\":[{\"@type\":\"WebPage\",\"@id\":\"https:\\\/\\\/www.haiti-reference.info\\\/pages\\\/plan\\\/politique\\\/organisations-politiques\\\/plateformes-politiques\\\/\",\"url\":\"https:\\\/\\\/www.haiti-reference.info\\\/pages\\\/plan\\\/politique\\\/organisations-politiques\\\/plateformes-politiques\\\/\",\"name\":\"2420.- Regroupements et plateformes politiques &#187;\",\"isPartOf\":{\"@id\":\"https:\\\/\\\/www.haiti-reference.info\\\/pages\\\/#website\"},\"datePublished\":\"2001-07-01T02:07:40+00:00\",\"dateModified\":\"2020-05-03T21:29:16+00:00\",\"breadcrumb\":{\"@id\":\"https:\\\/\\\/www.haiti-reference.info\\\/pages\\\/plan\\\/politique\\\/organisations-politiques\\\/plateformes-politiques\\\/#breadcrumb\"},\"inLanguage\":\"fr-CA\",\"potentialAction\":[{\"@type\":\"ReadAction\",\"target\":[\"https:\\\/\\\/www.haiti-reference.info\\\/pages\\\/plan\\\/politique\\\/organisations-politiques\\\/plateformes-politiques\\\/\"]}]},{\"@type\":\"BreadcrumbList\",\"@id\":\"https:\\\/\\\/www.haiti-reference.info\\\/pages\\\/plan\\\/politique\\\/organisations-politiques\\\/plateformes-politiques\\\/#breadcrumb\",\"itemListElement\":[{\"@type\":\"ListItem\",\"position\":1,\"name\":\"Accueil\",\"item\":\"https:\\\/\\\/www.haiti-reference.info\\\/pages\\\/\"},{\"@type\":\"ListItem\",\"position\":2,\"name\":\"Structure du site\",\"item\":\"https:\\\/\\\/www.haiti-reference.info\\\/pages\\\/plan\\\/\"},{\"@type\":\"ListItem\",\"position\":3,\"name\":\"2000.- Politique et gouvernement\",\"item\":\"https:\\\/\\\/www.haiti-reference.info\\\/pages\\\/plan\\\/politique\\\/\"},{\"@type\":\"ListItem\",\"position\":4,\"name\":\"2400.- Organisations politiques\",\"item\":\"https:\\\/\\\/www.haiti-reference.info\\\/pages\\\/plan\\\/politique\\\/organisations-politiques\\\/\"},{\"@type\":\"ListItem\",\"position\":5,\"name\":\"2420.- Regroupements et plateformes politiques\"}]},{\"@type\":\"WebSite\",\"@id\":\"https:\\\/\\\/www.haiti-reference.info\\\/pages\\\/#website\",\"url\":\"https:\\\/\\\/www.haiti-reference.info\\\/pages\\\/\",\"name\":\"Haiti-R\u00e9f\u00e9rence\",\"description\":\"Un guide de r\u00e9f\u00e9rence\",\"publisher\":{\"@id\":\"https:\\\/\\\/www.haiti-reference.info\\\/pages\\\/#organization\"},\"potentialAction\":[{\"@type\":\"SearchAction\",\"target\":{\"@type\":\"EntryPoint\",\"urlTemplate\":\"https:\\\/\\\/www.haiti-reference.info\\\/pages\\\/?s={search_term_string}\"},\"query-input\":{\"@type\":\"PropertyValueSpecification\",\"valueRequired\":true,\"valueName\":\"search_term_string\"}}],\"inLanguage\":\"fr-CA\"},{\"@type\":\"Organization\",\"@id\":\"https:\\\/\\\/www.haiti-reference.info\\\/pages\\\/#organization\",\"name\":\"Haiti-R\u00e9f\u00e9rence\",\"url\":\"https:\\\/\\\/www.haiti-reference.info\\\/pages\\\/\",\"logo\":{\"@type\":\"ImageObject\",\"inLanguage\":\"fr-CA\",\"@id\":\"https:\\\/\\\/www.haiti-reference.info\\\/pages\\\/#\\\/schema\\\/logo\\\/image\\\/\",\"url\":\"https:\\\/\\\/www.haiti-reference.info\\\/pages\\\/wp-content\\\/uploads\\\/2016\\\/04\\\/cropped-cropped-logo_201604-8-1.png\",\"contentUrl\":\"https:\\\/\\\/www.haiti-reference.info\\\/pages\\\/wp-content\\\/uploads\\\/2016\\\/04\\\/cropped-cropped-logo_201604-8-1.png\",\"width\":338,\"height\":87,\"caption\":\"Haiti-R\u00e9f\u00e9rence\"},\"image\":{\"@id\":\"https:\\\/\\\/www.haiti-reference.info\\\/pages\\\/#\\\/schema\\\/logo\\\/image\\\/\"},\"sameAs\":[\"https:\\\/\\\/bsky.app\\\/profile\\\/haiti-reference.bsky.social\"]}]}<\/script>\n<!-- \/ Yoast SEO plugin. -->","yoast_head_json":{"title":"2420.- Regroupements et plateformes politiques &#187;","robots":{"index":"index","follow":"follow","max-snippet":"max-snippet:-1","max-image-preview":"max-image-preview:large","max-video-preview":"max-video-preview:-1"},"canonical":"https:\/\/www.haiti-reference.info\/pages\/plan\/politique\/organisations-politiques\/plateformes-politiques\/","og_locale":"fr_CA","og_type":"article","og_title":"2420.- Regroupements et plateformes politiques &#187;","og_description":"Politique et gouvernement Alliance D\u00e9mocratique: Sigle: ALYANS Cr\u00e9ation: 2005 Coalition: \ud83d\udc65 ESKANP \ud83d\udc65 Pati Louvri Bary\u00e8 (PLB) \ud83d\udc65 Comit\u00e9 de R\u00e9sistance de la Grande Anse \ud83d\udc65 Mouvement Paysans du Plateau [&hellip;]","og_url":"https:\/\/www.haiti-reference.info\/pages\/plan\/politique\/organisations-politiques\/plateformes-politiques\/","article_modified_time":"2020-05-03T21:29:16+00:00","twitter_card":"summary_large_image","twitter_misc":{"Estimation du temps de lecture":"1 minute"},"schema":{"@context":"https:\/\/schema.org","@graph":[{"@type":"WebPage","@id":"https:\/\/www.haiti-reference.info\/pages\/plan\/politique\/organisations-politiques\/plateformes-politiques\/","url":"https:\/\/www.haiti-reference.info\/pages\/plan\/politique\/organisations-politiques\/plateformes-politiques\/","name":"2420.- Regroupements et plateformes politiques &#187;","isPartOf":{"@id":"https:\/\/www.haiti-reference.info\/pages\/#website"},"datePublished":"2001-07-01T02:07:40+00:00","dateModified":"2020-05-03T21:29:16+00:00","breadcrumb":{"@id":"https:\/\/www.haiti-reference.info\/pages\/plan\/politique\/organisations-politiques\/plateformes-politiques\/#breadcrumb"},"inLanguage":"fr-CA","potentialAction":[{"@type":"ReadAction","target":["https:\/\/www.haiti-reference.info\/pages\/plan\/politique\/organisations-politiques\/plateformes-politiques\/"]}]},{"@type":"BreadcrumbList","@id":"https:\/\/www.haiti-reference.info\/pages\/plan\/politique\/organisations-politiques\/plateformes-politiques\/#breadcrumb","itemListElement":[{"@type":"ListItem","position":1,"name":"Accueil","item":"https:\/\/www.haiti-reference.info\/pages\/"},{"@type":"ListItem","position":2,"name":"Structure du site","item":"https:\/\/www.haiti-reference.info\/pages\/plan\/"},{"@type":"ListItem","position":3,"name":"2000.- Politique et gouvernement","item":"https:\/\/www.haiti-reference.info\/pages\/plan\/politique\/"},{"@type":"ListItem","position":4,"name":"2400.- Organisations politiques","item":"https:\/\/www.haiti-reference.info\/pages\/plan\/politique\/organisations-politiques\/"},{"@type":"ListItem","position":5,"name":"2420.- Regroupements et plateformes politiques"}]},{"@type":"WebSite","@id":"https:\/\/www.haiti-reference.info\/pages\/#website","url":"https:\/\/www.haiti-reference.info\/pages\/","name":"Haiti-R\u00e9f\u00e9rence","description":"Un guide de r\u00e9f\u00e9rence","publisher":{"@id":"https:\/\/www.haiti-reference.info\/pages\/#organization"},"potentialAction":[{"@type":"SearchAction","target":{"@type":"EntryPoint","urlTemplate":"https:\/\/www.haiti-reference.info\/pages\/?s={search_term_string}"},"query-input":{"@type":"PropertyValueSpecification","valueRequired":true,"valueName":"search_term_string"}}],"inLanguage":"fr-CA"},{"@type":"Organization","@id":"https:\/\/www.haiti-reference.info\/pages\/#organization","name":"Haiti-R\u00e9f\u00e9rence","url":"https:\/\/www.haiti-reference.info\/pages\/","logo":{"@type":"ImageObject","inLanguage":"fr-CA","@id":"https:\/\/www.haiti-reference.info\/pages\/#\/schema\/logo\/image\/","url":"https:\/\/www.haiti-reference.info\/pages\/wp-content\/uploads\/2016\/04\/cropped-cropped-logo_201604-8-1.png","contentUrl":"https:\/\/www.haiti-reference.info\/pages\/wp-content\/uploads\/2016\/04\/cropped-cropped-logo_201604-8-1.png","width":338,"height":87,"caption":"Haiti-R\u00e9f\u00e9rence"},"image":{"@id":"https:\/\/www.haiti-reference.info\/pages\/#\/schema\/logo\/image\/"},"sameAs":["https:\/\/bsky.app\/profile\/haiti-reference.bsky.social"]}]}},"_links":{"self":[{"href":"https:\/\/www.haiti-reference.info\/pages\/wp-json\/wp\/v2\/pages\/11337","targetHints":{"allow":["GET"]}}],"collection":[{"href":"https:\/\/www.haiti-reference.info\/pages\/wp-json\/wp\/v2\/pages"}],"about":[{"href":"https:\/\/www.haiti-reference.info\/pages\/wp-json\/wp\/v2\/types\/page"}],"author":[{"embeddable":true,"href":"https:\/\/www.haiti-reference.info\/pages\/wp-json\/wp\/v2\/users\/1"}],"replies":[{"embeddable":true,"href":"https:\/\/www.haiti-reference.info\/pages\/wp-json\/wp\/v2\/comments?post=11337"}],"version-history":[{"count":0,"href":"https:\/\/www.haiti-reference.info\/pages\/wp-json\/wp\/v2\/pages\/11337\/revisions"}],"up":[{"embeddable":true,"href":"https:\/\/www.haiti-reference.info\/pages\/wp-json\/wp\/v2\/pages\/11312"}],"wp:attachment":[{"href":"https:\/\/www.haiti-reference.info\/pages\/wp-json\/wp\/v2\/media?parent=11337"}],"wp:term":[{"taxonomy":"category","embeddable":true,"href":"https:\/\/www.haiti-reference.info\/pages\/wp-json\/wp\/v2\/categories?post=11337"}],"curies":[{"name":"wp","href":"https:\/\/api.w.org\/{rel}","templated":true}]}}