{"id":1061,"date":"2008-03-04T11:38:14","date_gmt":"2008-03-04T16:38:14","guid":{"rendered":"http:\/\/haiti-reference.com\/pages\/?page_id=1061"},"modified":"2020-04-25T13:08:51","modified_gmt":"2020-04-25T17:08:51","slug":"1988_discours-pape","status":"publish","type":"page","link":"https:\/\/www.haiti-reference.info\/pages\/plan\/religions\/eglise-catholique\/visites-ad-limina\/1988_discours-pape\/","title":{"rendered":"1280.020.- Visites \u00ab\u00a0ad limina\u00a0\u00bb des Ev\u00eaques d&rsquo;Haiti: 1988"},"content":{"rendered":"<p class=\"img_category\"><a title=\"Cat\u00e9gorie de cette page\" href=\"\/pages\/plan\/religions\/\"><img decoding=\"async\" src=\"\/.\/images\/legendes\/category_art.jpg\" alt=\"Classification\" \/> Religions et Croyances<\/a><\/p>\n<h4 class=\"title_paragraf\">Discours du Pape Jean-Paul II<\/h4>\n<hr \/>\n<p style=\"padding-left: 30px;\">Chers Fr\u00e8res dans l\u2019\u00e9piscopat,<\/p>\n<div style=\"padding-left: 30px; text-align: justify;\">1. Soyez les bienvenus dans cette demeure, o\u00f9 j\u2019ai la joie de vous accueillir \u00e0 l\u2019occasion de votre visite \u00abad limina\u00bb. Je remercie vivement Monseigneur Fran\u00e7ois Gayot, Archev\u00eaque du Cap Ha\u00eftien et Pr\u00e9sident de la Conf\u00e9rence \u00e9piscopale, de l\u2019adresse pleine de sentiments affectueux et confiants qu\u2019il vient de prononcer en votre nom.<\/p>\n<p>La rencontre de ce jour est motiv\u00e9e par un souci pastoral que nous avons en commun, puisque le soin d\u2019annoncer l\u2019\u00c9Evangile sur toute la terre revient \u00e0 l\u2019ensemble des pasteurs. Pour reprendre les termes du Concile Vatican II, les \u00e9v\u00eaques \u00abdoivent accepter d\u2019entrer en communaut\u00e9 d\u2019effort entre eux avec le successeur de Pierre \u00e0 qui a \u00e9t\u00e9 confi\u00e9e, \u00e0 titre singulier, la charge de propager le nom chr\u00e9tien\u00bb[1].<\/p>\n<p>O\u00f9 en est donc dans votre pays, cette propagation du nom chr\u00e9tien? O\u00f9 en est l\u2019annonce de l\u2019\u00c9vangile du Seigneur, qui est notre premier et plus cher devoir? C\u2019est ce bilan quinquennal que vous \u00eates venus faire ici et je souhaite de tout c\u0153ur que votre s\u00e9jour \u00e0 Rome renouvelle les \u00e9nergies de votre foi afin que, de retour chez vous, vous poursuiviez avec plus de dynamisme encore le minist\u00e8re qui vous est confi\u00e9.<\/p>\n<p>2. Depuis 1983, ann\u00e9e de mon passage en Ha\u00efti et de votre dernier p\u00e8lerinage aux tombeaux des Ap\u00f4tres, bien des \u00e9v\u00e9nements se sont d\u00e9roul\u00e9s dans votre pays. La nation ha\u00eftienne a \u00e9t\u00e9 secou\u00e9e par une crise profonde, sans qu\u2019aujourd\u2019hui encore on voie distinctement le chemin vers un avenir plus clair, o\u00f9 le respect de la dignit\u00e9 de l\u2019homme et de ses libert\u00e9s soit partout pleinement assur\u00e9.<\/p>\n<p>Tout au long de cette p\u00e9riode tourment\u00e9e, vous avez \u00e9t\u00e9 particuli\u00e8rement actifs pour accompagner votre peuple dans sa qu\u00eate de libert\u00e9 et dans sa recherche angoiss\u00e9e d\u2019une vraie d\u00e9mocratie. En pasteurs z\u00e9l\u00e9s, sans vous m\u00e9nager, vous avez multipli\u00e9 les messages pour le guider sur sa route, sp\u00e9cialement ces toutes derni\u00e8res ann\u00e9es.<\/p>\n<p>Sous le coup des \u00e9v\u00e9nements, vous vous \u00eates r\u00e9unis souvent, au-del\u00e0 des sessions pl\u00e9ni\u00e8res pr\u00e9vues par les statuts, pour \u00e9valuer la situation et pour indiquer aux fid\u00e8les des lignes de conduite en conformit\u00e9 avec l\u2019\u00c9vangile; vous leur avez expos\u00e9 \u00e9galement la doctrine sociale de l\u2019Eglise sur tout ce qui concerne leur vie dans ses diff\u00e9rentes dimensions: \u00e9conomique, politique et religieuse. Vous les avez aid\u00e9s \u00e0 respecter la dignit\u00e9 de chacun, \u00e0 \u0153uvrer pour la justice, \u00e0 d\u00e9velopper des relations vraies et \u00e0 promouvoir la r\u00e9conciliation.<\/p>\n<p>De cette vaste activit\u00e9 profond\u00e9ment pastorale, je tiens \u00e0 vous f\u00e9liciter cordialement. Je mesure l\u2019ampleur de vos difficult\u00e9s quotidiennes. Je devine et partage vos angoisses. Je vous redis aujourd\u2019hui encore toute ma sollicitude envers l\u2019Eglise qui est en Ha\u00efti et je vous assure qu\u2019avec vous j\u2019en porte le souci devant Dieu. Enfin laissez-moi vous renouveler mes encouragements \u00e0 continuer sur la voie trac\u00e9e, en pasteurs personnellement responsables de l\u2019annonce de la Parole de Dieu, responsables de la vie spirituelle de tous les baptis\u00e9s, responsables de l\u2019union de c\u0153ur et d\u2019action au niveau du dioc\u00e8se et de la conf\u00e9rence \u00e9piscopale.<\/p>\n<p>3. Quand on consid\u00e8re l\u2019ensemble de vos interventions, on constate que la plupart d\u2019entre elles, inspir\u00e9es par la conjoncture particuli\u00e8re de ces derni\u00e8res ann\u00e9es, s\u2019inscrivent dans le cadre de la promotion humaine.<\/p>\n<p>Il existe, en effet, des liens profonds entre \u00e9vang\u00e9lisation et promotion humaine: comment pourrait-on proclamer le commandement de l\u2019amour fraternel, c\u0153ur du message du Christ et signe distinctif des chr\u00e9tiens, sans promouvoir en m\u00eame temps la justice et l\u2019authentique croissance de l\u2019homme? Pourrait-on ignorer ce que prescrit l\u2019Evangile en mati\u00e8re de charit\u00e9 envers le prochain qui souffre ou qui est dans le besoin?<\/p>\n<p>Cependant, chers Fr\u00e8res, faites en sorte que tout ce que vous entreprenez demeure dans la ligne sp\u00e9cifiquement religieuse de l\u2019\u00e9vang\u00e9lisation et de l\u2019axe qui la soutient: l\u2019av\u00e8nement progressif du R\u00e8gne de Dieu.<\/p>\n<p>Cela s\u2019applique, entre autres, \u00e0 cet important projet d\u2019alphab\u00e9tisation, la Mission Alpha, qui vous tient \u00e0 c\u0153ur et que vous r\u00e9alisez avec l\u2019assistance de plusieurs organismes d\u2019autres pays. L\u2019analphab\u00e9tisme est une sous-alimentation de l\u2019esprit, aussi d\u00e9sastreuse, peut-on dire, que la faim d\u2019aliments; et c\u2019est avec raison que vous luttez contre ce handicap majeur au progr\u00e8s social et au d\u00e9veloppement \u00e9conomique. Je sais que vous veillez \u00e0 ce que la campagne d\u2019alphab\u00e9tisation \u00e9chappe aux pi\u00e8ges de l\u2019exploitation \u00e0 des fins politiques et reste une initiative ordonn\u00e9e au bien du peuple ha\u00eftien.<\/p>\n<p>4. Dans le d\u00e9sir que vous avez de contribuer \u00e0 l\u2019\u00e9dification de la soci\u00e9t\u00e9, il est pour vous une pr\u00e9occupation d\u2019une br\u00fblante actualit\u00e9: la famille. Si l\u2019on veut b\u00e2tir une Ha\u00efti prosp\u00e8re, il faut revitaliser le premier noyau de la soci\u00e9t\u00e9 qu\u2019est la famille.<\/p>\n<p>Le probl\u00e8me de la pastorale familiale vous interpelle vous aussi, comme les pasteurs de bien d\u2019autres pays. Au regard d\u2019une pratique \u00e9tendue de l\u2019union libre, le mariage sacramentel reste encore trop rare. En outre, la r\u00e9gulation des naissances par des m\u00e9thodes artificielles et la pratique de l\u2019avortement semblent se d\u00e9velopper.<\/p>\n<p>Aussi, la pastorale familiale est-elle pour vous une t\u00e2che prioritaire, en vue de pr\u00e9parer l\u2019avenir de la communaut\u00e9 chr\u00e9tienne et aussi de la nation. Premi\u00e8re structure permettant toute vie sociale, la famille est \u00e9galement une \u00e9cole de la foi, ainsi que l\u2019a rappel\u00e9 encore le Synode des \u00c9v\u00eaques, l\u2019an pass\u00e9: que le foyer chr\u00e9tien \u00abdevienne une v\u00e9ritable \u201cEglise domestique\u201d, o\u00f9 l\u2019on prie ensemble, o\u00f9 l\u2019on vit le commandement de l\u2019amour de mani\u00e8re exemplaire, o\u00f9 la vie est accueillie, respect\u00e9e, prot\u00e9g\u00e9e\u00bb[2].<\/p>\n<p>5. A l\u2019approche des c\u00e9l\u00e9brations destin\u00e9es \u00e0 marquer le demi-mill\u00e9naire de la d\u00e9couverte du Nouveau Monde et du commencement de son \u00e9vang\u00e9lisation, il est opportun de renouveler l\u2019\u0153uvre jamais achev\u00e9e de l\u2019\u00e9vang\u00e9lisation d\u2019une communaut\u00e9 chr\u00e9tienne.<\/p>\n<p>C\u2019est d\u2019autant plus n\u00e9cessaire que les fid\u00e8les de votre pays sont encore tr\u00e8s marqu\u00e9s par des croyances li\u00e9es \u00e0 leurs origines anciennes et qu\u2019ils subissent par ailleurs, surtout depuis quelques ann\u00e9es, la pression de plus en plus forte de nombreuses sectes. Pour contrecarrer l\u2019action n\u00e9faste de ces mouvements, il faut \u00e9clairer la foi et la vie sacramentelle des catholiques. Autrement dit, une cat\u00e9ch\u00e8se syst\u00e9matique est \u00e0 d\u00e9velopper pour que le peuple chr\u00e9tien acqui\u00e8re des connaissances plus solides et surmonte les pi\u00e8ges de la superstition et de la magie. Il s\u2019agit de donner aux la\u00efcs, jeunes et adultes, des moyens de formation pour l\u2019approfondissement de leur vie chr\u00e9tienne.<\/p>\n<p>6. Pour cela, vous avez besoin d\u2019ouvriers apostoliques. Gr\u00e2ce \u00e0 Dieu, vous constatez un accroissement du nombre des vocations \u00e0 la vie sacerdotale. Encouragez les s\u00e9minaristes \u00e0 aimer et \u00e0 servir g\u00e9n\u00e9reusement le peuple chr\u00e9tien, surtout lorsqu\u2019il est d\u00e9muni et \u00e9prouv\u00e9, comme c\u2019est le cas en Ha\u00efti. Qu\u2019ils soient impr\u00e9gn\u00e9s de l\u2019esprit des b\u00e9atitudes pour ouvrir les fid\u00e8les \u00e0 l\u2019esp\u00e9rance chr\u00e9tienne dont ils ont besoin pour vivre. Qu\u2019ils se pr\u00e9parent \u00e0 leur futur minist\u00e8re par une vie disciplin\u00e9e, dans la simplicit\u00e9 et la joie du d\u00e9tachement. Je vous confie le soin de leur dire mon affection et les espoirs que je mets en eux.<\/p>\n<p>7. Transmettez \u00e9galement mes encouragements \u00e0 tous vos pr\u00eatres, qu\u2019ils soient d\u2019origine ha\u00eftienne ou qu\u2019ils viennent d\u2019autres pays. Dites-leur aussi ma reconnaissance pour la foi qu\u2019ils entretiennent et font grandir, souvent dans des conditions pauvres et difficiles.<\/p>\n<p>Entretenez avec eux des relations personnelles de qualit\u00e9 afin qu\u2019ils r\u00e9alisent concr\u00e8tement que l\u2019\u00e9v\u00eaque n\u2019est pas un responsable lointain mais un p\u00e8re et un fr\u00e8re proche d\u2019eux, partageant avec eux le service du Peuple de Dieu. Qu\u2019il y ait une r\u00e9elle solidarit\u00e9 entre pr\u00eatres et \u00e9v\u00eaques, une convivialit\u00e9 joyeuse dans le presbyterium et une vie spirituelle intense, de telle sorte que chacun appr\u00e9cie et mette en valeur le don qui lui a \u00e9t\u00e9 fait le jour de l\u2019ordination sacerdotale. A cette fin, les initiatives de formation permanente que vous pourriez prendre feraient grandir l\u2019esprit d\u2019unit\u00e9 et le dynamisme du presbyterium.<\/p>\n<p>8. Je salue tout sp\u00e9cialement les Religieux et les Religieuses qui repr\u00e9sentent en Ha\u00efti les trois quarte des agents pastoraux dans l&rsquo;Eglise. Je sais que bon nombre d\u2019entre eux sur le terrain donnent un exemple admirable d\u2019abn\u00e9gation et de d\u00e9vouement \u00e0 la cause du Royaume de Dieu, t\u00e9moignant de la pr\u00e9sence aimante du Seigneur dans une grande proximit\u00e9 avec le peuple des fid\u00e8les.<\/p>\n<p>De nouvelles maisons de formation ont \u00e9t\u00e9 ouvertes et je m\u2019en r\u00e9jouis. Egalement, j\u2019ai appris avec joie que des vocations autochtones s\u2019\u00e9veillent.<\/p>\n<p>J\u2019encourage les Religieux et les Religieuses \u00e0 poursuivre leur vaste travail dans les divers domaines o\u00f9 ils sont pr\u00e9sentement engag\u00e9s: la cat\u00e9ch\u00e8se, la sant\u00e9, l\u2019\u00e9ducation, l\u2019accueil, l\u2019action sociale de promotion humaine. Qu\u2019ils gardent l\u2019estime de la vie communautaire: c\u2019est la vie de communaut\u00e9, en effet, qui donne des assises solides \u00e0 un institut et permet \u00e0 chaque membre d\u2019avoir une action efficace aupr\u00e8s des fid\u00e8les. On \u00e9vite ainsi l\u2019\u00e9cueil de devenir un franc-tireur, on discipline les tendances trop personnelles pour demeurer dans la ligne du charisme du fondateur.<\/p>\n<p>Dans la floraison d\u2019exp\u00e9riences locales de vie consacr\u00e9e, il vous revient d\u2019accompagner les fondations nouvelles et, plus g\u00e9n\u00e9ralement, d\u2019aider les instituts qui doivent encore clarifier leur situation canonique. Des Vicaires \u00e9piscopaux pour les religieux pourraient vous assister dans la t\u00e2che qui vous est propre et qui consiste \u00e0 prendre soin de la vie religieuse dans le dioc\u00e8se et \u00e0 l\u2019ins\u00e9rer dans l\u2019ensemble de l\u2019activit\u00e9 pastorale.<\/p>\n<p>9. Enfin, la multiplication des communaut\u00e9s eccl\u00e9siales de base requiert davantage de cat\u00e9chistes et d\u2019animateurs. Vu le contexte social en Ha\u00efti, ces communaut\u00e9s semblent providentielles. Elles sont n\u00e9es comme communaut\u00e9s de foi et constituent des cellules actives dans les paroisses. On peut m\u00eame dire que les \u00abTi Kominot\u00e9s Legliz\u00bb, ou \u00abcommunaut\u00e9s eccl\u00e9siales de base\u00bb sont un vrai motif d\u2019esp\u00e9rance pour l\u2019Eglise en Ha\u00efti. Votre t\u00e2che est donc de les aider \u00e0 grandir dans la ligne des principes chr\u00e9tiens et de faire m\u00fbrir les responsables appel\u00e9s \u00e0 leur transmettre et \u00e0 interpr\u00e9ter fid\u00e8lement votre pens\u00e9e et vos directives. La formation int\u00e9grale du la\u00efcat, rappelait le dernier Synode des Ev\u00eaques, doit \u00eatre aujourd\u2019hui une priorit\u00e9 pastorale.<\/p>\n<p>Le travail consid\u00e9rable qui consiste \u00e0 \u00e9veiller davantage chez les la\u00efcs le sens de leur responsabilit\u00e9 de baptis\u00e9s vis-\u00e0-vis de la soci\u00e9t\u00e9 est toujours \u00e0 poursuivre. II vous faut continuer \u00e0 les aider pour qu\u2019ils impr\u00e8gnent de l\u2019Esprit du Christ les domaines de la vie en soci\u00e9t\u00e9, de la famille, du travail et de la recherche de meilleures conditions d\u2019existence.<\/p>\n<p>10. En terminant, je voudrais vous demander de transmettre mon affectueux souvenir \u00e0 vos populations. Je forme des v\u0153ux fervents pour leur bonheur, leur bien-\u00eatre physique et spirituel, dans la dignit\u00e9 qui sied \u00e0 des \u00eatres aim\u00e9s de Dieu et rachet\u00e9s par le sang pr\u00e9cieux du Christ. Je les b\u00e9nis de tout c\u0153ur, particuli\u00e8rement ceux et celles qui connaissent toutes sortes d\u2019\u00e9preuves et beaucoup de souffrances, et ils sont h\u00e9las trop nombreux. J\u2019envoie une affectueuse b\u00e9n\u00e9diction \u00e9galement \u00e0 tous ceux qui collaborent avec vous \u00e0 l\u2019\u00e9dification de l\u2019Eglise en Ha\u00efti, et j\u2019invoque la force de l\u2019Esprit Saint sur chacune de vos personnes.<\/p><\/div>\n<p style=\"text-align: right; padding-left: 30px;\">S.S. Jean-Paul II<br \/>\nCit\u00e9 du Vatican<br \/>\nVendredi 19 ao\u00fbt 1988<\/p>\n<p><!--Bas de la page--><\/p>\n","protected":false},"excerpt":{"rendered":"<p>Religions et Croyances Discours du Pape Jean-Paul II Chers Fr\u00e8res dans l\u2019\u00e9piscopat, 1. Soyez les bienvenus dans cette demeure, o\u00f9 j\u2019ai la joie de vous accueillir \u00e0 l\u2019occasion de votre [&hellip;]<\/p>\n","protected":false},"author":1,"featured_media":0,"parent":793,"menu_order":2,"comment_status":"closed","ping_status":"closed","template":"","meta":{"footnotes":""},"categories":[],"class_list":["post-1061","page","type-page","status-publish","hentry"],"yoast_head":"<!-- This site is optimized with the Yoast SEO plugin v27.4 - https:\/\/yoast.com\/product\/yoast-seo-wordpress\/ -->\n<title>1280.020.- Visites &quot;ad limina&quot; des Ev\u00eaques d&#039;Haiti: 1988 &#187;<\/title>\n<meta name=\"robots\" content=\"index, follow, max-snippet:-1, max-image-preview:large, max-video-preview:-1\" \/>\n<link rel=\"canonical\" href=\"https:\/\/www.haiti-reference.info\/pages\/plan\/religions\/eglise-catholique\/visites-ad-limina\/1988_discours-pape\/\" \/>\n<meta property=\"og:locale\" content=\"fr_CA\" \/>\n<meta property=\"og:type\" content=\"article\" \/>\n<meta property=\"og:title\" content=\"1280.020.- Visites &quot;ad limina&quot; des Ev\u00eaques d&#039;Haiti: 1988 &#187;\" \/>\n<meta property=\"og:description\" content=\"Religions et Croyances Discours du Pape Jean-Paul II Chers Fr\u00e8res dans l\u2019\u00e9piscopat, 1. Soyez les bienvenus dans cette demeure, o\u00f9 j\u2019ai la joie de vous accueillir \u00e0 l\u2019occasion de votre [&hellip;]\" \/>\n<meta property=\"og:url\" content=\"https:\/\/www.haiti-reference.info\/pages\/plan\/religions\/eglise-catholique\/visites-ad-limina\/1988_discours-pape\/\" \/>\n<meta property=\"article:modified_time\" content=\"2020-04-25T17:08:51+00:00\" \/>\n<meta name=\"twitter:card\" content=\"summary_large_image\" \/>\n<meta name=\"twitter:label1\" content=\"Estimation du temps de lecture\" \/>\n\t<meta name=\"twitter:data1\" content=\"10 minutes\" \/>\n<script type=\"application\/ld+json\" class=\"yoast-schema-graph\">{\"@context\":\"https:\\\/\\\/schema.org\",\"@graph\":[{\"@type\":\"WebPage\",\"@id\":\"https:\\\/\\\/www.haiti-reference.info\\\/pages\\\/plan\\\/religions\\\/eglise-catholique\\\/visites-ad-limina\\\/1988_discours-pape\\\/\",\"url\":\"https:\\\/\\\/www.haiti-reference.info\\\/pages\\\/plan\\\/religions\\\/eglise-catholique\\\/visites-ad-limina\\\/1988_discours-pape\\\/\",\"name\":\"1280.020.- Visites \\\"ad limina\\\" des Ev\u00eaques d'Haiti: 1988 &#187;\",\"isPartOf\":{\"@id\":\"https:\\\/\\\/www.haiti-reference.info\\\/pages\\\/#website\"},\"datePublished\":\"2008-03-04T16:38:14+00:00\",\"dateModified\":\"2020-04-25T17:08:51+00:00\",\"breadcrumb\":{\"@id\":\"https:\\\/\\\/www.haiti-reference.info\\\/pages\\\/plan\\\/religions\\\/eglise-catholique\\\/visites-ad-limina\\\/1988_discours-pape\\\/#breadcrumb\"},\"inLanguage\":\"fr-CA\",\"potentialAction\":[{\"@type\":\"ReadAction\",\"target\":[\"https:\\\/\\\/www.haiti-reference.info\\\/pages\\\/plan\\\/religions\\\/eglise-catholique\\\/visites-ad-limina\\\/1988_discours-pape\\\/\"]}]},{\"@type\":\"BreadcrumbList\",\"@id\":\"https:\\\/\\\/www.haiti-reference.info\\\/pages\\\/plan\\\/religions\\\/eglise-catholique\\\/visites-ad-limina\\\/1988_discours-pape\\\/#breadcrumb\",\"itemListElement\":[{\"@type\":\"ListItem\",\"position\":1,\"name\":\"Accueil\",\"item\":\"https:\\\/\\\/www.haiti-reference.info\\\/pages\\\/\"},{\"@type\":\"ListItem\",\"position\":2,\"name\":\"Structure du site\",\"item\":\"https:\\\/\\\/www.haiti-reference.info\\\/pages\\\/plan\\\/\"},{\"@type\":\"ListItem\",\"position\":3,\"name\":\"1000.- Religions et croyances\",\"item\":\"https:\\\/\\\/www.haiti-reference.info\\\/pages\\\/plan\\\/religions\\\/\"},{\"@type\":\"ListItem\",\"position\":4,\"name\":\"1200.- \u00c9glise catholique en Haiti\",\"item\":\"https:\\\/\\\/www.haiti-reference.info\\\/pages\\\/plan\\\/religions\\\/eglise-catholique\\\/\"},{\"@type\":\"ListItem\",\"position\":5,\"name\":\"1280.- Visites \u00ab\u00a0ad limina\u00a0\u00bb des \u00c9v\u00eaques d&rsquo;Ha\u00efti: Note\",\"item\":\"https:\\\/\\\/www.haiti-reference.info\\\/pages\\\/plan\\\/religions\\\/eglise-catholique\\\/visites-ad-limina\\\/\"},{\"@type\":\"ListItem\",\"position\":6,\"name\":\"1280.020.- Visites \u00ab\u00a0ad limina\u00a0\u00bb des Ev\u00eaques d&rsquo;Haiti: 1988\"}]},{\"@type\":\"WebSite\",\"@id\":\"https:\\\/\\\/www.haiti-reference.info\\\/pages\\\/#website\",\"url\":\"https:\\\/\\\/www.haiti-reference.info\\\/pages\\\/\",\"name\":\"Haiti-R\u00e9f\u00e9rence\",\"description\":\"Un guide de r\u00e9f\u00e9rence\",\"publisher\":{\"@id\":\"https:\\\/\\\/www.haiti-reference.info\\\/pages\\\/#organization\"},\"potentialAction\":[{\"@type\":\"SearchAction\",\"target\":{\"@type\":\"EntryPoint\",\"urlTemplate\":\"https:\\\/\\\/www.haiti-reference.info\\\/pages\\\/?s={search_term_string}\"},\"query-input\":{\"@type\":\"PropertyValueSpecification\",\"valueRequired\":true,\"valueName\":\"search_term_string\"}}],\"inLanguage\":\"fr-CA\"},{\"@type\":\"Organization\",\"@id\":\"https:\\\/\\\/www.haiti-reference.info\\\/pages\\\/#organization\",\"name\":\"Haiti-R\u00e9f\u00e9rence\",\"url\":\"https:\\\/\\\/www.haiti-reference.info\\\/pages\\\/\",\"logo\":{\"@type\":\"ImageObject\",\"inLanguage\":\"fr-CA\",\"@id\":\"https:\\\/\\\/www.haiti-reference.info\\\/pages\\\/#\\\/schema\\\/logo\\\/image\\\/\",\"url\":\"https:\\\/\\\/www.haiti-reference.info\\\/pages\\\/wp-content\\\/uploads\\\/2016\\\/04\\\/cropped-cropped-logo_201604-8-1.png\",\"contentUrl\":\"https:\\\/\\\/www.haiti-reference.info\\\/pages\\\/wp-content\\\/uploads\\\/2016\\\/04\\\/cropped-cropped-logo_201604-8-1.png\",\"width\":338,\"height\":87,\"caption\":\"Haiti-R\u00e9f\u00e9rence\"},\"image\":{\"@id\":\"https:\\\/\\\/www.haiti-reference.info\\\/pages\\\/#\\\/schema\\\/logo\\\/image\\\/\"},\"sameAs\":[\"https:\\\/\\\/bsky.app\\\/profile\\\/haiti-reference.bsky.social\"]}]}<\/script>\n<!-- \/ Yoast SEO plugin. -->","yoast_head_json":{"title":"1280.020.- Visites \"ad limina\" des Ev\u00eaques d'Haiti: 1988 &#187;","robots":{"index":"index","follow":"follow","max-snippet":"max-snippet:-1","max-image-preview":"max-image-preview:large","max-video-preview":"max-video-preview:-1"},"canonical":"https:\/\/www.haiti-reference.info\/pages\/plan\/religions\/eglise-catholique\/visites-ad-limina\/1988_discours-pape\/","og_locale":"fr_CA","og_type":"article","og_title":"1280.020.- Visites \"ad limina\" des Ev\u00eaques d'Haiti: 1988 &#187;","og_description":"Religions et Croyances Discours du Pape Jean-Paul II Chers Fr\u00e8res dans l\u2019\u00e9piscopat, 1. Soyez les bienvenus dans cette demeure, o\u00f9 j\u2019ai la joie de vous accueillir \u00e0 l\u2019occasion de votre [&hellip;]","og_url":"https:\/\/www.haiti-reference.info\/pages\/plan\/religions\/eglise-catholique\/visites-ad-limina\/1988_discours-pape\/","article_modified_time":"2020-04-25T17:08:51+00:00","twitter_card":"summary_large_image","twitter_misc":{"Estimation du temps de lecture":"10 minutes"},"schema":{"@context":"https:\/\/schema.org","@graph":[{"@type":"WebPage","@id":"https:\/\/www.haiti-reference.info\/pages\/plan\/religions\/eglise-catholique\/visites-ad-limina\/1988_discours-pape\/","url":"https:\/\/www.haiti-reference.info\/pages\/plan\/religions\/eglise-catholique\/visites-ad-limina\/1988_discours-pape\/","name":"1280.020.- Visites \"ad limina\" des Ev\u00eaques d'Haiti: 1988 &#187;","isPartOf":{"@id":"https:\/\/www.haiti-reference.info\/pages\/#website"},"datePublished":"2008-03-04T16:38:14+00:00","dateModified":"2020-04-25T17:08:51+00:00","breadcrumb":{"@id":"https:\/\/www.haiti-reference.info\/pages\/plan\/religions\/eglise-catholique\/visites-ad-limina\/1988_discours-pape\/#breadcrumb"},"inLanguage":"fr-CA","potentialAction":[{"@type":"ReadAction","target":["https:\/\/www.haiti-reference.info\/pages\/plan\/religions\/eglise-catholique\/visites-ad-limina\/1988_discours-pape\/"]}]},{"@type":"BreadcrumbList","@id":"https:\/\/www.haiti-reference.info\/pages\/plan\/religions\/eglise-catholique\/visites-ad-limina\/1988_discours-pape\/#breadcrumb","itemListElement":[{"@type":"ListItem","position":1,"name":"Accueil","item":"https:\/\/www.haiti-reference.info\/pages\/"},{"@type":"ListItem","position":2,"name":"Structure du site","item":"https:\/\/www.haiti-reference.info\/pages\/plan\/"},{"@type":"ListItem","position":3,"name":"1000.- Religions et croyances","item":"https:\/\/www.haiti-reference.info\/pages\/plan\/religions\/"},{"@type":"ListItem","position":4,"name":"1200.- \u00c9glise catholique en Haiti","item":"https:\/\/www.haiti-reference.info\/pages\/plan\/religions\/eglise-catholique\/"},{"@type":"ListItem","position":5,"name":"1280.- Visites \u00ab\u00a0ad limina\u00a0\u00bb des \u00c9v\u00eaques d&rsquo;Ha\u00efti: Note","item":"https:\/\/www.haiti-reference.info\/pages\/plan\/religions\/eglise-catholique\/visites-ad-limina\/"},{"@type":"ListItem","position":6,"name":"1280.020.- Visites \u00ab\u00a0ad limina\u00a0\u00bb des Ev\u00eaques d&rsquo;Haiti: 1988"}]},{"@type":"WebSite","@id":"https:\/\/www.haiti-reference.info\/pages\/#website","url":"https:\/\/www.haiti-reference.info\/pages\/","name":"Haiti-R\u00e9f\u00e9rence","description":"Un guide de r\u00e9f\u00e9rence","publisher":{"@id":"https:\/\/www.haiti-reference.info\/pages\/#organization"},"potentialAction":[{"@type":"SearchAction","target":{"@type":"EntryPoint","urlTemplate":"https:\/\/www.haiti-reference.info\/pages\/?s={search_term_string}"},"query-input":{"@type":"PropertyValueSpecification","valueRequired":true,"valueName":"search_term_string"}}],"inLanguage":"fr-CA"},{"@type":"Organization","@id":"https:\/\/www.haiti-reference.info\/pages\/#organization","name":"Haiti-R\u00e9f\u00e9rence","url":"https:\/\/www.haiti-reference.info\/pages\/","logo":{"@type":"ImageObject","inLanguage":"fr-CA","@id":"https:\/\/www.haiti-reference.info\/pages\/#\/schema\/logo\/image\/","url":"https:\/\/www.haiti-reference.info\/pages\/wp-content\/uploads\/2016\/04\/cropped-cropped-logo_201604-8-1.png","contentUrl":"https:\/\/www.haiti-reference.info\/pages\/wp-content\/uploads\/2016\/04\/cropped-cropped-logo_201604-8-1.png","width":338,"height":87,"caption":"Haiti-R\u00e9f\u00e9rence"},"image":{"@id":"https:\/\/www.haiti-reference.info\/pages\/#\/schema\/logo\/image\/"},"sameAs":["https:\/\/bsky.app\/profile\/haiti-reference.bsky.social"]}]}},"_links":{"self":[{"href":"https:\/\/www.haiti-reference.info\/pages\/wp-json\/wp\/v2\/pages\/1061","targetHints":{"allow":["GET"]}}],"collection":[{"href":"https:\/\/www.haiti-reference.info\/pages\/wp-json\/wp\/v2\/pages"}],"about":[{"href":"https:\/\/www.haiti-reference.info\/pages\/wp-json\/wp\/v2\/types\/page"}],"author":[{"embeddable":true,"href":"https:\/\/www.haiti-reference.info\/pages\/wp-json\/wp\/v2\/users\/1"}],"replies":[{"embeddable":true,"href":"https:\/\/www.haiti-reference.info\/pages\/wp-json\/wp\/v2\/comments?post=1061"}],"version-history":[{"count":0,"href":"https:\/\/www.haiti-reference.info\/pages\/wp-json\/wp\/v2\/pages\/1061\/revisions"}],"up":[{"embeddable":true,"href":"https:\/\/www.haiti-reference.info\/pages\/wp-json\/wp\/v2\/pages\/793"}],"wp:attachment":[{"href":"https:\/\/www.haiti-reference.info\/pages\/wp-json\/wp\/v2\/media?parent=1061"}],"wp:term":[{"taxonomy":"category","embeddable":true,"href":"https:\/\/www.haiti-reference.info\/pages\/wp-json\/wp\/v2\/categories?post=1061"}],"curies":[{"name":"wp","href":"https:\/\/api.w.org\/{rel}","templated":true}]}}