{"id":10245,"date":"2012-02-27T17:25:15","date_gmt":"2012-02-27T22:25:15","guid":{"rendered":"http:\/\/haiti-reference.com\/pages\/?page_id=10245"},"modified":"2020-09-24T11:58:55","modified_gmt":"2020-09-24T15:58:55","slug":"martelly-conille","status":"publish","type":"page","link":"https:\/\/www.haiti-reference.info\/pages\/plan\/politique\/pouvoir-executif\/cabinets-de-1994\/martelly-conille\/","title":{"rendered":"2170.110.- Gouvernement Martelly \u2013 Conille : Cabinet minist\u00e9riel"},"content":{"rendered":"<p class=\"img_category\"><a title=\"Classification\" href=\"\/pages\/plan\/politique\/\"><img decoding=\"async\" src=\"\/.\/images\/legendes\/category_art.jpg\" alt=\"Classification\" \/> Politique et gouvernement<\/a><\/p>\n<h4 style=\"text-align: center; color: #ff0000;\">Pr\u00e9sident de la R\u00e9publique<\/h4>\n<h4 style=\"text-align: center;\">Joseph Michel Martelly<\/h4>\n<div style=\"text-align: center;\"><img decoding=\"async\" src=\"\/histoire\/constitutions\/nation.gif\" alt=\"\" \/><\/div>\n<h4 style=\"text-align: center; color: #ff0000;\">Premier Ministre<\/h4>\n<h4 style=\"text-align: center;\">Gary Conille<\/h4>\n<p><img decoding=\"async\" class=\"aligncenter\" src=\"\/.\/images\/line-bar\/line_flare.gif\" alt=\"\" width=\"390&quot;\" height=\"14\" \/><\/p>\n<p class=\"date_title\" style=\"text-align: center;\"><i>19 octobre 2011 &#8211; 24 f\u00e9vrier 2012<\/i><\/p>\n<h5 style=\"text-align: center;\">Gouvernement d\u00e9missionnaire liquidant les affaires courantes:<\/h5>\n<p style=\"text-align: center;\">Du 24 f\u00e9vrier 2012 au 4 mai 2012<\/p>\n<div style=\"background-color: #369963;\"><img loading=\"lazy\" decoding=\"async\" width=\"635\" height=\"217\" class=\"aligncenter size-full wp-image-10251\" src=\"\/pages\/wp-content\/uploads\/2016\/01\/martelly-conille.jpg\" alt=\"martelly-conille\" srcset=\"https:\/\/www.haiti-reference.info\/pages\/wp-content\/uploads\/2016\/01\/martelly-conille.jpg 635w, https:\/\/www.haiti-reference.info\/pages\/wp-content\/uploads\/2016\/01\/martelly-conille-300x103.jpg 300w, https:\/\/www.haiti-reference.info\/pages\/wp-content\/uploads\/2016\/01\/martelly-conille-150x51.jpg 150w, https:\/\/www.haiti-reference.info\/pages\/wp-content\/uploads\/2016\/01\/martelly-conille-500x171.jpg 500w\" sizes=\"auto, (max-width: 635px) 100vw, 635px\" \/><\/div>\n<p style=\"text-align: justify;\">M\u00e9decin de formation et collaborateur de l\u2019ex-Pr\u00e9sident am\u00e9ricain, Bill Clinton au sein du conseil d\u2019administration de la Commission int\u00e9rimaire pour la reconstruction d\u2019Ha\u00efti (CIRH), devint le premier ministre de Martelly apr\u00e8s que ce dernier qui re\u00e7ut l&rsquo;\u00e9charpe pr\u00e9sidentielle cinq mois plus t\u00f4t eut essuy\u00e9 pr\u00e9alablement deux \u00e9checs au parlement.<\/p>\n<p style=\"text-align: justify;\">Il forma un gouvernement compos\u00e9 de 39 membres dont 18 ministres (15 hommes et 3 femmes) et 21 secr\u00e9taires d\u2019\u00e9tat. L&rsquo;entr\u00e9e en fonction du gouvernement mit alors fin \u00e0 plusieurs mois de crise politique et redonnant espoir \u00e0 plusieurs secteurs qui consid\u00e9raient comme prioritaires la reconstruction et la relance \u00e9conomique. Pourtant peu de temps apr\u00e8s, le nouveau premier ministre fut pris au pi\u00e8ge de la v\u00e9rification de la nationalit\u00e9 ha\u00eftienne de plusieurs de ses ministres. Une enqu\u00eate en ce sens avait \u00e9t\u00e9 d\u00e9clench\u00e9e par le S\u00e9nat de la R\u00e9publique et a \u00e9t\u00e9 entrav\u00e9 de fa\u00e7on muscl\u00e9e par les ministres proches du pr\u00e9sident Joseph Martelly qui refusaient de r\u00e9pondre \u00e0 l&rsquo;invitation de la commission d&rsquo;enqu\u00eate sur la nationalit\u00e9.<\/p>\n<p style=\"text-align: justify;\">Les s\u00e9nateurs se pr\u00e9paraient donc \u00e0 interpeller le premier ministre quand celui-ci, devant la r\u00e9bellion de ses ministres et ne voulant pas s&rsquo;accrocher \u00e0 un pouvoir qui lui \u00e9chappait, se retira la t\u00eate haute en remettant sa d\u00e9mission (Voir: <a href=\"\/notables\/showmedia.php?mediaID=239&amp;medialinkID=225\">Lettre de d\u00e9mission<\/a>). Son ministre des affaires \u00e9trang\u00e8res le rempla\u00e7a.<\/p>\n<h4><span style=\"color: #ff0000;\"><img decoding=\"async\" src=\"\/.\/images\/legendes\/exclamation.png\" alt=\"\" \/>Ministres Titulaires:<\/span><\/h4>\n<hr \/>\n<table id=\"table_separate\">\n<tbody>\n<tr class=\"odd_row\">\n<td class=\"bullet\" valign=\"top\" width=\"42%\"><b>Affaires \u00c9trang\u00e8res et des Cultes:<\/b><\/td>\n<td class=\"bullet\" valign=\"top\" width=\"45%\">Mr. Laurent S. Lamothe<\/td>\n<\/tr>\n<tr class=\"even_row\">\n<td width=\"40%\"><b>Affaires Sociales:<\/b><\/td>\n<td width=\"60%\">Mr. Fran\u00e7ois Richel Lafaille<\/td>\n<\/tr>\n<tr class=\"odd_row\">\n<td width=\"40%\"><b>Agriculture et des Ressources Naturelles:<\/b><\/td>\n<td width=\"60%\">Agr. H\u00e9bert Docteur<\/td>\n<\/tr>\n<tr class=\"even_row\">\n<td width=\"40%\"><b>Commerce et de l&rsquo;Industrie:<\/b><\/td>\n<td width=\"60%\">Mr. Wilson Laleau<\/td>\n<\/tr>\n<tr class=\"odd_row\">\n<td width=\"40%\"><b>Communication et Culture:<\/b><\/td>\n<td width=\"60%\">Mr Choiseul Henriquez<br \/>\n<span style=\"color: #666666;\">.- D\u00e9c\u00e9d\u00e9 le 11 novembre 201<\/span>1<br \/>\n&#8212;&#8211;<br \/>\nMr. Pierre Raymond Dumas<br \/>\n<span style=\"color: #666666;\">.- Install\u00e9 le 12 d\u00e9cembre 2011<\/span><\/td>\n<\/tr>\n<tr class=\"even_row\">\n<td width=\"40%\"><b>Condition F\u00e9minine:<\/b><\/td>\n<td width=\"60%\">Mme. Yanick M\u00e9zil<\/td>\n<\/tr>\n<tr class=\"odd_row\">\n<td width=\"40%\"><b>\u00c9conomie et des Finances:<\/b><\/td>\n<td width=\"60%\">Mr. Andr\u00e9 Lemercier Georges<\/td>\n<\/tr>\n<tr class=\"even_row\">\n<td width=\"40%\"><b>\u00c9ducation Nationale:<\/b><\/td>\n<td width=\"60%\">Mr. R\u00e9ginald Paul<\/td>\n<\/tr>\n<tr class=\"odd_row\">\n<td width=\"40%\"><b>Environnement:<\/b><\/td>\n<td width=\"60%\">Mr. Joseph Ronald Toussaint<\/td>\n<\/tr>\n<tr class=\"even_row\">\n<td width=\"40%\"><b>Int\u00e9rieur, Collectivit\u00e9s Territoriales et D\u00e9fense:<\/b><\/td>\n<td width=\"60%\">Me. Thierry Mayard-Paul<\/td>\n<\/tr>\n<tr class=\"odd_row\">\n<td width=\"40%\"><b>Jeunesse et Sports:<\/b><\/td>\n<td width=\"60%\">Mr. Ren\u00e9 Jean Roosevelt<\/td>\n<\/tr>\n<tr class=\"even_row\">\n<td width=\"40%\"><b>Justice et S\u00e9curit\u00e9 Nationale:<\/b><\/td>\n<td width=\"60%\">Me. Josu\u00e9 Pierre-Louis<br \/>\n<span style=\"color: #666666;\">.- D\u00e9missionn\u00e9 le 22 novembre 2011. Le premier ministre assura l&rsquo;int\u00e9rimat<\/span><br \/>\n&#8212;&#8211;<br \/>\nMe. Pierre Michel Brunache<br \/>\n<span style=\"color: #666666;\">.- Install\u00e9 le 12 d\u00e9cembre 2011<\/span><\/td>\n<\/tr>\n<tr class=\"odd_row\">\n<td width=\"40%\"><b>Planification et Coop\u00e9ration Externe:<\/b><\/td>\n<td width=\"60%\">Mr. Jude Herv\u00e9 Day<\/td>\n<\/tr>\n<tr class=\"even_row\">\n<td width=\"40%\"><b>Pr\u00e9sidence, charg\u00e9 des Haitiens vivant \u00e0 l&rsquo;\u00c9tranger:<\/b><\/td>\n<td width=\"60%\">Mr. Daniel Suplice<\/td>\n<\/tr>\n<tr class=\"odd_row\">\n<td width=\"40%\"><b>Sant\u00e9 Publique et Population:<\/b><\/td>\n<td width=\"60%\">Dr. Florence Duperval Guillaume<\/td>\n<\/tr>\n<tr class=\"even_row\">\n<td width=\"40%\"><b>Tourisme:<\/b><\/td>\n<td width=\"60%\">Mme. St\u00e9phanie Balmir Villedrouin<\/td>\n<\/tr>\n<tr class=\"odd_row\">\n<td width=\"40%\"><b>Travaux Publics, Transports et Communication:<\/b><\/td>\n<td width=\"60%\">Ing. Jacques Rousseau<\/td>\n<\/tr>\n<\/tbody>\n<\/table>\n<h4><span style=\"color: #ff0000;\"><img decoding=\"async\" src=\"\/.\/images\/legendes\/exclamation.png\" alt=\"\" \/>Ministre D\u00e9l\u00e9gu\u00e9 aupr\u00e8s du PM:<\/span><\/h4>\n<hr \/>\n<table id=\"table_separate\">\n<tbody>\n<tr class=\"odd_row\">\n<td width=\"40%\"><b>Bureau du Ministre D\u00e9l\u00e9gu\u00e9 aupr\u00e8s du Premier Ministre charg\u00e9 des Relations avec le Parlement (BMCRP)<\/b><\/td>\n<td width=\"60%\">Mr. Ralph Ricardo Th\u00e9ano<\/td>\n<\/tr>\n<\/tbody>\n<\/table>\n<h4><span style=\"color: #ff0000;\"><img decoding=\"async\" src=\"\/.\/images\/legendes\/exclamation.png\" alt=\"\" \/>Secr\u00e9taires d&rsquo;Etat :<\/span><\/h4>\n<hr \/>\n<table id=\"table_separate\">\n<tbody>\n<tr class=\"odd_row\">\n<td width=\"40%\"><b>Affaires Etrang\u00e8res:<\/b><\/td>\n<td width=\"60%\">Me. Pierre Michel Brunache<br \/>\n<span style=\"color: #666666;\">.- Devenu Ministre de la Justice<\/span><br \/>\n&#8212;&#8211;<br \/>\nM. Pierre Richard Casimir<br \/>\n<span class=\"bullet\"><span style=\"color: #666666;\">.- Install\u00e9 le 12 d\u00e9c. 2011.<\/span><\/span><\/td>\n<\/tr>\n<tr class=\"even_row\">\n<td width=\"40%\"><b>Alphab\u00e9tisation:<\/b><\/td>\n<td width=\"60%\">Mme Milaine Alexandre<\/td>\n<\/tr>\n<tr class=\"odd_row\">\n<td width=\"40%\"><b>Collectivit\u00e9s Territoriales:<\/b><\/td>\n<td width=\"60%\">M. Jean Fritz Jean-Louis<\/td>\n<\/tr>\n<tr class=\"even_row\">\n<td width=\"40%\"><b>Commerce:<\/b><\/td>\n<td width=\"60%\">M. Mathias Laurent<\/td>\n<\/tr>\n<tr class=\"odd_row\">\n<td width=\"40%\"><b>Cultes:<\/b><\/td>\n<td width=\"60%\">Mme. Marie Evelyne C\u00e9sar<br \/>\n<span class=\"bullet\" style=\"color: #666666;\">.- Install\u00e9e le 15 f\u00e9vrier 2012<\/span><\/td>\n<\/tr>\n<tr class=\"even_row\">\n<td width=\"40%\"><b>D\u00e9fense Nationale:<\/b><\/td>\n<td width=\"60%\">M. Richard Maurasse<\/td>\n<\/tr>\n<tr class=\"odd_row\">\n<td width=\"40%\"><b>Energie:<\/b><\/td>\n<td width=\"60%\">M. Ren\u00e9 Jean Jumeau<\/td>\n<\/tr>\n<tr class=\"even_row\">\n<td width=\"40%\"><b>Enseignement Sup\u00e9rieur:<\/b><\/td>\n<td width=\"60%\">M. Jean Claude Fran\u00e7ois<\/td>\n<\/tr>\n<tr class=\"odd_row\">\n<td width=\"40%\"><b>Formation Professionnelle:<\/b><\/td>\n<td width=\"60%\">Mme. Marina Gourgue<\/td>\n<\/tr>\n<tr class=\"even_row\">\n<td width=\"40%\"><b>Industrie:<\/b><\/td>\n<td width=\"60%\">M. Jean G\u00e9rald Brutus<\/td>\n<\/tr>\n<tr class=\"odd_row\">\n<td width=\"40%\"><b>Int\u00e9gration des Personnes Handicap\u00e9es:<\/b><\/td>\n<td width=\"60%\">M. G\u00e9rald Oriol Jr.<\/td>\n<\/tr>\n<tr class=\"even_row\">\n<td width=\"40%\"><b>Int\u00e9rieur:<\/b><\/td>\n<td width=\"60%\">M. Georges Racine<\/td>\n<\/tr>\n<tr class=\"odd_row\">\n<td width=\"40%\"><b>Jeunesse et \u00e0 l\u2019Action Civique:<\/b><\/td>\n<td width=\"60%\">Mme. Carline Montas<\/td>\n<\/tr>\n<tr class=\"even_row\">\n<td width=\"40%\"><b>Patrimoine:<\/b><\/td>\n<td width=\"60%\">Mme. Elsa Baussan No\u00ebl<\/td>\n<\/tr>\n<tr class=\"odd_row\">\n<td width=\"40%\"><b>Population:<\/b><\/td>\n<td width=\"60%\">M. Carl Murat Cantave<\/td>\n<\/tr>\n<tr class=\"even_row\">\n<td width=\"40%\"><b>Production Animale:<\/b><\/td>\n<td width=\"60%\">M. Michel Chancy<\/td>\n<\/tr>\n<tr class=\"odd_row\">\n<td width=\"40%\"><b>Production V\u00e9g\u00e9tale:<\/b><\/td>\n<td width=\"60%\">M. Fresner Dorcin<\/td>\n<\/tr>\n<tr class=\"even_row\">\n<td width=\"40%\"><b>S\u00e9curit\u00e9 Public:<\/b><\/td>\n<td width=\"60%\">M. R\u00e9ginald Delva<\/td>\n<\/tr>\n<tr class=\"odd_row\">\n<td width=\"40%\"><b>Sports:<\/b><\/td>\n<td width=\"60%\">M. Paul Antoine Adrien<\/td>\n<\/tr>\n<tr class=\"even_row\">\n<td width=\"40%\"><b>Transports:<\/b><\/td>\n<td width=\"60%\">M. Philippe Cin\u00e9as<\/td>\n<\/tr>\n<\/tbody>\n<\/table>\n","protected":false},"excerpt":{"rendered":"<p>Politique et gouvernement Pr\u00e9sident de la R\u00e9publique Joseph Michel Martelly Premier Ministre Gary Conille 19 octobre 2011 &#8211; 24 f\u00e9vrier 2012 Gouvernement d\u00e9missionnaire liquidant les affaires courantes: Du 24 f\u00e9vrier [&hellip;]<\/p>\n","protected":false},"author":1,"featured_media":0,"parent":30866,"menu_order":11,"comment_status":"closed","ping_status":"closed","template":"","meta":{"footnotes":""},"categories":[],"class_list":["post-10245","page","type-page","status-publish","hentry"],"yoast_head":"<!-- This site is optimized with the Yoast SEO plugin v27.4 - https:\/\/yoast.com\/product\/yoast-seo-wordpress\/ -->\n<title>2170.110.- Gouvernement Martelly \u2013 Conille : Cabinet minist\u00e9riel &#187;<\/title>\n<meta name=\"robots\" content=\"index, follow, max-snippet:-1, max-image-preview:large, max-video-preview:-1\" \/>\n<link rel=\"canonical\" href=\"https:\/\/www.haiti-reference.info\/pages\/plan\/politique\/pouvoir-executif\/cabinets-de-1994\/martelly-conille\/\" \/>\n<meta property=\"og:locale\" content=\"fr_CA\" \/>\n<meta property=\"og:type\" content=\"article\" \/>\n<meta property=\"og:title\" content=\"2170.110.- Gouvernement Martelly \u2013 Conille : Cabinet minist\u00e9riel &#187;\" \/>\n<meta property=\"og:description\" content=\"Politique et gouvernement Pr\u00e9sident de la R\u00e9publique Joseph Michel Martelly Premier Ministre Gary Conille 19 octobre 2011 &#8211; 24 f\u00e9vrier 2012 Gouvernement d\u00e9missionnaire liquidant les affaires courantes: Du 24 f\u00e9vrier [&hellip;]\" \/>\n<meta property=\"og:url\" content=\"https:\/\/www.haiti-reference.info\/pages\/plan\/politique\/pouvoir-executif\/cabinets-de-1994\/martelly-conille\/\" \/>\n<meta property=\"article:modified_time\" content=\"2020-09-24T15:58:55+00:00\" \/>\n<meta name=\"twitter:card\" content=\"summary_large_image\" \/>\n<meta name=\"twitter:label1\" content=\"Estimation du temps de lecture\" \/>\n\t<meta name=\"twitter:data1\" content=\"3 minutes\" \/>\n<script type=\"application\/ld+json\" class=\"yoast-schema-graph\">{\"@context\":\"https:\\\/\\\/schema.org\",\"@graph\":[{\"@type\":\"WebPage\",\"@id\":\"https:\\\/\\\/www.haiti-reference.info\\\/pages\\\/plan\\\/politique\\\/pouvoir-executif\\\/cabinets-de-1994\\\/martelly-conille\\\/\",\"url\":\"https:\\\/\\\/www.haiti-reference.info\\\/pages\\\/plan\\\/politique\\\/pouvoir-executif\\\/cabinets-de-1994\\\/martelly-conille\\\/\",\"name\":\"2170.110.- Gouvernement Martelly \u2013 Conille : Cabinet minist\u00e9riel &#187;\",\"isPartOf\":{\"@id\":\"https:\\\/\\\/www.haiti-reference.info\\\/pages\\\/#website\"},\"datePublished\":\"2012-02-27T22:25:15+00:00\",\"dateModified\":\"2020-09-24T15:58:55+00:00\",\"breadcrumb\":{\"@id\":\"https:\\\/\\\/www.haiti-reference.info\\\/pages\\\/plan\\\/politique\\\/pouvoir-executif\\\/cabinets-de-1994\\\/martelly-conille\\\/#breadcrumb\"},\"inLanguage\":\"fr-CA\",\"potentialAction\":[{\"@type\":\"ReadAction\",\"target\":[\"https:\\\/\\\/www.haiti-reference.info\\\/pages\\\/plan\\\/politique\\\/pouvoir-executif\\\/cabinets-de-1994\\\/martelly-conille\\\/\"]}]},{\"@type\":\"BreadcrumbList\",\"@id\":\"https:\\\/\\\/www.haiti-reference.info\\\/pages\\\/plan\\\/politique\\\/pouvoir-executif\\\/cabinets-de-1994\\\/martelly-conille\\\/#breadcrumb\",\"itemListElement\":[{\"@type\":\"ListItem\",\"position\":1,\"name\":\"Accueil\",\"item\":\"https:\\\/\\\/www.haiti-reference.info\\\/pages\\\/\"},{\"@type\":\"ListItem\",\"position\":2,\"name\":\"Structure du site\",\"item\":\"https:\\\/\\\/www.haiti-reference.info\\\/pages\\\/plan\\\/\"},{\"@type\":\"ListItem\",\"position\":3,\"name\":\"2000.- Politique et gouvernement\",\"item\":\"https:\\\/\\\/www.haiti-reference.info\\\/pages\\\/plan\\\/politique\\\/\"},{\"@type\":\"ListItem\",\"position\":4,\"name\":\"2100.- Le Pouvoir ex\u00e9cutif\",\"item\":\"https:\\\/\\\/www.haiti-reference.info\\\/pages\\\/plan\\\/politique\\\/pouvoir-executif\\\/\"},{\"@type\":\"ListItem\",\"position\":5,\"name\":\"2170.- Cabinets minist\u00e9riels de 1994\",\"item\":\"https:\\\/\\\/www.haiti-reference.info\\\/pages\\\/plan\\\/politique\\\/pouvoir-executif\\\/cabinets-de-1994\\\/\"},{\"@type\":\"ListItem\",\"position\":6,\"name\":\"2170.110.- Gouvernement Martelly \u2013 Conille : Cabinet minist\u00e9riel\"}]},{\"@type\":\"WebSite\",\"@id\":\"https:\\\/\\\/www.haiti-reference.info\\\/pages\\\/#website\",\"url\":\"https:\\\/\\\/www.haiti-reference.info\\\/pages\\\/\",\"name\":\"Haiti-R\u00e9f\u00e9rence\",\"description\":\"Un guide de r\u00e9f\u00e9rence\",\"publisher\":{\"@id\":\"https:\\\/\\\/www.haiti-reference.info\\\/pages\\\/#organization\"},\"potentialAction\":[{\"@type\":\"SearchAction\",\"target\":{\"@type\":\"EntryPoint\",\"urlTemplate\":\"https:\\\/\\\/www.haiti-reference.info\\\/pages\\\/?s={search_term_string}\"},\"query-input\":{\"@type\":\"PropertyValueSpecification\",\"valueRequired\":true,\"valueName\":\"search_term_string\"}}],\"inLanguage\":\"fr-CA\"},{\"@type\":\"Organization\",\"@id\":\"https:\\\/\\\/www.haiti-reference.info\\\/pages\\\/#organization\",\"name\":\"Haiti-R\u00e9f\u00e9rence\",\"url\":\"https:\\\/\\\/www.haiti-reference.info\\\/pages\\\/\",\"logo\":{\"@type\":\"ImageObject\",\"inLanguage\":\"fr-CA\",\"@id\":\"https:\\\/\\\/www.haiti-reference.info\\\/pages\\\/#\\\/schema\\\/logo\\\/image\\\/\",\"url\":\"https:\\\/\\\/www.haiti-reference.info\\\/pages\\\/wp-content\\\/uploads\\\/2016\\\/04\\\/cropped-cropped-logo_201604-8-1.png\",\"contentUrl\":\"https:\\\/\\\/www.haiti-reference.info\\\/pages\\\/wp-content\\\/uploads\\\/2016\\\/04\\\/cropped-cropped-logo_201604-8-1.png\",\"width\":338,\"height\":87,\"caption\":\"Haiti-R\u00e9f\u00e9rence\"},\"image\":{\"@id\":\"https:\\\/\\\/www.haiti-reference.info\\\/pages\\\/#\\\/schema\\\/logo\\\/image\\\/\"},\"sameAs\":[\"https:\\\/\\\/bsky.app\\\/profile\\\/haiti-reference.bsky.social\"]}]}<\/script>\n<!-- \/ Yoast SEO plugin. -->","yoast_head_json":{"title":"2170.110.- Gouvernement Martelly \u2013 Conille : Cabinet minist\u00e9riel &#187;","robots":{"index":"index","follow":"follow","max-snippet":"max-snippet:-1","max-image-preview":"max-image-preview:large","max-video-preview":"max-video-preview:-1"},"canonical":"https:\/\/www.haiti-reference.info\/pages\/plan\/politique\/pouvoir-executif\/cabinets-de-1994\/martelly-conille\/","og_locale":"fr_CA","og_type":"article","og_title":"2170.110.- Gouvernement Martelly \u2013 Conille : Cabinet minist\u00e9riel &#187;","og_description":"Politique et gouvernement Pr\u00e9sident de la R\u00e9publique Joseph Michel Martelly Premier Ministre Gary Conille 19 octobre 2011 &#8211; 24 f\u00e9vrier 2012 Gouvernement d\u00e9missionnaire liquidant les affaires courantes: Du 24 f\u00e9vrier [&hellip;]","og_url":"https:\/\/www.haiti-reference.info\/pages\/plan\/politique\/pouvoir-executif\/cabinets-de-1994\/martelly-conille\/","article_modified_time":"2020-09-24T15:58:55+00:00","twitter_card":"summary_large_image","twitter_misc":{"Estimation du temps de lecture":"3 minutes"},"schema":{"@context":"https:\/\/schema.org","@graph":[{"@type":"WebPage","@id":"https:\/\/www.haiti-reference.info\/pages\/plan\/politique\/pouvoir-executif\/cabinets-de-1994\/martelly-conille\/","url":"https:\/\/www.haiti-reference.info\/pages\/plan\/politique\/pouvoir-executif\/cabinets-de-1994\/martelly-conille\/","name":"2170.110.- Gouvernement Martelly \u2013 Conille : Cabinet minist\u00e9riel &#187;","isPartOf":{"@id":"https:\/\/www.haiti-reference.info\/pages\/#website"},"datePublished":"2012-02-27T22:25:15+00:00","dateModified":"2020-09-24T15:58:55+00:00","breadcrumb":{"@id":"https:\/\/www.haiti-reference.info\/pages\/plan\/politique\/pouvoir-executif\/cabinets-de-1994\/martelly-conille\/#breadcrumb"},"inLanguage":"fr-CA","potentialAction":[{"@type":"ReadAction","target":["https:\/\/www.haiti-reference.info\/pages\/plan\/politique\/pouvoir-executif\/cabinets-de-1994\/martelly-conille\/"]}]},{"@type":"BreadcrumbList","@id":"https:\/\/www.haiti-reference.info\/pages\/plan\/politique\/pouvoir-executif\/cabinets-de-1994\/martelly-conille\/#breadcrumb","itemListElement":[{"@type":"ListItem","position":1,"name":"Accueil","item":"https:\/\/www.haiti-reference.info\/pages\/"},{"@type":"ListItem","position":2,"name":"Structure du site","item":"https:\/\/www.haiti-reference.info\/pages\/plan\/"},{"@type":"ListItem","position":3,"name":"2000.- Politique et gouvernement","item":"https:\/\/www.haiti-reference.info\/pages\/plan\/politique\/"},{"@type":"ListItem","position":4,"name":"2100.- Le Pouvoir ex\u00e9cutif","item":"https:\/\/www.haiti-reference.info\/pages\/plan\/politique\/pouvoir-executif\/"},{"@type":"ListItem","position":5,"name":"2170.- Cabinets minist\u00e9riels de 1994","item":"https:\/\/www.haiti-reference.info\/pages\/plan\/politique\/pouvoir-executif\/cabinets-de-1994\/"},{"@type":"ListItem","position":6,"name":"2170.110.- Gouvernement Martelly \u2013 Conille : Cabinet minist\u00e9riel"}]},{"@type":"WebSite","@id":"https:\/\/www.haiti-reference.info\/pages\/#website","url":"https:\/\/www.haiti-reference.info\/pages\/","name":"Haiti-R\u00e9f\u00e9rence","description":"Un guide de r\u00e9f\u00e9rence","publisher":{"@id":"https:\/\/www.haiti-reference.info\/pages\/#organization"},"potentialAction":[{"@type":"SearchAction","target":{"@type":"EntryPoint","urlTemplate":"https:\/\/www.haiti-reference.info\/pages\/?s={search_term_string}"},"query-input":{"@type":"PropertyValueSpecification","valueRequired":true,"valueName":"search_term_string"}}],"inLanguage":"fr-CA"},{"@type":"Organization","@id":"https:\/\/www.haiti-reference.info\/pages\/#organization","name":"Haiti-R\u00e9f\u00e9rence","url":"https:\/\/www.haiti-reference.info\/pages\/","logo":{"@type":"ImageObject","inLanguage":"fr-CA","@id":"https:\/\/www.haiti-reference.info\/pages\/#\/schema\/logo\/image\/","url":"https:\/\/www.haiti-reference.info\/pages\/wp-content\/uploads\/2016\/04\/cropped-cropped-logo_201604-8-1.png","contentUrl":"https:\/\/www.haiti-reference.info\/pages\/wp-content\/uploads\/2016\/04\/cropped-cropped-logo_201604-8-1.png","width":338,"height":87,"caption":"Haiti-R\u00e9f\u00e9rence"},"image":{"@id":"https:\/\/www.haiti-reference.info\/pages\/#\/schema\/logo\/image\/"},"sameAs":["https:\/\/bsky.app\/profile\/haiti-reference.bsky.social"]}]}},"_links":{"self":[{"href":"https:\/\/www.haiti-reference.info\/pages\/wp-json\/wp\/v2\/pages\/10245","targetHints":{"allow":["GET"]}}],"collection":[{"href":"https:\/\/www.haiti-reference.info\/pages\/wp-json\/wp\/v2\/pages"}],"about":[{"href":"https:\/\/www.haiti-reference.info\/pages\/wp-json\/wp\/v2\/types\/page"}],"author":[{"embeddable":true,"href":"https:\/\/www.haiti-reference.info\/pages\/wp-json\/wp\/v2\/users\/1"}],"replies":[{"embeddable":true,"href":"https:\/\/www.haiti-reference.info\/pages\/wp-json\/wp\/v2\/comments?post=10245"}],"version-history":[{"count":0,"href":"https:\/\/www.haiti-reference.info\/pages\/wp-json\/wp\/v2\/pages\/10245\/revisions"}],"up":[{"embeddable":true,"href":"https:\/\/www.haiti-reference.info\/pages\/wp-json\/wp\/v2\/pages\/30866"}],"wp:attachment":[{"href":"https:\/\/www.haiti-reference.info\/pages\/wp-json\/wp\/v2\/media?parent=10245"}],"wp:term":[{"taxonomy":"category","embeddable":true,"href":"https:\/\/www.haiti-reference.info\/pages\/wp-json\/wp\/v2\/categories?post=10245"}],"curies":[{"name":"wp","href":"https:\/\/api.w.org\/{rel}","templated":true}]}}