{"id":10228,"date":"2011-10-13T15:41:14","date_gmt":"2011-10-13T20:41:14","guid":{"rendered":"http:\/\/haiti-reference.info\/pages\/?page_id=10228"},"modified":"2020-04-24T23:36:32","modified_gmt":"2020-04-25T03:36:32","slug":"preval-bellerive","status":"publish","type":"page","link":"https:\/\/www.haiti-reference.info\/pages\/plan\/politique\/pouvoir-executif\/cabinets-de-1994\/preval-bellerive\/","title":{"rendered":"2170.100.- Gouvernement Pr\u00e9val &#8211; Bellerive: Cabinet minist\u00e9riel"},"content":{"rendered":"<p class=\"img_category\"><a title=\"Classification\" href=\"\/pages\/plan\/politique\/\"><img decoding=\"async\" src=\"\/.\/images\/legendes\/category_art.jpg\" alt=\"Classification\" \/>&nbsp;Politique et gouvernement<\/a><\/p>\n<h4 style=\"text-align: center; color: #ff0000;\">Pr\u00e9sident de la R\u00e9publique<\/h4>\n<h4 style=\"text-align: center;\">Ren\u00e9 Garcia Pr\u00e9val<\/h4>\n<div style=\"text-align: center;\"><img decoding=\"async\" src=\"\/histoire\/constitutions\/nation.gif\" alt=\"\" \/><\/div>\n<h4 style=\"text-align: center; color: #ff0000;\">Premier Ministre<\/h4>\n<h4 style=\"text-align: center;\">Joseph Jean-Max Bellerive<\/h4>\n<p><img loading=\"lazy\" decoding=\"async\" class=\"aligncenter\" src=\"\/.\/images\/line-bar\/line_flare.gif\" alt=\"\" width=\"400\" height=\"14\" \/><\/p>\n<p class=\"date_title\" style=\"text-align: center;\">10 novembre 2009 &#8211; 14 Mai 2011<\/p>\n<p align=\"justify\"><img loading=\"lazy\" decoding=\"async\" class=\"alignleft\" src=\"\/.\/images\/prem_ministres\/preval-bellerive.jpg\" alt=\"\" width=\"235\" height=\"315\" \/>Jean-Max Bellerive rempla\u00e7a Mich\u00e8le Pierre-Louis interpell\u00e9e par le S\u00e9nat de la R\u00e9publique puis censur\u00e9e le 29 octobre 2009.<\/p>\n<p align=\"justify\">Son cabinet compos\u00e9 \u00e0 l\u00a0\u00bborigine de 18 ministres (11 du&nbsp;<a href=\"\/politique\/gouv_past\/pierre_louis.php\">gouvernement de Mich\u00e8le Duvivier Pierre-Louis<\/a> et 7 nouvelles personnalit\u00e9s) entra en fonction le 11 novembre 2009 et n&rsquo;a subi aucun grand remaniement jusqu&rsquo;au 14 mai 2011, date de l&rsquo;investiture du pr\u00e9sident Joseph Michel Martelly, et date \u00e0 partir de laquelle il devint un gouvernement d\u00e9missionnaire liquidant les affaires courantes de l&rsquo;\u00c9tat.<\/p>\n<p align=\"justify\">Il eut \u00e0 faire face \u00e0 l&rsquo;une des plus grandes crises qu&rsquo;ait connu le pays, suite au tremblement de terre du 12 janvier. Il passera surtout \u00e0 l&rsquo;histoire comme un gouvernement totalement irresponsable qui n&rsquo;a pas su se montrer \u00e0 la hauteur des attentes et esp\u00e9rances du peuple haitien, laissant la gestion des secours et des diff\u00e9rentes phases de la reconstruction des zones affect\u00e9es aux \u00e9trangers et aux ONG.<\/p>\n<h4 class=\"title_paragraf\">Ministres Titulaires:<\/span><\/h4>\n<hr \/>\n<table id=\"table_separate\">\n<tbody>\n<tr class=\"odd_row\">\n<td width=\"40%\"><b>Affaires Etrang\u00e8res et&nbsp;Cultes:<\/b><\/td>\n<td width=\"60%\">Mme. Marie Michele Rey (&Dagger; 2 janvier 2019) <a title=\"additionnelle info\" href=\"\/pages\/plan\/histoire-et-societe\/ephemerides\/necrologie_2015\/#rey_m\"><img decoding=\"async\" src=\"\/notables\/img\/tng_search_small.gif\" alt=\"\" \/><\/a><\/td>\n<\/tr>\n<tr class=\"even_row\">\n<td width=\"40%\"><b>Affaires Sociales:<\/b><\/td>\n<td width=\"60%\">Mr. Yves Christallin:<br \/>\n.- Jusqu&rsquo;au 2 septembre 2010<br \/>\n&#8212;<br \/>\nMr. G\u00e9rald Germain<br \/>\n.- Install\u00e9 le 6 septembre 2010<\/td>\n<\/tr>\n<tr class=\"odd_row\">\n<td width=\"40%\"><b>Agriculture et Ressources Naturelles:<\/b><\/td>\n<td width=\"60%\">Agronome Joanas Gu\u00e9<\/td>\n<\/tr>\n<tr class=\"even_row\">\n<td width=\"40%\"><b>Commerce et Industrie:<\/b><\/td>\n<td width=\"60%\">Mme. Jocelyne Colimon F\u00e9thi\u00e8re<\/td>\n<\/tr>\n<tr class=\"odd_row\">\n<td width=\"40%\"><b>Condition F\u00e9minine:<\/b><\/td>\n<td width=\"60%\">Mme. Marjorie Michel<\/td>\n<\/tr>\n<tr class=\"even_row\">\n<td width=\"40%\"><b>Communication et Culture:<\/b><\/td>\n<td width=\"60%\">Mme Marie Laurence Jocelyne<\/td>\n<\/tr>\n<tr class=\"odd_row\">\n<td width=\"40%\"><b>\u00c9conomie et Finances:<\/b><\/td>\n<td width=\"60%\">Mr. Ronald Baudin<\/td>\n<\/tr>\n<tr class=\"even_row\">\n<td width=\"40%\"><b>Education Nationale:<\/b><\/td>\n<td width=\"60%\">Mr. Jo\u00ebl Desrosiers Jean-Pierre<\/td>\n<\/tr>\n<tr class=\"odd_row\">\n<td width=\"40%\"><b>Environnement:<\/b><\/td>\n<td width=\"60%\">Mr. Jean-Marie Claude Germain<\/td>\n<\/tr>\n<tr class=\"even_row\">\n<td width=\"40%\"><b>Haitiens vivant \u00e0 l&rsquo;\u00c9tranger:<\/b><\/td>\n<td width=\"60%\">R.P. Edwin Paraison<\/td>\n<\/tr>\n<tr class=\"odd_row\">\n<td width=\"40%\"><b>Int\u00e9rieur et Collectivit\u00e9s Territoriales:<\/b><\/td>\n<td width=\"60%\">Mr. Paul Antoine Bien-Aim\u00e9<\/td>\n<\/tr>\n<tr class=\"even_row\">\n<td width=\"40%\"><b>Jeunesse et Sports:<\/b><\/td>\n<td width=\"60%\">Mr. Evans lescouflair<\/td>\n<\/tr>\n<tr class=\"odd_row\">\n<td width=\"40%\"><b>Justice et S\u00e9curit\u00e9 Nationale:<\/b><\/td>\n<td width=\"60%\">Mr. Paul Denis<\/td>\n<\/tr>\n<tr class=\"even_row\">\n<td><b>Planification et Coop\u00e9ration Externe:<\/b><\/td>\n<td>Mr. Joseph Jean-Max Bellerive<\/td>\n<\/tr>\n<tr class=\"odd_row\">\n<td><b>Sant\u00e9 Publique et Population:<\/b><\/td>\n<td>Dr. Alex Larsen<\/td>\n<\/tr>\n<tr class=\"even_row\">\n<td><b>Tourisme:<\/b><\/td>\n<td>Mr. Patrick Delatour<\/td>\n<\/tr>\n<tr class=\"odd_row\">\n<td><b>Travaux Publics, Transports et Communication:<\/b><\/td>\n<td>Mr. Jacques Gabri\u00ebl<\/td>\n<\/tr>\n<\/tbody>\n<\/table>\n<h4 class=\"title_paragraf\">Ministres non-titulaires:<\/span><\/h4>\n<hr \/>\n<h3 align=\"left\"><\/h3>\n<table id=\"table_separate\">\n<tbody>\n<tr class=\"even_row\">\n<td width=\"40%\"><b>Bureau du Ministre D\u00e9l\u00e9gu\u00e9 aupr\u00e8s du Premier Ministre charg\u00e9 des Relations avec le Parlement (BMCRP)<\/b><\/td>\n<td width=\"60%\">Mr. Joseph J. Jasmin<\/td>\n<\/tr>\n<\/tbody>\n<\/table>\n<h4 class=\"title_paragraf\">Secr\u00e9taires d&rsquo;Etat :<\/span><\/h4>\n<hr \/>\n<table id=\"table_separate\">\n<tbody>\n<tr class=\"odd_row\">\n<td width=\"40%\"><b>Agriculture : production animale:<\/b><\/td>\n<td width=\"60%\">Dr Michel Chancy<\/td>\n<\/tr>\n<tr class=\"even_row\">\n<td><b>Agriculture : production v\u00e9g\u00e9tale<\/b><\/td>\n<td>Agronome Jean-Claude D\u00e9lic\u00e9<\/td>\n<\/tr>\n<tr class=\"odd_row\">\n<td><b>Alphab\u00e9tisation:<\/b><\/td>\n<td>Mr. Carol Joseph<\/td>\n<\/tr>\n<tr class=\"even_row\">\n<td><b>Int\u00e9gration des Personnes Handicap\u00e9es:<\/b><\/td>\n<td>Dr Michel P\u00e9an<\/td>\n<\/tr>\n<\/tbody>\n<tbody>\n<tr class=\"odd_row\">\n<td width=\"40%\"><b>Justice: Affaires p\u00e9nales<\/b><\/td>\n<td width=\"60%\">Mr. Claudy Gassant<\/td>\n<\/tr>\n<tr class=\"even_row\">\n<td width=\"40%\"><b>S\u00e9curit\u00e9 publique:<\/b><\/td>\n<td width=\"60%\">Mr. Aramick Louis<\/td>\n<\/tr>\n<tr class=\"odd_row\">\n<td width=\"40%\"><b>Finances:<\/b><\/td>\n<td width=\"60%\">Sylvain Lafalaise<\/td>\n<\/tr>\n<tr class=\"even_row\">\n<td width=\"40%\"><b>Travaux Publics:<\/b><\/td>\n<td width=\"60%\">Mr. Frantz Y. Joseph<\/td>\n<\/tr>\n<\/tbody>\n<\/table>\n<p><!--Bas de page--><\/p>\n","protected":false},"excerpt":{"rendered":"<p>&nbsp;Politique et gouvernement Pr\u00e9sident de la R\u00e9publique Ren\u00e9 Garcia Pr\u00e9val Premier Ministre Joseph Jean-Max Bellerive 10 novembre 2009 &#8211; 14 Mai 2011 Jean-Max Bellerive rempla\u00e7a Mich\u00e8le Pierre-Louis interpell\u00e9e par le [&hellip;]<\/p>\n","protected":false},"author":1,"featured_media":0,"parent":30866,"menu_order":10,"comment_status":"closed","ping_status":"closed","template":"","meta":{"footnotes":""},"categories":[],"class_list":["post-10228","page","type-page","status-publish","hentry"],"yoast_head":"<!-- This site is optimized with the Yoast SEO plugin v27.4 - https:\/\/yoast.com\/product\/yoast-seo-wordpress\/ -->\n<title>2170.100.- Gouvernement Pr\u00e9val - Bellerive: Cabinet minist\u00e9riel &#187;<\/title>\n<meta name=\"robots\" content=\"index, follow, max-snippet:-1, max-image-preview:large, max-video-preview:-1\" \/>\n<link rel=\"canonical\" href=\"https:\/\/www.haiti-reference.info\/pages\/plan\/politique\/pouvoir-executif\/cabinets-de-1994\/preval-bellerive\/\" \/>\n<meta property=\"og:locale\" content=\"fr_CA\" \/>\n<meta property=\"og:type\" content=\"article\" \/>\n<meta property=\"og:title\" content=\"2170.100.- Gouvernement Pr\u00e9val - Bellerive: Cabinet minist\u00e9riel &#187;\" \/>\n<meta property=\"og:description\" content=\"&nbsp;Politique et gouvernement Pr\u00e9sident de la R\u00e9publique Ren\u00e9 Garcia Pr\u00e9val Premier Ministre Joseph Jean-Max Bellerive 10 novembre 2009 &#8211; 14 Mai 2011 Jean-Max Bellerive rempla\u00e7a Mich\u00e8le Pierre-Louis interpell\u00e9e par le [&hellip;]\" \/>\n<meta property=\"og:url\" content=\"https:\/\/www.haiti-reference.info\/pages\/plan\/politique\/pouvoir-executif\/cabinets-de-1994\/preval-bellerive\/\" \/>\n<meta property=\"article:modified_time\" content=\"2020-04-25T03:36:32+00:00\" \/>\n<meta name=\"twitter:card\" content=\"summary_large_image\" \/>\n<meta name=\"twitter:label1\" content=\"Estimation du temps de lecture\" \/>\n\t<meta name=\"twitter:data1\" content=\"2 minutes\" \/>\n<script type=\"application\/ld+json\" class=\"yoast-schema-graph\">{\"@context\":\"https:\\\/\\\/schema.org\",\"@graph\":[{\"@type\":\"WebPage\",\"@id\":\"https:\\\/\\\/www.haiti-reference.info\\\/pages\\\/plan\\\/politique\\\/pouvoir-executif\\\/cabinets-de-1994\\\/preval-bellerive\\\/\",\"url\":\"https:\\\/\\\/www.haiti-reference.info\\\/pages\\\/plan\\\/politique\\\/pouvoir-executif\\\/cabinets-de-1994\\\/preval-bellerive\\\/\",\"name\":\"2170.100.- Gouvernement Pr\u00e9val - Bellerive: Cabinet minist\u00e9riel &#187;\",\"isPartOf\":{\"@id\":\"https:\\\/\\\/www.haiti-reference.info\\\/pages\\\/#website\"},\"datePublished\":\"2011-10-13T20:41:14+00:00\",\"dateModified\":\"2020-04-25T03:36:32+00:00\",\"breadcrumb\":{\"@id\":\"https:\\\/\\\/www.haiti-reference.info\\\/pages\\\/plan\\\/politique\\\/pouvoir-executif\\\/cabinets-de-1994\\\/preval-bellerive\\\/#breadcrumb\"},\"inLanguage\":\"fr-CA\",\"potentialAction\":[{\"@type\":\"ReadAction\",\"target\":[\"https:\\\/\\\/www.haiti-reference.info\\\/pages\\\/plan\\\/politique\\\/pouvoir-executif\\\/cabinets-de-1994\\\/preval-bellerive\\\/\"]}]},{\"@type\":\"BreadcrumbList\",\"@id\":\"https:\\\/\\\/www.haiti-reference.info\\\/pages\\\/plan\\\/politique\\\/pouvoir-executif\\\/cabinets-de-1994\\\/preval-bellerive\\\/#breadcrumb\",\"itemListElement\":[{\"@type\":\"ListItem\",\"position\":1,\"name\":\"Accueil\",\"item\":\"https:\\\/\\\/www.haiti-reference.info\\\/pages\\\/\"},{\"@type\":\"ListItem\",\"position\":2,\"name\":\"Structure du site\",\"item\":\"https:\\\/\\\/www.haiti-reference.info\\\/pages\\\/plan\\\/\"},{\"@type\":\"ListItem\",\"position\":3,\"name\":\"2000.- Politique et gouvernement\",\"item\":\"https:\\\/\\\/www.haiti-reference.info\\\/pages\\\/plan\\\/politique\\\/\"},{\"@type\":\"ListItem\",\"position\":4,\"name\":\"2100.- Le Pouvoir ex\u00e9cutif\",\"item\":\"https:\\\/\\\/www.haiti-reference.info\\\/pages\\\/plan\\\/politique\\\/pouvoir-executif\\\/\"},{\"@type\":\"ListItem\",\"position\":5,\"name\":\"2170.- Cabinets minist\u00e9riels de 1994\",\"item\":\"https:\\\/\\\/www.haiti-reference.info\\\/pages\\\/plan\\\/politique\\\/pouvoir-executif\\\/cabinets-de-1994\\\/\"},{\"@type\":\"ListItem\",\"position\":6,\"name\":\"2170.100.- Gouvernement Pr\u00e9val &#8211; Bellerive: Cabinet minist\u00e9riel\"}]},{\"@type\":\"WebSite\",\"@id\":\"https:\\\/\\\/www.haiti-reference.info\\\/pages\\\/#website\",\"url\":\"https:\\\/\\\/www.haiti-reference.info\\\/pages\\\/\",\"name\":\"Haiti-R\u00e9f\u00e9rence\",\"description\":\"Un guide de r\u00e9f\u00e9rence\",\"publisher\":{\"@id\":\"https:\\\/\\\/www.haiti-reference.info\\\/pages\\\/#organization\"},\"potentialAction\":[{\"@type\":\"SearchAction\",\"target\":{\"@type\":\"EntryPoint\",\"urlTemplate\":\"https:\\\/\\\/www.haiti-reference.info\\\/pages\\\/?s={search_term_string}\"},\"query-input\":{\"@type\":\"PropertyValueSpecification\",\"valueRequired\":true,\"valueName\":\"search_term_string\"}}],\"inLanguage\":\"fr-CA\"},{\"@type\":\"Organization\",\"@id\":\"https:\\\/\\\/www.haiti-reference.info\\\/pages\\\/#organization\",\"name\":\"Haiti-R\u00e9f\u00e9rence\",\"url\":\"https:\\\/\\\/www.haiti-reference.info\\\/pages\\\/\",\"logo\":{\"@type\":\"ImageObject\",\"inLanguage\":\"fr-CA\",\"@id\":\"https:\\\/\\\/www.haiti-reference.info\\\/pages\\\/#\\\/schema\\\/logo\\\/image\\\/\",\"url\":\"https:\\\/\\\/www.haiti-reference.info\\\/pages\\\/wp-content\\\/uploads\\\/2016\\\/04\\\/cropped-cropped-logo_201604-8-1.png\",\"contentUrl\":\"https:\\\/\\\/www.haiti-reference.info\\\/pages\\\/wp-content\\\/uploads\\\/2016\\\/04\\\/cropped-cropped-logo_201604-8-1.png\",\"width\":338,\"height\":87,\"caption\":\"Haiti-R\u00e9f\u00e9rence\"},\"image\":{\"@id\":\"https:\\\/\\\/www.haiti-reference.info\\\/pages\\\/#\\\/schema\\\/logo\\\/image\\\/\"},\"sameAs\":[\"https:\\\/\\\/bsky.app\\\/profile\\\/haiti-reference.bsky.social\"]}]}<\/script>\n<!-- \/ Yoast SEO plugin. -->","yoast_head_json":{"title":"2170.100.- Gouvernement Pr\u00e9val - Bellerive: Cabinet minist\u00e9riel &#187;","robots":{"index":"index","follow":"follow","max-snippet":"max-snippet:-1","max-image-preview":"max-image-preview:large","max-video-preview":"max-video-preview:-1"},"canonical":"https:\/\/www.haiti-reference.info\/pages\/plan\/politique\/pouvoir-executif\/cabinets-de-1994\/preval-bellerive\/","og_locale":"fr_CA","og_type":"article","og_title":"2170.100.- Gouvernement Pr\u00e9val - Bellerive: Cabinet minist\u00e9riel &#187;","og_description":"&nbsp;Politique et gouvernement Pr\u00e9sident de la R\u00e9publique Ren\u00e9 Garcia Pr\u00e9val Premier Ministre Joseph Jean-Max Bellerive 10 novembre 2009 &#8211; 14 Mai 2011 Jean-Max Bellerive rempla\u00e7a Mich\u00e8le Pierre-Louis interpell\u00e9e par le [&hellip;]","og_url":"https:\/\/www.haiti-reference.info\/pages\/plan\/politique\/pouvoir-executif\/cabinets-de-1994\/preval-bellerive\/","article_modified_time":"2020-04-25T03:36:32+00:00","twitter_card":"summary_large_image","twitter_misc":{"Estimation du temps de lecture":"2 minutes"},"schema":{"@context":"https:\/\/schema.org","@graph":[{"@type":"WebPage","@id":"https:\/\/www.haiti-reference.info\/pages\/plan\/politique\/pouvoir-executif\/cabinets-de-1994\/preval-bellerive\/","url":"https:\/\/www.haiti-reference.info\/pages\/plan\/politique\/pouvoir-executif\/cabinets-de-1994\/preval-bellerive\/","name":"2170.100.- Gouvernement Pr\u00e9val - Bellerive: Cabinet minist\u00e9riel &#187;","isPartOf":{"@id":"https:\/\/www.haiti-reference.info\/pages\/#website"},"datePublished":"2011-10-13T20:41:14+00:00","dateModified":"2020-04-25T03:36:32+00:00","breadcrumb":{"@id":"https:\/\/www.haiti-reference.info\/pages\/plan\/politique\/pouvoir-executif\/cabinets-de-1994\/preval-bellerive\/#breadcrumb"},"inLanguage":"fr-CA","potentialAction":[{"@type":"ReadAction","target":["https:\/\/www.haiti-reference.info\/pages\/plan\/politique\/pouvoir-executif\/cabinets-de-1994\/preval-bellerive\/"]}]},{"@type":"BreadcrumbList","@id":"https:\/\/www.haiti-reference.info\/pages\/plan\/politique\/pouvoir-executif\/cabinets-de-1994\/preval-bellerive\/#breadcrumb","itemListElement":[{"@type":"ListItem","position":1,"name":"Accueil","item":"https:\/\/www.haiti-reference.info\/pages\/"},{"@type":"ListItem","position":2,"name":"Structure du site","item":"https:\/\/www.haiti-reference.info\/pages\/plan\/"},{"@type":"ListItem","position":3,"name":"2000.- Politique et gouvernement","item":"https:\/\/www.haiti-reference.info\/pages\/plan\/politique\/"},{"@type":"ListItem","position":4,"name":"2100.- Le Pouvoir ex\u00e9cutif","item":"https:\/\/www.haiti-reference.info\/pages\/plan\/politique\/pouvoir-executif\/"},{"@type":"ListItem","position":5,"name":"2170.- Cabinets minist\u00e9riels de 1994","item":"https:\/\/www.haiti-reference.info\/pages\/plan\/politique\/pouvoir-executif\/cabinets-de-1994\/"},{"@type":"ListItem","position":6,"name":"2170.100.- Gouvernement Pr\u00e9val &#8211; Bellerive: Cabinet minist\u00e9riel"}]},{"@type":"WebSite","@id":"https:\/\/www.haiti-reference.info\/pages\/#website","url":"https:\/\/www.haiti-reference.info\/pages\/","name":"Haiti-R\u00e9f\u00e9rence","description":"Un guide de r\u00e9f\u00e9rence","publisher":{"@id":"https:\/\/www.haiti-reference.info\/pages\/#organization"},"potentialAction":[{"@type":"SearchAction","target":{"@type":"EntryPoint","urlTemplate":"https:\/\/www.haiti-reference.info\/pages\/?s={search_term_string}"},"query-input":{"@type":"PropertyValueSpecification","valueRequired":true,"valueName":"search_term_string"}}],"inLanguage":"fr-CA"},{"@type":"Organization","@id":"https:\/\/www.haiti-reference.info\/pages\/#organization","name":"Haiti-R\u00e9f\u00e9rence","url":"https:\/\/www.haiti-reference.info\/pages\/","logo":{"@type":"ImageObject","inLanguage":"fr-CA","@id":"https:\/\/www.haiti-reference.info\/pages\/#\/schema\/logo\/image\/","url":"https:\/\/www.haiti-reference.info\/pages\/wp-content\/uploads\/2016\/04\/cropped-cropped-logo_201604-8-1.png","contentUrl":"https:\/\/www.haiti-reference.info\/pages\/wp-content\/uploads\/2016\/04\/cropped-cropped-logo_201604-8-1.png","width":338,"height":87,"caption":"Haiti-R\u00e9f\u00e9rence"},"image":{"@id":"https:\/\/www.haiti-reference.info\/pages\/#\/schema\/logo\/image\/"},"sameAs":["https:\/\/bsky.app\/profile\/haiti-reference.bsky.social"]}]}},"_links":{"self":[{"href":"https:\/\/www.haiti-reference.info\/pages\/wp-json\/wp\/v2\/pages\/10228","targetHints":{"allow":["GET"]}}],"collection":[{"href":"https:\/\/www.haiti-reference.info\/pages\/wp-json\/wp\/v2\/pages"}],"about":[{"href":"https:\/\/www.haiti-reference.info\/pages\/wp-json\/wp\/v2\/types\/page"}],"author":[{"embeddable":true,"href":"https:\/\/www.haiti-reference.info\/pages\/wp-json\/wp\/v2\/users\/1"}],"replies":[{"embeddable":true,"href":"https:\/\/www.haiti-reference.info\/pages\/wp-json\/wp\/v2\/comments?post=10228"}],"version-history":[{"count":0,"href":"https:\/\/www.haiti-reference.info\/pages\/wp-json\/wp\/v2\/pages\/10228\/revisions"}],"up":[{"embeddable":true,"href":"https:\/\/www.haiti-reference.info\/pages\/wp-json\/wp\/v2\/pages\/30866"}],"wp:attachment":[{"href":"https:\/\/www.haiti-reference.info\/pages\/wp-json\/wp\/v2\/media?parent=10228"}],"wp:term":[{"taxonomy":"category","embeddable":true,"href":"https:\/\/www.haiti-reference.info\/pages\/wp-json\/wp\/v2\/categories?post=10228"}],"curies":[{"name":"wp","href":"https:\/\/api.w.org\/{rel}","templated":true}]}}