{"id":10158,"date":"2004-04-02T12:12:50","date_gmt":"2004-04-02T17:12:50","guid":{"rendered":"http:\/\/haiti-reference.com\/pages\/?page_id=10158"},"modified":"2021-08-01T18:13:22","modified_gmt":"2021-08-01T22:13:22","slug":"aristide-neptune","status":"publish","type":"page","link":"https:\/\/www.haiti-reference.info\/pages\/plan\/politique\/pouvoir-executif\/cabinets-de-1994\/aristide-neptune\/","title":{"rendered":"2170.060.- Gouvernement Aristide-Neptune: Cabinet minist\u00e9riel"},"content":{"rendered":"<p class=\"img_category\"><a title=\"Classification\" href=\"\/pages\/plan\/politique\/\"><img decoding=\"async\" src=\"\/.\/images\/legendes\/category_art.jpg\" alt=\"Classification\" \/>\u00a0Politique et gouvernement<\/a><\/p>\n<h4 style=\"text-align: center; color: #ff0000;\">Pr\u00e9sident de la R\u00e9publique<\/h4>\n<h4 style=\"text-align: center;\"><a href=\"\/pages\/plan\/histoire-et-societe\/notables\/chefs-detat\/jean-bertrand-aristide\/\">Jean-Bertrand Aristide<\/a><\/h4>\n<div style=\"text-align: center;\"><img decoding=\"async\" src=\"http:\/\/www.haiti-reference.com\/histoire\/constitutions\/nation.gif\" alt=\"\" \/><\/div>\n<h4 style=\"text-align: center; color: #ff0000;\">Premier Ministre<\/h4>\n<h4 style=\"text-align: center;\"><a href=\"\/pages\/plan\/histoire-et-societe\/notables\/premiers-ministres-haitiens\/yvon-neptune\/\">Yvon Neptune<\/a><\/h4>\n<p class=\"date_title\" align=\"center\"><img decoding=\"async\" src=\"\/.\/images\/line-bar\/line_flare.gif\" alt=\"\" \/><\/p>\n<p class=\"date_title\" align=\"center\">Du 14 mars 2002 au 29 f\u00e9vrier 2004<\/p>\n<h4 class=\"title_paragraf\" \/>Ministres :<\/h4>\n<hr \/>\n<table id=\"table_separate\">\n<tbody>\n<tr class=\"odd_row\">\n<td width=\"40%\"><strong>Affaires \u00c9trang\u00e8res et Cultes<\/strong><\/td>\n<td width=\"60%\">M. Joseph Philippe Antonio<\/td>\n<\/tr>\n<tr class=\"even_row\">\n<td width=\"40%\"><strong>Affaires Sociales<\/strong><\/td>\n<td width=\"60%\">Mme. Eudes St. Preux Craan<\/td>\n<\/tr>\n<tr class=\"odd_row\">\n<td width=\"40%\"><strong>Agriculture et Ressources Naturelles<\/strong><\/td>\n<td width=\"60%\">M. S\u00e9bastien Hilaire<\/td>\n<\/tr>\n<tr class=\"even_row\">\n<td width=\"40%\"><strong>Commerce et Industrie<\/strong><\/td>\n<td width=\"60%\">M. Leslie Gouthier<\/td>\n<\/tr>\n<tr class=\"odd_row\">\n<td width=\"40%\"><strong>Condition F\u00e9minine<\/strong><\/td>\n<td width=\"60%\">Mme. Ginette Rivi\u00e8re Lubin<br \/>\n\u2021 11 juillet 2021 <a href=\"\/pages\/plan\/histoire-et-societe\/notables\/necrologie\/2020-2024\/#lubin_g\"><img decoding=\"async\" src=\"\/pages\/notables\/img\/tng_search_small.gif\" alt=\"\" \/><\/a><\/td>\n<\/tr>\n<tr class=\"even_row\">\n<td width=\"40%\"><strong>Culture et Communication<\/strong><\/td>\n<td width=\"60%\">M. Lilas Desquiron<\/td>\n<\/tr>\n<tr class=\"odd_row\">\n<td width=\"40%\"><strong>\u00c9conomie et Finances<\/strong><\/td>\n<td width=\"60%\">M. Faubert Gustave<\/td>\n<\/tr>\n<tr class=\"even_row\">\n<td width=\"40%\"><strong>Education Nationale<\/strong><\/td>\n<td width=\"60%\">Mme. Myrtho C\u00e9lestin Saurel<br \/>\n.- D\u00e9missionn\u00e9e le 21 novembre 2002<br \/>\nMme. Marie-Carmelle P. Austin<br \/>\n<span style=\"color: #6666ff;\">.- A partir du 2 d\u00e9cembre 2002<\/span><\/td>\n<\/tr>\n<tr class=\"odd_row\">\n<td width=\"40%\"><strong>Environnement<\/strong><\/td>\n<td width=\"60%\">M. Webster Pierre<\/td>\n<\/tr>\n<tr class=\"even_row\">\n<td width=\"40%\"><strong>Ha\u00eftiens Vivant \u00e0 l&rsquo;\u00c9tranger<\/strong><\/td>\n<td width=\"60%\">M. Leslie Voltaire<\/td>\n<\/tr>\n<tr class=\"odd_row\">\n<td width=\"40%\"><strong>Int\u00e9rieur et Collectivit\u00e9s Territoriales<\/strong><\/td>\n<td width=\"60%\">M. Jocelerme Privert <a title=\"Profil\" href=\"\/notables\/getperson.php?personID=I10&amp;tree=Politique\"><img decoding=\"async\" src=\"\/notables\/img\/tng_search_small.gif\" alt=\"\" \/><\/a><\/td>\n<\/tr>\n<tr class=\"even_row\">\n<td width=\"40%\"><strong>Justice<\/strong><\/td>\n<td width=\"60%\">Mtre Jean-Baptiste Brown<br \/>\n<span style=\"color: #6666ff;\">.- D\u00e9missionn\u00e9 le 30 septembre 2002<\/span><br \/>\nMa\u00eetre Calixte Delatour (\u2021 23 janvier 2020) <a title=\"additionnelle info\" href=\"\/pages\/plan\/histoire-et-societe\/notables\/necrologie\/2020-2024\/#delatour_c\"><img decoding=\"async\" src=\"\/notables\/img\/tng_search_small.gif\" alt=\"\" \/><\/a><br \/>\n<span style=\"color: #6666ff;\">.- A partir du 30 septembre 2002<\/span><\/td>\n<\/tr>\n<tr class=\"odd_row\">\n<td width=\"40%\"><strong>Ministre (sans port-feuille) charg\u00e9 de N\u00e9gociation<\/strong><\/td>\n<td width=\"60%\">M. Marc Louis Bazin (\u2021 16 juin 2010) <a title=\"Profil\" href=\"\/notables\/getperson.php?personID=i12&amp;tree=Politique\"><img decoding=\"async\" src=\"\/notables\/img\/tng_search_small.gif\" alt=\"\" \/><\/a><\/td>\n<\/tr>\n<\/tbody>\n<tbody>\n<tr class=\"even_row\">\n<td width=\"40%\"><strong>Plan et Coop\u00e9ration Externe<\/strong><\/td>\n<td width=\"60%\">M. Paul Duret<\/td>\n<\/tr>\n<tr class=\"odd_row\">\n<td width=\"40%\"><strong>Sant\u00e9 Publique et Population<\/strong><\/td>\n<td width=\"60%\">Dr. Henri Claude Voltaire<\/td>\n<\/tr>\n<tr class=\"even_row\">\n<td width=\"40%\"><strong>Tourisme<\/strong><\/td>\n<td width=\"60%\">Mme. Martine Deverson<\/td>\n<\/tr>\n<tr class=\"odd_row\">\n<td width=\"40%\"><strong>Travaux Publics, Transports et Communication<\/strong><\/td>\n<td width=\"60%\">M. Harry Clinton<\/td>\n<\/tr>\n<\/tbody>\n<\/table>\n<p>&nbsp;<\/p>\n<h4 class=\"title_paragraf\" \/>Secr\u00e9taires d&rsquo;Etat :<\/h4>\n<hr \/>\n<table id=\"table_separate\">\n<tbody>\n<tr class=\"odd_row\">\n<td width=\"40%\"><strong>Alphab\u00e9tisation<\/strong><\/td>\n<td class=\"bullet\" width=\"183\">Mme. Maryse Guiteau<\/td>\n<\/tr>\n<tr class=\"even_row\">\n<td width=\"40%\"><strong>Affaires Sociales<\/strong><\/td>\n<td class=\"bullet\" width=\"183\">M. Pierre Richard Pierre<\/td>\n<\/tr>\n<\/tbody>\n<tbody>\n<tr class=\"odd_row\">\n<td width=\"40%\"><strong>Communication<\/strong><\/td>\n<td width=\"60%\">M. Mario Dupuy<\/td>\n<\/tr>\n<tr class=\"even_row\" valign=\"top\">\n<td width=\"40%\"><strong>Finances<\/strong><\/td>\n<td width=\"60%\">&#8212;<\/td>\n<\/tr>\n<tr class=\"odd_row\" valign=\"top\">\n<td width=\"40%\"><strong>S\u00e9curit\u00e9 publique<\/strong><\/td>\n<td width=\"60%\">M. Jean G\u00e9rard Dubreuil<\/td>\n<\/tr>\n<tr class=\"even_row\" valign=\"top\">\n<td width=\"40%\"><strong>Sports, Jeunesse et \u00c9ducation civique<\/strong><\/td>\n<td width=\"60%\">M. Hermann Nau<br \/>\n\u2021 25 juillet 2021 <a href=\"\/pages\/plan\/histoire-et-societe\/notables\/necrologie\/2020-2024\/#nau_h\"><img decoding=\"async\" src=\"\/pages\/notables\/img\/tng_search_small.gif\" alt=\"\" \/><\/a><\/td>\n<\/tr>\n<\/tbody>\n<\/table>\n<p><!--Bas de page--><\/p>\n","protected":false},"excerpt":{"rendered":"<p>\u00a0Politique et gouvernement Pr\u00e9sident de la R\u00e9publique Jean-Bertrand Aristide Premier Ministre Yvon Neptune Du 14 mars 2002 au 29 f\u00e9vrier 2004 Ministres : Affaires \u00c9trang\u00e8res et Cultes M. Joseph Philippe [&hellip;]<\/p>\n","protected":false},"author":1,"featured_media":0,"parent":30866,"menu_order":6,"comment_status":"closed","ping_status":"closed","template":"","meta":{"footnotes":""},"categories":[],"class_list":["post-10158","page","type-page","status-publish","hentry"],"yoast_head":"<!-- This site is optimized with the Yoast SEO plugin v27.4 - https:\/\/yoast.com\/product\/yoast-seo-wordpress\/ -->\n<title>2170.060.- Gouvernement Aristide-Neptune: Cabinet minist\u00e9riel &#187;<\/title>\n<meta name=\"robots\" content=\"index, follow, max-snippet:-1, max-image-preview:large, max-video-preview:-1\" \/>\n<link rel=\"canonical\" href=\"https:\/\/www.haiti-reference.info\/pages\/plan\/politique\/pouvoir-executif\/cabinets-de-1994\/aristide-neptune\/\" \/>\n<meta property=\"og:locale\" content=\"fr_CA\" \/>\n<meta property=\"og:type\" content=\"article\" \/>\n<meta property=\"og:title\" content=\"2170.060.- Gouvernement Aristide-Neptune: Cabinet minist\u00e9riel &#187;\" \/>\n<meta property=\"og:description\" content=\"\u00a0Politique et gouvernement Pr\u00e9sident de la R\u00e9publique Jean-Bertrand Aristide Premier Ministre Yvon Neptune Du 14 mars 2002 au 29 f\u00e9vrier 2004 Ministres : Affaires \u00c9trang\u00e8res et Cultes M. Joseph Philippe [&hellip;]\" \/>\n<meta property=\"og:url\" content=\"https:\/\/www.haiti-reference.info\/pages\/plan\/politique\/pouvoir-executif\/cabinets-de-1994\/aristide-neptune\/\" \/>\n<meta property=\"article:modified_time\" content=\"2021-08-01T22:13:22+00:00\" \/>\n<meta property=\"og:image\" content=\"http:\/\/www.haiti-reference.com\/histoire\/constitutions\/nation.gif\" \/>\n<meta name=\"twitter:card\" content=\"summary_large_image\" \/>\n<meta name=\"twitter:label1\" content=\"Estimation du temps de lecture\" \/>\n\t<meta name=\"twitter:data1\" content=\"1 minute\" \/>\n<script type=\"application\/ld+json\" class=\"yoast-schema-graph\">{\"@context\":\"https:\\\/\\\/schema.org\",\"@graph\":[{\"@type\":\"WebPage\",\"@id\":\"https:\\\/\\\/www.haiti-reference.info\\\/pages\\\/plan\\\/politique\\\/pouvoir-executif\\\/cabinets-de-1994\\\/aristide-neptune\\\/\",\"url\":\"https:\\\/\\\/www.haiti-reference.info\\\/pages\\\/plan\\\/politique\\\/pouvoir-executif\\\/cabinets-de-1994\\\/aristide-neptune\\\/\",\"name\":\"2170.060.- Gouvernement Aristide-Neptune: Cabinet minist\u00e9riel &#187;\",\"isPartOf\":{\"@id\":\"https:\\\/\\\/www.haiti-reference.info\\\/pages\\\/#website\"},\"primaryImageOfPage\":{\"@id\":\"https:\\\/\\\/www.haiti-reference.info\\\/pages\\\/plan\\\/politique\\\/pouvoir-executif\\\/cabinets-de-1994\\\/aristide-neptune\\\/#primaryimage\"},\"image\":{\"@id\":\"https:\\\/\\\/www.haiti-reference.info\\\/pages\\\/plan\\\/politique\\\/pouvoir-executif\\\/cabinets-de-1994\\\/aristide-neptune\\\/#primaryimage\"},\"thumbnailUrl\":\"http:\\\/\\\/www.haiti-reference.com\\\/histoire\\\/constitutions\\\/nation.gif\",\"datePublished\":\"2004-04-02T17:12:50+00:00\",\"dateModified\":\"2021-08-01T22:13:22+00:00\",\"breadcrumb\":{\"@id\":\"https:\\\/\\\/www.haiti-reference.info\\\/pages\\\/plan\\\/politique\\\/pouvoir-executif\\\/cabinets-de-1994\\\/aristide-neptune\\\/#breadcrumb\"},\"inLanguage\":\"fr-CA\",\"potentialAction\":[{\"@type\":\"ReadAction\",\"target\":[\"https:\\\/\\\/www.haiti-reference.info\\\/pages\\\/plan\\\/politique\\\/pouvoir-executif\\\/cabinets-de-1994\\\/aristide-neptune\\\/\"]}]},{\"@type\":\"ImageObject\",\"inLanguage\":\"fr-CA\",\"@id\":\"https:\\\/\\\/www.haiti-reference.info\\\/pages\\\/plan\\\/politique\\\/pouvoir-executif\\\/cabinets-de-1994\\\/aristide-neptune\\\/#primaryimage\",\"url\":\"http:\\\/\\\/www.haiti-reference.com\\\/histoire\\\/constitutions\\\/nation.gif\",\"contentUrl\":\"http:\\\/\\\/www.haiti-reference.com\\\/histoire\\\/constitutions\\\/nation.gif\"},{\"@type\":\"BreadcrumbList\",\"@id\":\"https:\\\/\\\/www.haiti-reference.info\\\/pages\\\/plan\\\/politique\\\/pouvoir-executif\\\/cabinets-de-1994\\\/aristide-neptune\\\/#breadcrumb\",\"itemListElement\":[{\"@type\":\"ListItem\",\"position\":1,\"name\":\"Accueil\",\"item\":\"https:\\\/\\\/www.haiti-reference.info\\\/pages\\\/\"},{\"@type\":\"ListItem\",\"position\":2,\"name\":\"Structure du site\",\"item\":\"https:\\\/\\\/www.haiti-reference.info\\\/pages\\\/plan\\\/\"},{\"@type\":\"ListItem\",\"position\":3,\"name\":\"2000.- Politique et gouvernement\",\"item\":\"https:\\\/\\\/www.haiti-reference.info\\\/pages\\\/plan\\\/politique\\\/\"},{\"@type\":\"ListItem\",\"position\":4,\"name\":\"2100.- Le Pouvoir ex\u00e9cutif\",\"item\":\"https:\\\/\\\/www.haiti-reference.info\\\/pages\\\/plan\\\/politique\\\/pouvoir-executif\\\/\"},{\"@type\":\"ListItem\",\"position\":5,\"name\":\"2170.- Cabinets minist\u00e9riels de 1994\",\"item\":\"https:\\\/\\\/www.haiti-reference.info\\\/pages\\\/plan\\\/politique\\\/pouvoir-executif\\\/cabinets-de-1994\\\/\"},{\"@type\":\"ListItem\",\"position\":6,\"name\":\"2170.060.- Gouvernement Aristide-Neptune: Cabinet minist\u00e9riel\"}]},{\"@type\":\"WebSite\",\"@id\":\"https:\\\/\\\/www.haiti-reference.info\\\/pages\\\/#website\",\"url\":\"https:\\\/\\\/www.haiti-reference.info\\\/pages\\\/\",\"name\":\"Haiti-R\u00e9f\u00e9rence\",\"description\":\"Un guide de r\u00e9f\u00e9rence\",\"publisher\":{\"@id\":\"https:\\\/\\\/www.haiti-reference.info\\\/pages\\\/#organization\"},\"potentialAction\":[{\"@type\":\"SearchAction\",\"target\":{\"@type\":\"EntryPoint\",\"urlTemplate\":\"https:\\\/\\\/www.haiti-reference.info\\\/pages\\\/?s={search_term_string}\"},\"query-input\":{\"@type\":\"PropertyValueSpecification\",\"valueRequired\":true,\"valueName\":\"search_term_string\"}}],\"inLanguage\":\"fr-CA\"},{\"@type\":\"Organization\",\"@id\":\"https:\\\/\\\/www.haiti-reference.info\\\/pages\\\/#organization\",\"name\":\"Haiti-R\u00e9f\u00e9rence\",\"url\":\"https:\\\/\\\/www.haiti-reference.info\\\/pages\\\/\",\"logo\":{\"@type\":\"ImageObject\",\"inLanguage\":\"fr-CA\",\"@id\":\"https:\\\/\\\/www.haiti-reference.info\\\/pages\\\/#\\\/schema\\\/logo\\\/image\\\/\",\"url\":\"https:\\\/\\\/www.haiti-reference.info\\\/pages\\\/wp-content\\\/uploads\\\/2016\\\/04\\\/cropped-cropped-logo_201604-8-1.png\",\"contentUrl\":\"https:\\\/\\\/www.haiti-reference.info\\\/pages\\\/wp-content\\\/uploads\\\/2016\\\/04\\\/cropped-cropped-logo_201604-8-1.png\",\"width\":338,\"height\":87,\"caption\":\"Haiti-R\u00e9f\u00e9rence\"},\"image\":{\"@id\":\"https:\\\/\\\/www.haiti-reference.info\\\/pages\\\/#\\\/schema\\\/logo\\\/image\\\/\"},\"sameAs\":[\"https:\\\/\\\/bsky.app\\\/profile\\\/haiti-reference.bsky.social\"]}]}<\/script>\n<!-- \/ Yoast SEO plugin. -->","yoast_head_json":{"title":"2170.060.- Gouvernement Aristide-Neptune: Cabinet minist\u00e9riel &#187;","robots":{"index":"index","follow":"follow","max-snippet":"max-snippet:-1","max-image-preview":"max-image-preview:large","max-video-preview":"max-video-preview:-1"},"canonical":"https:\/\/www.haiti-reference.info\/pages\/plan\/politique\/pouvoir-executif\/cabinets-de-1994\/aristide-neptune\/","og_locale":"fr_CA","og_type":"article","og_title":"2170.060.- Gouvernement Aristide-Neptune: Cabinet minist\u00e9riel &#187;","og_description":"\u00a0Politique et gouvernement Pr\u00e9sident de la R\u00e9publique Jean-Bertrand Aristide Premier Ministre Yvon Neptune Du 14 mars 2002 au 29 f\u00e9vrier 2004 Ministres : Affaires \u00c9trang\u00e8res et Cultes M. Joseph Philippe [&hellip;]","og_url":"https:\/\/www.haiti-reference.info\/pages\/plan\/politique\/pouvoir-executif\/cabinets-de-1994\/aristide-neptune\/","article_modified_time":"2021-08-01T22:13:22+00:00","og_image":[{"url":"http:\/\/www.haiti-reference.com\/histoire\/constitutions\/nation.gif","type":"","width":"","height":""}],"twitter_card":"summary_large_image","twitter_misc":{"Estimation du temps de lecture":"1 minute"},"schema":{"@context":"https:\/\/schema.org","@graph":[{"@type":"WebPage","@id":"https:\/\/www.haiti-reference.info\/pages\/plan\/politique\/pouvoir-executif\/cabinets-de-1994\/aristide-neptune\/","url":"https:\/\/www.haiti-reference.info\/pages\/plan\/politique\/pouvoir-executif\/cabinets-de-1994\/aristide-neptune\/","name":"2170.060.- Gouvernement Aristide-Neptune: Cabinet minist\u00e9riel &#187;","isPartOf":{"@id":"https:\/\/www.haiti-reference.info\/pages\/#website"},"primaryImageOfPage":{"@id":"https:\/\/www.haiti-reference.info\/pages\/plan\/politique\/pouvoir-executif\/cabinets-de-1994\/aristide-neptune\/#primaryimage"},"image":{"@id":"https:\/\/www.haiti-reference.info\/pages\/plan\/politique\/pouvoir-executif\/cabinets-de-1994\/aristide-neptune\/#primaryimage"},"thumbnailUrl":"http:\/\/www.haiti-reference.com\/histoire\/constitutions\/nation.gif","datePublished":"2004-04-02T17:12:50+00:00","dateModified":"2021-08-01T22:13:22+00:00","breadcrumb":{"@id":"https:\/\/www.haiti-reference.info\/pages\/plan\/politique\/pouvoir-executif\/cabinets-de-1994\/aristide-neptune\/#breadcrumb"},"inLanguage":"fr-CA","potentialAction":[{"@type":"ReadAction","target":["https:\/\/www.haiti-reference.info\/pages\/plan\/politique\/pouvoir-executif\/cabinets-de-1994\/aristide-neptune\/"]}]},{"@type":"ImageObject","inLanguage":"fr-CA","@id":"https:\/\/www.haiti-reference.info\/pages\/plan\/politique\/pouvoir-executif\/cabinets-de-1994\/aristide-neptune\/#primaryimage","url":"http:\/\/www.haiti-reference.com\/histoire\/constitutions\/nation.gif","contentUrl":"http:\/\/www.haiti-reference.com\/histoire\/constitutions\/nation.gif"},{"@type":"BreadcrumbList","@id":"https:\/\/www.haiti-reference.info\/pages\/plan\/politique\/pouvoir-executif\/cabinets-de-1994\/aristide-neptune\/#breadcrumb","itemListElement":[{"@type":"ListItem","position":1,"name":"Accueil","item":"https:\/\/www.haiti-reference.info\/pages\/"},{"@type":"ListItem","position":2,"name":"Structure du site","item":"https:\/\/www.haiti-reference.info\/pages\/plan\/"},{"@type":"ListItem","position":3,"name":"2000.- Politique et gouvernement","item":"https:\/\/www.haiti-reference.info\/pages\/plan\/politique\/"},{"@type":"ListItem","position":4,"name":"2100.- Le Pouvoir ex\u00e9cutif","item":"https:\/\/www.haiti-reference.info\/pages\/plan\/politique\/pouvoir-executif\/"},{"@type":"ListItem","position":5,"name":"2170.- Cabinets minist\u00e9riels de 1994","item":"https:\/\/www.haiti-reference.info\/pages\/plan\/politique\/pouvoir-executif\/cabinets-de-1994\/"},{"@type":"ListItem","position":6,"name":"2170.060.- Gouvernement Aristide-Neptune: Cabinet minist\u00e9riel"}]},{"@type":"WebSite","@id":"https:\/\/www.haiti-reference.info\/pages\/#website","url":"https:\/\/www.haiti-reference.info\/pages\/","name":"Haiti-R\u00e9f\u00e9rence","description":"Un guide de r\u00e9f\u00e9rence","publisher":{"@id":"https:\/\/www.haiti-reference.info\/pages\/#organization"},"potentialAction":[{"@type":"SearchAction","target":{"@type":"EntryPoint","urlTemplate":"https:\/\/www.haiti-reference.info\/pages\/?s={search_term_string}"},"query-input":{"@type":"PropertyValueSpecification","valueRequired":true,"valueName":"search_term_string"}}],"inLanguage":"fr-CA"},{"@type":"Organization","@id":"https:\/\/www.haiti-reference.info\/pages\/#organization","name":"Haiti-R\u00e9f\u00e9rence","url":"https:\/\/www.haiti-reference.info\/pages\/","logo":{"@type":"ImageObject","inLanguage":"fr-CA","@id":"https:\/\/www.haiti-reference.info\/pages\/#\/schema\/logo\/image\/","url":"https:\/\/www.haiti-reference.info\/pages\/wp-content\/uploads\/2016\/04\/cropped-cropped-logo_201604-8-1.png","contentUrl":"https:\/\/www.haiti-reference.info\/pages\/wp-content\/uploads\/2016\/04\/cropped-cropped-logo_201604-8-1.png","width":338,"height":87,"caption":"Haiti-R\u00e9f\u00e9rence"},"image":{"@id":"https:\/\/www.haiti-reference.info\/pages\/#\/schema\/logo\/image\/"},"sameAs":["https:\/\/bsky.app\/profile\/haiti-reference.bsky.social"]}]}},"_links":{"self":[{"href":"https:\/\/www.haiti-reference.info\/pages\/wp-json\/wp\/v2\/pages\/10158","targetHints":{"allow":["GET"]}}],"collection":[{"href":"https:\/\/www.haiti-reference.info\/pages\/wp-json\/wp\/v2\/pages"}],"about":[{"href":"https:\/\/www.haiti-reference.info\/pages\/wp-json\/wp\/v2\/types\/page"}],"author":[{"embeddable":true,"href":"https:\/\/www.haiti-reference.info\/pages\/wp-json\/wp\/v2\/users\/1"}],"replies":[{"embeddable":true,"href":"https:\/\/www.haiti-reference.info\/pages\/wp-json\/wp\/v2\/comments?post=10158"}],"version-history":[{"count":0,"href":"https:\/\/www.haiti-reference.info\/pages\/wp-json\/wp\/v2\/pages\/10158\/revisions"}],"up":[{"embeddable":true,"href":"https:\/\/www.haiti-reference.info\/pages\/wp-json\/wp\/v2\/pages\/30866"}],"wp:attachment":[{"href":"https:\/\/www.haiti-reference.info\/pages\/wp-json\/wp\/v2\/media?parent=10158"}],"wp:term":[{"taxonomy":"category","embeddable":true,"href":"https:\/\/www.haiti-reference.info\/pages\/wp-json\/wp\/v2\/categories?post=10158"}],"curies":[{"name":"wp","href":"https:\/\/api.w.org\/{rel}","templated":true}]}}